{"id":9642,"date":"2021-09-30T13:54:39","date_gmt":"2021-09-30T11:54:39","guid":{"rendered":"https:\/\/cellercanroda.cat\/ca\/botiga\/sin%20categor\u00eda\/targeta-regal\/"},"modified":"2023-10-31T12:03:14","modified_gmt":"2023-10-31T11:03:14","slug":"tarjeta-regalo","status":"publish","type":"product","link":"https:\/\/cellercanroda.cat\/es\/tienda\/experiencias-enologicas\/tarjeta-regalo\/","title":{"rendered":"Tarjeta regalo"},"content":{"rendered":"<div class=\"fusion-fullwidth fullwidth-box fusion-builder-row-1 fusion-flex-container nonhundred-percent-fullwidth non-hundred-percent-height-scrolling\" style=\"--awb-border-radius-top-left:0px;--awb-border-radius-top-right:0px;--awb-border-radius-bottom-right:0px;--awb-border-radius-bottom-left:0px;--awb-flex-wrap:wrap;\" ><div class=\"fusion-builder-row fusion-row fusion-flex-align-items-flex-start fusion-flex-content-wrap\" style=\"max-width:1320.8px;margin-left: calc(-4% \/ 2 );margin-right: calc(-4% \/ 2 );\"><div class=\"fusion-layout-column fusion_builder_column fusion-builder-column-0 fusion_builder_column_1_1 1_1 fusion-flex-column\" style=\"--awb-bg-size:cover;--awb-width-large:100%;--awb-margin-top-large:25px;--awb-spacing-right-large:1.92%;--awb-margin-bottom-large:25px;--awb-spacing-left-large:1.92%;--awb-width-medium:100%;--awb-order-medium:0;--awb-spacing-right-medium:1.92%;--awb-spacing-left-medium:1.92%;--awb-width-small:100%;--awb-order-small:0;--awb-spacing-right-small:1.92%;--awb-spacing-left-small:1.92%;\"><div class=\"fusion-column-wrapper fusion-column-has-shadow fusion-flex-justify-content-flex-start fusion-content-layout-column\"><div class=\"fusion-text fusion-text-1\" style=\"--awb-margin-top:10px;\"><h2>Un regalo original y diferente para sorprender a tus amigos, familiares o pareja, y que no caduca<\/h2>\n<\/div><div class=\"fusion-text fusion-text-2\"><p>Puedes comprar y regalar esta tarjeta regalo de Celler Can Roda intercambiable por una experiencia enol\u00f3gica en nuestra bodega o un lote de vino de nuestra tienda online. La persona a la que se lo regales podr\u00e1 escoger la experiencia que m\u00e1s le guste, el d\u00eda y la hora que prefiera, porque la tarjeta regalo no caduca.<\/p>\n<p>Puedes acompa\u00f1ar la tarjeta regalo regalo con un mensaje personalizado y elegir si enviarlo a la persona a la que se lo regales o a ti mismo por correo electr\u00f3nico. Recibir\u00e1s un bonito pdf personalizado con un c\u00f3digo que podr\u00e1s imprimir t\u00fa mismo\/a si prefieres d\u00e1rselo en mano.<\/p>\n<h2>\u00bfCu\u00e1nto cuesta la tarjeta regalo?<\/h2>\n<p>T\u00fa decides. Regalar\u00e1s un xeque regalo que se puede cambiar por cualquier experiencia. En funci\u00f3n del importe de la tarjeta regalo, la otra persona podr\u00e1 escoger entre una u otra.<br \/>\nSi la persona a quien quieres regalar prefiere una experiencia m\u00e1s cara, \u00e9l\/ella mismo\/a puede pagar la diferencia.<br \/>\nSi elige una experiencia m\u00e1s barata, puede utilizar el restante para otro evento o para venir acompa\u00f1ado, abonando la diferencia, o comprar el lote de vinos que prefiera de la tienda online.<br \/>\nNosotros recomendamos que la tarjeta regalo tenga un valor de unos 50-60 \u20ac porque este es el precio medio de nuestras experiencias para dos personas, pero si quieres que haga actividades m\u00e1s exclusivas, como nuestra cena con maridaje, deber\u00e1s hacer una tarjeta regalo de unos 100\u20ac.<\/p>\n<h2>\u00bfPuedo regalar una experiencia concreta?<\/h2>\n<p>S\u00ed, si quieres puedes regalar una experiencia concreta que t\u00fa elijas entre las que tenemos disponibles en el calendario de nuestra web. Para ello, deber\u00e1s hacer la reserva de la experiencia directa y escoger el d\u00eda y la hora que quieras regalar. Autom\u00e1ticamente te llegar\u00e1 a tu mail la reserva para que puedas imprimirla y regalar. De todos modos, como nunca sabes los horarios y agenda de las personas de tu alrededor, te recomendamos que regales una tarjeta regalo online abierta y que sea la otra persona la que elija. Recuerda que los cupones no caducan.<\/p>\n<h2>\u00bfPuedo regalar una tarjeta regalo online para varias personas?<\/h2>\n<p>S\u00ed, lo que regalar\u00e1s es una tarjeta-regalo que se puede cambiar por nuestras experiencias, como si fuera una hucha. Si quieres regalar una experiencia para dos personas, simplemente haz una tarjeta de mayor importe, por ejemplo 60 \u20ac, o 90 \u20ac, si dese\u00e1is venir 3 \u2026 o m\u00e1s cantidad si dese\u00e1is ser varias personas o quieres que la persona a quien le hagas el regalo pueda escoger diversas experiencias enol\u00f3gicas y productos de la tienda online.<\/p>\n<h2>\u00bfC\u00f3mo compro una tarjeta regalo online?<\/h2>\n<p>1. REALIZAS LA COMPRA DE LA TARJETA REGALO: Rellena el formulario de arriba y haces el pago online. Si tienes cualquier duda contacta con nosotros.<br \/>\n2. RECIBES LA TARJETA REGALO: recibir\u00e1s la tarjeta regalo inmediatamente por e-mail y puedes imprimirla o enviarla a la persona que quieras.<\/p>\n<h2>\u00bfC\u00f3mo pago?<\/h2>\n<p>Podr\u00e1s hacer el pago directamente a la web con tarjeta de cr\u00e9dito o transferencias bancaria. Te recomendamos que lo compres online porque es mucho m\u00e1s r\u00e1pido. \u00a1As\u00ed no te haremos esperar!<\/p>\n<h2>\u00bfC\u00f3mo puede utilizar la tarjeta regalo la persona que lo recibe?<\/h2>\n<p>Una vez la persona afortunada haya recibido la tarjeta regalo, ya sea porque la has impreso o porque le has enviado por correo electr\u00f3nico, \u00e9l \/ ella deber\u00e1 entrar en nuestra tienda online y elegir la experiencia que m\u00e1s le guste. Una vez sepa cu\u00e1l, deber\u00e1 elegir el d\u00eda y la hora que prefiera y a\u00f1adirlo a la cesta de la compra.<br \/>\nUna vez la tenga en la cesta de la compra y vaya a pagarla, deber\u00e1 indicar el c\u00f3digo adjunto a la tarjeta en el campo indicado. Ver\u00e1 inmediatamente c\u00f3mo se le descuenta el importe de la tarjeta.<\/p>\n<p>Si la tarjeta regalo online que ha recibido tiene un valor de 50 \u20ac y reserva una experiencia para 2 personas de valor de 50 \u20ac, el resultado a pagar ser\u00e1 0 \u20ac. Deber\u00e1 hacer todo el proceso hasta ver la p\u00e1gina de confirmaci\u00f3n de reserva.<\/p>\n<\/div><\/div><\/div><\/div><\/div>\n","protected":false},"excerpt":{"rendered":"","protected":false},"featured_media":9413,"template":"","meta":{"_acf_changed":false},"product_brand":[],"product_cat":[89],"product_tag":[],"giftcard-category":[120],"class_list":{"0":"post-9642","1":"product","2":"type-product","3":"status-publish","4":"has-post-thumbnail","6":"product_cat-experiencias-enologicas","7":"giftcard-category-can-roda","9":"first","10":"instock","11":"virtual","12":"taxable","13":"purchasable","14":"product-type-gift-card"},"acf":[],"yoast_head":"<!-- This site is optimized with the Yoast SEO plugin v27.1.1 - https:\/\/yoast.com\/product\/yoast-seo-wordpress\/ -->\n<title>Tarjeta regalo online - Celler Can Roda<\/title>\n<meta name=\"description\" content=\"Regala una experiencia entre vi\u00f1edos inolvidable con esta tarjeta regalo. En Navidad, aniversarios, agradecimientos ... \u00a1este es el regalo perfecto!\" \/>\n<meta name=\"robots\" content=\"index, follow, max-snippet:-1, max-image-preview:large, max-video-preview:-1\" \/>\n<link rel=\"canonical\" href=\"https:\/\/cellercanroda.cat\/es\/tienda\/experiencias-enologicas\/tarjeta-regalo\/\" \/>\n<meta property=\"og:locale\" content=\"es_ES\" \/>\n<meta property=\"og:type\" content=\"article\" \/>\n<meta property=\"og:title\" content=\"Tarjeta regalo online - Celler Can Roda\" \/>\n<meta property=\"og:description\" content=\"Regala una experiencia entre vi\u00f1edos inolvidable con esta tarjeta regalo. En Navidad, aniversarios, agradecimientos ... \u00a1este es el regalo perfecto!\" \/>\n<meta property=\"og:url\" content=\"https:\/\/cellercanroda.cat\/es\/tienda\/experiencias-enologicas\/tarjeta-regalo\/\" \/>\n<meta property=\"og:site_name\" content=\"Celler Can Roda\" \/>\n<meta property=\"article:publisher\" content=\"https:\/\/es-es.facebook.com\/CellerCanRoda\" \/>\n<meta property=\"article:modified_time\" content=\"2023-10-31T11:03:14+00:00\" \/>\n<meta property=\"og:image\" content=\"https:\/\/cellercanroda.cat\/wp-content\/uploads\/2021\/09\/Targeta-regal-Can-Roda-1.jpg\" \/>\n\t<meta property=\"og:image:width\" content=\"1800\" \/>\n\t<meta property=\"og:image:height\" content=\"1200\" \/>\n\t<meta property=\"og:image:type\" content=\"image\/jpeg\" \/>\n<meta name=\"twitter:card\" content=\"summary_large_image\" \/>\n<meta name=\"twitter:label1\" content=\"Tiempo de lectura\" \/>\n\t<meta name=\"twitter:data1\" content=\"5 minutos\" \/>\n<script type=\"application\/ld+json\" class=\"yoast-schema-graph\">{\"@context\":\"https:\/\/schema.org\",\"@graph\":[{\"@type\":\"WebPage\",\"@id\":\"https:\/\/cellercanroda.cat\/es\/tienda\/experiencias-enologicas\/tarjeta-regalo\/\",\"url\":\"https:\/\/cellercanroda.cat\/es\/tienda\/experiencias-enologicas\/tarjeta-regalo\/\",\"name\":\"Tarjeta regalo online - Celler Can Roda\",\"isPartOf\":{\"@id\":\"https:\/\/cellercanroda.cat\/es\/#website\"},\"primaryImageOfPage\":{\"@id\":\"https:\/\/cellercanroda.cat\/es\/tienda\/experiencias-enologicas\/tarjeta-regalo\/#primaryimage\"},\"image\":{\"@id\":\"https:\/\/cellercanroda.cat\/es\/tienda\/experiencias-enologicas\/tarjeta-regalo\/#primaryimage\"},\"thumbnailUrl\":\"https:\/\/cellercanroda.cat\/wp-content\/uploads\/2021\/09\/Targeta-regal-Can-Roda-1.jpg\",\"datePublished\":\"2021-09-30T11:54:39+00:00\",\"dateModified\":\"2023-10-31T11:03:14+00:00\",\"description\":\"Regala una experiencia entre vi\u00f1edos inolvidable con esta tarjeta regalo. En Navidad, aniversarios, agradecimientos ... \u00a1este es el regalo perfecto!\",\"breadcrumb\":{\"@id\":\"https:\/\/cellercanroda.cat\/es\/tienda\/experiencias-enologicas\/tarjeta-regalo\/#breadcrumb\"},\"inLanguage\":\"es\",\"potentialAction\":[{\"@type\":\"ReadAction\",\"target\":[\"https:\/\/cellercanroda.cat\/es\/tienda\/experiencias-enologicas\/tarjeta-regalo\/\"]}]},{\"@type\":\"ImageObject\",\"inLanguage\":\"es\",\"@id\":\"https:\/\/cellercanroda.cat\/es\/tienda\/experiencias-enologicas\/tarjeta-regalo\/#primaryimage\",\"url\":\"https:\/\/cellercanroda.cat\/wp-content\/uploads\/2021\/09\/Targeta-regal-Can-Roda-1.jpg\",\"contentUrl\":\"https:\/\/cellercanroda.cat\/wp-content\/uploads\/2021\/09\/Targeta-regal-Can-Roda-1.jpg\",\"width\":1800,\"height\":1200,\"caption\":\"Targeta regal Can Roda\"},{\"@type\":\"BreadcrumbList\",\"@id\":\"https:\/\/cellercanroda.cat\/es\/tienda\/experiencias-enologicas\/tarjeta-regalo\/#breadcrumb\",\"itemListElement\":[{\"@type\":\"ListItem\",\"position\":1,\"name\":\"Inicio\",\"item\":\"https:\/\/cellercanroda.cat\/es\/\"},{\"@type\":\"ListItem\",\"position\":2,\"name\":\"Tienda\",\"item\":\"https:\/\/cellercanroda.cat\/es\/tienda\/\"},{\"@type\":\"ListItem\",\"position\":3,\"name\":\"Tarjeta regalo\"}]},{\"@type\":\"WebSite\",\"@id\":\"https:\/\/cellercanroda.cat\/es\/#website\",\"url\":\"https:\/\/cellercanroda.cat\/es\/\",\"name\":\"Celler Can Roda\",\"description\":\"Vins DO Alella\",\"publisher\":{\"@id\":\"https:\/\/cellercanroda.cat\/es\/#organization\"},\"potentialAction\":[{\"@type\":\"SearchAction\",\"target\":{\"@type\":\"EntryPoint\",\"urlTemplate\":\"https:\/\/cellercanroda.cat\/es\/?s={search_term_string}\"},\"query-input\":{\"@type\":\"PropertyValueSpecification\",\"valueRequired\":true,\"valueName\":\"search_term_string\"}}],\"inLanguage\":\"es\"},{\"@type\":\"Organization\",\"@id\":\"https:\/\/cellercanroda.cat\/es\/#organization\",\"name\":\"Celler Can Roda\",\"url\":\"https:\/\/cellercanroda.cat\/es\/\",\"logo\":{\"@type\":\"ImageObject\",\"inLanguage\":\"es\",\"@id\":\"https:\/\/cellercanroda.cat\/es\/#\/schema\/logo\/image\/\",\"url\":\"https:\/\/cellercanroda.cat\/wp-content\/uploads\/2020\/09\/canroda_logo-scaled.jpg\",\"contentUrl\":\"https:\/\/cellercanroda.cat\/wp-content\/uploads\/2020\/09\/canroda_logo-scaled.jpg\",\"width\":2560,\"height\":1111,\"caption\":\"Celler Can Roda\"},\"image\":{\"@id\":\"https:\/\/cellercanroda.cat\/es\/#\/schema\/logo\/image\/\"},\"sameAs\":[\"https:\/\/es-es.facebook.com\/CellerCanRoda\",\"https:\/\/www.instagram.com\/cellercanroda\/\",\"https:\/\/www.youtube.com\/channel\/UCMkIFqwRPc-Pk1eMPzADxqA\"]}]}<\/script>\n<!-- \/ Yoast SEO plugin. -->","yoast_head_json":{"title":"Tarjeta regalo online - Celler Can Roda","description":"Regala una experiencia entre vi\u00f1edos inolvidable con esta tarjeta regalo. En Navidad, aniversarios, agradecimientos ... \u00a1este es el regalo perfecto!","robots":{"index":"index","follow":"follow","max-snippet":"max-snippet:-1","max-image-preview":"max-image-preview:large","max-video-preview":"max-video-preview:-1"},"canonical":"https:\/\/cellercanroda.cat\/es\/tienda\/experiencias-enologicas\/tarjeta-regalo\/","og_locale":"es_ES","og_type":"article","og_title":"Tarjeta regalo online - Celler Can Roda","og_description":"Regala una experiencia entre vi\u00f1edos inolvidable con esta tarjeta regalo. En Navidad, aniversarios, agradecimientos ... \u00a1este es el regalo perfecto!","og_url":"https:\/\/cellercanroda.cat\/es\/tienda\/experiencias-enologicas\/tarjeta-regalo\/","og_site_name":"Celler Can Roda","article_publisher":"https:\/\/es-es.facebook.com\/CellerCanRoda","article_modified_time":"2023-10-31T11:03:14+00:00","og_image":[{"width":1800,"height":1200,"url":"https:\/\/cellercanroda.cat\/wp-content\/uploads\/2021\/09\/Targeta-regal-Can-Roda-1.jpg","type":"image\/jpeg"}],"twitter_card":"summary_large_image","twitter_misc":{"Tiempo de lectura":"5 minutos"},"schema":{"@context":"https:\/\/schema.org","@graph":[{"@type":"WebPage","@id":"https:\/\/cellercanroda.cat\/es\/tienda\/experiencias-enologicas\/tarjeta-regalo\/","url":"https:\/\/cellercanroda.cat\/es\/tienda\/experiencias-enologicas\/tarjeta-regalo\/","name":"Tarjeta regalo online - Celler Can Roda","isPartOf":{"@id":"https:\/\/cellercanroda.cat\/es\/#website"},"primaryImageOfPage":{"@id":"https:\/\/cellercanroda.cat\/es\/tienda\/experiencias-enologicas\/tarjeta-regalo\/#primaryimage"},"image":{"@id":"https:\/\/cellercanroda.cat\/es\/tienda\/experiencias-enologicas\/tarjeta-regalo\/#primaryimage"},"thumbnailUrl":"https:\/\/cellercanroda.cat\/wp-content\/uploads\/2021\/09\/Targeta-regal-Can-Roda-1.jpg","datePublished":"2021-09-30T11:54:39+00:00","dateModified":"2023-10-31T11:03:14+00:00","description":"Regala una experiencia entre vi\u00f1edos inolvidable con esta tarjeta regalo. En Navidad, aniversarios, agradecimientos ... \u00a1este es el regalo perfecto!","breadcrumb":{"@id":"https:\/\/cellercanroda.cat\/es\/tienda\/experiencias-enologicas\/tarjeta-regalo\/#breadcrumb"},"inLanguage":"es","potentialAction":[{"@type":"ReadAction","target":["https:\/\/cellercanroda.cat\/es\/tienda\/experiencias-enologicas\/tarjeta-regalo\/"]}]},{"@type":"ImageObject","inLanguage":"es","@id":"https:\/\/cellercanroda.cat\/es\/tienda\/experiencias-enologicas\/tarjeta-regalo\/#primaryimage","url":"https:\/\/cellercanroda.cat\/wp-content\/uploads\/2021\/09\/Targeta-regal-Can-Roda-1.jpg","contentUrl":"https:\/\/cellercanroda.cat\/wp-content\/uploads\/2021\/09\/Targeta-regal-Can-Roda-1.jpg","width":1800,"height":1200,"caption":"Targeta regal Can Roda"},{"@type":"BreadcrumbList","@id":"https:\/\/cellercanroda.cat\/es\/tienda\/experiencias-enologicas\/tarjeta-regalo\/#breadcrumb","itemListElement":[{"@type":"ListItem","position":1,"name":"Inicio","item":"https:\/\/cellercanroda.cat\/es\/"},{"@type":"ListItem","position":2,"name":"Tienda","item":"https:\/\/cellercanroda.cat\/es\/tienda\/"},{"@type":"ListItem","position":3,"name":"Tarjeta regalo"}]},{"@type":"WebSite","@id":"https:\/\/cellercanroda.cat\/es\/#website","url":"https:\/\/cellercanroda.cat\/es\/","name":"Celler Can Roda","description":"Vins DO Alella","publisher":{"@id":"https:\/\/cellercanroda.cat\/es\/#organization"},"potentialAction":[{"@type":"SearchAction","target":{"@type":"EntryPoint","urlTemplate":"https:\/\/cellercanroda.cat\/es\/?s={search_term_string}"},"query-input":{"@type":"PropertyValueSpecification","valueRequired":true,"valueName":"search_term_string"}}],"inLanguage":"es"},{"@type":"Organization","@id":"https:\/\/cellercanroda.cat\/es\/#organization","name":"Celler Can Roda","url":"https:\/\/cellercanroda.cat\/es\/","logo":{"@type":"ImageObject","inLanguage":"es","@id":"https:\/\/cellercanroda.cat\/es\/#\/schema\/logo\/image\/","url":"https:\/\/cellercanroda.cat\/wp-content\/uploads\/2020\/09\/canroda_logo-scaled.jpg","contentUrl":"https:\/\/cellercanroda.cat\/wp-content\/uploads\/2020\/09\/canroda_logo-scaled.jpg","width":2560,"height":1111,"caption":"Celler Can Roda"},"image":{"@id":"https:\/\/cellercanroda.cat\/es\/#\/schema\/logo\/image\/"},"sameAs":["https:\/\/es-es.facebook.com\/CellerCanRoda","https:\/\/www.instagram.com\/cellercanroda\/","https:\/\/www.youtube.com\/channel\/UCMkIFqwRPc-Pk1eMPzADxqA"]}]}},"_links":{"self":[{"href":"https:\/\/cellercanroda.cat\/es\/wp-json\/wp\/v2\/product\/9642","targetHints":{"allow":["GET"]}}],"collection":[{"href":"https:\/\/cellercanroda.cat\/es\/wp-json\/wp\/v2\/product"}],"about":[{"href":"https:\/\/cellercanroda.cat\/es\/wp-json\/wp\/v2\/types\/product"}],"wp:featuredmedia":[{"embeddable":true,"href":"https:\/\/cellercanroda.cat\/es\/wp-json\/wp\/v2\/media\/9413"}],"wp:attachment":[{"href":"https:\/\/cellercanroda.cat\/es\/wp-json\/wp\/v2\/media?parent=9642"}],"wp:term":[{"taxonomy":"product_brand","embeddable":true,"href":"https:\/\/cellercanroda.cat\/es\/wp-json\/wp\/v2\/product_brand?post=9642"},{"taxonomy":"product_cat","embeddable":true,"href":"https:\/\/cellercanroda.cat\/es\/wp-json\/wp\/v2\/product_cat?post=9642"},{"taxonomy":"product_tag","embeddable":true,"href":"https:\/\/cellercanroda.cat\/es\/wp-json\/wp\/v2\/product_tag?post=9642"},{"taxonomy":"giftcard-category","embeddable":true,"href":"https:\/\/cellercanroda.cat\/es\/wp-json\/wp\/v2\/giftcard-category?post=9642"}],"curies":[{"name":"wp","href":"https:\/\/api.w.org\/{rel}","templated":true}]}}