{"id":9434,"date":"2021-10-01T20:48:07","date_gmt":"2021-10-01T18:48:07","guid":{"rendered":"https:\/\/cellercanroda.cat\/ca\/botiga\/sin%20categor\u00eda\/cata-de-vinos-y-chocolates\/"},"modified":"2023-10-06T13:07:32","modified_gmt":"2023-10-06T11:07:32","slug":"cata-de-vinos-y-chocolates","status":"publish","type":"product","link":"https:\/\/cellercanroda.cat\/es\/tienda\/experiencias-enologicas\/cata-de-vinos-y-chocolates\/","title":{"rendered":"Cata de vinos y chocolates"},"content":{"rendered":"","protected":false},"excerpt":{"rendered":"<p>Ad\u00e9ntrate en el mundo del cacao y aprende sobre el origen, el proceso de elaboraci\u00f3n del chocolate, y los diferentes formatos que podemos encontrar. Adem\u00e1s, durante la cata comentada maridaremos diferentes chocolates con nuestros vinos m\u00e1s especiales. \u00a1Descubrir\u00e1s una gran variedad de notas y matices nuevos!<\/p>\n<p>\u00bfPodr\u00e1s resistirte a no probar la experiencia m\u00e1s dulce de la bodega?<\/p>\n<p>La actividad incluye:<br \/>\n[fusion_checklist icon=\"fa-asterisk fas\" iconcolor=\"\" circle=\"\" circlecolor=\"\" size=\"16px\" divider=\"\" divider_color=\"\" hide_on_mobile=\"small-visibility,medium-visibility,large-visibility\" class=\"\" id=\"\"] [fusion_li_item icon=\"fa-wine-bottle fas\"]Visita de la bodega[\/fusion_li_item] [fusion_li_item icon=\"fa-seedling fas\"]Paseo por los vi\u00f1edos[\/fusion_li_item] [fusion_li_item icon=\"fa-wine-glass-alt fas\"]Introducci\u00f3n al mundo de los chocolates (origen, elaboraci\u00f3n, formatos)[\/fusion_li_item] [fusion_li_item icon=\"fa-wine-glass-alt fas\"]Cata comentada de cuatro de nuestros vinos con cuatro chocolates de excelente calidad[\/fusion_li_item][\/fusion_checklist][fusion_separator style_type=\"default\" flex_grow=\"0\" alignment=\"center\" border_size=\"\" sep_color=\"\" icon=\"\" icon_size=\"\" icon_color=\"\" icon_circle=\"\" icon_circle_color=\"\" hide_on_mobile=\"small-visibility,medium-visibility,large-visibility\" sticky_display=\"normal,sticky\" class=\"\" id=\"\" top_margin=\"10px\" bottom_margin=\"10px\" \/]<\/p>\n<p><strong>D\u00eda:<\/strong> Consulta el calendario a continuaci\u00f3n<br \/>\n<strong>Horario:<\/strong> 11h<br \/>\n<strong>Duraci\u00f3n:<\/strong> 2 horas<br \/>\n<strong>Precios:<\/strong> Adulto\/s: 38\u20ac \u2013 Menor\/s (10-18 a\u00f1os): 25\u20ac \u2013 Menor\/es (&lt;10 a\u00f1os): 0\u20ac<\/p>\n<p>\u00a1Entradas limitadas!<\/p>\n","protected":false},"featured_media":32035,"template":"","meta":{"_acf_changed":false},"product_brand":[],"product_cat":[89],"product_tag":[],"giftcard-category":[],"class_list":{"0":"post-9434","1":"product","2":"type-product","3":"status-publish","4":"has-post-thumbnail","6":"product_cat-experiencias-enologicas","8":"first","9":"instock","10":"featured","11":"virtual","12":"sold-individually","13":"taxable","14":"purchasable","15":"product-type-phive_booking"},"acf":[],"yoast_head":"<!-- This site is optimized with the Yoast SEO plugin v27.1.1 - https:\/\/yoast.com\/product\/yoast-seo-wordpress\/ -->\n<title>Cata de vinos y chocolates - Celler Can Roda<\/title>\n<meta name=\"description\" content=\"Participa en nuestra cata de vinos y chocolates y descubre nuevos sabores y matices que no hab\u00edas degustado antes. \u00a1Reserva ahora!\" \/>\n<meta name=\"robots\" content=\"index, follow, max-snippet:-1, max-image-preview:large, max-video-preview:-1\" \/>\n<link rel=\"canonical\" href=\"https:\/\/cellercanroda.cat\/es\/tienda\/experiencias-enologicas\/cata-de-vinos-y-chocolates\/\" \/>\n<meta property=\"og:locale\" content=\"es_ES\" \/>\n<meta property=\"og:type\" content=\"article\" \/>\n<meta property=\"og:title\" content=\"Cata de vinos y chocolates - Celler Can Roda\" \/>\n<meta property=\"og:description\" content=\"Participa en nuestra cata de vinos y chocolates y descubre nuevos sabores y matices que no hab\u00edas degustado antes. \u00a1Reserva ahora!\" \/>\n<meta property=\"og:url\" content=\"https:\/\/cellercanroda.cat\/es\/tienda\/experiencias-enologicas\/cata-de-vinos-y-chocolates\/\" \/>\n<meta property=\"og:site_name\" content=\"Celler Can Roda\" \/>\n<meta property=\"article:publisher\" content=\"https:\/\/es-es.facebook.com\/CellerCanRoda\" \/>\n<meta property=\"article:modified_time\" content=\"2023-10-06T11:07:32+00:00\" \/>\n<meta property=\"og:image\" content=\"https:\/\/cellercanroda.cat\/wp-content\/uploads\/2021\/09\/tast-de-vins-i-xoco-1-scaled.jpg\" \/>\n\t<meta property=\"og:image:width\" content=\"1924\" \/>\n\t<meta property=\"og:image:height\" content=\"1283\" \/>\n\t<meta property=\"og:image:type\" content=\"image\/jpeg\" \/>\n<meta name=\"twitter:card\" content=\"summary_large_image\" \/>\n<script type=\"application\/ld+json\" class=\"yoast-schema-graph\">{\"@context\":\"https:\/\/schema.org\",\"@graph\":[{\"@type\":\"WebPage\",\"@id\":\"https:\/\/cellercanroda.cat\/es\/tienda\/experiencias-enologicas\/cata-de-vinos-y-chocolates\/\",\"url\":\"https:\/\/cellercanroda.cat\/es\/tienda\/experiencias-enologicas\/cata-de-vinos-y-chocolates\/\",\"name\":\"Cata de vinos y chocolates - Celler Can Roda\",\"isPartOf\":{\"@id\":\"https:\/\/cellercanroda.cat\/es\/#website\"},\"primaryImageOfPage\":{\"@id\":\"https:\/\/cellercanroda.cat\/es\/tienda\/experiencias-enologicas\/cata-de-vinos-y-chocolates\/#primaryimage\"},\"image\":{\"@id\":\"https:\/\/cellercanroda.cat\/es\/tienda\/experiencias-enologicas\/cata-de-vinos-y-chocolates\/#primaryimage\"},\"thumbnailUrl\":\"https:\/\/cellercanroda.cat\/wp-content\/uploads\/2021\/10\/Can-Roda-Tast-vins-i-xocolates.webp\",\"datePublished\":\"2021-10-01T18:48:07+00:00\",\"dateModified\":\"2023-10-06T11:07:32+00:00\",\"description\":\"Participa en nuestra cata de vinos y chocolates y descubre nuevos sabores y matices que no hab\u00edas degustado antes. \u00a1Reserva ahora!\",\"breadcrumb\":{\"@id\":\"https:\/\/cellercanroda.cat\/es\/tienda\/experiencias-enologicas\/cata-de-vinos-y-chocolates\/#breadcrumb\"},\"inLanguage\":\"es\",\"potentialAction\":[{\"@type\":\"ReadAction\",\"target\":[\"https:\/\/cellercanroda.cat\/es\/tienda\/experiencias-enologicas\/cata-de-vinos-y-chocolates\/\"]}]},{\"@type\":\"ImageObject\",\"inLanguage\":\"es\",\"@id\":\"https:\/\/cellercanroda.cat\/es\/tienda\/experiencias-enologicas\/cata-de-vinos-y-chocolates\/#primaryimage\",\"url\":\"https:\/\/cellercanroda.cat\/wp-content\/uploads\/2021\/10\/Can-Roda-Tast-vins-i-xocolates.webp\",\"contentUrl\":\"https:\/\/cellercanroda.cat\/wp-content\/uploads\/2021\/10\/Can-Roda-Tast-vins-i-xocolates.webp\",\"width\":1067,\"height\":1600,\"caption\":\"Tast vins i xocolates\"},{\"@type\":\"BreadcrumbList\",\"@id\":\"https:\/\/cellercanroda.cat\/es\/tienda\/experiencias-enologicas\/cata-de-vinos-y-chocolates\/#breadcrumb\",\"itemListElement\":[{\"@type\":\"ListItem\",\"position\":1,\"name\":\"Inicio\",\"item\":\"https:\/\/cellercanroda.cat\/es\/\"},{\"@type\":\"ListItem\",\"position\":2,\"name\":\"Tienda\",\"item\":\"https:\/\/cellercanroda.cat\/es\/tienda\/\"},{\"@type\":\"ListItem\",\"position\":3,\"name\":\"Cata de vinos y chocolates\"}]},{\"@type\":\"WebSite\",\"@id\":\"https:\/\/cellercanroda.cat\/es\/#website\",\"url\":\"https:\/\/cellercanroda.cat\/es\/\",\"name\":\"Celler Can Roda\",\"description\":\"Vins DO Alella\",\"publisher\":{\"@id\":\"https:\/\/cellercanroda.cat\/es\/#organization\"},\"potentialAction\":[{\"@type\":\"SearchAction\",\"target\":{\"@type\":\"EntryPoint\",\"urlTemplate\":\"https:\/\/cellercanroda.cat\/es\/?s={search_term_string}\"},\"query-input\":{\"@type\":\"PropertyValueSpecification\",\"valueRequired\":true,\"valueName\":\"search_term_string\"}}],\"inLanguage\":\"es\"},{\"@type\":\"Organization\",\"@id\":\"https:\/\/cellercanroda.cat\/es\/#organization\",\"name\":\"Celler Can Roda\",\"url\":\"https:\/\/cellercanroda.cat\/es\/\",\"logo\":{\"@type\":\"ImageObject\",\"inLanguage\":\"es\",\"@id\":\"https:\/\/cellercanroda.cat\/es\/#\/schema\/logo\/image\/\",\"url\":\"https:\/\/cellercanroda.cat\/wp-content\/uploads\/2020\/09\/canroda_logo-scaled.jpg\",\"contentUrl\":\"https:\/\/cellercanroda.cat\/wp-content\/uploads\/2020\/09\/canroda_logo-scaled.jpg\",\"width\":2560,\"height\":1111,\"caption\":\"Celler Can Roda\"},\"image\":{\"@id\":\"https:\/\/cellercanroda.cat\/es\/#\/schema\/logo\/image\/\"},\"sameAs\":[\"https:\/\/es-es.facebook.com\/CellerCanRoda\",\"https:\/\/www.instagram.com\/cellercanroda\/\",\"https:\/\/www.youtube.com\/channel\/UCMkIFqwRPc-Pk1eMPzADxqA\"]}]}<\/script>\n<!-- \/ Yoast SEO plugin. -->","yoast_head_json":{"title":"Cata de vinos y chocolates - Celler Can Roda","description":"Participa en nuestra cata de vinos y chocolates y descubre nuevos sabores y matices que no hab\u00edas degustado antes. \u00a1Reserva ahora!","robots":{"index":"index","follow":"follow","max-snippet":"max-snippet:-1","max-image-preview":"max-image-preview:large","max-video-preview":"max-video-preview:-1"},"canonical":"https:\/\/cellercanroda.cat\/es\/tienda\/experiencias-enologicas\/cata-de-vinos-y-chocolates\/","og_locale":"es_ES","og_type":"article","og_title":"Cata de vinos y chocolates - Celler Can Roda","og_description":"Participa en nuestra cata de vinos y chocolates y descubre nuevos sabores y matices que no hab\u00edas degustado antes. \u00a1Reserva ahora!","og_url":"https:\/\/cellercanroda.cat\/es\/tienda\/experiencias-enologicas\/cata-de-vinos-y-chocolates\/","og_site_name":"Celler Can Roda","article_publisher":"https:\/\/es-es.facebook.com\/CellerCanRoda","article_modified_time":"2023-10-06T11:07:32+00:00","og_image":[{"width":1924,"height":1283,"url":"https:\/\/cellercanroda.cat\/wp-content\/uploads\/2021\/09\/tast-de-vins-i-xoco-1-scaled.jpg","type":"image\/jpeg"}],"twitter_card":"summary_large_image","schema":{"@context":"https:\/\/schema.org","@graph":[{"@type":"WebPage","@id":"https:\/\/cellercanroda.cat\/es\/tienda\/experiencias-enologicas\/cata-de-vinos-y-chocolates\/","url":"https:\/\/cellercanroda.cat\/es\/tienda\/experiencias-enologicas\/cata-de-vinos-y-chocolates\/","name":"Cata de vinos y chocolates - Celler Can Roda","isPartOf":{"@id":"https:\/\/cellercanroda.cat\/es\/#website"},"primaryImageOfPage":{"@id":"https:\/\/cellercanroda.cat\/es\/tienda\/experiencias-enologicas\/cata-de-vinos-y-chocolates\/#primaryimage"},"image":{"@id":"https:\/\/cellercanroda.cat\/es\/tienda\/experiencias-enologicas\/cata-de-vinos-y-chocolates\/#primaryimage"},"thumbnailUrl":"https:\/\/cellercanroda.cat\/wp-content\/uploads\/2021\/10\/Can-Roda-Tast-vins-i-xocolates.webp","datePublished":"2021-10-01T18:48:07+00:00","dateModified":"2023-10-06T11:07:32+00:00","description":"Participa en nuestra cata de vinos y chocolates y descubre nuevos sabores y matices que no hab\u00edas degustado antes. \u00a1Reserva ahora!","breadcrumb":{"@id":"https:\/\/cellercanroda.cat\/es\/tienda\/experiencias-enologicas\/cata-de-vinos-y-chocolates\/#breadcrumb"},"inLanguage":"es","potentialAction":[{"@type":"ReadAction","target":["https:\/\/cellercanroda.cat\/es\/tienda\/experiencias-enologicas\/cata-de-vinos-y-chocolates\/"]}]},{"@type":"ImageObject","inLanguage":"es","@id":"https:\/\/cellercanroda.cat\/es\/tienda\/experiencias-enologicas\/cata-de-vinos-y-chocolates\/#primaryimage","url":"https:\/\/cellercanroda.cat\/wp-content\/uploads\/2021\/10\/Can-Roda-Tast-vins-i-xocolates.webp","contentUrl":"https:\/\/cellercanroda.cat\/wp-content\/uploads\/2021\/10\/Can-Roda-Tast-vins-i-xocolates.webp","width":1067,"height":1600,"caption":"Tast vins i xocolates"},{"@type":"BreadcrumbList","@id":"https:\/\/cellercanroda.cat\/es\/tienda\/experiencias-enologicas\/cata-de-vinos-y-chocolates\/#breadcrumb","itemListElement":[{"@type":"ListItem","position":1,"name":"Inicio","item":"https:\/\/cellercanroda.cat\/es\/"},{"@type":"ListItem","position":2,"name":"Tienda","item":"https:\/\/cellercanroda.cat\/es\/tienda\/"},{"@type":"ListItem","position":3,"name":"Cata de vinos y chocolates"}]},{"@type":"WebSite","@id":"https:\/\/cellercanroda.cat\/es\/#website","url":"https:\/\/cellercanroda.cat\/es\/","name":"Celler Can Roda","description":"Vins DO Alella","publisher":{"@id":"https:\/\/cellercanroda.cat\/es\/#organization"},"potentialAction":[{"@type":"SearchAction","target":{"@type":"EntryPoint","urlTemplate":"https:\/\/cellercanroda.cat\/es\/?s={search_term_string}"},"query-input":{"@type":"PropertyValueSpecification","valueRequired":true,"valueName":"search_term_string"}}],"inLanguage":"es"},{"@type":"Organization","@id":"https:\/\/cellercanroda.cat\/es\/#organization","name":"Celler Can Roda","url":"https:\/\/cellercanroda.cat\/es\/","logo":{"@type":"ImageObject","inLanguage":"es","@id":"https:\/\/cellercanroda.cat\/es\/#\/schema\/logo\/image\/","url":"https:\/\/cellercanroda.cat\/wp-content\/uploads\/2020\/09\/canroda_logo-scaled.jpg","contentUrl":"https:\/\/cellercanroda.cat\/wp-content\/uploads\/2020\/09\/canroda_logo-scaled.jpg","width":2560,"height":1111,"caption":"Celler Can Roda"},"image":{"@id":"https:\/\/cellercanroda.cat\/es\/#\/schema\/logo\/image\/"},"sameAs":["https:\/\/es-es.facebook.com\/CellerCanRoda","https:\/\/www.instagram.com\/cellercanroda\/","https:\/\/www.youtube.com\/channel\/UCMkIFqwRPc-Pk1eMPzADxqA"]}]}},"_links":{"self":[{"href":"https:\/\/cellercanroda.cat\/es\/wp-json\/wp\/v2\/product\/9434","targetHints":{"allow":["GET"]}}],"collection":[{"href":"https:\/\/cellercanroda.cat\/es\/wp-json\/wp\/v2\/product"}],"about":[{"href":"https:\/\/cellercanroda.cat\/es\/wp-json\/wp\/v2\/types\/product"}],"wp:featuredmedia":[{"embeddable":true,"href":"https:\/\/cellercanroda.cat\/es\/wp-json\/wp\/v2\/media\/32035"}],"wp:attachment":[{"href":"https:\/\/cellercanroda.cat\/es\/wp-json\/wp\/v2\/media?parent=9434"}],"wp:term":[{"taxonomy":"product_brand","embeddable":true,"href":"https:\/\/cellercanroda.cat\/es\/wp-json\/wp\/v2\/product_brand?post=9434"},{"taxonomy":"product_cat","embeddable":true,"href":"https:\/\/cellercanroda.cat\/es\/wp-json\/wp\/v2\/product_cat?post=9434"},{"taxonomy":"product_tag","embeddable":true,"href":"https:\/\/cellercanroda.cat\/es\/wp-json\/wp\/v2\/product_tag?post=9434"},{"taxonomy":"giftcard-category","embeddable":true,"href":"https:\/\/cellercanroda.cat\/es\/wp-json\/wp\/v2\/giftcard-category?post=9434"}],"curies":[{"name":"wp","href":"https:\/\/api.w.org\/{rel}","templated":true}]}}