{"id":8729,"date":"2021-08-12T12:19:54","date_gmt":"2021-08-12T10:19:55","guid":{"rendered":"https:\/\/cellercanroda.cat\/?post_type=product&#038;p=8729"},"modified":"2025-01-23T17:09:34","modified_gmt":"2025-01-23T16:09:34","slug":"visita-y-cata-de-vinos-en-la-bodega","status":"publish","type":"product","link":"https:\/\/cellercanroda.cat\/es\/tienda\/experiencias-enologicas\/visita-y-cata-de-vinos-en-la-bodega\/","title":{"rendered":"Visita y cata de vinos en la bodega"},"content":{"rendered":"","protected":false},"excerpt":{"rendered":"<p>Vis\u00edtanos y descubre la historia de nuestra bodega y de nuestros vinos DO Alella. Pasea por nuestros vi\u00f1edos, un oasis en medio de la naturaleza cerca de Barcelona. Podr\u00e1s disfrutar de una cata de vinos y maridarlos con algunos quesos y embutidos deliciosos y de proximidad. \u00a1Toda una oportunidad para descubrir un comp\u00e1s de sabores que no olvidar\u00e1s f\u00e1cilmente!  <\/p>\n<p>La actividad incluye:<br \/>\n[fusion_checklist icon=\"fa-asterisk fas\" iconcolor=\"\" circle=\"\" circlecolor=\"\" size=\"16px\" divider=\"\" divider_color=\"\" hide_on_mobile=\"small-visibility,medium-visibility,large-visibility\" class=\"\" id=\"\"] [fusion_li_item icon=\"fa-wine-bottle fas\"]Visita a la bodega [\/fusion_li_item][fusion_li_item icon=\"fa-seedling fas\"]Visita guiada por los vi\u00f1edos [\/fusion_li_item][fusion_li_item icon=\"fa-wine-glass-alt fas\"]Cata de cuatro vinos maridados con productos locales[\/fusion_li_item][\/fusion_checklist][fusion_separator style_type=\"default\" flex_grow=\"0\" alignment=\"center\" border_size=\"\" sep_color=\"\" icon=\"\" icon_size=\"\" icon_color=\"\" icon_circle=\"\" icon_circle_color=\"\" hide_on_mobile=\"small-visibility,medium-visibility,large-visibility\" sticky_display=\"normal,sticky\" class=\"\" id=\"\" top_margin=\"10px\" bottom_margin=\"10px\" \/]<\/p>\n<p><strong>D\u00edas y horas:<\/strong> De jueves a lunes a las 11:00 h<br \/>\n<strong>Duraci\u00f3n:<\/strong> 2 horas<br \/>\n<strong>Precios:<\/strong> Adulto\/s: 30\u20ac &#8211; Menor\/es (10-18 a\u00f1os): 20\u20ac &#8211; Menor\/es (&lt;10 a\u00f1os): 5\u20ac<\/p>\n<p><strong>Escoge el d\u00eda que quieras venir:<\/strong><\/p>\n","protected":false},"featured_media":3846,"template":"","meta":{"_acf_changed":false},"product_brand":[],"product_cat":[89],"product_tag":[],"giftcard-category":[],"class_list":{"0":"post-8729","1":"product","2":"type-product","3":"status-publish","4":"has-post-thumbnail","6":"product_cat-experiencias-enologicas","8":"first","9":"instock","10":"featured","11":"virtual","12":"sold-individually","13":"taxable","14":"purchasable","15":"product-type-phive_booking"},"acf":[],"yoast_head":"<!-- This site is optimized with the Yoast SEO plugin v27.1.1 - https:\/\/yoast.com\/product\/yoast-seo-wordpress\/ -->\n<title>Visita y cata de vinos en bodega - Bodega Can Roda<\/title>\n<meta name=\"description\" content=\"Ven a disfrutar de una visita guiada a la bodega con una cata de vinos incluida. Descubre nuestra historia y vinos. \u00a1Reserva ahora!\" \/>\n<meta name=\"robots\" content=\"index, follow, max-snippet:-1, max-image-preview:large, max-video-preview:-1\" \/>\n<link rel=\"canonical\" href=\"https:\/\/cellercanroda.cat\/es\/tienda\/experiencias-enologicas\/visita-y-cata-de-vinos-en-la-bodega\/\" \/>\n<meta property=\"og:locale\" content=\"es_ES\" \/>\n<meta property=\"og:type\" content=\"article\" \/>\n<meta property=\"og:title\" content=\"Visita y cata de vinos en bodega - Bodega Can Roda\" \/>\n<meta property=\"og:description\" content=\"Ven a disfrutar de una visita guiada a la bodega con una cata de vinos incluida. Descubre nuestra historia y vinos. \u00a1Reserva ahora!\" \/>\n<meta property=\"og:url\" content=\"https:\/\/cellercanroda.cat\/es\/tienda\/experiencias-enologicas\/visita-y-cata-de-vinos-en-la-bodega\/\" \/>\n<meta property=\"og:site_name\" content=\"Celler Can Roda\" \/>\n<meta property=\"article:publisher\" content=\"https:\/\/es-es.facebook.com\/CellerCanRoda\" \/>\n<meta property=\"article:modified_time\" content=\"2025-01-23T16:09:34+00:00\" \/>\n<meta property=\"og:image\" content=\"https:\/\/cellercanroda.cat\/wp-content\/uploads\/2020\/09\/celler-can-roda-visita-enoturistica-passeig-vinyes.jpg\" \/>\n\t<meta property=\"og:image:width\" content=\"1920\" \/>\n\t<meta property=\"og:image:height\" content=\"1280\" \/>\n\t<meta property=\"og:image:type\" content=\"image\/jpeg\" \/>\n<meta name=\"twitter:card\" content=\"summary_large_image\" \/>\n<meta name=\"twitter:label1\" content=\"Tiempo de lectura\" \/>\n\t<meta name=\"twitter:data1\" content=\"1 minuto\" \/>\n<script type=\"application\/ld+json\" class=\"yoast-schema-graph\">{\"@context\":\"https:\/\/schema.org\",\"@graph\":[{\"@type\":\"WebPage\",\"@id\":\"https:\/\/cellercanroda.cat\/es\/tienda\/experiencias-enologicas\/visita-y-cata-de-vinos-en-la-bodega\/\",\"url\":\"https:\/\/cellercanroda.cat\/es\/tienda\/experiencias-enologicas\/visita-y-cata-de-vinos-en-la-bodega\/\",\"name\":\"Visita y cata de vinos en bodega - Bodega Can Roda\",\"isPartOf\":{\"@id\":\"https:\/\/cellercanroda.cat\/es\/#website\"},\"primaryImageOfPage\":{\"@id\":\"https:\/\/cellercanroda.cat\/es\/tienda\/experiencias-enologicas\/visita-y-cata-de-vinos-en-la-bodega\/#primaryimage\"},\"image\":{\"@id\":\"https:\/\/cellercanroda.cat\/es\/tienda\/experiencias-enologicas\/visita-y-cata-de-vinos-en-la-bodega\/#primaryimage\"},\"thumbnailUrl\":\"https:\/\/cellercanroda.cat\/wp-content\/uploads\/2020\/09\/celler-can-roda-visita-enoturistica-passeig-vinyes.jpg\",\"datePublished\":\"2021-08-12T10:19:55+00:00\",\"dateModified\":\"2025-01-23T16:09:34+00:00\",\"description\":\"Ven a disfrutar de una visita guiada a la bodega con una cata de vinos incluida. Descubre nuestra historia y vinos. \u00a1Reserva ahora!\",\"breadcrumb\":{\"@id\":\"https:\/\/cellercanroda.cat\/es\/tienda\/experiencias-enologicas\/visita-y-cata-de-vinos-en-la-bodega\/#breadcrumb\"},\"inLanguage\":\"es\",\"potentialAction\":[{\"@type\":\"ReadAction\",\"target\":[\"https:\/\/cellercanroda.cat\/es\/tienda\/experiencias-enologicas\/visita-y-cata-de-vinos-en-la-bodega\/\"]}]},{\"@type\":\"ImageObject\",\"inLanguage\":\"es\",\"@id\":\"https:\/\/cellercanroda.cat\/es\/tienda\/experiencias-enologicas\/visita-y-cata-de-vinos-en-la-bodega\/#primaryimage\",\"url\":\"https:\/\/cellercanroda.cat\/wp-content\/uploads\/2020\/09\/celler-can-roda-visita-enoturistica-passeig-vinyes.jpg\",\"contentUrl\":\"https:\/\/cellercanroda.cat\/wp-content\/uploads\/2020\/09\/celler-can-roda-visita-enoturistica-passeig-vinyes.jpg\",\"width\":1920,\"height\":1280,\"caption\":\"celler can roda visita enoturistica paseo entre vi\u00f1edos\"},{\"@type\":\"BreadcrumbList\",\"@id\":\"https:\/\/cellercanroda.cat\/es\/tienda\/experiencias-enologicas\/visita-y-cata-de-vinos-en-la-bodega\/#breadcrumb\",\"itemListElement\":[{\"@type\":\"ListItem\",\"position\":1,\"name\":\"Inicio\",\"item\":\"https:\/\/cellercanroda.cat\/es\/\"},{\"@type\":\"ListItem\",\"position\":2,\"name\":\"Tienda\",\"item\":\"https:\/\/cellercanroda.cat\/es\/tienda\/\"},{\"@type\":\"ListItem\",\"position\":3,\"name\":\"Visita y cata de vinos en la bodega\"}]},{\"@type\":\"WebSite\",\"@id\":\"https:\/\/cellercanroda.cat\/es\/#website\",\"url\":\"https:\/\/cellercanroda.cat\/es\/\",\"name\":\"Celler Can Roda\",\"description\":\"Vins DO Alella\",\"publisher\":{\"@id\":\"https:\/\/cellercanroda.cat\/es\/#organization\"},\"potentialAction\":[{\"@type\":\"SearchAction\",\"target\":{\"@type\":\"EntryPoint\",\"urlTemplate\":\"https:\/\/cellercanroda.cat\/es\/?s={search_term_string}\"},\"query-input\":{\"@type\":\"PropertyValueSpecification\",\"valueRequired\":true,\"valueName\":\"search_term_string\"}}],\"inLanguage\":\"es\"},{\"@type\":\"Organization\",\"@id\":\"https:\/\/cellercanroda.cat\/es\/#organization\",\"name\":\"Celler Can Roda\",\"url\":\"https:\/\/cellercanroda.cat\/es\/\",\"logo\":{\"@type\":\"ImageObject\",\"inLanguage\":\"es\",\"@id\":\"https:\/\/cellercanroda.cat\/es\/#\/schema\/logo\/image\/\",\"url\":\"https:\/\/cellercanroda.cat\/wp-content\/uploads\/2020\/09\/canroda_logo-scaled.jpg\",\"contentUrl\":\"https:\/\/cellercanroda.cat\/wp-content\/uploads\/2020\/09\/canroda_logo-scaled.jpg\",\"width\":2560,\"height\":1111,\"caption\":\"Celler Can Roda\"},\"image\":{\"@id\":\"https:\/\/cellercanroda.cat\/es\/#\/schema\/logo\/image\/\"},\"sameAs\":[\"https:\/\/es-es.facebook.com\/CellerCanRoda\",\"https:\/\/www.instagram.com\/cellercanroda\/\",\"https:\/\/www.youtube.com\/channel\/UCMkIFqwRPc-Pk1eMPzADxqA\"]}]}<\/script>\n<!-- \/ Yoast SEO plugin. -->","yoast_head_json":{"title":"Visita y cata de vinos en bodega - Bodega Can Roda","description":"Ven a disfrutar de una visita guiada a la bodega con una cata de vinos incluida. Descubre nuestra historia y vinos. \u00a1Reserva ahora!","robots":{"index":"index","follow":"follow","max-snippet":"max-snippet:-1","max-image-preview":"max-image-preview:large","max-video-preview":"max-video-preview:-1"},"canonical":"https:\/\/cellercanroda.cat\/es\/tienda\/experiencias-enologicas\/visita-y-cata-de-vinos-en-la-bodega\/","og_locale":"es_ES","og_type":"article","og_title":"Visita y cata de vinos en bodega - Bodega Can Roda","og_description":"Ven a disfrutar de una visita guiada a la bodega con una cata de vinos incluida. Descubre nuestra historia y vinos. \u00a1Reserva ahora!","og_url":"https:\/\/cellercanroda.cat\/es\/tienda\/experiencias-enologicas\/visita-y-cata-de-vinos-en-la-bodega\/","og_site_name":"Celler Can Roda","article_publisher":"https:\/\/es-es.facebook.com\/CellerCanRoda","article_modified_time":"2025-01-23T16:09:34+00:00","og_image":[{"width":1920,"height":1280,"url":"https:\/\/cellercanroda.cat\/wp-content\/uploads\/2020\/09\/celler-can-roda-visita-enoturistica-passeig-vinyes.jpg","type":"image\/jpeg"}],"twitter_card":"summary_large_image","twitter_misc":{"Tiempo de lectura":"1 minuto"},"schema":{"@context":"https:\/\/schema.org","@graph":[{"@type":"WebPage","@id":"https:\/\/cellercanroda.cat\/es\/tienda\/experiencias-enologicas\/visita-y-cata-de-vinos-en-la-bodega\/","url":"https:\/\/cellercanroda.cat\/es\/tienda\/experiencias-enologicas\/visita-y-cata-de-vinos-en-la-bodega\/","name":"Visita y cata de vinos en bodega - Bodega Can Roda","isPartOf":{"@id":"https:\/\/cellercanroda.cat\/es\/#website"},"primaryImageOfPage":{"@id":"https:\/\/cellercanroda.cat\/es\/tienda\/experiencias-enologicas\/visita-y-cata-de-vinos-en-la-bodega\/#primaryimage"},"image":{"@id":"https:\/\/cellercanroda.cat\/es\/tienda\/experiencias-enologicas\/visita-y-cata-de-vinos-en-la-bodega\/#primaryimage"},"thumbnailUrl":"https:\/\/cellercanroda.cat\/wp-content\/uploads\/2020\/09\/celler-can-roda-visita-enoturistica-passeig-vinyes.jpg","datePublished":"2021-08-12T10:19:55+00:00","dateModified":"2025-01-23T16:09:34+00:00","description":"Ven a disfrutar de una visita guiada a la bodega con una cata de vinos incluida. Descubre nuestra historia y vinos. \u00a1Reserva ahora!","breadcrumb":{"@id":"https:\/\/cellercanroda.cat\/es\/tienda\/experiencias-enologicas\/visita-y-cata-de-vinos-en-la-bodega\/#breadcrumb"},"inLanguage":"es","potentialAction":[{"@type":"ReadAction","target":["https:\/\/cellercanroda.cat\/es\/tienda\/experiencias-enologicas\/visita-y-cata-de-vinos-en-la-bodega\/"]}]},{"@type":"ImageObject","inLanguage":"es","@id":"https:\/\/cellercanroda.cat\/es\/tienda\/experiencias-enologicas\/visita-y-cata-de-vinos-en-la-bodega\/#primaryimage","url":"https:\/\/cellercanroda.cat\/wp-content\/uploads\/2020\/09\/celler-can-roda-visita-enoturistica-passeig-vinyes.jpg","contentUrl":"https:\/\/cellercanroda.cat\/wp-content\/uploads\/2020\/09\/celler-can-roda-visita-enoturistica-passeig-vinyes.jpg","width":1920,"height":1280,"caption":"celler can roda visita enoturistica paseo entre vi\u00f1edos"},{"@type":"BreadcrumbList","@id":"https:\/\/cellercanroda.cat\/es\/tienda\/experiencias-enologicas\/visita-y-cata-de-vinos-en-la-bodega\/#breadcrumb","itemListElement":[{"@type":"ListItem","position":1,"name":"Inicio","item":"https:\/\/cellercanroda.cat\/es\/"},{"@type":"ListItem","position":2,"name":"Tienda","item":"https:\/\/cellercanroda.cat\/es\/tienda\/"},{"@type":"ListItem","position":3,"name":"Visita y cata de vinos en la bodega"}]},{"@type":"WebSite","@id":"https:\/\/cellercanroda.cat\/es\/#website","url":"https:\/\/cellercanroda.cat\/es\/","name":"Celler Can Roda","description":"Vins DO Alella","publisher":{"@id":"https:\/\/cellercanroda.cat\/es\/#organization"},"potentialAction":[{"@type":"SearchAction","target":{"@type":"EntryPoint","urlTemplate":"https:\/\/cellercanroda.cat\/es\/?s={search_term_string}"},"query-input":{"@type":"PropertyValueSpecification","valueRequired":true,"valueName":"search_term_string"}}],"inLanguage":"es"},{"@type":"Organization","@id":"https:\/\/cellercanroda.cat\/es\/#organization","name":"Celler Can Roda","url":"https:\/\/cellercanroda.cat\/es\/","logo":{"@type":"ImageObject","inLanguage":"es","@id":"https:\/\/cellercanroda.cat\/es\/#\/schema\/logo\/image\/","url":"https:\/\/cellercanroda.cat\/wp-content\/uploads\/2020\/09\/canroda_logo-scaled.jpg","contentUrl":"https:\/\/cellercanroda.cat\/wp-content\/uploads\/2020\/09\/canroda_logo-scaled.jpg","width":2560,"height":1111,"caption":"Celler Can Roda"},"image":{"@id":"https:\/\/cellercanroda.cat\/es\/#\/schema\/logo\/image\/"},"sameAs":["https:\/\/es-es.facebook.com\/CellerCanRoda","https:\/\/www.instagram.com\/cellercanroda\/","https:\/\/www.youtube.com\/channel\/UCMkIFqwRPc-Pk1eMPzADxqA"]}]}},"_links":{"self":[{"href":"https:\/\/cellercanroda.cat\/es\/wp-json\/wp\/v2\/product\/8729","targetHints":{"allow":["GET"]}}],"collection":[{"href":"https:\/\/cellercanroda.cat\/es\/wp-json\/wp\/v2\/product"}],"about":[{"href":"https:\/\/cellercanroda.cat\/es\/wp-json\/wp\/v2\/types\/product"}],"wp:featuredmedia":[{"embeddable":true,"href":"https:\/\/cellercanroda.cat\/es\/wp-json\/wp\/v2\/media\/3846"}],"wp:attachment":[{"href":"https:\/\/cellercanroda.cat\/es\/wp-json\/wp\/v2\/media?parent=8729"}],"wp:term":[{"taxonomy":"product_brand","embeddable":true,"href":"https:\/\/cellercanroda.cat\/es\/wp-json\/wp\/v2\/product_brand?post=8729"},{"taxonomy":"product_cat","embeddable":true,"href":"https:\/\/cellercanroda.cat\/es\/wp-json\/wp\/v2\/product_cat?post=8729"},{"taxonomy":"product_tag","embeddable":true,"href":"https:\/\/cellercanroda.cat\/es\/wp-json\/wp\/v2\/product_tag?post=8729"},{"taxonomy":"giftcard-category","embeddable":true,"href":"https:\/\/cellercanroda.cat\/es\/wp-json\/wp\/v2\/giftcard-category?post=8729"}],"curies":[{"name":"wp","href":"https:\/\/api.w.org\/{rel}","templated":true}]}}