{"id":7271,"date":"2021-04-17T20:53:47","date_gmt":"2021-04-17T18:53:47","guid":{"rendered":"https:\/\/cellercanroda.cat\/?post_type=product&#038;p=7271"},"modified":"2023-07-14T10:52:19","modified_gmt":"2023-07-14T08:52:19","slug":"cerveza-em-roda-el-cap","status":"publish","type":"product","link":"https:\/\/cellercanroda.cat\/es\/tienda\/cervezas\/cerveza-em-roda-el-cap\/","title":{"rendered":"Pack Cervezas \u00abEm roda el cap\u00bb"},"content":{"rendered":"","protected":false},"excerpt":{"rendered":"<p>PACK DE 6 CERVEZAS<\/p>\n<p>Disfruta del buen tiempo con nuestra primera cerveza artesanal.<br \/>\nCerveza refrescante, c\u00edtrica y afrutada con toques de malta caramelizada y un toque amargo agradable. Una cerveza de calidad, ideal para tomar con buena compa\u00f1\u00eda o solo.<br \/>\n\u00a1Un placer que te har\u00e1 rodar la cabeza! [fusion_checklist icon=\"fa-asterisk fas\" iconcolor=\"\" circle=\"\" circlecolor=\"\" size=\"16px\" divider=\"\" divider_color=\"\" hide_on_mobile=\"small-visibility,medium-visibility,large-visibility\" class=\"\" id=\"\"] [fusion_li_item icon=\"fa-beer fas\"]<strong>Variedad:<\/strong> American Pale Ale[\/fusion_li_item][fusion_li_item icon=\"fa-wine-bottle fas\"]<strong>Formato:<\/strong> 6 botellas de 33 cl.[\/fusion_li_item][fusion_li_item icon=\"fa-percentage fas\"]<strong>ABV:<\/strong> 5,6%[\/fusion_li_item][fusion_li_item icon=\"fa-seedling fas\"]<strong>Ingredientes:<\/strong> Agua, maltas de cebada, trigo, l\u00fapulos y levadura.[\/fusion_li_item][\/fusion_checklist][fusion_separator style_type=\"default\" flex_grow=\"0\" alignment=\"center\" border_size=\"\" sep_color=\"\" icon=\"\" icon_size=\"\" icon_color=\"\" icon_circle=\"\" icon_circle_color=\"\" hide_on_mobile=\"small-visibility,medium-visibility,large-visibility\" sticky_display=\"normal,sticky\" class=\"\" id=\"\" top_margin=\"10px\" bottom_margin=\"10px\" \/]<\/p>\n","protected":false},"featured_media":7712,"template":"","meta":{"_acf_changed":false},"product_brand":[],"product_cat":[106],"product_tag":[],"giftcard-category":[],"class_list":{"0":"post-7271","1":"product","2":"type-product","3":"status-publish","4":"has-post-thumbnail","6":"product_cat-cervezas","8":"first","9":"instock","10":"featured","11":"taxable","12":"shipping-taxable","13":"purchasable","14":"product-type-simple"},"acf":[],"yoast_head":"<!-- This site is optimized with the Yoast SEO plugin v27.1.1 - https:\/\/yoast.com\/product\/yoast-seo-wordpress\/ -->\n<title>Cerveza artesanal Em roda el cap - Celler Can Roda<\/title>\n<meta name=\"description\" content=\"Disfruta del buen tiempo con esta cerveza artesana refrescantes, c\u00edtrica y afrutada. Un placer que te har\u00e1 rodar la cabeza. Edici\u00f3n limitada! C\u00f3mprala ahora.\" \/>\n<meta name=\"robots\" content=\"index, follow, max-snippet:-1, max-image-preview:large, max-video-preview:-1\" \/>\n<link rel=\"canonical\" href=\"https:\/\/cellercanroda.cat\/es\/tienda\/cervezas\/cerveza-em-roda-el-cap\/\" \/>\n<meta property=\"og:locale\" content=\"es_ES\" \/>\n<meta property=\"og:type\" content=\"article\" \/>\n<meta property=\"og:title\" content=\"Cerveza artesanal Em roda el cap - Celler Can Roda\" \/>\n<meta property=\"og:description\" content=\"Disfruta del buen tiempo con esta cerveza artesana refrescantes, c\u00edtrica y afrutada. Un placer que te har\u00e1 rodar la cabeza. Edici\u00f3n limitada! C\u00f3mprala ahora.\" \/>\n<meta property=\"og:url\" content=\"https:\/\/cellercanroda.cat\/es\/tienda\/cervezas\/cerveza-em-roda-el-cap\/\" \/>\n<meta property=\"og:site_name\" content=\"Celler Can Roda\" \/>\n<meta property=\"article:publisher\" content=\"https:\/\/es-es.facebook.com\/CellerCanRoda\" \/>\n<meta property=\"article:modified_time\" content=\"2023-07-14T08:52:19+00:00\" \/>\n<meta property=\"og:image\" content=\"https:\/\/cellercanroda.cat\/wp-content\/uploads\/2021\/05\/cervesa-celler-can-roda.jpg\" \/>\n\t<meta property=\"og:image:width\" content=\"864\" \/>\n\t<meta property=\"og:image:height\" content=\"1080\" \/>\n\t<meta property=\"og:image:type\" content=\"image\/jpeg\" \/>\n<meta name=\"twitter:card\" content=\"summary_large_image\" \/>\n<script type=\"application\/ld+json\" class=\"yoast-schema-graph\">{\"@context\":\"https:\/\/schema.org\",\"@graph\":[{\"@type\":\"WebPage\",\"@id\":\"https:\/\/cellercanroda.cat\/es\/tienda\/cervezas\/cerveza-em-roda-el-cap\/\",\"url\":\"https:\/\/cellercanroda.cat\/es\/tienda\/cervezas\/cerveza-em-roda-el-cap\/\",\"name\":\"Cerveza artesanal Em roda el cap - Celler Can Roda\",\"isPartOf\":{\"@id\":\"https:\/\/cellercanroda.cat\/es\/#website\"},\"primaryImageOfPage\":{\"@id\":\"https:\/\/cellercanroda.cat\/es\/tienda\/cervezas\/cerveza-em-roda-el-cap\/#primaryimage\"},\"image\":{\"@id\":\"https:\/\/cellercanroda.cat\/es\/tienda\/cervezas\/cerveza-em-roda-el-cap\/#primaryimage\"},\"thumbnailUrl\":\"https:\/\/cellercanroda.cat\/wp-content\/uploads\/2021\/05\/cervesa-celler-can-roda.jpg\",\"datePublished\":\"2021-04-17T18:53:47+00:00\",\"dateModified\":\"2023-07-14T08:52:19+00:00\",\"description\":\"Disfruta del buen tiempo con esta cerveza artesana refrescantes, c\u00edtrica y afrutada. Un placer que te har\u00e1 rodar la cabeza. Edici\u00f3n limitada! C\u00f3mprala ahora.\",\"breadcrumb\":{\"@id\":\"https:\/\/cellercanroda.cat\/es\/tienda\/cervezas\/cerveza-em-roda-el-cap\/#breadcrumb\"},\"inLanguage\":\"es\",\"potentialAction\":[{\"@type\":\"ReadAction\",\"target\":[\"https:\/\/cellercanroda.cat\/es\/tienda\/cervezas\/cerveza-em-roda-el-cap\/\"]}]},{\"@type\":\"ImageObject\",\"inLanguage\":\"es\",\"@id\":\"https:\/\/cellercanroda.cat\/es\/tienda\/cervezas\/cerveza-em-roda-el-cap\/#primaryimage\",\"url\":\"https:\/\/cellercanroda.cat\/wp-content\/uploads\/2021\/05\/cervesa-celler-can-roda.jpg\",\"contentUrl\":\"https:\/\/cellercanroda.cat\/wp-content\/uploads\/2021\/05\/cervesa-celler-can-roda.jpg\",\"width\":864,\"height\":1080,\"caption\":\"cervesa can roda\"},{\"@type\":\"BreadcrumbList\",\"@id\":\"https:\/\/cellercanroda.cat\/es\/tienda\/cervezas\/cerveza-em-roda-el-cap\/#breadcrumb\",\"itemListElement\":[{\"@type\":\"ListItem\",\"position\":1,\"name\":\"Inicio\",\"item\":\"https:\/\/cellercanroda.cat\/es\/\"},{\"@type\":\"ListItem\",\"position\":2,\"name\":\"Tienda\",\"item\":\"https:\/\/cellercanroda.cat\/es\/tienda\/\"},{\"@type\":\"ListItem\",\"position\":3,\"name\":\"Pack Cervezas \u00abEm roda el cap\u00bb\"}]},{\"@type\":\"WebSite\",\"@id\":\"https:\/\/cellercanroda.cat\/es\/#website\",\"url\":\"https:\/\/cellercanroda.cat\/es\/\",\"name\":\"Celler Can Roda\",\"description\":\"Vins DO Alella\",\"publisher\":{\"@id\":\"https:\/\/cellercanroda.cat\/es\/#organization\"},\"potentialAction\":[{\"@type\":\"SearchAction\",\"target\":{\"@type\":\"EntryPoint\",\"urlTemplate\":\"https:\/\/cellercanroda.cat\/es\/?s={search_term_string}\"},\"query-input\":{\"@type\":\"PropertyValueSpecification\",\"valueRequired\":true,\"valueName\":\"search_term_string\"}}],\"inLanguage\":\"es\"},{\"@type\":\"Organization\",\"@id\":\"https:\/\/cellercanroda.cat\/es\/#organization\",\"name\":\"Celler Can Roda\",\"url\":\"https:\/\/cellercanroda.cat\/es\/\",\"logo\":{\"@type\":\"ImageObject\",\"inLanguage\":\"es\",\"@id\":\"https:\/\/cellercanroda.cat\/es\/#\/schema\/logo\/image\/\",\"url\":\"https:\/\/cellercanroda.cat\/wp-content\/uploads\/2020\/09\/canroda_logo-scaled.jpg\",\"contentUrl\":\"https:\/\/cellercanroda.cat\/wp-content\/uploads\/2020\/09\/canroda_logo-scaled.jpg\",\"width\":2560,\"height\":1111,\"caption\":\"Celler Can Roda\"},\"image\":{\"@id\":\"https:\/\/cellercanroda.cat\/es\/#\/schema\/logo\/image\/\"},\"sameAs\":[\"https:\/\/es-es.facebook.com\/CellerCanRoda\",\"https:\/\/www.instagram.com\/cellercanroda\/\",\"https:\/\/www.youtube.com\/channel\/UCMkIFqwRPc-Pk1eMPzADxqA\"]}]}<\/script>\n<!-- \/ Yoast SEO plugin. -->","yoast_head_json":{"title":"Cerveza artesanal Em roda el cap - Celler Can Roda","description":"Disfruta del buen tiempo con esta cerveza artesana refrescantes, c\u00edtrica y afrutada. Un placer que te har\u00e1 rodar la cabeza. Edici\u00f3n limitada! C\u00f3mprala ahora.","robots":{"index":"index","follow":"follow","max-snippet":"max-snippet:-1","max-image-preview":"max-image-preview:large","max-video-preview":"max-video-preview:-1"},"canonical":"https:\/\/cellercanroda.cat\/es\/tienda\/cervezas\/cerveza-em-roda-el-cap\/","og_locale":"es_ES","og_type":"article","og_title":"Cerveza artesanal Em roda el cap - Celler Can Roda","og_description":"Disfruta del buen tiempo con esta cerveza artesana refrescantes, c\u00edtrica y afrutada. Un placer que te har\u00e1 rodar la cabeza. Edici\u00f3n limitada! C\u00f3mprala ahora.","og_url":"https:\/\/cellercanroda.cat\/es\/tienda\/cervezas\/cerveza-em-roda-el-cap\/","og_site_name":"Celler Can Roda","article_publisher":"https:\/\/es-es.facebook.com\/CellerCanRoda","article_modified_time":"2023-07-14T08:52:19+00:00","og_image":[{"width":864,"height":1080,"url":"https:\/\/cellercanroda.cat\/wp-content\/uploads\/2021\/05\/cervesa-celler-can-roda.jpg","type":"image\/jpeg"}],"twitter_card":"summary_large_image","schema":{"@context":"https:\/\/schema.org","@graph":[{"@type":"WebPage","@id":"https:\/\/cellercanroda.cat\/es\/tienda\/cervezas\/cerveza-em-roda-el-cap\/","url":"https:\/\/cellercanroda.cat\/es\/tienda\/cervezas\/cerveza-em-roda-el-cap\/","name":"Cerveza artesanal Em roda el cap - Celler Can Roda","isPartOf":{"@id":"https:\/\/cellercanroda.cat\/es\/#website"},"primaryImageOfPage":{"@id":"https:\/\/cellercanroda.cat\/es\/tienda\/cervezas\/cerveza-em-roda-el-cap\/#primaryimage"},"image":{"@id":"https:\/\/cellercanroda.cat\/es\/tienda\/cervezas\/cerveza-em-roda-el-cap\/#primaryimage"},"thumbnailUrl":"https:\/\/cellercanroda.cat\/wp-content\/uploads\/2021\/05\/cervesa-celler-can-roda.jpg","datePublished":"2021-04-17T18:53:47+00:00","dateModified":"2023-07-14T08:52:19+00:00","description":"Disfruta del buen tiempo con esta cerveza artesana refrescantes, c\u00edtrica y afrutada. Un placer que te har\u00e1 rodar la cabeza. Edici\u00f3n limitada! C\u00f3mprala ahora.","breadcrumb":{"@id":"https:\/\/cellercanroda.cat\/es\/tienda\/cervezas\/cerveza-em-roda-el-cap\/#breadcrumb"},"inLanguage":"es","potentialAction":[{"@type":"ReadAction","target":["https:\/\/cellercanroda.cat\/es\/tienda\/cervezas\/cerveza-em-roda-el-cap\/"]}]},{"@type":"ImageObject","inLanguage":"es","@id":"https:\/\/cellercanroda.cat\/es\/tienda\/cervezas\/cerveza-em-roda-el-cap\/#primaryimage","url":"https:\/\/cellercanroda.cat\/wp-content\/uploads\/2021\/05\/cervesa-celler-can-roda.jpg","contentUrl":"https:\/\/cellercanroda.cat\/wp-content\/uploads\/2021\/05\/cervesa-celler-can-roda.jpg","width":864,"height":1080,"caption":"cervesa can roda"},{"@type":"BreadcrumbList","@id":"https:\/\/cellercanroda.cat\/es\/tienda\/cervezas\/cerveza-em-roda-el-cap\/#breadcrumb","itemListElement":[{"@type":"ListItem","position":1,"name":"Inicio","item":"https:\/\/cellercanroda.cat\/es\/"},{"@type":"ListItem","position":2,"name":"Tienda","item":"https:\/\/cellercanroda.cat\/es\/tienda\/"},{"@type":"ListItem","position":3,"name":"Pack Cervezas \u00abEm roda el cap\u00bb"}]},{"@type":"WebSite","@id":"https:\/\/cellercanroda.cat\/es\/#website","url":"https:\/\/cellercanroda.cat\/es\/","name":"Celler Can Roda","description":"Vins DO Alella","publisher":{"@id":"https:\/\/cellercanroda.cat\/es\/#organization"},"potentialAction":[{"@type":"SearchAction","target":{"@type":"EntryPoint","urlTemplate":"https:\/\/cellercanroda.cat\/es\/?s={search_term_string}"},"query-input":{"@type":"PropertyValueSpecification","valueRequired":true,"valueName":"search_term_string"}}],"inLanguage":"es"},{"@type":"Organization","@id":"https:\/\/cellercanroda.cat\/es\/#organization","name":"Celler Can Roda","url":"https:\/\/cellercanroda.cat\/es\/","logo":{"@type":"ImageObject","inLanguage":"es","@id":"https:\/\/cellercanroda.cat\/es\/#\/schema\/logo\/image\/","url":"https:\/\/cellercanroda.cat\/wp-content\/uploads\/2020\/09\/canroda_logo-scaled.jpg","contentUrl":"https:\/\/cellercanroda.cat\/wp-content\/uploads\/2020\/09\/canroda_logo-scaled.jpg","width":2560,"height":1111,"caption":"Celler Can Roda"},"image":{"@id":"https:\/\/cellercanroda.cat\/es\/#\/schema\/logo\/image\/"},"sameAs":["https:\/\/es-es.facebook.com\/CellerCanRoda","https:\/\/www.instagram.com\/cellercanroda\/","https:\/\/www.youtube.com\/channel\/UCMkIFqwRPc-Pk1eMPzADxqA"]}]}},"_links":{"self":[{"href":"https:\/\/cellercanroda.cat\/es\/wp-json\/wp\/v2\/product\/7271","targetHints":{"allow":["GET"]}}],"collection":[{"href":"https:\/\/cellercanroda.cat\/es\/wp-json\/wp\/v2\/product"}],"about":[{"href":"https:\/\/cellercanroda.cat\/es\/wp-json\/wp\/v2\/types\/product"}],"wp:featuredmedia":[{"embeddable":true,"href":"https:\/\/cellercanroda.cat\/es\/wp-json\/wp\/v2\/media\/7712"}],"wp:attachment":[{"href":"https:\/\/cellercanroda.cat\/es\/wp-json\/wp\/v2\/media?parent=7271"}],"wp:term":[{"taxonomy":"product_brand","embeddable":true,"href":"https:\/\/cellercanroda.cat\/es\/wp-json\/wp\/v2\/product_brand?post=7271"},{"taxonomy":"product_cat","embeddable":true,"href":"https:\/\/cellercanroda.cat\/es\/wp-json\/wp\/v2\/product_cat?post=7271"},{"taxonomy":"product_tag","embeddable":true,"href":"https:\/\/cellercanroda.cat\/es\/wp-json\/wp\/v2\/product_tag?post=7271"},{"taxonomy":"giftcard-category","embeddable":true,"href":"https:\/\/cellercanroda.cat\/es\/wp-json\/wp\/v2\/giftcard-category?post=7271"}],"curies":[{"name":"wp","href":"https:\/\/api.w.org\/{rel}","templated":true}]}}