{"id":33518,"date":"2025-08-18T12:18:55","date_gmt":"2025-08-18T10:51:17","guid":{"rendered":"https:\/\/cellercanroda.cat\/botiga\/sin categor\u00eda\/vendimia-en-familia-en-can-roda\/"},"modified":"2025-08-18T12:51:17","modified_gmt":"2025-08-18T10:51:17","slug":"vendimia-en-familia-en-can-roda","status":"publish","type":"product","link":"https:\/\/cellercanroda.cat\/es\/tienda\/experiencias-enologicas\/vendimia-en-familia-en-can-roda\/","title":{"rendered":"Vendimia en familia en Can Roda"},"content":{"rendered":"","protected":false},"excerpt":{"rendered":"<p>\u00a1Vive la magia de la vendimia con toda la familia en Can Roda!Viu la m\u00e0gia de la verema amb tota la fam\u00edlia a Can Roda!<\/p>\n<p>En los d\u00edas de vendimia os invitamos a compartir una experiencia \u00fanica en plena naturaleza, pensada para que grandes y peque\u00f1os disfrut\u00e9is de un d\u00eda especial. En este entorno privilegiado, <strong>descubrir\u00e9is nuestra bodega con una visita guiada adaptada a los m\u00e1s peque\u00f1os<\/strong> y os adentrar\u00e9is en el mundo del vino con <strong>un paseo por los vi\u00f1edos y la cata de uva reci\u00e9n cosechada.<\/strong>  <\/p>\n<p>Los m\u00e1s peque\u00f1os ser\u00e1n los protagonistas con la <strong>actividad de pisar uva, tal como se hac\u00eda antiguamente<\/strong>, y m\u00e1s tarde degustar\u00e9is todos juntos el fruto de este d\u00eda en nuestro winebar. Los adultos podr\u00e9is brindar con una <strong>copa de bienvenida en nuestro winebar<\/strong> y los ni\u00f1os disfrutar\u00e1n de un <strong>vaso de mosto reci\u00e9n hecho<\/strong>. Todo perfecto para maridar con las tapas de nuestra carta, elaboradas con deliciosos productos locales.  <\/p>\n<p>No olvid\u00e9is capturar todos estos momentos \u00fanicos: los paisajes de finales de verano y el instante m\u00e1gico de la vendimia ser\u00e1n el marco perfecto para inmortalizar recuerdos en familia.<\/p>\n<p>Una experiencia que combina tradici\u00f3n, naturaleza y diversi\u00f3n, y que os har\u00e1 vivir el verdadero esp\u00edritu de la vendimia en nuestra bodega.<br \/>\n<strong>\u00a1Reserva ahora y comparte con nosotros la magia de la vendimia en Can Roda!<\/strong><\/p>\n<p>La actividad incluye:<br \/>\n[fusion_checklist icon=\"fa-asterisk fas\" iconcolor=\"\" circle=\"\" circlecolor=\"\" size=\"16px\" divider=\"\" divider_color=\"\" hide_on_mobile=\"small-visibility,medium-visibility,large-visibility\" class=\"\" id=\"\"] [fusion_li_item icon=\"fa-seedling fas\"]Visita guiada adaptada para toda la familia y explicaci\u00f3n de la vendimia[\/fusion_li_item] [fusion_li_item icon=\"fa-seedling fas\"]Paseo por los vi\u00f1edos y cata de uva [\/fusion_li_item][fusion_li_item icon=\"fa-wine-glass-alt fas\"]Actividad de pisar uva para los m\u00e1s peque\u00f1os[\/fusion_li_item] [fusion_li_item icon=\"fa-wine-glass-alt fas\"]Copa de bienvenida en el winebar y vaso de mosto para los ni\u00f1os[\/fusion_li_item][\/fusion_checklist][fusion_separator style_type=\"default\" flex_grow=\"0\" alignment=\"center\" border_size=\"\" sep_color=\"\" icon=\"\" icon_size=\"\" icon_color=\"\" icon_circle=\"\" icon_circle_color=\"\" hide_on_mobile=\"small-visibility,medium-visibility,large-visibility\" sticky_display=\"normal,sticky\" class=\"\" id=\"\" top_margin=\"10px\" bottom_margin=\"10px\" \/]<\/p>\n<p><strong>D\u00eda:<\/strong> S\u00e1bado 6 de septiembre de 2025<br \/>\n<strong>Hora:<\/strong> 10:30h<br \/>\n<strong>Duraci\u00f3n:<\/strong> 3 horas<br \/>\n<strong>Precios:<\/strong> Adulto\/s: 15\u20ac &#8211; Menor\/es (3-18 a\u00f1os): 26\u20ac &#8211; Menors\/es (0-3 a\u00f1os): 0\u20ac<\/p>\n<p>Elige la fecha en el calendario:<\/p>\n","protected":false},"featured_media":33517,"template":"","meta":{"_acf_changed":false},"product_brand":[],"product_cat":[89],"product_tag":[],"giftcard-category":[],"class_list":{"0":"post-33518","1":"product","2":"type-product","3":"status-publish","4":"has-post-thumbnail","6":"product_cat-experiencias-enologicas","8":"first","9":"instock","10":"virtual","11":"sold-individually","12":"taxable","13":"purchasable","14":"product-type-phive_booking"},"acf":[],"yoast_head":"<!-- This site is optimized with the Yoast SEO plugin v27.1.1 - https:\/\/yoast.com\/product\/yoast-seo-wordpress\/ -->\n<title>Vendimia en familia en Can Roda - Celler Can Roda<\/title>\n<meta name=\"robots\" content=\"index, follow, max-snippet:-1, max-image-preview:large, max-video-preview:-1\" \/>\n<link rel=\"canonical\" href=\"https:\/\/cellercanroda.cat\/es\/tienda\/experiencias-enologicas\/vendimia-en-familia-en-can-roda\/\" \/>\n<meta property=\"og:locale\" content=\"es_ES\" \/>\n<meta property=\"og:type\" content=\"article\" \/>\n<meta property=\"og:title\" content=\"Vendimia en familia en Can Roda - Celler Can Roda\" \/>\n<meta property=\"og:description\" content=\"\u00a1Vive la magia de la vendimia con toda la familia en Can Roda!Viu la m\u00e0gia de la verema amb tota la fam\u00edlia a Can Roda! En los d\u00edas de vendimia os invitamos a compartir una experiencia \u00fanica en plena naturaleza, pensada para que grandes y peque\u00f1os disfrut\u00e9is de un d\u00eda especial. En este entorno privilegiado, descubrir\u00e9is nuestra bodega con una visita guiada adaptada a los m\u00e1s peque\u00f1os y os adentrar\u00e9is en el mundo del vino con un paseo por los vi\u00f1edos y la cata de uva reci\u00e9n cosechada.  Los m\u00e1s peque\u00f1os ser\u00e1n los protagonistas con la actividad de pisar uva, tal como se hac\u00eda antiguamente, y m\u00e1s tarde degustar\u00e9is todos juntos el fruto de este d\u00eda en nuestro winebar. Los adultos podr\u00e9is brindar con una copa de bienvenida en nuestro winebar y los ni\u00f1os disfrutar\u00e1n de un vaso de mosto reci\u00e9n hecho. Todo perfecto para maridar con las tapas de nuestra carta, elaboradas con deliciosos productos locales.  No olvid\u00e9is capturar todos estos momentos \u00fanicos: los paisajes de finales de verano y el instante m\u00e1gico de la vendimia ser\u00e1n el marco perfecto para inmortalizar recuerdos en familia. Una experiencia que combina tradici\u00f3n, naturaleza y diversi\u00f3n, y que os har\u00e1 vivir el verdadero esp\u00edritu de la vendimia en nuestra bodega. \u00a1Reserva ahora y comparte con nosotros la magia de la vendimia en Can Roda! La actividad incluye:  D\u00eda: S\u00e1bado 6 de septiembre de 2025 Hora: 10:30h Duraci\u00f3n: 3 horas Precios: Adulto\/s: 15\u20ac - Menor\/es (3-18 a\u00f1os): 26\u20ac - Menors\/es (0-3 a\u00f1os): 0\u20ac Elige la fecha en el calendario:\" \/>\n<meta property=\"og:url\" content=\"https:\/\/cellercanroda.cat\/es\/tienda\/experiencias-enologicas\/vendimia-en-familia-en-can-roda\/\" \/>\n<meta property=\"og:site_name\" content=\"Celler Can Roda\" \/>\n<meta property=\"article:publisher\" content=\"https:\/\/es-es.facebook.com\/CellerCanRoda\" \/>\n<meta property=\"og:image\" content=\"https:\/\/cellercanroda.cat\/wp-content\/uploads\/2025\/08\/verema-can-roda.webp\" \/>\n\t<meta property=\"og:image:width\" content=\"1080\" \/>\n\t<meta property=\"og:image:height\" content=\"1350\" \/>\n\t<meta property=\"og:image:type\" content=\"image\/webp\" \/>\n<meta name=\"twitter:card\" content=\"summary_large_image\" \/>\n<script type=\"application\/ld+json\" class=\"yoast-schema-graph\">{\"@context\":\"https:\/\/schema.org\",\"@graph\":[{\"@type\":\"WebPage\",\"@id\":\"https:\/\/cellercanroda.cat\/es\/tienda\/experiencias-enologicas\/vendimia-en-familia-en-can-roda\/\",\"url\":\"https:\/\/cellercanroda.cat\/es\/tienda\/experiencias-enologicas\/vendimia-en-familia-en-can-roda\/\",\"name\":\"Vendimia en familia en Can Roda - Celler Can Roda\",\"isPartOf\":{\"@id\":\"https:\/\/cellercanroda.cat\/es\/#website\"},\"primaryImageOfPage\":{\"@id\":\"https:\/\/cellercanroda.cat\/es\/tienda\/experiencias-enologicas\/vendimia-en-familia-en-can-roda\/#primaryimage\"},\"image\":{\"@id\":\"https:\/\/cellercanroda.cat\/es\/tienda\/experiencias-enologicas\/vendimia-en-familia-en-can-roda\/#primaryimage\"},\"thumbnailUrl\":\"https:\/\/cellercanroda.cat\/wp-content\/uploads\/2025\/08\/verema-can-roda.webp\",\"datePublished\":\"2025-08-18T10:51:17+00:00\",\"breadcrumb\":{\"@id\":\"https:\/\/cellercanroda.cat\/es\/tienda\/experiencias-enologicas\/vendimia-en-familia-en-can-roda\/#breadcrumb\"},\"inLanguage\":\"es\",\"potentialAction\":[{\"@type\":\"ReadAction\",\"target\":[\"https:\/\/cellercanroda.cat\/es\/tienda\/experiencias-enologicas\/vendimia-en-familia-en-can-roda\/\"]}]},{\"@type\":\"ImageObject\",\"inLanguage\":\"es\",\"@id\":\"https:\/\/cellercanroda.cat\/es\/tienda\/experiencias-enologicas\/vendimia-en-familia-en-can-roda\/#primaryimage\",\"url\":\"https:\/\/cellercanroda.cat\/wp-content\/uploads\/2025\/08\/verema-can-roda.webp\",\"contentUrl\":\"https:\/\/cellercanroda.cat\/wp-content\/uploads\/2025\/08\/verema-can-roda.webp\",\"width\":1080,\"height\":1350,\"caption\":\"verema can roda\"},{\"@type\":\"BreadcrumbList\",\"@id\":\"https:\/\/cellercanroda.cat\/es\/tienda\/experiencias-enologicas\/vendimia-en-familia-en-can-roda\/#breadcrumb\",\"itemListElement\":[{\"@type\":\"ListItem\",\"position\":1,\"name\":\"Inicio\",\"item\":\"https:\/\/cellercanroda.cat\/es\/\"},{\"@type\":\"ListItem\",\"position\":2,\"name\":\"Tienda\",\"item\":\"https:\/\/cellercanroda.cat\/es\/tienda\/\"},{\"@type\":\"ListItem\",\"position\":3,\"name\":\"Vendimia en familia en Can Roda\"}]},{\"@type\":\"WebSite\",\"@id\":\"https:\/\/cellercanroda.cat\/es\/#website\",\"url\":\"https:\/\/cellercanroda.cat\/es\/\",\"name\":\"Celler Can Roda\",\"description\":\"Vins DO Alella\",\"publisher\":{\"@id\":\"https:\/\/cellercanroda.cat\/es\/#organization\"},\"potentialAction\":[{\"@type\":\"SearchAction\",\"target\":{\"@type\":\"EntryPoint\",\"urlTemplate\":\"https:\/\/cellercanroda.cat\/es\/?s={search_term_string}\"},\"query-input\":{\"@type\":\"PropertyValueSpecification\",\"valueRequired\":true,\"valueName\":\"search_term_string\"}}],\"inLanguage\":\"es\"},{\"@type\":\"Organization\",\"@id\":\"https:\/\/cellercanroda.cat\/es\/#organization\",\"name\":\"Celler Can Roda\",\"url\":\"https:\/\/cellercanroda.cat\/es\/\",\"logo\":{\"@type\":\"ImageObject\",\"inLanguage\":\"es\",\"@id\":\"https:\/\/cellercanroda.cat\/es\/#\/schema\/logo\/image\/\",\"url\":\"https:\/\/cellercanroda.cat\/wp-content\/uploads\/2020\/09\/canroda_logo-scaled.jpg\",\"contentUrl\":\"https:\/\/cellercanroda.cat\/wp-content\/uploads\/2020\/09\/canroda_logo-scaled.jpg\",\"width\":2560,\"height\":1111,\"caption\":\"Celler Can Roda\"},\"image\":{\"@id\":\"https:\/\/cellercanroda.cat\/es\/#\/schema\/logo\/image\/\"},\"sameAs\":[\"https:\/\/es-es.facebook.com\/CellerCanRoda\",\"https:\/\/www.instagram.com\/cellercanroda\/\",\"https:\/\/www.youtube.com\/channel\/UCMkIFqwRPc-Pk1eMPzADxqA\"]}]}<\/script>\n<!-- \/ Yoast SEO plugin. -->","yoast_head_json":{"title":"Vendimia en familia en Can Roda - Celler Can Roda","robots":{"index":"index","follow":"follow","max-snippet":"max-snippet:-1","max-image-preview":"max-image-preview:large","max-video-preview":"max-video-preview:-1"},"canonical":"https:\/\/cellercanroda.cat\/es\/tienda\/experiencias-enologicas\/vendimia-en-familia-en-can-roda\/","og_locale":"es_ES","og_type":"article","og_title":"Vendimia en familia en Can Roda - Celler Can Roda","og_description":"\u00a1Vive la magia de la vendimia con toda la familia en Can Roda!Viu la m\u00e0gia de la verema amb tota la fam\u00edlia a Can Roda! En los d\u00edas de vendimia os invitamos a compartir una experiencia \u00fanica en plena naturaleza, pensada para que grandes y peque\u00f1os disfrut\u00e9is de un d\u00eda especial. En este entorno privilegiado, descubrir\u00e9is nuestra bodega con una visita guiada adaptada a los m\u00e1s peque\u00f1os y os adentrar\u00e9is en el mundo del vino con un paseo por los vi\u00f1edos y la cata de uva reci\u00e9n cosechada.  Los m\u00e1s peque\u00f1os ser\u00e1n los protagonistas con la actividad de pisar uva, tal como se hac\u00eda antiguamente, y m\u00e1s tarde degustar\u00e9is todos juntos el fruto de este d\u00eda en nuestro winebar. Los adultos podr\u00e9is brindar con una copa de bienvenida en nuestro winebar y los ni\u00f1os disfrutar\u00e1n de un vaso de mosto reci\u00e9n hecho. Todo perfecto para maridar con las tapas de nuestra carta, elaboradas con deliciosos productos locales.  No olvid\u00e9is capturar todos estos momentos \u00fanicos: los paisajes de finales de verano y el instante m\u00e1gico de la vendimia ser\u00e1n el marco perfecto para inmortalizar recuerdos en familia. Una experiencia que combina tradici\u00f3n, naturaleza y diversi\u00f3n, y que os har\u00e1 vivir el verdadero esp\u00edritu de la vendimia en nuestra bodega. \u00a1Reserva ahora y comparte con nosotros la magia de la vendimia en Can Roda! La actividad incluye:  D\u00eda: S\u00e1bado 6 de septiembre de 2025 Hora: 10:30h Duraci\u00f3n: 3 horas Precios: Adulto\/s: 15\u20ac - Menor\/es (3-18 a\u00f1os): 26\u20ac - Menors\/es (0-3 a\u00f1os): 0\u20ac Elige la fecha en el calendario:","og_url":"https:\/\/cellercanroda.cat\/es\/tienda\/experiencias-enologicas\/vendimia-en-familia-en-can-roda\/","og_site_name":"Celler Can Roda","article_publisher":"https:\/\/es-es.facebook.com\/CellerCanRoda","og_image":[{"width":1080,"height":1350,"url":"https:\/\/cellercanroda.cat\/wp-content\/uploads\/2025\/08\/verema-can-roda.webp","type":"image\/webp"}],"twitter_card":"summary_large_image","schema":{"@context":"https:\/\/schema.org","@graph":[{"@type":"WebPage","@id":"https:\/\/cellercanroda.cat\/es\/tienda\/experiencias-enologicas\/vendimia-en-familia-en-can-roda\/","url":"https:\/\/cellercanroda.cat\/es\/tienda\/experiencias-enologicas\/vendimia-en-familia-en-can-roda\/","name":"Vendimia en familia en Can Roda - Celler Can Roda","isPartOf":{"@id":"https:\/\/cellercanroda.cat\/es\/#website"},"primaryImageOfPage":{"@id":"https:\/\/cellercanroda.cat\/es\/tienda\/experiencias-enologicas\/vendimia-en-familia-en-can-roda\/#primaryimage"},"image":{"@id":"https:\/\/cellercanroda.cat\/es\/tienda\/experiencias-enologicas\/vendimia-en-familia-en-can-roda\/#primaryimage"},"thumbnailUrl":"https:\/\/cellercanroda.cat\/wp-content\/uploads\/2025\/08\/verema-can-roda.webp","datePublished":"2025-08-18T10:51:17+00:00","breadcrumb":{"@id":"https:\/\/cellercanroda.cat\/es\/tienda\/experiencias-enologicas\/vendimia-en-familia-en-can-roda\/#breadcrumb"},"inLanguage":"es","potentialAction":[{"@type":"ReadAction","target":["https:\/\/cellercanroda.cat\/es\/tienda\/experiencias-enologicas\/vendimia-en-familia-en-can-roda\/"]}]},{"@type":"ImageObject","inLanguage":"es","@id":"https:\/\/cellercanroda.cat\/es\/tienda\/experiencias-enologicas\/vendimia-en-familia-en-can-roda\/#primaryimage","url":"https:\/\/cellercanroda.cat\/wp-content\/uploads\/2025\/08\/verema-can-roda.webp","contentUrl":"https:\/\/cellercanroda.cat\/wp-content\/uploads\/2025\/08\/verema-can-roda.webp","width":1080,"height":1350,"caption":"verema can roda"},{"@type":"BreadcrumbList","@id":"https:\/\/cellercanroda.cat\/es\/tienda\/experiencias-enologicas\/vendimia-en-familia-en-can-roda\/#breadcrumb","itemListElement":[{"@type":"ListItem","position":1,"name":"Inicio","item":"https:\/\/cellercanroda.cat\/es\/"},{"@type":"ListItem","position":2,"name":"Tienda","item":"https:\/\/cellercanroda.cat\/es\/tienda\/"},{"@type":"ListItem","position":3,"name":"Vendimia en familia en Can Roda"}]},{"@type":"WebSite","@id":"https:\/\/cellercanroda.cat\/es\/#website","url":"https:\/\/cellercanroda.cat\/es\/","name":"Celler Can Roda","description":"Vins DO Alella","publisher":{"@id":"https:\/\/cellercanroda.cat\/es\/#organization"},"potentialAction":[{"@type":"SearchAction","target":{"@type":"EntryPoint","urlTemplate":"https:\/\/cellercanroda.cat\/es\/?s={search_term_string}"},"query-input":{"@type":"PropertyValueSpecification","valueRequired":true,"valueName":"search_term_string"}}],"inLanguage":"es"},{"@type":"Organization","@id":"https:\/\/cellercanroda.cat\/es\/#organization","name":"Celler Can Roda","url":"https:\/\/cellercanroda.cat\/es\/","logo":{"@type":"ImageObject","inLanguage":"es","@id":"https:\/\/cellercanroda.cat\/es\/#\/schema\/logo\/image\/","url":"https:\/\/cellercanroda.cat\/wp-content\/uploads\/2020\/09\/canroda_logo-scaled.jpg","contentUrl":"https:\/\/cellercanroda.cat\/wp-content\/uploads\/2020\/09\/canroda_logo-scaled.jpg","width":2560,"height":1111,"caption":"Celler Can Roda"},"image":{"@id":"https:\/\/cellercanroda.cat\/es\/#\/schema\/logo\/image\/"},"sameAs":["https:\/\/es-es.facebook.com\/CellerCanRoda","https:\/\/www.instagram.com\/cellercanroda\/","https:\/\/www.youtube.com\/channel\/UCMkIFqwRPc-Pk1eMPzADxqA"]}]}},"_links":{"self":[{"href":"https:\/\/cellercanroda.cat\/es\/wp-json\/wp\/v2\/product\/33518","targetHints":{"allow":["GET"]}}],"collection":[{"href":"https:\/\/cellercanroda.cat\/es\/wp-json\/wp\/v2\/product"}],"about":[{"href":"https:\/\/cellercanroda.cat\/es\/wp-json\/wp\/v2\/types\/product"}],"wp:featuredmedia":[{"embeddable":true,"href":"https:\/\/cellercanroda.cat\/es\/wp-json\/wp\/v2\/media\/33517"}],"wp:attachment":[{"href":"https:\/\/cellercanroda.cat\/es\/wp-json\/wp\/v2\/media?parent=33518"}],"wp:term":[{"taxonomy":"product_brand","embeddable":true,"href":"https:\/\/cellercanroda.cat\/es\/wp-json\/wp\/v2\/product_brand?post=33518"},{"taxonomy":"product_cat","embeddable":true,"href":"https:\/\/cellercanroda.cat\/es\/wp-json\/wp\/v2\/product_cat?post=33518"},{"taxonomy":"product_tag","embeddable":true,"href":"https:\/\/cellercanroda.cat\/es\/wp-json\/wp\/v2\/product_tag?post=33518"},{"taxonomy":"giftcard-category","embeddable":true,"href":"https:\/\/cellercanroda.cat\/es\/wp-json\/wp\/v2\/giftcard-category?post=33518"}],"curies":[{"name":"wp","href":"https:\/\/api.w.org\/{rel}","templated":true}]}}