{"id":23761,"date":"2024-02-23T12:53:21","date_gmt":"2024-02-23T11:53:21","guid":{"rendered":"https:\/\/cellercanroda.cat\/?post_type=product&#038;p=23761"},"modified":"2026-03-12T15:22:12","modified_gmt":"2026-03-12T14:22:12","slug":"buscamos-los-huevos-de-pascua-en-el-bosque-de-can-roda","status":"publish","type":"product","link":"https:\/\/cellercanroda.cat\/es\/tienda\/experiencias-enologicas\/buscamos-los-huevos-de-pascua-en-el-bosque-de-can-roda\/","title":{"rendered":"Buscamos los huevos de Pascua en el bosque de Can Roda"},"content":{"rendered":"","protected":false},"excerpt":{"rendered":"<p>\u00a1Bienvenidos a una experiencia m\u00e1gica en Celler Can Roda!<br \/>\nOs invitamos a sumergiros en un mundo de encanto y diversi\u00f3n para toda la familia.<\/p>\n<p>\u00bfAlguna vez ha deseado encontrar los huevos de Pascua en un entorno m\u00e1gico? Ahora es vuestra oportunidad!<br \/>\nNuestro bosque de Can Roda se convertir\u00e1 en <strong>el escenario perfecto para que los m\u00e1s peque\u00f1os se adentren en una emocionante aventura en busca de los huevos decorados que ha dejado el conejo de Pascua.<\/strong> Ser\u00e1 una ma\u00f1ana inolvidable, llena de risas y sorpresas, donde los ni\u00f1os podr\u00e1n descubrir la magia de esta tradici\u00f3n y l<strong>levarse a casa su propia cesta llena de huevos.<\/strong> <\/p>\n<p>\u00a1Pero esto no lo es todo! En Can Roda, la diversi\u00f3n nunca termina. Nuestra finca acoge <strong>una gran variedad de animales, desde patos, tortugas..<\/strong>. Los ni\u00f1os tendr\u00e1n la oportunidad de interactuar con ellos y aprender sobre la importancia de la vida en el campo.<\/p>\n<p> \u00a1Una experiencia educativa y emocionante para todos!<\/p>\n<p>Despu\u00e9s de que los peque\u00f1os hayan disfrutado de su aventura en el bosquecillo, <strong>podr\u00e9is relajaros y disfrutar de una copa de vino de bienvenida en nuestro acogedor winebar<\/strong>. Los peque\u00f1os tendr\u00e1n una taza de chocolate caliente esper\u00e1ndoles.<br \/>\nNuestros vinos de calidad se maridan a la perfecci\u00f3n con las deliciosas tapas de nuestra carta. As\u00ed que podr\u00e1s pedir los platillos que m\u00e1s os gusten y disfrutar de los sabores \u00fanicos que ofrecemos en un entorno c\u00e1lido y acogedor.<\/p>\n<p>Y mientras los adultos disfrutan de su tiempo en el wine bar, <strong>los ni\u00f1os pueden seguir entretenidos decorando huevos en el taller <\/strong>que tenemos preparado para ellos.<\/p>\n<p><\/p>\n<p>Venid a participar en una experiencia que combina la tradici\u00f3n, la naturaleza y la gastronom\u00eda en un solo lugar. \u00a1Te garantizamos que ser\u00e1 un d\u00eda inolvidable para toda la familia!<br \/>\n\u00a1Reserva ahora y \u00fanete a la magia de Semana Santa en Can Roda!<\/p>\n<p>La actividad incluye:<br \/>\n[fusion_checklist icon=\"fa-asterisk fas\" iconcolor=\"\" circle=\"\" circlecolor=\"\" size=\"16px\" divider=\"\" divider_color=\"\" hide_on_mobile=\"small-visibility,medium-visibility,large-visibility\" class=\"\" id=\"\"] [fusion_li_item icon=\"fa-seedling fas\"]B\u00fasqueda de los huevos de Pascua en el bosque de Can Roda para familias \u2013 Introducci\u00f3n del cuento del Conejo de Pascua y entrega del mapa.[\/fusion_li_item]<br \/>[fusion_li_item icon=\"fa-seedling fas\"]Paseo por los vi\u00f1edos y visita a los animalitos: caballos, patos, tortugas, gallinas, etc.[\/fusion_li_item]<br \/>[fusion_li_item icon=\"fa-wine-glass-alt fas\"]Copa de bienvenida en el wine bar y taza de chocolate para los ni\u00f1os, y un trozo de coca para todos.[\/fusion_li_item]<br \/>[fusion_li_item icon=\"fa-wine-glass-alt fas\"]Taller de decoraci\u00f3n de huevos para los m\u00e1s peque\u00f1os.[\/fusion_li_item][\/fusion_checklist][fusion_separator style_type=\"default\" flex_grow=\"0\" alignment=\"center\" border_size=\"\" sep_color=\"\" icon=\"\" icon_size=\"\" icon_color=\"\" icon_circle=\"\" icon_circle_color=\"\" hide_on_mobile=\"small-visibility,medium-visibility,large-visibility\" sticky_display=\"normal,sticky\" class=\"\" id=\"\" top_margin=\"10px\" bottom_margin=\"10px\" \/]<\/p>\n<p>*AMB AQUESTA RESERVA US EMPORTEU 1 CISTELL DE PASQUA AMB 4 OUS.<\/p>\n<p><strong>Dia<\/strong>: Domingos 22 y 29 de marzo de 2026<br \/>\n<strong>Hora:<\/strong> 10:30h<br \/>\n<strong>Duraci\u00f3n:<\/strong> 3 horas<br \/>\n<strong>Precios:<\/strong> 1 cesta de Pasqua por familia: 25\u20ac &#8211; Adulto\/s: 5\u20ac &#8211; Menor\/es (10-18 a\u00f1os): 5\u20ac &#8211; Menor\/es (&lt;10 a\u00f1os): 5\u20ac<\/p>\n<p>Elige la fecha en el calendario:<\/p>\n","protected":false},"featured_media":23760,"template":"","meta":{"_acf_changed":false},"product_brand":[],"product_cat":[89],"product_tag":[],"giftcard-category":[],"class_list":{"0":"post-23761","1":"product","2":"type-product","3":"status-publish","4":"has-post-thumbnail","6":"product_cat-experiencias-enologicas","8":"first","9":"instock","10":"virtual","11":"sold-individually","12":"taxable","13":"purchasable","14":"product-type-phive_booking"},"acf":[],"yoast_head":"<!-- This site is optimized with the Yoast SEO plugin v27.1.1 - https:\/\/yoast.com\/product\/yoast-seo-wordpress\/ -->\n<title>Encuentra los huevos de Pascua en el bosque - Celler Can Roda<\/title>\n<meta name=\"description\" content=\"Ven a pasar un d\u00eda en familia con los m\u00e1s peque\u00f1os de casa. Os adentrar\u00e9is en el bosque para encontrar huevos de Pascua y podr\u00e9is relajaros en el wine bar.\" \/>\n<meta name=\"robots\" content=\"index, follow, max-snippet:-1, max-image-preview:large, max-video-preview:-1\" \/>\n<link rel=\"canonical\" href=\"https:\/\/cellercanroda.cat\/es\/tienda\/experiencias-enologicas\/buscamos-los-huevos-de-pascua-en-el-bosque-de-can-roda\/\" \/>\n<meta property=\"og:locale\" content=\"es_ES\" \/>\n<meta property=\"og:type\" content=\"article\" \/>\n<meta property=\"og:title\" content=\"Encuentra los huevos de Pascua en el bosque - Celler Can Roda\" \/>\n<meta property=\"og:description\" content=\"Ven a pasar un d\u00eda en familia con los m\u00e1s peque\u00f1os de casa. Os adentrar\u00e9is en el bosque para encontrar huevos de Pascua y podr\u00e9is relajaros en el wine bar.\" \/>\n<meta property=\"og:url\" content=\"https:\/\/cellercanroda.cat\/es\/tienda\/experiencias-enologicas\/buscamos-los-huevos-de-pascua-en-el-bosque-de-can-roda\/\" \/>\n<meta property=\"og:site_name\" content=\"Celler Can Roda\" \/>\n<meta property=\"article:publisher\" content=\"https:\/\/es-es.facebook.com\/CellerCanRoda\" \/>\n<meta property=\"article:modified_time\" content=\"2026-03-12T14:22:12+00:00\" \/>\n<meta property=\"og:image\" content=\"https:\/\/cellercanroda.cat\/wp-content\/uploads\/2024\/02\/Actividad-Pascua-Can-Roda.webp\" \/>\n\t<meta property=\"og:image:width\" content=\"1024\" \/>\n\t<meta property=\"og:image:height\" content=\"1024\" \/>\n\t<meta property=\"og:image:type\" content=\"image\/webp\" \/>\n<meta name=\"twitter:card\" content=\"summary_large_image\" \/>\n<script type=\"application\/ld+json\" class=\"yoast-schema-graph\">{\"@context\":\"https:\/\/schema.org\",\"@graph\":[{\"@type\":\"WebPage\",\"@id\":\"https:\/\/cellercanroda.cat\/es\/tienda\/experiencias-enologicas\/buscamos-los-huevos-de-pascua-en-el-bosque-de-can-roda\/\",\"url\":\"https:\/\/cellercanroda.cat\/es\/tienda\/experiencias-enologicas\/buscamos-los-huevos-de-pascua-en-el-bosque-de-can-roda\/\",\"name\":\"Encuentra los huevos de Pascua en el bosque - Celler Can Roda\",\"isPartOf\":{\"@id\":\"https:\/\/cellercanroda.cat\/es\/#website\"},\"primaryImageOfPage\":{\"@id\":\"https:\/\/cellercanroda.cat\/es\/tienda\/experiencias-enologicas\/buscamos-los-huevos-de-pascua-en-el-bosque-de-can-roda\/#primaryimage\"},\"image\":{\"@id\":\"https:\/\/cellercanroda.cat\/es\/tienda\/experiencias-enologicas\/buscamos-los-huevos-de-pascua-en-el-bosque-de-can-roda\/#primaryimage\"},\"thumbnailUrl\":\"https:\/\/cellercanroda.cat\/wp-content\/uploads\/2024\/02\/Actividad-Pascua-Can-Roda.webp\",\"datePublished\":\"2024-02-23T11:53:21+00:00\",\"dateModified\":\"2026-03-12T14:22:12+00:00\",\"description\":\"Ven a pasar un d\u00eda en familia con los m\u00e1s peque\u00f1os de casa. Os adentrar\u00e9is en el bosque para encontrar huevos de Pascua y podr\u00e9is relajaros en el wine bar.\",\"breadcrumb\":{\"@id\":\"https:\/\/cellercanroda.cat\/es\/tienda\/experiencias-enologicas\/buscamos-los-huevos-de-pascua-en-el-bosque-de-can-roda\/#breadcrumb\"},\"inLanguage\":\"es\",\"potentialAction\":[{\"@type\":\"ReadAction\",\"target\":[\"https:\/\/cellercanroda.cat\/es\/tienda\/experiencias-enologicas\/buscamos-los-huevos-de-pascua-en-el-bosque-de-can-roda\/\"]}]},{\"@type\":\"ImageObject\",\"inLanguage\":\"es\",\"@id\":\"https:\/\/cellercanroda.cat\/es\/tienda\/experiencias-enologicas\/buscamos-los-huevos-de-pascua-en-el-bosque-de-can-roda\/#primaryimage\",\"url\":\"https:\/\/cellercanroda.cat\/wp-content\/uploads\/2024\/02\/Actividad-Pascua-Can-Roda.webp\",\"contentUrl\":\"https:\/\/cellercanroda.cat\/wp-content\/uploads\/2024\/02\/Actividad-Pascua-Can-Roda.webp\",\"width\":1024,\"height\":1024,\"caption\":\"Actividad Huevos Pascua Can Roda\"},{\"@type\":\"BreadcrumbList\",\"@id\":\"https:\/\/cellercanroda.cat\/es\/tienda\/experiencias-enologicas\/buscamos-los-huevos-de-pascua-en-el-bosque-de-can-roda\/#breadcrumb\",\"itemListElement\":[{\"@type\":\"ListItem\",\"position\":1,\"name\":\"Inicio\",\"item\":\"https:\/\/cellercanroda.cat\/es\/\"},{\"@type\":\"ListItem\",\"position\":2,\"name\":\"Tienda\",\"item\":\"https:\/\/cellercanroda.cat\/es\/tienda\/\"},{\"@type\":\"ListItem\",\"position\":3,\"name\":\"Buscamos los huevos de Pascua en el bosque de Can Roda\"}]},{\"@type\":\"WebSite\",\"@id\":\"https:\/\/cellercanroda.cat\/es\/#website\",\"url\":\"https:\/\/cellercanroda.cat\/es\/\",\"name\":\"Celler Can Roda\",\"description\":\"Vins DO Alella\",\"publisher\":{\"@id\":\"https:\/\/cellercanroda.cat\/es\/#organization\"},\"potentialAction\":[{\"@type\":\"SearchAction\",\"target\":{\"@type\":\"EntryPoint\",\"urlTemplate\":\"https:\/\/cellercanroda.cat\/es\/?s={search_term_string}\"},\"query-input\":{\"@type\":\"PropertyValueSpecification\",\"valueRequired\":true,\"valueName\":\"search_term_string\"}}],\"inLanguage\":\"es\"},{\"@type\":\"Organization\",\"@id\":\"https:\/\/cellercanroda.cat\/es\/#organization\",\"name\":\"Celler Can Roda\",\"url\":\"https:\/\/cellercanroda.cat\/es\/\",\"logo\":{\"@type\":\"ImageObject\",\"inLanguage\":\"es\",\"@id\":\"https:\/\/cellercanroda.cat\/es\/#\/schema\/logo\/image\/\",\"url\":\"https:\/\/cellercanroda.cat\/wp-content\/uploads\/2020\/09\/canroda_logo-scaled.jpg\",\"contentUrl\":\"https:\/\/cellercanroda.cat\/wp-content\/uploads\/2020\/09\/canroda_logo-scaled.jpg\",\"width\":2560,\"height\":1111,\"caption\":\"Celler Can Roda\"},\"image\":{\"@id\":\"https:\/\/cellercanroda.cat\/es\/#\/schema\/logo\/image\/\"},\"sameAs\":[\"https:\/\/es-es.facebook.com\/CellerCanRoda\",\"https:\/\/www.instagram.com\/cellercanroda\/\",\"https:\/\/www.youtube.com\/channel\/UCMkIFqwRPc-Pk1eMPzADxqA\"]}]}<\/script>\n<!-- \/ Yoast SEO plugin. -->","yoast_head_json":{"title":"Encuentra los huevos de Pascua en el bosque - Celler Can Roda","description":"Ven a pasar un d\u00eda en familia con los m\u00e1s peque\u00f1os de casa. Os adentrar\u00e9is en el bosque para encontrar huevos de Pascua y podr\u00e9is relajaros en el wine bar.","robots":{"index":"index","follow":"follow","max-snippet":"max-snippet:-1","max-image-preview":"max-image-preview:large","max-video-preview":"max-video-preview:-1"},"canonical":"https:\/\/cellercanroda.cat\/es\/tienda\/experiencias-enologicas\/buscamos-los-huevos-de-pascua-en-el-bosque-de-can-roda\/","og_locale":"es_ES","og_type":"article","og_title":"Encuentra los huevos de Pascua en el bosque - Celler Can Roda","og_description":"Ven a pasar un d\u00eda en familia con los m\u00e1s peque\u00f1os de casa. Os adentrar\u00e9is en el bosque para encontrar huevos de Pascua y podr\u00e9is relajaros en el wine bar.","og_url":"https:\/\/cellercanroda.cat\/es\/tienda\/experiencias-enologicas\/buscamos-los-huevos-de-pascua-en-el-bosque-de-can-roda\/","og_site_name":"Celler Can Roda","article_publisher":"https:\/\/es-es.facebook.com\/CellerCanRoda","article_modified_time":"2026-03-12T14:22:12+00:00","og_image":[{"width":1024,"height":1024,"url":"https:\/\/cellercanroda.cat\/wp-content\/uploads\/2024\/02\/Actividad-Pascua-Can-Roda.webp","type":"image\/webp"}],"twitter_card":"summary_large_image","schema":{"@context":"https:\/\/schema.org","@graph":[{"@type":"WebPage","@id":"https:\/\/cellercanroda.cat\/es\/tienda\/experiencias-enologicas\/buscamos-los-huevos-de-pascua-en-el-bosque-de-can-roda\/","url":"https:\/\/cellercanroda.cat\/es\/tienda\/experiencias-enologicas\/buscamos-los-huevos-de-pascua-en-el-bosque-de-can-roda\/","name":"Encuentra los huevos de Pascua en el bosque - Celler Can Roda","isPartOf":{"@id":"https:\/\/cellercanroda.cat\/es\/#website"},"primaryImageOfPage":{"@id":"https:\/\/cellercanroda.cat\/es\/tienda\/experiencias-enologicas\/buscamos-los-huevos-de-pascua-en-el-bosque-de-can-roda\/#primaryimage"},"image":{"@id":"https:\/\/cellercanroda.cat\/es\/tienda\/experiencias-enologicas\/buscamos-los-huevos-de-pascua-en-el-bosque-de-can-roda\/#primaryimage"},"thumbnailUrl":"https:\/\/cellercanroda.cat\/wp-content\/uploads\/2024\/02\/Actividad-Pascua-Can-Roda.webp","datePublished":"2024-02-23T11:53:21+00:00","dateModified":"2026-03-12T14:22:12+00:00","description":"Ven a pasar un d\u00eda en familia con los m\u00e1s peque\u00f1os de casa. Os adentrar\u00e9is en el bosque para encontrar huevos de Pascua y podr\u00e9is relajaros en el wine bar.","breadcrumb":{"@id":"https:\/\/cellercanroda.cat\/es\/tienda\/experiencias-enologicas\/buscamos-los-huevos-de-pascua-en-el-bosque-de-can-roda\/#breadcrumb"},"inLanguage":"es","potentialAction":[{"@type":"ReadAction","target":["https:\/\/cellercanroda.cat\/es\/tienda\/experiencias-enologicas\/buscamos-los-huevos-de-pascua-en-el-bosque-de-can-roda\/"]}]},{"@type":"ImageObject","inLanguage":"es","@id":"https:\/\/cellercanroda.cat\/es\/tienda\/experiencias-enologicas\/buscamos-los-huevos-de-pascua-en-el-bosque-de-can-roda\/#primaryimage","url":"https:\/\/cellercanroda.cat\/wp-content\/uploads\/2024\/02\/Actividad-Pascua-Can-Roda.webp","contentUrl":"https:\/\/cellercanroda.cat\/wp-content\/uploads\/2024\/02\/Actividad-Pascua-Can-Roda.webp","width":1024,"height":1024,"caption":"Actividad Huevos Pascua Can Roda"},{"@type":"BreadcrumbList","@id":"https:\/\/cellercanroda.cat\/es\/tienda\/experiencias-enologicas\/buscamos-los-huevos-de-pascua-en-el-bosque-de-can-roda\/#breadcrumb","itemListElement":[{"@type":"ListItem","position":1,"name":"Inicio","item":"https:\/\/cellercanroda.cat\/es\/"},{"@type":"ListItem","position":2,"name":"Tienda","item":"https:\/\/cellercanroda.cat\/es\/tienda\/"},{"@type":"ListItem","position":3,"name":"Buscamos los huevos de Pascua en el bosque de Can Roda"}]},{"@type":"WebSite","@id":"https:\/\/cellercanroda.cat\/es\/#website","url":"https:\/\/cellercanroda.cat\/es\/","name":"Celler Can Roda","description":"Vins DO Alella","publisher":{"@id":"https:\/\/cellercanroda.cat\/es\/#organization"},"potentialAction":[{"@type":"SearchAction","target":{"@type":"EntryPoint","urlTemplate":"https:\/\/cellercanroda.cat\/es\/?s={search_term_string}"},"query-input":{"@type":"PropertyValueSpecification","valueRequired":true,"valueName":"search_term_string"}}],"inLanguage":"es"},{"@type":"Organization","@id":"https:\/\/cellercanroda.cat\/es\/#organization","name":"Celler Can Roda","url":"https:\/\/cellercanroda.cat\/es\/","logo":{"@type":"ImageObject","inLanguage":"es","@id":"https:\/\/cellercanroda.cat\/es\/#\/schema\/logo\/image\/","url":"https:\/\/cellercanroda.cat\/wp-content\/uploads\/2020\/09\/canroda_logo-scaled.jpg","contentUrl":"https:\/\/cellercanroda.cat\/wp-content\/uploads\/2020\/09\/canroda_logo-scaled.jpg","width":2560,"height":1111,"caption":"Celler Can Roda"},"image":{"@id":"https:\/\/cellercanroda.cat\/es\/#\/schema\/logo\/image\/"},"sameAs":["https:\/\/es-es.facebook.com\/CellerCanRoda","https:\/\/www.instagram.com\/cellercanroda\/","https:\/\/www.youtube.com\/channel\/UCMkIFqwRPc-Pk1eMPzADxqA"]}]}},"_links":{"self":[{"href":"https:\/\/cellercanroda.cat\/es\/wp-json\/wp\/v2\/product\/23761","targetHints":{"allow":["GET"]}}],"collection":[{"href":"https:\/\/cellercanroda.cat\/es\/wp-json\/wp\/v2\/product"}],"about":[{"href":"https:\/\/cellercanroda.cat\/es\/wp-json\/wp\/v2\/types\/product"}],"wp:featuredmedia":[{"embeddable":true,"href":"https:\/\/cellercanroda.cat\/es\/wp-json\/wp\/v2\/media\/23760"}],"wp:attachment":[{"href":"https:\/\/cellercanroda.cat\/es\/wp-json\/wp\/v2\/media?parent=23761"}],"wp:term":[{"taxonomy":"product_brand","embeddable":true,"href":"https:\/\/cellercanroda.cat\/es\/wp-json\/wp\/v2\/product_brand?post=23761"},{"taxonomy":"product_cat","embeddable":true,"href":"https:\/\/cellercanroda.cat\/es\/wp-json\/wp\/v2\/product_cat?post=23761"},{"taxonomy":"product_tag","embeddable":true,"href":"https:\/\/cellercanroda.cat\/es\/wp-json\/wp\/v2\/product_tag?post=23761"},{"taxonomy":"giftcard-category","embeddable":true,"href":"https:\/\/cellercanroda.cat\/es\/wp-json\/wp\/v2\/giftcard-category?post=23761"}],"curies":[{"name":"wp","href":"https:\/\/api.w.org\/{rel}","templated":true}]}}