{"id":23148,"date":"2024-01-22T17:50:09","date_gmt":"2024-01-22T16:50:09","guid":{"rendered":"https:\/\/cellercanroda.cat\/?post_type=product&#038;p=23148"},"modified":"2024-12-27T12:53:49","modified_gmt":"2024-12-27T11:53:49","slug":"una-manana-entre-caballos-y-cata-de-vinos","status":"publish","type":"product","link":"https:\/\/cellercanroda.cat\/es\/tienda\/experiencias-enologicas\/una-manana-entre-caballos-y-cata-de-vinos\/","title":{"rendered":"Una ma\u00f1ana entre caballos y cata de vinos"},"content":{"rendered":"","protected":false},"excerpt":{"rendered":"<p>\u00a1Bienvenidos a una experiencia especial en Celler Can Roda!<br \/>\nOs invitamos a sumergiros en nuestro bosque junto con los caballos que cuidan nuestro sotobosque. Una actividad perfecta para los m\u00e1s peque\u00f1os y que podr\u00e1 disfrutar a toda la familia.<\/p>\n<p><strong>Lleva a los peque\u00f1os a vivir una experiencia especial entre caballos libres y a interactuar con ellos en su entorno natural<\/strong>. Os podr\u00e9is acercar y tocarlos, con el acompa\u00f1amiento de nuestra gu\u00eda especializada en terapias con caballos, Alba, que os ayudar\u00e1 a conocerlos mejor. Los peque\u00f1os aprender\u00e1n qu\u00e9 les gusta, c\u00f3mo se comunican, los v\u00ednculos de amistad que establecen&#8230;<\/p>\n<p>Ser\u00e1 una ma\u00f1ana inolvidable, llena de risas y sorpresas, donde los ni\u00f1os y ni\u00f1as aprender\u00e1n a respetar y cuidar de los animales desde peque\u00f1os.<\/p>\n<p>Despu\u00e9s de que los peque\u00f1os hayan disfrutado de su aventura con los caballos; podr\u00e9is<strong>relajaros y disfrutar de una copa de vino de bienvenida y unas tapas con embutidos de proximidad<\/strong> en nuestro acogedor winebar. Los peque\u00f1os tendr\u00e1n una taza de chocolate caliente esper\u00e1ndoles.<\/p>\n<p>Nuestros vinos de calidad maridan a la perfecci\u00f3n con las deliciosas tapas de nuestra carta. As\u00ed que, despu\u00e9s podr\u00e9is pedir las tapas que m\u00e1s os gusten y disfrutar de los sabores \u00fanicos que ofrecemos en un entorno id\u00edlico.<\/p>\n<p>\u00a1Pero esto no lo es todo! En Can Roda, la diversi\u00f3n nunca termina. Nuestra finca acoge <strong>una gran variedad de animales: patos, tortugas y gallinas<\/strong>. Los ni\u00f1os tendr\u00e1n la oportunidad de interactuar con ellos y aprender sobre la importancia de la vida en el campo. \u00a1Una experiencia educativa y emocionante para todos!<\/p>\n<p>Venid a participar en una experiencia enriquecedora que combina la naturaleza y la gastronom\u00eda en un solo lugar. \u00a1Te garantizamos que ser\u00e1 un d\u00eda inolvidable para toda la familia!<\/p>\n<p>La actividad incluye:<br \/>\n[fusion_checklist icon=\"fa-asterisk fas\" iconcolor=\"\" circle=\"\" circlecolor=\"\" size=\"16px\" divider=\"\" divider_color=\"\" hide_on_mobile=\"small-visibility,medium-visibility,large-visibility\" class=\"\" id=\"\"] [fusion_li_item icon=\"fa-seedling fas\"]Sesi\u00f3n para los ni\u00f1os con los caballos del bosque (los adultos pueden acompa\u00f1arlos) &#8211; 1h[\/fusion_li_item][fusion_li_item icon=\"fa-seedling fas\"]Paseo por los vi\u00f1edos y visita a los animales: patos, tortugas, gallinas, etc.[\/fusion_li_item][fusion_li_item icon=\"fa-wine-glass-alt fas\"]Copa de bienvenida al winebar y taza de chocolate para los ni\u00f1os[\/fusion_li_item][fusion_li_item icon=\"fa-wine-glass-alt fas\"]Servicio de winebar[\/fusion_li_item] [\/fusion_checklist][fusion_separator style_type=\"default\" flex_grow=\"0\" alignment=\"center\" border_size=\"\" sep_color=\"\" icon=\"\" icon_size=\"\" icon_color=\"\" icon_circle=\"\" icon_circle_color=\"\" hide_on_mobile=\"small-visibility,medium-visibility,large-visibility\" sticky_display=\"normal,sticky\" class=\"\" id=\"\" top_margin=\"10px\" bottom_margin=\"10px\" \/]<\/p>\n<p><strong>D\u00eda:<\/strong> Consultar el calendario de abajo<br \/>\n<strong>Hora:<\/strong> 11:00h<br \/>\n<strong>Duraci\u00f3n:<\/strong> 2 horas<br \/>\n<strong>Precios:<\/strong> Adulto\/s: 18\u20ac &#8211; Menor\/es (10-18 a\u00f1os): 18\u20ac &#8211; Menor\/es (&lt;10 a\u00f1os): 18\u20ac<\/p>\n<p>Elige la fecha en el calendario:<\/p>\n","protected":false},"featured_media":23147,"template":"","meta":{"_acf_changed":false},"product_brand":[],"product_cat":[89],"product_tag":[],"giftcard-category":[],"class_list":{"0":"post-23148","1":"product","2":"type-product","3":"status-publish","4":"has-post-thumbnail","6":"product_cat-experiencias-enologicas","8":"first","9":"instock","10":"virtual","11":"sold-individually","12":"taxable","13":"purchasable","14":"product-type-phive_booking"},"acf":[],"yoast_head":"<!-- This site is optimized with the Yoast SEO plugin v27.1.1 - https:\/\/yoast.com\/product\/yoast-seo-wordpress\/ -->\n<title>Una ma\u00f1ana entre caballos y cata de vinos - Celler Can Roda<\/title>\n<meta name=\"description\" content=\"Sum\u00e9rgete en un mundo de aventura y diversi\u00f3n con la familia. \u00a1Ven a conocer c\u00f3mo viven los caballos libres de Can Roda! Reserva ahora.\" \/>\n<meta name=\"robots\" content=\"index, follow, max-snippet:-1, max-image-preview:large, max-video-preview:-1\" \/>\n<link rel=\"canonical\" href=\"https:\/\/cellercanroda.cat\/es\/tienda\/experiencias-enologicas\/una-manana-entre-caballos-y-cata-de-vinos\/\" \/>\n<meta property=\"og:locale\" content=\"es_ES\" \/>\n<meta property=\"og:type\" content=\"article\" \/>\n<meta property=\"og:title\" content=\"Una ma\u00f1ana entre caballos y cata de vinos - Celler Can Roda\" \/>\n<meta property=\"og:description\" content=\"Sum\u00e9rgete en un mundo de aventura y diversi\u00f3n con la familia. \u00a1Ven a conocer c\u00f3mo viven los caballos libres de Can Roda! Reserva ahora.\" \/>\n<meta property=\"og:url\" content=\"https:\/\/cellercanroda.cat\/es\/tienda\/experiencias-enologicas\/una-manana-entre-caballos-y-cata-de-vinos\/\" \/>\n<meta property=\"og:site_name\" content=\"Celler Can Roda\" \/>\n<meta property=\"article:publisher\" content=\"https:\/\/es-es.facebook.com\/CellerCanRoda\" \/>\n<meta property=\"article:modified_time\" content=\"2024-12-27T11:53:49+00:00\" \/>\n<meta property=\"og:image\" content=\"https:\/\/cellercanroda.cat\/wp-content\/uploads\/2024\/01\/cavalls-can-roda.webp\" \/>\n\t<meta property=\"og:image:width\" content=\"1200\" \/>\n\t<meta property=\"og:image:height\" content=\"800\" \/>\n\t<meta property=\"og:image:type\" content=\"image\/webp\" \/>\n<meta name=\"twitter:card\" content=\"summary_large_image\" \/>\n<script type=\"application\/ld+json\" class=\"yoast-schema-graph\">{\"@context\":\"https:\/\/schema.org\",\"@graph\":[{\"@type\":\"WebPage\",\"@id\":\"https:\/\/cellercanroda.cat\/es\/tienda\/experiencias-enologicas\/una-manana-entre-caballos-y-cata-de-vinos\/\",\"url\":\"https:\/\/cellercanroda.cat\/es\/tienda\/experiencias-enologicas\/una-manana-entre-caballos-y-cata-de-vinos\/\",\"name\":\"Una ma\u00f1ana entre caballos y cata de vinos - Celler Can Roda\",\"isPartOf\":{\"@id\":\"https:\/\/cellercanroda.cat\/es\/#website\"},\"primaryImageOfPage\":{\"@id\":\"https:\/\/cellercanroda.cat\/es\/tienda\/experiencias-enologicas\/una-manana-entre-caballos-y-cata-de-vinos\/#primaryimage\"},\"image\":{\"@id\":\"https:\/\/cellercanroda.cat\/es\/tienda\/experiencias-enologicas\/una-manana-entre-caballos-y-cata-de-vinos\/#primaryimage\"},\"thumbnailUrl\":\"https:\/\/cellercanroda.cat\/wp-content\/uploads\/2024\/01\/cavalls-can-roda.webp\",\"datePublished\":\"2024-01-22T16:50:09+00:00\",\"dateModified\":\"2024-12-27T11:53:49+00:00\",\"description\":\"Sum\u00e9rgete en un mundo de aventura y diversi\u00f3n con la familia. \u00a1Ven a conocer c\u00f3mo viven los caballos libres de Can Roda! Reserva ahora.\",\"breadcrumb\":{\"@id\":\"https:\/\/cellercanroda.cat\/es\/tienda\/experiencias-enologicas\/una-manana-entre-caballos-y-cata-de-vinos\/#breadcrumb\"},\"inLanguage\":\"es\",\"potentialAction\":[{\"@type\":\"ReadAction\",\"target\":[\"https:\/\/cellercanroda.cat\/es\/tienda\/experiencias-enologicas\/una-manana-entre-caballos-y-cata-de-vinos\/\"]}]},{\"@type\":\"ImageObject\",\"inLanguage\":\"es\",\"@id\":\"https:\/\/cellercanroda.cat\/es\/tienda\/experiencias-enologicas\/una-manana-entre-caballos-y-cata-de-vinos\/#primaryimage\",\"url\":\"https:\/\/cellercanroda.cat\/wp-content\/uploads\/2024\/01\/cavalls-can-roda.webp\",\"contentUrl\":\"https:\/\/cellercanroda.cat\/wp-content\/uploads\/2024\/01\/cavalls-can-roda.webp\",\"width\":1200,\"height\":800},{\"@type\":\"BreadcrumbList\",\"@id\":\"https:\/\/cellercanroda.cat\/es\/tienda\/experiencias-enologicas\/una-manana-entre-caballos-y-cata-de-vinos\/#breadcrumb\",\"itemListElement\":[{\"@type\":\"ListItem\",\"position\":1,\"name\":\"Inicio\",\"item\":\"https:\/\/cellercanroda.cat\/es\/\"},{\"@type\":\"ListItem\",\"position\":2,\"name\":\"Tienda\",\"item\":\"https:\/\/cellercanroda.cat\/es\/tienda\/\"},{\"@type\":\"ListItem\",\"position\":3,\"name\":\"Una ma\u00f1ana entre caballos y cata de vinos\"}]},{\"@type\":\"WebSite\",\"@id\":\"https:\/\/cellercanroda.cat\/es\/#website\",\"url\":\"https:\/\/cellercanroda.cat\/es\/\",\"name\":\"Celler Can Roda\",\"description\":\"Vins DO Alella\",\"publisher\":{\"@id\":\"https:\/\/cellercanroda.cat\/es\/#organization\"},\"potentialAction\":[{\"@type\":\"SearchAction\",\"target\":{\"@type\":\"EntryPoint\",\"urlTemplate\":\"https:\/\/cellercanroda.cat\/es\/?s={search_term_string}\"},\"query-input\":{\"@type\":\"PropertyValueSpecification\",\"valueRequired\":true,\"valueName\":\"search_term_string\"}}],\"inLanguage\":\"es\"},{\"@type\":\"Organization\",\"@id\":\"https:\/\/cellercanroda.cat\/es\/#organization\",\"name\":\"Celler Can Roda\",\"url\":\"https:\/\/cellercanroda.cat\/es\/\",\"logo\":{\"@type\":\"ImageObject\",\"inLanguage\":\"es\",\"@id\":\"https:\/\/cellercanroda.cat\/es\/#\/schema\/logo\/image\/\",\"url\":\"https:\/\/cellercanroda.cat\/wp-content\/uploads\/2020\/09\/canroda_logo-scaled.jpg\",\"contentUrl\":\"https:\/\/cellercanroda.cat\/wp-content\/uploads\/2020\/09\/canroda_logo-scaled.jpg\",\"width\":2560,\"height\":1111,\"caption\":\"Celler Can Roda\"},\"image\":{\"@id\":\"https:\/\/cellercanroda.cat\/es\/#\/schema\/logo\/image\/\"},\"sameAs\":[\"https:\/\/es-es.facebook.com\/CellerCanRoda\",\"https:\/\/www.instagram.com\/cellercanroda\/\",\"https:\/\/www.youtube.com\/channel\/UCMkIFqwRPc-Pk1eMPzADxqA\"]}]}<\/script>\n<!-- \/ Yoast SEO plugin. -->","yoast_head_json":{"title":"Una ma\u00f1ana entre caballos y cata de vinos - Celler Can Roda","description":"Sum\u00e9rgete en un mundo de aventura y diversi\u00f3n con la familia. \u00a1Ven a conocer c\u00f3mo viven los caballos libres de Can Roda! Reserva ahora.","robots":{"index":"index","follow":"follow","max-snippet":"max-snippet:-1","max-image-preview":"max-image-preview:large","max-video-preview":"max-video-preview:-1"},"canonical":"https:\/\/cellercanroda.cat\/es\/tienda\/experiencias-enologicas\/una-manana-entre-caballos-y-cata-de-vinos\/","og_locale":"es_ES","og_type":"article","og_title":"Una ma\u00f1ana entre caballos y cata de vinos - Celler Can Roda","og_description":"Sum\u00e9rgete en un mundo de aventura y diversi\u00f3n con la familia. \u00a1Ven a conocer c\u00f3mo viven los caballos libres de Can Roda! Reserva ahora.","og_url":"https:\/\/cellercanroda.cat\/es\/tienda\/experiencias-enologicas\/una-manana-entre-caballos-y-cata-de-vinos\/","og_site_name":"Celler Can Roda","article_publisher":"https:\/\/es-es.facebook.com\/CellerCanRoda","article_modified_time":"2024-12-27T11:53:49+00:00","og_image":[{"width":1200,"height":800,"url":"https:\/\/cellercanroda.cat\/wp-content\/uploads\/2024\/01\/cavalls-can-roda.webp","type":"image\/webp"}],"twitter_card":"summary_large_image","schema":{"@context":"https:\/\/schema.org","@graph":[{"@type":"WebPage","@id":"https:\/\/cellercanroda.cat\/es\/tienda\/experiencias-enologicas\/una-manana-entre-caballos-y-cata-de-vinos\/","url":"https:\/\/cellercanroda.cat\/es\/tienda\/experiencias-enologicas\/una-manana-entre-caballos-y-cata-de-vinos\/","name":"Una ma\u00f1ana entre caballos y cata de vinos - Celler Can Roda","isPartOf":{"@id":"https:\/\/cellercanroda.cat\/es\/#website"},"primaryImageOfPage":{"@id":"https:\/\/cellercanroda.cat\/es\/tienda\/experiencias-enologicas\/una-manana-entre-caballos-y-cata-de-vinos\/#primaryimage"},"image":{"@id":"https:\/\/cellercanroda.cat\/es\/tienda\/experiencias-enologicas\/una-manana-entre-caballos-y-cata-de-vinos\/#primaryimage"},"thumbnailUrl":"https:\/\/cellercanroda.cat\/wp-content\/uploads\/2024\/01\/cavalls-can-roda.webp","datePublished":"2024-01-22T16:50:09+00:00","dateModified":"2024-12-27T11:53:49+00:00","description":"Sum\u00e9rgete en un mundo de aventura y diversi\u00f3n con la familia. \u00a1Ven a conocer c\u00f3mo viven los caballos libres de Can Roda! Reserva ahora.","breadcrumb":{"@id":"https:\/\/cellercanroda.cat\/es\/tienda\/experiencias-enologicas\/una-manana-entre-caballos-y-cata-de-vinos\/#breadcrumb"},"inLanguage":"es","potentialAction":[{"@type":"ReadAction","target":["https:\/\/cellercanroda.cat\/es\/tienda\/experiencias-enologicas\/una-manana-entre-caballos-y-cata-de-vinos\/"]}]},{"@type":"ImageObject","inLanguage":"es","@id":"https:\/\/cellercanroda.cat\/es\/tienda\/experiencias-enologicas\/una-manana-entre-caballos-y-cata-de-vinos\/#primaryimage","url":"https:\/\/cellercanroda.cat\/wp-content\/uploads\/2024\/01\/cavalls-can-roda.webp","contentUrl":"https:\/\/cellercanroda.cat\/wp-content\/uploads\/2024\/01\/cavalls-can-roda.webp","width":1200,"height":800},{"@type":"BreadcrumbList","@id":"https:\/\/cellercanroda.cat\/es\/tienda\/experiencias-enologicas\/una-manana-entre-caballos-y-cata-de-vinos\/#breadcrumb","itemListElement":[{"@type":"ListItem","position":1,"name":"Inicio","item":"https:\/\/cellercanroda.cat\/es\/"},{"@type":"ListItem","position":2,"name":"Tienda","item":"https:\/\/cellercanroda.cat\/es\/tienda\/"},{"@type":"ListItem","position":3,"name":"Una ma\u00f1ana entre caballos y cata de vinos"}]},{"@type":"WebSite","@id":"https:\/\/cellercanroda.cat\/es\/#website","url":"https:\/\/cellercanroda.cat\/es\/","name":"Celler Can Roda","description":"Vins DO Alella","publisher":{"@id":"https:\/\/cellercanroda.cat\/es\/#organization"},"potentialAction":[{"@type":"SearchAction","target":{"@type":"EntryPoint","urlTemplate":"https:\/\/cellercanroda.cat\/es\/?s={search_term_string}"},"query-input":{"@type":"PropertyValueSpecification","valueRequired":true,"valueName":"search_term_string"}}],"inLanguage":"es"},{"@type":"Organization","@id":"https:\/\/cellercanroda.cat\/es\/#organization","name":"Celler Can Roda","url":"https:\/\/cellercanroda.cat\/es\/","logo":{"@type":"ImageObject","inLanguage":"es","@id":"https:\/\/cellercanroda.cat\/es\/#\/schema\/logo\/image\/","url":"https:\/\/cellercanroda.cat\/wp-content\/uploads\/2020\/09\/canroda_logo-scaled.jpg","contentUrl":"https:\/\/cellercanroda.cat\/wp-content\/uploads\/2020\/09\/canroda_logo-scaled.jpg","width":2560,"height":1111,"caption":"Celler Can Roda"},"image":{"@id":"https:\/\/cellercanroda.cat\/es\/#\/schema\/logo\/image\/"},"sameAs":["https:\/\/es-es.facebook.com\/CellerCanRoda","https:\/\/www.instagram.com\/cellercanroda\/","https:\/\/www.youtube.com\/channel\/UCMkIFqwRPc-Pk1eMPzADxqA"]}]}},"_links":{"self":[{"href":"https:\/\/cellercanroda.cat\/es\/wp-json\/wp\/v2\/product\/23148","targetHints":{"allow":["GET"]}}],"collection":[{"href":"https:\/\/cellercanroda.cat\/es\/wp-json\/wp\/v2\/product"}],"about":[{"href":"https:\/\/cellercanroda.cat\/es\/wp-json\/wp\/v2\/types\/product"}],"wp:featuredmedia":[{"embeddable":true,"href":"https:\/\/cellercanroda.cat\/es\/wp-json\/wp\/v2\/media\/23147"}],"wp:attachment":[{"href":"https:\/\/cellercanroda.cat\/es\/wp-json\/wp\/v2\/media?parent=23148"}],"wp:term":[{"taxonomy":"product_brand","embeddable":true,"href":"https:\/\/cellercanroda.cat\/es\/wp-json\/wp\/v2\/product_brand?post=23148"},{"taxonomy":"product_cat","embeddable":true,"href":"https:\/\/cellercanroda.cat\/es\/wp-json\/wp\/v2\/product_cat?post=23148"},{"taxonomy":"product_tag","embeddable":true,"href":"https:\/\/cellercanroda.cat\/es\/wp-json\/wp\/v2\/product_tag?post=23148"},{"taxonomy":"giftcard-category","embeddable":true,"href":"https:\/\/cellercanroda.cat\/es\/wp-json\/wp\/v2\/giftcard-category?post=23148"}],"curies":[{"name":"wp","href":"https:\/\/api.w.org\/{rel}","templated":true}]}}