{"id":21548,"date":"2023-11-20T18:04:46","date_gmt":"2023-11-21T13:03:51","guid":{"rendered":"https:\/\/cellercanroda.cat\/?post_type=product&#038;p=21548"},"modified":"2023-11-21T14:04:34","modified_gmt":"2023-11-21T13:04:34","slug":"lote-vino-y-experiencia","status":"publish","type":"product","link":"https:\/\/cellercanroda.cat\/es\/tienda\/lotes-de-vino\/lote-vino-y-experiencia\/","title":{"rendered":"Lote Vino y Experiencia"},"content":{"rendered":"","protected":false},"excerpt":{"rendered":"<p>\u00bfBuscas el regalo perfecto para las ocasiones especiales?<br \/>\nAqu\u00ed tienes nuestro exclusivo Lote de Vino y Experiencia que <strong>combina la exquisitez de nuestros vinos con una experiencia inolvidable en nuestra bodega.<\/strong> Es el regalo ideal para celebrar momentos \u00fanicos, especialmente en esta \u00e9poca m\u00e1gica de Navidad.<\/p>\n<p>Este lote incluye una botella de vino blanco joven Pansa Blanca, seleccionada con cuidado de nuestra bodega. Con este vino, descubrir\u00e1n la variedad de uva que mejor representa el territorio de la DO Alella.<br \/>\n\u00a1Pero esto no es todo! Junto con la botella de vino, este lote tambi\u00e9n incluye una tarjeta regalo que permite a la persona afortunada cambiarla por una experiencia en el Celler Can Roda, una visita guiada y una cata maridada con embutidos, quesos, y productos de proximidad, por a 2 personas.<\/p>\n<p>Con esta tarjeta podr\u00e1n elegir el d\u00eda y la hora que deseen, haciendo la reserva a trav\u00e9s de nuestra web e insertando el c\u00f3digo de descuento indicado.<br \/>\nDurante su visita, podr\u00e1n explorar nuestra bodega y vi\u00f1edos, descubrir el proceso de elaboraci\u00f3n del vino y disfrutar de degustaciones de nuestras variedades m\u00e1s preciadas.<\/p>\n<p>Este lote incluye:<br \/>\n[fusion_checklist icon=\"fa-asterisk fas\" iconcolor=\"\" circle=\"\" circlecolor=\"\" size=\"14px\" divider=\"\" divider_color=\"\" hide_on_mobile=\"small-visibility,medium-visibility,large-visibility\" class=\"\" id=\"\"] [fusion_li_item icon=\"fa-asterisk fas\"]<strong>Vino blanco joven Pansa Blanca &#8211; 1 botella de 75 cl.[\/fusion_li_item][fusion_li_item icon=\"fa-asterisk fas\"]<strong>Tarjeta regalo para una visita guiada y una cata maridada para 2 personas[\/fusion_li_item][\/fusion_checklist][fusion_separator style_type=\"default\" flex_grow=\"0\" alignment=\"center\" border_size=\"\" sep_color=\"\" icon=\"\" icon_size=\"\" icon_color=\"\" icon_circle=\"\" icon_circle_color=\"\" hide_on_mobile=\"small-visibility,medium-visibility,large-visibility\" sticky_display=\"normal,sticky\" class=\"\" id=\"\" top_margin=\"10px\" bottom_margin=\"10px\" \/]<\/strong><\/strong><\/p>\n<p style=\"font-size: 14px;\">Peso &#8211; 1,2 kg<br \/>\nDimensiones &#8211; 27.5 x 10 x 10 cm<\/p>\n<h6 style=\"font-size: 16px;\">Puedes personalizar tu lote con un mensaje<\/h6>\n","protected":false},"featured_media":21545,"template":"","meta":{"_acf_changed":false},"product_brand":[],"product_cat":[77],"product_tag":[],"giftcard-category":[],"class_list":{"0":"post-21548","1":"product","2":"type-product","3":"status-publish","4":"has-post-thumbnail","6":"product_cat-lotes-de-vino","8":"first","9":"instock","10":"taxable","11":"shipping-taxable","12":"purchasable","13":"product-type-simple"},"acf":[],"yoast_head":"<!-- This site is optimized with the Yoast SEO plugin v27.1.1 - https:\/\/yoast.com\/product\/yoast-seo-wordpress\/ -->\n<title>Lote Vino y Experiencia - Celler Can Roda<\/title>\n<meta name=\"description\" content=\"Celebra la Navidad y otros momentos especiales de la vida con el regalo perfecto: nuestro Lote de Vino y Experiencia. \u00a1Sorprender\u00e1s a todos!\" \/>\n<meta name=\"robots\" content=\"index, follow, max-snippet:-1, max-image-preview:large, max-video-preview:-1\" \/>\n<link rel=\"canonical\" href=\"https:\/\/cellercanroda.cat\/es\/tienda\/lotes-de-vino\/lote-vino-y-experiencia\/\" \/>\n<meta property=\"og:locale\" content=\"es_ES\" \/>\n<meta property=\"og:type\" content=\"article\" \/>\n<meta property=\"og:title\" content=\"Lote Vino y Experiencia - Celler Can Roda\" \/>\n<meta property=\"og:description\" content=\"Celebra la Navidad y otros momentos especiales de la vida con el regalo perfecto: nuestro Lote de Vino y Experiencia. \u00a1Sorprender\u00e1s a todos!\" \/>\n<meta property=\"og:url\" content=\"https:\/\/cellercanroda.cat\/es\/tienda\/lotes-de-vino\/lote-vino-y-experiencia\/\" \/>\n<meta property=\"og:site_name\" content=\"Celler Can Roda\" \/>\n<meta property=\"article:publisher\" content=\"https:\/\/es-es.facebook.com\/CellerCanRoda\" \/>\n<meta property=\"article:modified_time\" content=\"2023-11-21T13:04:34+00:00\" \/>\n<meta property=\"og:image\" content=\"https:\/\/cellercanroda.cat\/wp-content\/uploads\/2023\/11\/lot-experiencia-7-scaled.webp\" \/>\n\t<meta property=\"og:image:width\" content=\"1283\" \/>\n\t<meta property=\"og:image:height\" content=\"1924\" \/>\n\t<meta property=\"og:image:type\" content=\"image\/webp\" \/>\n<meta name=\"twitter:card\" content=\"summary_large_image\" \/>\n<script type=\"application\/ld+json\" class=\"yoast-schema-graph\">{\"@context\":\"https:\/\/schema.org\",\"@graph\":[{\"@type\":\"WebPage\",\"@id\":\"https:\/\/cellercanroda.cat\/es\/tienda\/lotes-de-vino\/lote-vino-y-experiencia\/\",\"url\":\"https:\/\/cellercanroda.cat\/es\/tienda\/lotes-de-vino\/lote-vino-y-experiencia\/\",\"name\":\"Lote Vino y Experiencia - Celler Can Roda\",\"isPartOf\":{\"@id\":\"https:\/\/cellercanroda.cat\/es\/#website\"},\"primaryImageOfPage\":{\"@id\":\"https:\/\/cellercanroda.cat\/es\/tienda\/lotes-de-vino\/lote-vino-y-experiencia\/#primaryimage\"},\"image\":{\"@id\":\"https:\/\/cellercanroda.cat\/es\/tienda\/lotes-de-vino\/lote-vino-y-experiencia\/#primaryimage\"},\"thumbnailUrl\":\"https:\/\/cellercanroda.cat\/wp-content\/uploads\/2023\/11\/lot-experiencia-7-scaled.webp\",\"datePublished\":\"2023-11-21T13:03:51+00:00\",\"dateModified\":\"2023-11-21T13:04:34+00:00\",\"description\":\"Celebra la Navidad y otros momentos especiales de la vida con el regalo perfecto: nuestro Lote de Vino y Experiencia. \u00a1Sorprender\u00e1s a todos!\",\"breadcrumb\":{\"@id\":\"https:\/\/cellercanroda.cat\/es\/tienda\/lotes-de-vino\/lote-vino-y-experiencia\/#breadcrumb\"},\"inLanguage\":\"es\",\"potentialAction\":[{\"@type\":\"ReadAction\",\"target\":[\"https:\/\/cellercanroda.cat\/es\/tienda\/lotes-de-vino\/lote-vino-y-experiencia\/\"]}]},{\"@type\":\"ImageObject\",\"inLanguage\":\"es\",\"@id\":\"https:\/\/cellercanroda.cat\/es\/tienda\/lotes-de-vino\/lote-vino-y-experiencia\/#primaryimage\",\"url\":\"https:\/\/cellercanroda.cat\/wp-content\/uploads\/2023\/11\/lot-experiencia-7-scaled.webp\",\"contentUrl\":\"https:\/\/cellercanroda.cat\/wp-content\/uploads\/2023\/11\/lot-experiencia-7-scaled.webp\",\"width\":1283,\"height\":1924,\"caption\":\"Lot vi i targeta regal\"},{\"@type\":\"BreadcrumbList\",\"@id\":\"https:\/\/cellercanroda.cat\/es\/tienda\/lotes-de-vino\/lote-vino-y-experiencia\/#breadcrumb\",\"itemListElement\":[{\"@type\":\"ListItem\",\"position\":1,\"name\":\"Inicio\",\"item\":\"https:\/\/cellercanroda.cat\/es\/\"},{\"@type\":\"ListItem\",\"position\":2,\"name\":\"Tienda\",\"item\":\"https:\/\/cellercanroda.cat\/es\/tienda\/\"},{\"@type\":\"ListItem\",\"position\":3,\"name\":\"Lote Vino y Experiencia\"}]},{\"@type\":\"WebSite\",\"@id\":\"https:\/\/cellercanroda.cat\/es\/#website\",\"url\":\"https:\/\/cellercanroda.cat\/es\/\",\"name\":\"Celler Can Roda\",\"description\":\"Vins DO Alella\",\"publisher\":{\"@id\":\"https:\/\/cellercanroda.cat\/es\/#organization\"},\"potentialAction\":[{\"@type\":\"SearchAction\",\"target\":{\"@type\":\"EntryPoint\",\"urlTemplate\":\"https:\/\/cellercanroda.cat\/es\/?s={search_term_string}\"},\"query-input\":{\"@type\":\"PropertyValueSpecification\",\"valueRequired\":true,\"valueName\":\"search_term_string\"}}],\"inLanguage\":\"es\"},{\"@type\":\"Organization\",\"@id\":\"https:\/\/cellercanroda.cat\/es\/#organization\",\"name\":\"Celler Can Roda\",\"url\":\"https:\/\/cellercanroda.cat\/es\/\",\"logo\":{\"@type\":\"ImageObject\",\"inLanguage\":\"es\",\"@id\":\"https:\/\/cellercanroda.cat\/es\/#\/schema\/logo\/image\/\",\"url\":\"https:\/\/cellercanroda.cat\/wp-content\/uploads\/2020\/09\/canroda_logo-scaled.jpg\",\"contentUrl\":\"https:\/\/cellercanroda.cat\/wp-content\/uploads\/2020\/09\/canroda_logo-scaled.jpg\",\"width\":2560,\"height\":1111,\"caption\":\"Celler Can Roda\"},\"image\":{\"@id\":\"https:\/\/cellercanroda.cat\/es\/#\/schema\/logo\/image\/\"},\"sameAs\":[\"https:\/\/es-es.facebook.com\/CellerCanRoda\",\"https:\/\/www.instagram.com\/cellercanroda\/\",\"https:\/\/www.youtube.com\/channel\/UCMkIFqwRPc-Pk1eMPzADxqA\"]}]}<\/script>\n<!-- \/ Yoast SEO plugin. -->","yoast_head_json":{"title":"Lote Vino y Experiencia - Celler Can Roda","description":"Celebra la Navidad y otros momentos especiales de la vida con el regalo perfecto: nuestro Lote de Vino y Experiencia. \u00a1Sorprender\u00e1s a todos!","robots":{"index":"index","follow":"follow","max-snippet":"max-snippet:-1","max-image-preview":"max-image-preview:large","max-video-preview":"max-video-preview:-1"},"canonical":"https:\/\/cellercanroda.cat\/es\/tienda\/lotes-de-vino\/lote-vino-y-experiencia\/","og_locale":"es_ES","og_type":"article","og_title":"Lote Vino y Experiencia - Celler Can Roda","og_description":"Celebra la Navidad y otros momentos especiales de la vida con el regalo perfecto: nuestro Lote de Vino y Experiencia. \u00a1Sorprender\u00e1s a todos!","og_url":"https:\/\/cellercanroda.cat\/es\/tienda\/lotes-de-vino\/lote-vino-y-experiencia\/","og_site_name":"Celler Can Roda","article_publisher":"https:\/\/es-es.facebook.com\/CellerCanRoda","article_modified_time":"2023-11-21T13:04:34+00:00","og_image":[{"width":1283,"height":1924,"url":"https:\/\/cellercanroda.cat\/wp-content\/uploads\/2023\/11\/lot-experiencia-7-scaled.webp","type":"image\/webp"}],"twitter_card":"summary_large_image","schema":{"@context":"https:\/\/schema.org","@graph":[{"@type":"WebPage","@id":"https:\/\/cellercanroda.cat\/es\/tienda\/lotes-de-vino\/lote-vino-y-experiencia\/","url":"https:\/\/cellercanroda.cat\/es\/tienda\/lotes-de-vino\/lote-vino-y-experiencia\/","name":"Lote Vino y Experiencia - Celler Can Roda","isPartOf":{"@id":"https:\/\/cellercanroda.cat\/es\/#website"},"primaryImageOfPage":{"@id":"https:\/\/cellercanroda.cat\/es\/tienda\/lotes-de-vino\/lote-vino-y-experiencia\/#primaryimage"},"image":{"@id":"https:\/\/cellercanroda.cat\/es\/tienda\/lotes-de-vino\/lote-vino-y-experiencia\/#primaryimage"},"thumbnailUrl":"https:\/\/cellercanroda.cat\/wp-content\/uploads\/2023\/11\/lot-experiencia-7-scaled.webp","datePublished":"2023-11-21T13:03:51+00:00","dateModified":"2023-11-21T13:04:34+00:00","description":"Celebra la Navidad y otros momentos especiales de la vida con el regalo perfecto: nuestro Lote de Vino y Experiencia. \u00a1Sorprender\u00e1s a todos!","breadcrumb":{"@id":"https:\/\/cellercanroda.cat\/es\/tienda\/lotes-de-vino\/lote-vino-y-experiencia\/#breadcrumb"},"inLanguage":"es","potentialAction":[{"@type":"ReadAction","target":["https:\/\/cellercanroda.cat\/es\/tienda\/lotes-de-vino\/lote-vino-y-experiencia\/"]}]},{"@type":"ImageObject","inLanguage":"es","@id":"https:\/\/cellercanroda.cat\/es\/tienda\/lotes-de-vino\/lote-vino-y-experiencia\/#primaryimage","url":"https:\/\/cellercanroda.cat\/wp-content\/uploads\/2023\/11\/lot-experiencia-7-scaled.webp","contentUrl":"https:\/\/cellercanroda.cat\/wp-content\/uploads\/2023\/11\/lot-experiencia-7-scaled.webp","width":1283,"height":1924,"caption":"Lot vi i targeta regal"},{"@type":"BreadcrumbList","@id":"https:\/\/cellercanroda.cat\/es\/tienda\/lotes-de-vino\/lote-vino-y-experiencia\/#breadcrumb","itemListElement":[{"@type":"ListItem","position":1,"name":"Inicio","item":"https:\/\/cellercanroda.cat\/es\/"},{"@type":"ListItem","position":2,"name":"Tienda","item":"https:\/\/cellercanroda.cat\/es\/tienda\/"},{"@type":"ListItem","position":3,"name":"Lote Vino y Experiencia"}]},{"@type":"WebSite","@id":"https:\/\/cellercanroda.cat\/es\/#website","url":"https:\/\/cellercanroda.cat\/es\/","name":"Celler Can Roda","description":"Vins DO Alella","publisher":{"@id":"https:\/\/cellercanroda.cat\/es\/#organization"},"potentialAction":[{"@type":"SearchAction","target":{"@type":"EntryPoint","urlTemplate":"https:\/\/cellercanroda.cat\/es\/?s={search_term_string}"},"query-input":{"@type":"PropertyValueSpecification","valueRequired":true,"valueName":"search_term_string"}}],"inLanguage":"es"},{"@type":"Organization","@id":"https:\/\/cellercanroda.cat\/es\/#organization","name":"Celler Can Roda","url":"https:\/\/cellercanroda.cat\/es\/","logo":{"@type":"ImageObject","inLanguage":"es","@id":"https:\/\/cellercanroda.cat\/es\/#\/schema\/logo\/image\/","url":"https:\/\/cellercanroda.cat\/wp-content\/uploads\/2020\/09\/canroda_logo-scaled.jpg","contentUrl":"https:\/\/cellercanroda.cat\/wp-content\/uploads\/2020\/09\/canroda_logo-scaled.jpg","width":2560,"height":1111,"caption":"Celler Can Roda"},"image":{"@id":"https:\/\/cellercanroda.cat\/es\/#\/schema\/logo\/image\/"},"sameAs":["https:\/\/es-es.facebook.com\/CellerCanRoda","https:\/\/www.instagram.com\/cellercanroda\/","https:\/\/www.youtube.com\/channel\/UCMkIFqwRPc-Pk1eMPzADxqA"]}]}},"_links":{"self":[{"href":"https:\/\/cellercanroda.cat\/es\/wp-json\/wp\/v2\/product\/21548","targetHints":{"allow":["GET"]}}],"collection":[{"href":"https:\/\/cellercanroda.cat\/es\/wp-json\/wp\/v2\/product"}],"about":[{"href":"https:\/\/cellercanroda.cat\/es\/wp-json\/wp\/v2\/types\/product"}],"wp:featuredmedia":[{"embeddable":true,"href":"https:\/\/cellercanroda.cat\/es\/wp-json\/wp\/v2\/media\/21545"}],"wp:attachment":[{"href":"https:\/\/cellercanroda.cat\/es\/wp-json\/wp\/v2\/media?parent=21548"}],"wp:term":[{"taxonomy":"product_brand","embeddable":true,"href":"https:\/\/cellercanroda.cat\/es\/wp-json\/wp\/v2\/product_brand?post=21548"},{"taxonomy":"product_cat","embeddable":true,"href":"https:\/\/cellercanroda.cat\/es\/wp-json\/wp\/v2\/product_cat?post=21548"},{"taxonomy":"product_tag","embeddable":true,"href":"https:\/\/cellercanroda.cat\/es\/wp-json\/wp\/v2\/product_tag?post=21548"},{"taxonomy":"giftcard-category","embeddable":true,"href":"https:\/\/cellercanroda.cat\/es\/wp-json\/wp\/v2\/giftcard-category?post=21548"}],"curies":[{"name":"wp","href":"https:\/\/api.w.org\/{rel}","templated":true}]}}