{"id":12016,"date":"2022-03-25T10:52:35","date_gmt":"2022-03-25T09:52:35","guid":{"rendered":"https:\/\/cellercanroda.cat\/ca\/botiga\/sin%20categor\u00eda\/cata-de-vermuts-en-la-bodega\/"},"modified":"2024-11-05T18:16:38","modified_gmt":"2024-11-05T17:16:38","slug":"cata-de-vermuts-en-la-bodega","status":"publish","type":"product","link":"https:\/\/cellercanroda.cat\/es\/tienda\/experiencias-enologicas\/cata-de-vermuts-en-la-bodega\/","title":{"rendered":"Cata de vermuts en la bodega"},"content":{"rendered":"","protected":false},"excerpt":{"rendered":"<p>Visita y descubre la historia de nuestra bodega y de nuestros vinos y vermuts DO Alella. Pasea por nuestros vi\u00f1edos, un oasis en medio de la naturaleza cerca de Barcelona. Adem\u00e1s de aprender sobre el mundo de los vermuts, podr\u00e1 disfrutar de una cata de estos vinos de aperitivo y maridarlos con deliciosas tapas y con productos de proximidad. Toda una oportunidad para descubrir nuevos sabores que no olvidar\u00e1s f\u00e1cilmente.  <\/p>\n<p>La actividad incluye:<br \/>\n[fusion_checklist icon=\"fa-asterisk fas\" iconcolor=\"\" circle=\"\" circlecolor=\"\" size=\"16px\" divider=\"\" divider_color=\"\" hide_on_mobile=\"small-visibility,medium-visibility,large-visibility\" class=\"\" id=\"\"] [fusion_li_item icon=\"fa-wine-bottle fas\"]Visita de la bodega[\/fusion_li_item][fusion_li_item icon=\"fa-seedling fas\"] Introducci\u00f3n al mundo de los vermuts[\/fusion_li_item][fusion_li_item icon=\"fa-wine-glass-alt fas\"] Cata de dos vermuts maridados con tapas de productos locales [\/fusion_li_item][fusion_li_item icon=\"fa-wine-glass-alt fas\"]Cata de un cocktail especial a base de vermut[\/fusion_li_item][\/fusion_checklist][fusion_separator style_type=\"default\" flex_grow=\"0\" alignment=\"center\" border_size=\"\" sep_color=\"\" icon=\"\" icon_size=\"\" icon_color=\"\" icon_circle=\"\" icon_circle_color=\"\" hide_on_mobile=\"small-visibility,medium-visibility,large-visibility\" sticky_display=\"normal,sticky\" class=\"\" id=\"\" top_margin=\"10px\" bottom_margin=\"10px\" \/]<\/p>\n<p><strong>D\u00eda: <\/strong>Mirar el calendario a continuaci\u00f3n<br \/>\n<strong>Hora:<\/strong> 11:00h<br \/>\n<strong>Duraci\u00f3n:<\/strong> 2 horas<br \/>\n<strong>Precios:<\/strong> Adulto\/s: 42\u20ac &#8211; Menor\/es (10-18 a\u00f1os): 24\u20ac &#8211; Menor\/es (&lt;10 a\u00f1os): 5\u20ac<\/p>\n<p><strong>Escoge el d\u00eda que quieras venir:<\/strong><\/p>\n","protected":false},"featured_media":21749,"template":"","meta":{"_acf_changed":false},"product_brand":[],"product_cat":[89],"product_tag":[],"giftcard-category":[],"class_list":{"0":"post-12016","1":"product","2":"type-product","3":"status-publish","4":"has-post-thumbnail","6":"product_cat-experiencias-enologicas","8":"first","9":"instock","10":"featured","11":"virtual","12":"sold-individually","13":"taxable","14":"purchasable","15":"product-type-phive_booking"},"acf":[],"yoast_head":"<!-- This site is optimized with the Yoast SEO plugin v27.1.1 - https:\/\/yoast.com\/product\/yoast-seo-wordpress\/ -->\n<title>Cata de vermuts en la bodega - Celler Can Roda<\/title>\n<meta name=\"description\" content=\"\u00bfQuieres adentrarte en el mundo de los vermuts? En Celler Can Roda te ofrecemos una experiencia \u00fanica donde podr\u00e1s visitar la bodega y degustar diferentes vermuts con tapas deliciosas.\" \/>\n<meta name=\"robots\" content=\"index, follow, max-snippet:-1, max-image-preview:large, max-video-preview:-1\" \/>\n<link rel=\"canonical\" href=\"https:\/\/cellercanroda.cat\/es\/tienda\/experiencias-enologicas\/cata-de-vermuts-en-la-bodega\/\" \/>\n<meta property=\"og:locale\" content=\"es_ES\" \/>\n<meta property=\"og:type\" content=\"article\" \/>\n<meta property=\"og:title\" content=\"Cata de vermuts en la bodega - Celler Can Roda\" \/>\n<meta property=\"og:description\" content=\"\u00bfQuieres adentrarte en el mundo de los vermuts? En Celler Can Roda te ofrecemos una experiencia \u00fanica donde podr\u00e1s visitar la bodega y degustar diferentes vermuts con tapas deliciosas.\" \/>\n<meta property=\"og:url\" content=\"https:\/\/cellercanroda.cat\/es\/tienda\/experiencias-enologicas\/cata-de-vermuts-en-la-bodega\/\" \/>\n<meta property=\"og:site_name\" content=\"Celler Can Roda\" \/>\n<meta property=\"article:publisher\" content=\"https:\/\/es-es.facebook.com\/CellerCanRoda\" \/>\n<meta property=\"article:modified_time\" content=\"2024-11-05T17:16:38+00:00\" \/>\n<meta property=\"og:image\" content=\"https:\/\/cellercanroda.cat\/wp-content\/uploads\/2023\/11\/canRoda-vermut-121.webp\" \/>\n\t<meta property=\"og:image:width\" content=\"1440\" \/>\n\t<meta property=\"og:image:height\" content=\"2160\" \/>\n\t<meta property=\"og:image:type\" content=\"image\/webp\" \/>\n<meta name=\"twitter:card\" content=\"summary_large_image\" \/>\n<meta name=\"twitter:label1\" content=\"Tiempo de lectura\" \/>\n\t<meta name=\"twitter:data1\" content=\"1 minuto\" \/>\n<script type=\"application\/ld+json\" class=\"yoast-schema-graph\">{\"@context\":\"https:\/\/schema.org\",\"@graph\":[{\"@type\":\"WebPage\",\"@id\":\"https:\/\/cellercanroda.cat\/es\/tienda\/experiencias-enologicas\/cata-de-vermuts-en-la-bodega\/\",\"url\":\"https:\/\/cellercanroda.cat\/es\/tienda\/experiencias-enologicas\/cata-de-vermuts-en-la-bodega\/\",\"name\":\"Cata de vermuts en la bodega - Celler Can Roda\",\"isPartOf\":{\"@id\":\"https:\/\/cellercanroda.cat\/es\/#website\"},\"primaryImageOfPage\":{\"@id\":\"https:\/\/cellercanroda.cat\/es\/tienda\/experiencias-enologicas\/cata-de-vermuts-en-la-bodega\/#primaryimage\"},\"image\":{\"@id\":\"https:\/\/cellercanroda.cat\/es\/tienda\/experiencias-enologicas\/cata-de-vermuts-en-la-bodega\/#primaryimage\"},\"thumbnailUrl\":\"https:\/\/cellercanroda.cat\/wp-content\/uploads\/2023\/11\/canRoda-vermut-121.webp\",\"datePublished\":\"2022-03-25T09:52:35+00:00\",\"dateModified\":\"2024-11-05T17:16:38+00:00\",\"description\":\"\u00bfQuieres adentrarte en el mundo de los vermuts? En Celler Can Roda te ofrecemos una experiencia \u00fanica donde podr\u00e1s visitar la bodega y degustar diferentes vermuts con tapas deliciosas.\",\"breadcrumb\":{\"@id\":\"https:\/\/cellercanroda.cat\/es\/tienda\/experiencias-enologicas\/cata-de-vermuts-en-la-bodega\/#breadcrumb\"},\"inLanguage\":\"es\",\"potentialAction\":[{\"@type\":\"ReadAction\",\"target\":[\"https:\/\/cellercanroda.cat\/es\/tienda\/experiencias-enologicas\/cata-de-vermuts-en-la-bodega\/\"]}]},{\"@type\":\"ImageObject\",\"inLanguage\":\"es\",\"@id\":\"https:\/\/cellercanroda.cat\/es\/tienda\/experiencias-enologicas\/cata-de-vermuts-en-la-bodega\/#primaryimage\",\"url\":\"https:\/\/cellercanroda.cat\/wp-content\/uploads\/2023\/11\/canRoda-vermut-121.webp\",\"contentUrl\":\"https:\/\/cellercanroda.cat\/wp-content\/uploads\/2023\/11\/canRoda-vermut-121.webp\",\"width\":1440,\"height\":2160,\"caption\":\"tast vermuts blanc i negre can roda\"},{\"@type\":\"BreadcrumbList\",\"@id\":\"https:\/\/cellercanroda.cat\/es\/tienda\/experiencias-enologicas\/cata-de-vermuts-en-la-bodega\/#breadcrumb\",\"itemListElement\":[{\"@type\":\"ListItem\",\"position\":1,\"name\":\"Inicio\",\"item\":\"https:\/\/cellercanroda.cat\/es\/\"},{\"@type\":\"ListItem\",\"position\":2,\"name\":\"Tienda\",\"item\":\"https:\/\/cellercanroda.cat\/es\/tienda\/\"},{\"@type\":\"ListItem\",\"position\":3,\"name\":\"Cata de vermuts en la bodega\"}]},{\"@type\":\"WebSite\",\"@id\":\"https:\/\/cellercanroda.cat\/es\/#website\",\"url\":\"https:\/\/cellercanroda.cat\/es\/\",\"name\":\"Celler Can Roda\",\"description\":\"Vins DO Alella\",\"publisher\":{\"@id\":\"https:\/\/cellercanroda.cat\/es\/#organization\"},\"potentialAction\":[{\"@type\":\"SearchAction\",\"target\":{\"@type\":\"EntryPoint\",\"urlTemplate\":\"https:\/\/cellercanroda.cat\/es\/?s={search_term_string}\"},\"query-input\":{\"@type\":\"PropertyValueSpecification\",\"valueRequired\":true,\"valueName\":\"search_term_string\"}}],\"inLanguage\":\"es\"},{\"@type\":\"Organization\",\"@id\":\"https:\/\/cellercanroda.cat\/es\/#organization\",\"name\":\"Celler Can Roda\",\"url\":\"https:\/\/cellercanroda.cat\/es\/\",\"logo\":{\"@type\":\"ImageObject\",\"inLanguage\":\"es\",\"@id\":\"https:\/\/cellercanroda.cat\/es\/#\/schema\/logo\/image\/\",\"url\":\"https:\/\/cellercanroda.cat\/wp-content\/uploads\/2020\/09\/canroda_logo-scaled.jpg\",\"contentUrl\":\"https:\/\/cellercanroda.cat\/wp-content\/uploads\/2020\/09\/canroda_logo-scaled.jpg\",\"width\":2560,\"height\":1111,\"caption\":\"Celler Can Roda\"},\"image\":{\"@id\":\"https:\/\/cellercanroda.cat\/es\/#\/schema\/logo\/image\/\"},\"sameAs\":[\"https:\/\/es-es.facebook.com\/CellerCanRoda\",\"https:\/\/www.instagram.com\/cellercanroda\/\",\"https:\/\/www.youtube.com\/channel\/UCMkIFqwRPc-Pk1eMPzADxqA\"]}]}<\/script>\n<!-- \/ Yoast SEO plugin. -->","yoast_head_json":{"title":"Cata de vermuts en la bodega - Celler Can Roda","description":"\u00bfQuieres adentrarte en el mundo de los vermuts? En Celler Can Roda te ofrecemos una experiencia \u00fanica donde podr\u00e1s visitar la bodega y degustar diferentes vermuts con tapas deliciosas.","robots":{"index":"index","follow":"follow","max-snippet":"max-snippet:-1","max-image-preview":"max-image-preview:large","max-video-preview":"max-video-preview:-1"},"canonical":"https:\/\/cellercanroda.cat\/es\/tienda\/experiencias-enologicas\/cata-de-vermuts-en-la-bodega\/","og_locale":"es_ES","og_type":"article","og_title":"Cata de vermuts en la bodega - Celler Can Roda","og_description":"\u00bfQuieres adentrarte en el mundo de los vermuts? En Celler Can Roda te ofrecemos una experiencia \u00fanica donde podr\u00e1s visitar la bodega y degustar diferentes vermuts con tapas deliciosas.","og_url":"https:\/\/cellercanroda.cat\/es\/tienda\/experiencias-enologicas\/cata-de-vermuts-en-la-bodega\/","og_site_name":"Celler Can Roda","article_publisher":"https:\/\/es-es.facebook.com\/CellerCanRoda","article_modified_time":"2024-11-05T17:16:38+00:00","og_image":[{"width":1440,"height":2160,"url":"https:\/\/cellercanroda.cat\/wp-content\/uploads\/2023\/11\/canRoda-vermut-121.webp","type":"image\/webp"}],"twitter_card":"summary_large_image","twitter_misc":{"Tiempo de lectura":"1 minuto"},"schema":{"@context":"https:\/\/schema.org","@graph":[{"@type":"WebPage","@id":"https:\/\/cellercanroda.cat\/es\/tienda\/experiencias-enologicas\/cata-de-vermuts-en-la-bodega\/","url":"https:\/\/cellercanroda.cat\/es\/tienda\/experiencias-enologicas\/cata-de-vermuts-en-la-bodega\/","name":"Cata de vermuts en la bodega - Celler Can Roda","isPartOf":{"@id":"https:\/\/cellercanroda.cat\/es\/#website"},"primaryImageOfPage":{"@id":"https:\/\/cellercanroda.cat\/es\/tienda\/experiencias-enologicas\/cata-de-vermuts-en-la-bodega\/#primaryimage"},"image":{"@id":"https:\/\/cellercanroda.cat\/es\/tienda\/experiencias-enologicas\/cata-de-vermuts-en-la-bodega\/#primaryimage"},"thumbnailUrl":"https:\/\/cellercanroda.cat\/wp-content\/uploads\/2023\/11\/canRoda-vermut-121.webp","datePublished":"2022-03-25T09:52:35+00:00","dateModified":"2024-11-05T17:16:38+00:00","description":"\u00bfQuieres adentrarte en el mundo de los vermuts? En Celler Can Roda te ofrecemos una experiencia \u00fanica donde podr\u00e1s visitar la bodega y degustar diferentes vermuts con tapas deliciosas.","breadcrumb":{"@id":"https:\/\/cellercanroda.cat\/es\/tienda\/experiencias-enologicas\/cata-de-vermuts-en-la-bodega\/#breadcrumb"},"inLanguage":"es","potentialAction":[{"@type":"ReadAction","target":["https:\/\/cellercanroda.cat\/es\/tienda\/experiencias-enologicas\/cata-de-vermuts-en-la-bodega\/"]}]},{"@type":"ImageObject","inLanguage":"es","@id":"https:\/\/cellercanroda.cat\/es\/tienda\/experiencias-enologicas\/cata-de-vermuts-en-la-bodega\/#primaryimage","url":"https:\/\/cellercanroda.cat\/wp-content\/uploads\/2023\/11\/canRoda-vermut-121.webp","contentUrl":"https:\/\/cellercanroda.cat\/wp-content\/uploads\/2023\/11\/canRoda-vermut-121.webp","width":1440,"height":2160,"caption":"tast vermuts blanc i negre can roda"},{"@type":"BreadcrumbList","@id":"https:\/\/cellercanroda.cat\/es\/tienda\/experiencias-enologicas\/cata-de-vermuts-en-la-bodega\/#breadcrumb","itemListElement":[{"@type":"ListItem","position":1,"name":"Inicio","item":"https:\/\/cellercanroda.cat\/es\/"},{"@type":"ListItem","position":2,"name":"Tienda","item":"https:\/\/cellercanroda.cat\/es\/tienda\/"},{"@type":"ListItem","position":3,"name":"Cata de vermuts en la bodega"}]},{"@type":"WebSite","@id":"https:\/\/cellercanroda.cat\/es\/#website","url":"https:\/\/cellercanroda.cat\/es\/","name":"Celler Can Roda","description":"Vins DO Alella","publisher":{"@id":"https:\/\/cellercanroda.cat\/es\/#organization"},"potentialAction":[{"@type":"SearchAction","target":{"@type":"EntryPoint","urlTemplate":"https:\/\/cellercanroda.cat\/es\/?s={search_term_string}"},"query-input":{"@type":"PropertyValueSpecification","valueRequired":true,"valueName":"search_term_string"}}],"inLanguage":"es"},{"@type":"Organization","@id":"https:\/\/cellercanroda.cat\/es\/#organization","name":"Celler Can Roda","url":"https:\/\/cellercanroda.cat\/es\/","logo":{"@type":"ImageObject","inLanguage":"es","@id":"https:\/\/cellercanroda.cat\/es\/#\/schema\/logo\/image\/","url":"https:\/\/cellercanroda.cat\/wp-content\/uploads\/2020\/09\/canroda_logo-scaled.jpg","contentUrl":"https:\/\/cellercanroda.cat\/wp-content\/uploads\/2020\/09\/canroda_logo-scaled.jpg","width":2560,"height":1111,"caption":"Celler Can Roda"},"image":{"@id":"https:\/\/cellercanroda.cat\/es\/#\/schema\/logo\/image\/"},"sameAs":["https:\/\/es-es.facebook.com\/CellerCanRoda","https:\/\/www.instagram.com\/cellercanroda\/","https:\/\/www.youtube.com\/channel\/UCMkIFqwRPc-Pk1eMPzADxqA"]}]}},"_links":{"self":[{"href":"https:\/\/cellercanroda.cat\/es\/wp-json\/wp\/v2\/product\/12016","targetHints":{"allow":["GET"]}}],"collection":[{"href":"https:\/\/cellercanroda.cat\/es\/wp-json\/wp\/v2\/product"}],"about":[{"href":"https:\/\/cellercanroda.cat\/es\/wp-json\/wp\/v2\/types\/product"}],"wp:featuredmedia":[{"embeddable":true,"href":"https:\/\/cellercanroda.cat\/es\/wp-json\/wp\/v2\/media\/21749"}],"wp:attachment":[{"href":"https:\/\/cellercanroda.cat\/es\/wp-json\/wp\/v2\/media?parent=12016"}],"wp:term":[{"taxonomy":"product_brand","embeddable":true,"href":"https:\/\/cellercanroda.cat\/es\/wp-json\/wp\/v2\/product_brand?post=12016"},{"taxonomy":"product_cat","embeddable":true,"href":"https:\/\/cellercanroda.cat\/es\/wp-json\/wp\/v2\/product_cat?post=12016"},{"taxonomy":"product_tag","embeddable":true,"href":"https:\/\/cellercanroda.cat\/es\/wp-json\/wp\/v2\/product_tag?post=12016"},{"taxonomy":"giftcard-category","embeddable":true,"href":"https:\/\/cellercanroda.cat\/es\/wp-json\/wp\/v2\/giftcard-category?post=12016"}],"curies":[{"name":"wp","href":"https:\/\/api.w.org\/{rel}","templated":true}]}}