{"id":7847,"date":"2021-05-19T00:25:31","date_gmt":"2021-05-18T22:25:31","guid":{"rendered":"https:\/\/cellercanroda.cat\/politica-de-cancellacions\/"},"modified":"2022-04-20T20:35:37","modified_gmt":"2022-04-20T18:35:37","slug":"politica-de-cancelaciones","status":"publish","type":"page","link":"https:\/\/cellercanroda.cat\/es\/politica-de-cancelaciones\/","title":{"rendered":"Pol\u00edtica de cancelaciones"},"content":{"rendered":"<div class=\"fusion-fullwidth fullwidth-box fusion-builder-row-1 fusion-flex-container nonhundred-percent-fullwidth non-hundred-percent-height-scrolling\" style=\"--awb-border-radius-top-left:0px;--awb-border-radius-top-right:0px;--awb-border-radius-bottom-right:0px;--awb-border-radius-bottom-left:0px;--awb-flex-wrap:wrap;\" ><div class=\"fusion-builder-row fusion-row fusion-flex-align-items-flex-start fusion-flex-content-wrap\" style=\"max-width:1320.8px;margin-left: calc(-4% \/ 2 );margin-right: calc(-4% \/ 2 );\"><div class=\"fusion-layout-column fusion_builder_column fusion-builder-column-0 fusion_builder_column_1_1 1_1 fusion-flex-column\" style=\"--awb-bg-size:cover;--awb-width-large:100%;--awb-margin-top-large:25px;--awb-spacing-right-large:1.92%;--awb-margin-bottom-large:25px;--awb-spacing-left-large:1.92%;--awb-width-medium:100%;--awb-order-medium:0;--awb-spacing-right-medium:1.92%;--awb-spacing-left-medium:1.92%;--awb-width-small:100%;--awb-order-small:0;--awb-spacing-right-small:1.92%;--awb-spacing-left-small:1.92%;\"><div class=\"fusion-column-wrapper fusion-column-has-shadow fusion-flex-justify-content-flex-start fusion-content-layout-column\"><div class=\"fusion-title title fusion-title-1 fusion-sep-none fusion-title-text fusion-title-size-one\" style=\"--awb-margin-top-small:8px;--awb-margin-right-small:0px;--awb-margin-bottom-small:16px;--awb-margin-left-small:0px;\"><h1 class=\"fusion-title-heading title-heading-left fusion-responsive-typography-calculated\" style=\"margin:0;--fontSize:80;line-height:1.2;\"><span data-contrast=\"auto\" style=\"\">Pol\u00edtica de cambios y cancelaciones<\/span><span data-ccp-props=\"\"> <\/span><br \/><\/h1><\/div><\/div><\/div><div class=\"fusion-layout-column fusion_builder_column fusion-builder-column-1 fusion_builder_column_1_1 1_1 fusion-flex-column\" style=\"--awb-bg-size:cover;--awb-width-large:100%;--awb-margin-top-large:25px;--awb-spacing-right-large:1.92%;--awb-margin-bottom-large:25px;--awb-spacing-left-large:1.92%;--awb-width-medium:100%;--awb-order-medium:0;--awb-spacing-right-medium:1.92%;--awb-spacing-left-medium:1.92%;--awb-width-small:100%;--awb-order-small:0;--awb-spacing-right-small:1.92%;--awb-spacing-left-small:1.92%;\"><div class=\"fusion-column-wrapper fusion-column-has-shadow fusion-flex-justify-content-flex-start fusion-content-layout-column\"><div class=\"fusion-text fusion-text-1\"><p><strong>MODIFICACI\u00d3N DE RESERVAS<\/strong><\/p>\n<p><span style=\"background-color: rgba(255, 255, 255, 0); color: var(--body_typography-color); font-family: var(--body_typography-font-family); font-size: var(--body_typography-font-size); font-style: var(--body_typography-font-style,normal); font-weight: var(--body_typography-font-weight); letter-spacing: var(--body_typography-letter-spacing);\" data-contrast=\"auto\">Para modificar una reserva por favor env\u00eda un correo electr\u00f3nico a <\/span><a style=\"background-color: rgba(255, 255, 255, 0); font-family: var(--body_typography-font-family); font-size: var(--body_typography-font-size); font-style: var(--body_typography-font-style,normal); font-weight: var(--body_typography-font-weight); letter-spacing: var(--body_typography-letter-spacing);\" href=\"mailto:info@cellercanroda.cat\"><span data-contrast=\"auto\">info@cellercanroda.cat<\/span><\/a><span style=\"background-color: rgba(255, 255, 255, 0); color: var(--body_typography-color); font-family: var(--body_typography-font-family); font-size: var(--body_typography-font-size); font-style: var(--body_typography-font-style,normal); font-weight: var(--body_typography-font-weight); letter-spacing: var(--body_typography-letter-spacing);\" data-contrast=\"auto\"> con al menos 2 d\u00edas de antelaci\u00f3n (48 horas), con el cambio que quieras hacer. Revisa antes la disponibilidad en el calendario de la experiencia en nuestra web.<\/span><\/p>\n<p><span data-contrast=\"auto\">Consultaremos si es posible o no realizar el cambio que solicitas y te confirmaremos el cambio por el mismo medio.<\/span><\/p>\n<p><span data-ccp-props=\"\">\u00a0<\/span><\/p>\n<p><b>CANCELACI\u00d3N DE RESERVAS<\/b><\/p>\n<p><span data-contrast=\"auto\">Para anular una reserva por favor env\u00eda un correo electr\u00f3nico a <\/span><a href=\"mailto:info@cellercanroda.cat\"><span data-contrast=\"auto\">info@cellercanroda.cat<\/span><\/a><span data-contrast=\"auto\"> con al menos 48 horas de antelaci\u00f3n. Te confirmaremos la anulaci\u00f3n por el mismo medio.<\/span><\/p>\n<p><span data-contrast=\"auto\">Las cancelaciones que se reciban con menos de 48 horas de antelaci\u00f3n, ya sea por correo electr\u00f3nico o por tel\u00e9fono, no los reembolsaremos el dinero.<\/span><\/p>\n<p><span data-contrast=\"auto\">\u00a0<\/span><\/p>\n<p><b>DEVOLUCI\u00d3N DEL DINERO<\/b><\/p>\n<p><span data-contrast=\"auto\">Se ofrece el reembolso del 100% del importe a trav\u00e9s de una tarjeta regalo siempre y cuando se cancele, como m\u00ednimo, con 48 horas de antelaci\u00f3n de la fecha y hora de la reserva.Se emitir\u00e1 la tarjeta regalo entre 5-6 d\u00edas despu\u00e9s de haber recibido la notificaci\u00f3n.\u00a0<\/span><\/p>\n<p><span data-contrast=\"auto\">Importante: Las cancelaciones con menos de 48 horas de antelaci\u00f3n no dar\u00e1n lugar a un reembolso del dinero.<\/span><\/p>\n<p><span data-ccp-props=\"\"> Excepciones: En caso de lluvia en las actividades de Brunch entre vi\u00f1edos y Desayuno entre vi\u00f1edos.<\/span><\/p>\n<p><b>ANULACI\u00d3N DE EVENTOS<\/b><br \/><span class=\"TextRun SCXW265811516 BCX0\" lang=\"CA-ES\" xml:lang=\"CA-ES\" data-contrast=\"auto\"><span class=\"NormalTextRun SCXW265811516 BCX0\">Nos <\/span><span class=\"NormalTextRun SpellingErrorV2 SCXW265811516 BCX0\">reservamos<\/span><span class=\"NormalTextRun SCXW265811516 BCX0\"> el <\/span><span class=\"NormalTextRun SpellingErrorV2 SCXW265811516 BCX0\">derecho<\/span><span class=\"NormalTextRun SCXW265811516 BCX0\"> a <\/span><span class=\"NormalTextRun SpellingErrorV2 SCXW265811516 BCX0\">posponer<\/span><span class=\"NormalTextRun SCXW265811516 BCX0\"> o <\/span><span class=\"NormalTextRun SpellingErrorV2 SCXW265811516 BCX0\">cancelar<\/span><span class=\"NormalTextRun SCXW265811516 BCX0\"> un <\/span><span class=\"NormalTextRun SpellingErrorV2 SCXW265811516 BCX0\">evento<\/span><span class=\"NormalTextRun SCXW265811516 BCX0\"> si no <\/span><span class=\"NormalTextRun SpellingErrorV2 SCXW265811516 BCX0\">hay<\/span> <span class=\"NormalTextRun SpellingErrorV2 SCXW265811516 BCX0\">suficientes<\/span> <span class=\"NormalTextRun SpellingErrorV2 SCXW265811516 BCX0\">personas<\/span> <span class=\"NormalTextRun SpellingErrorV2 SCXW265811516 BCX0\">inscritas<\/span><span class=\"NormalTextRun SCXW265811516 BCX0\"> o si los <\/span><span class=\"NormalTextRun SpellingErrorV2 SCXW265811516 BCX0\">profesionales<\/span><span class=\"NormalTextRun SCXW265811516 BCX0\"> no <\/span><span class=\"NormalTextRun SpellingErrorV2 SCXW265811516 BCX0\">pueden<\/span> <span class=\"NormalTextRun SpellingErrorV2 SCXW265811516 BCX0\">asistir<\/span><span class=\"NormalTextRun SCXW265811516 BCX0\"> por <\/span><span class=\"NormalTextRun SpellingErrorV2 SCXW265811516 BCX0\">problemas<\/span><span class=\"NormalTextRun SCXW265811516 BCX0\"> de <\/span><span class=\"NormalTextRun SpellingErrorV2 SCXW265811516 BCX0\">salud<\/span><span class=\"NormalTextRun SCXW265811516 BCX0\">. Los pagos <\/span><span class=\"NormalTextRun SpellingErrorV2 SCXW265811516 BCX0\">recibidos<\/span><span class=\"NormalTextRun SCXW265811516 BCX0\"> por <\/span><span class=\"NormalTextRun SpellingErrorV2 SCXW265811516 BCX0\">dichas<\/span> <span class=\"NormalTextRun SpellingErrorV2 SCXW265811516 BCX0\">reservas<\/span> <span class=\"NormalTextRun SpellingErrorV2 SCXW265811516 BCX0\">ser\u00e1n<\/span> <span class=\"NormalTextRun SpellingErrorV2 SCXW265811516 BCX0\">totalmente<\/span> <span class=\"NormalTextRun SpellingErrorV2 SCXW265811516 BCX0\">devueltos<\/span><span class=\"NormalTextRun SCXW265811516 BCX0\">.<\/span><\/span><\/p>\n<p>\u00a9 MASIA DE CAN RODA VINYES I VINS S.L, 2021<\/p>\n<p>Inscrita en el Registre Mercantil de Barcelona, T. 46271,<br \/>CIF \u2013 B67155390<\/p>\n<\/div><\/div><\/div><\/div><\/div>\n","protected":false},"excerpt":{"rendered":"","protected":false},"author":2,"featured_media":0,"parent":0,"menu_order":0,"comment_status":"closed","ping_status":"closed","template":"100-width.php","meta":{"_acf_changed":false,"footnotes":""},"class_list":["post-7847","page","type-page","status-publish","hentry"],"acf":[],"yoast_head":"<!-- This site is optimized with the Yoast SEO plugin v27.1.1 - https:\/\/yoast.com\/product\/yoast-seo-wordpress\/ -->\n<title>Pol\u00edtica de cancelaciones - Celler Can Roda<\/title>\n<meta name=\"description\" content=\"Aqu\u00ed puedes encontrar m\u00e1s informaci\u00f3n sobre nuestra pol\u00edtica de cancelaciones y el procedimiento a seguir en caso de querer modificar o cancelar tu visita.\" \/>\n<meta name=\"robots\" content=\"noindex, nofollow\" \/>\n<meta property=\"og:locale\" content=\"es_ES\" \/>\n<meta property=\"og:type\" content=\"article\" \/>\n<meta property=\"og:title\" content=\"Pol\u00edtica de cancelaciones - Celler Can Roda\" \/>\n<meta property=\"og:description\" content=\"Aqu\u00ed puedes encontrar m\u00e1s informaci\u00f3n sobre nuestra pol\u00edtica de cancelaciones y el procedimiento a seguir en caso de querer modificar o cancelar tu visita.\" \/>\n<meta property=\"og:url\" content=\"https:\/\/cellercanroda.cat\/es\/politica-de-cancelaciones\/\" \/>\n<meta property=\"og:site_name\" content=\"Celler Can Roda\" \/>\n<meta property=\"article:publisher\" content=\"https:\/\/es-es.facebook.com\/CellerCanRoda\" \/>\n<meta property=\"article:modified_time\" content=\"2022-04-20T18:35:37+00:00\" \/>\n<meta name=\"twitter:card\" content=\"summary_large_image\" \/>\n<meta name=\"twitter:label1\" content=\"Tiempo de lectura\" \/>\n\t<meta name=\"twitter:data1\" content=\"3 minutos\" \/>\n<script type=\"application\/ld+json\" class=\"yoast-schema-graph\">{\"@context\":\"https:\/\/schema.org\",\"@graph\":[{\"@type\":\"WebPage\",\"@id\":\"https:\/\/cellercanroda.cat\/es\/politica-de-cancelaciones\/\",\"url\":\"https:\/\/cellercanroda.cat\/es\/politica-de-cancelaciones\/\",\"name\":\"Pol\u00edtica de cancelaciones - Celler Can Roda\",\"isPartOf\":{\"@id\":\"https:\/\/cellercanroda.cat\/es\/#website\"},\"datePublished\":\"2021-05-18T22:25:31+00:00\",\"dateModified\":\"2022-04-20T18:35:37+00:00\",\"description\":\"Aqu\u00ed puedes encontrar m\u00e1s informaci\u00f3n sobre nuestra pol\u00edtica de cancelaciones y el procedimiento a seguir en caso de querer modificar o cancelar tu visita.\",\"breadcrumb\":{\"@id\":\"https:\/\/cellercanroda.cat\/es\/politica-de-cancelaciones\/#breadcrumb\"},\"inLanguage\":\"es\",\"potentialAction\":[{\"@type\":\"ReadAction\",\"target\":[\"https:\/\/cellercanroda.cat\/es\/politica-de-cancelaciones\/\"]}]},{\"@type\":\"BreadcrumbList\",\"@id\":\"https:\/\/cellercanroda.cat\/es\/politica-de-cancelaciones\/#breadcrumb\",\"itemListElement\":[{\"@type\":\"ListItem\",\"position\":1,\"name\":\"Inicio\",\"item\":\"https:\/\/cellercanroda.cat\/es\/\"},{\"@type\":\"ListItem\",\"position\":2,\"name\":\"Pol\u00edtica de cancelaciones\"}]},{\"@type\":\"WebSite\",\"@id\":\"https:\/\/cellercanroda.cat\/es\/#website\",\"url\":\"https:\/\/cellercanroda.cat\/es\/\",\"name\":\"Celler Can Roda\",\"description\":\"Vins DO Alella\",\"publisher\":{\"@id\":\"https:\/\/cellercanroda.cat\/es\/#organization\"},\"potentialAction\":[{\"@type\":\"SearchAction\",\"target\":{\"@type\":\"EntryPoint\",\"urlTemplate\":\"https:\/\/cellercanroda.cat\/es\/?s={search_term_string}\"},\"query-input\":{\"@type\":\"PropertyValueSpecification\",\"valueRequired\":true,\"valueName\":\"search_term_string\"}}],\"inLanguage\":\"es\"},{\"@type\":\"Organization\",\"@id\":\"https:\/\/cellercanroda.cat\/es\/#organization\",\"name\":\"Celler Can Roda\",\"url\":\"https:\/\/cellercanroda.cat\/es\/\",\"logo\":{\"@type\":\"ImageObject\",\"inLanguage\":\"es\",\"@id\":\"https:\/\/cellercanroda.cat\/es\/#\/schema\/logo\/image\/\",\"url\":\"https:\/\/cellercanroda.cat\/wp-content\/uploads\/2020\/09\/canroda_logo-scaled.jpg\",\"contentUrl\":\"https:\/\/cellercanroda.cat\/wp-content\/uploads\/2020\/09\/canroda_logo-scaled.jpg\",\"width\":2560,\"height\":1111,\"caption\":\"Celler Can Roda\"},\"image\":{\"@id\":\"https:\/\/cellercanroda.cat\/es\/#\/schema\/logo\/image\/\"},\"sameAs\":[\"https:\/\/es-es.facebook.com\/CellerCanRoda\",\"https:\/\/www.instagram.com\/cellercanroda\/\",\"https:\/\/www.youtube.com\/channel\/UCMkIFqwRPc-Pk1eMPzADxqA\"]}]}<\/script>\n<!-- \/ Yoast SEO plugin. -->","yoast_head_json":{"title":"Pol\u00edtica de cancelaciones - Celler Can Roda","description":"Aqu\u00ed puedes encontrar m\u00e1s informaci\u00f3n sobre nuestra pol\u00edtica de cancelaciones y el procedimiento a seguir en caso de querer modificar o cancelar tu visita.","robots":{"index":"noindex","follow":"nofollow"},"og_locale":"es_ES","og_type":"article","og_title":"Pol\u00edtica de cancelaciones - Celler Can Roda","og_description":"Aqu\u00ed puedes encontrar m\u00e1s informaci\u00f3n sobre nuestra pol\u00edtica de cancelaciones y el procedimiento a seguir en caso de querer modificar o cancelar tu visita.","og_url":"https:\/\/cellercanroda.cat\/es\/politica-de-cancelaciones\/","og_site_name":"Celler Can Roda","article_publisher":"https:\/\/es-es.facebook.com\/CellerCanRoda","article_modified_time":"2022-04-20T18:35:37+00:00","twitter_card":"summary_large_image","twitter_misc":{"Tiempo de lectura":"3 minutos"},"schema":{"@context":"https:\/\/schema.org","@graph":[{"@type":"WebPage","@id":"https:\/\/cellercanroda.cat\/es\/politica-de-cancelaciones\/","url":"https:\/\/cellercanroda.cat\/es\/politica-de-cancelaciones\/","name":"Pol\u00edtica de cancelaciones - Celler Can Roda","isPartOf":{"@id":"https:\/\/cellercanroda.cat\/es\/#website"},"datePublished":"2021-05-18T22:25:31+00:00","dateModified":"2022-04-20T18:35:37+00:00","description":"Aqu\u00ed puedes encontrar m\u00e1s informaci\u00f3n sobre nuestra pol\u00edtica de cancelaciones y el procedimiento a seguir en caso de querer modificar o cancelar tu visita.","breadcrumb":{"@id":"https:\/\/cellercanroda.cat\/es\/politica-de-cancelaciones\/#breadcrumb"},"inLanguage":"es","potentialAction":[{"@type":"ReadAction","target":["https:\/\/cellercanroda.cat\/es\/politica-de-cancelaciones\/"]}]},{"@type":"BreadcrumbList","@id":"https:\/\/cellercanroda.cat\/es\/politica-de-cancelaciones\/#breadcrumb","itemListElement":[{"@type":"ListItem","position":1,"name":"Inicio","item":"https:\/\/cellercanroda.cat\/es\/"},{"@type":"ListItem","position":2,"name":"Pol\u00edtica de cancelaciones"}]},{"@type":"WebSite","@id":"https:\/\/cellercanroda.cat\/es\/#website","url":"https:\/\/cellercanroda.cat\/es\/","name":"Celler Can Roda","description":"Vins DO Alella","publisher":{"@id":"https:\/\/cellercanroda.cat\/es\/#organization"},"potentialAction":[{"@type":"SearchAction","target":{"@type":"EntryPoint","urlTemplate":"https:\/\/cellercanroda.cat\/es\/?s={search_term_string}"},"query-input":{"@type":"PropertyValueSpecification","valueRequired":true,"valueName":"search_term_string"}}],"inLanguage":"es"},{"@type":"Organization","@id":"https:\/\/cellercanroda.cat\/es\/#organization","name":"Celler Can Roda","url":"https:\/\/cellercanroda.cat\/es\/","logo":{"@type":"ImageObject","inLanguage":"es","@id":"https:\/\/cellercanroda.cat\/es\/#\/schema\/logo\/image\/","url":"https:\/\/cellercanroda.cat\/wp-content\/uploads\/2020\/09\/canroda_logo-scaled.jpg","contentUrl":"https:\/\/cellercanroda.cat\/wp-content\/uploads\/2020\/09\/canroda_logo-scaled.jpg","width":2560,"height":1111,"caption":"Celler Can Roda"},"image":{"@id":"https:\/\/cellercanroda.cat\/es\/#\/schema\/logo\/image\/"},"sameAs":["https:\/\/es-es.facebook.com\/CellerCanRoda","https:\/\/www.instagram.com\/cellercanroda\/","https:\/\/www.youtube.com\/channel\/UCMkIFqwRPc-Pk1eMPzADxqA"]}]}},"_links":{"self":[{"href":"https:\/\/cellercanroda.cat\/es\/wp-json\/wp\/v2\/pages\/7847","targetHints":{"allow":["GET"]}}],"collection":[{"href":"https:\/\/cellercanroda.cat\/es\/wp-json\/wp\/v2\/pages"}],"about":[{"href":"https:\/\/cellercanroda.cat\/es\/wp-json\/wp\/v2\/types\/page"}],"author":[{"embeddable":true,"href":"https:\/\/cellercanroda.cat\/es\/wp-json\/wp\/v2\/users\/2"}],"replies":[{"embeddable":true,"href":"https:\/\/cellercanroda.cat\/es\/wp-json\/wp\/v2\/comments?post=7847"}],"version-history":[{"count":0,"href":"https:\/\/cellercanroda.cat\/es\/wp-json\/wp\/v2\/pages\/7847\/revisions"}],"wp:attachment":[{"href":"https:\/\/cellercanroda.cat\/es\/wp-json\/wp\/v2\/media?parent=7847"}],"curies":[{"name":"wp","href":"https:\/\/api.w.org\/{rel}","templated":true}]}}