{"id":5031,"date":"2020-11-28T14:28:15","date_gmt":"2020-11-28T13:28:15","guid":{"rendered":"https:\/\/cellercanroda.cat\/ca\/politica-de-privadesa\/"},"modified":"2022-12-27T19:00:22","modified_gmt":"2022-12-27T18:00:22","slug":"politica-de-privacidad","status":"publish","type":"page","link":"https:\/\/cellercanroda.cat\/es\/politica-de-privacidad\/","title":{"rendered":"Pol\u00edtica de privacidad"},"content":{"rendered":"<div class=\"fusion-fullwidth fullwidth-box fusion-builder-row-1 fusion-flex-container nonhundred-percent-fullwidth non-hundred-percent-height-scrolling\" style=\"--awb-border-radius-top-left:0px;--awb-border-radius-top-right:0px;--awb-border-radius-bottom-right:0px;--awb-border-radius-bottom-left:0px;--awb-flex-wrap:wrap;\" ><div class=\"fusion-builder-row fusion-row fusion-flex-align-items-flex-start fusion-flex-content-wrap\" style=\"max-width:1320.8px;margin-left: calc(-4% \/ 2 );margin-right: calc(-4% \/ 2 );\"><div class=\"fusion-layout-column fusion_builder_column fusion-builder-column-0 fusion_builder_column_1_1 1_1 fusion-flex-column\" style=\"--awb-bg-size:cover;--awb-width-large:100%;--awb-margin-top-large:25px;--awb-spacing-right-large:1.92%;--awb-margin-bottom-large:25px;--awb-spacing-left-large:1.92%;--awb-width-medium:100%;--awb-order-medium:0;--awb-spacing-right-medium:1.92%;--awb-spacing-left-medium:1.92%;--awb-width-small:100%;--awb-order-small:0;--awb-spacing-right-small:1.92%;--awb-spacing-left-small:1.92%;\"><div class=\"fusion-column-wrapper fusion-column-has-shadow fusion-flex-justify-content-flex-start fusion-content-layout-column\"><div class=\"fusion-title title fusion-title-1 fusion-sep-none fusion-title-text fusion-title-size-one\" style=\"--awb-margin-top-small:8px;--awb-margin-right-small:0px;--awb-margin-bottom-small:16px;--awb-margin-left-small:0px;\"><h1 class=\"fusion-title-heading title-heading-left fusion-responsive-typography-calculated\" style=\"margin:0;--fontSize:80;line-height:1.2;\">Pol\u00edtica de privacidad<\/h1><\/div><\/div><\/div><div class=\"fusion-layout-column fusion_builder_column fusion-builder-column-1 fusion_builder_column_1_1 1_1 fusion-flex-column\" style=\"--awb-bg-size:cover;--awb-width-large:100%;--awb-margin-top-large:25px;--awb-spacing-right-large:1.92%;--awb-margin-bottom-large:25px;--awb-spacing-left-large:1.92%;--awb-width-medium:100%;--awb-order-medium:0;--awb-spacing-right-medium:1.92%;--awb-spacing-left-medium:1.92%;--awb-width-small:100%;--awb-order-small:0;--awb-spacing-right-small:1.92%;--awb-spacing-left-small:1.92%;\"><div class=\"fusion-column-wrapper fusion-column-has-shadow fusion-flex-justify-content-flex-start fusion-content-layout-column\"><div class=\"fusion-text fusion-text-1\"><p><strong>Informaci\u00f3n b\u00e1sica sobre protecci\u00f3n de datos:<\/strong><br \/>Responsable: MASIA DE CAN RODA VINYES I VINS S.L.<br \/>Finalidad: La atenci\u00f3n de solicitudes de diversa \u00edndole por parte del Usuario. <br \/>Legitimaci\u00f3n: Consentimiento del interesado. <br \/>Destinatarios: Otras empresas del grupo. Encargados de Tratamiento dentro o fuera de la UE, acogido a \u00abPrivacyShield\u00bb. <br \/>Derechos: Acceder, rectificar y suprimir los datos, as\u00ed como otros derechos.<\/p>\n<p><strong>Informaci\u00f3n adicional:<\/strong><br \/>Las presente Pol\u00edtica de Protecci\u00f3n de datos regula el tratamiento de datos personales facilitados por el Usuario a trav\u00e9s del portal de Internet (en adelante, el \u00abPortal\u00bb) que MASIA CAN RODA VINYES I VINS S.L. pone a disposici\u00f3n de los usuarios de Internet. La presente Pol\u00edtica forma parte integrante del Aviso Legal accesible en todo momento desde el Portal.<\/p>\n<p>El Usuario garantiza que los datos aportados son veraces, exactos, completos y actualizados, siendo responsable de cualquier da\u00f1o o perjuicio, directo o indirecto, que pudiera ocasionar como consecuencia del incumplimiento de esta obligaci\u00f3n. En caso de que los datos aportados pertenecieran a un tercero, el Usuario garantiza que ha informado a dicho tercero de los aspectos contenidos en este documento y obtenido su autorizaci\u00f3n para facilitar sus datos a MASIA CAN RODA VINYES I VINS S.L. para los fines se\u00f1alados.<\/p>\n<p>El Portal puede ofrecer funcionalidades para compartir contenidos a trav\u00e9s de aplicaciones de terceros, como Facebook, Linkedin, Instagram, Google + o Twitter. Estas aplicaciones pueden recoger y tratar informaci\u00f3n relacionada con la navegaci\u00f3n del usuario en los diferentes sitios web. Cualquier informaci\u00f3n personal que se recabada a trav\u00e9s de estas aplicaciones, puede ser utilizada por terceros usuarios de las mismas, y sus interacciones est\u00e1n sometidas a las pol\u00edticas de privacidad de las compa\u00f1\u00edas que facilitan las aplicaciones.<\/p>\n<p>El Portal puede alojar blogs, foros, y otras aplicaciones o servicios de redes sociales con el fin de facilitar el intercambio de conocimiento y contenido. Cualquier informaci\u00f3n personal que se facilite por el usuario puede ser compartida con otros usuarios de este servicio, sobre los que MASIA CAN RODA VINYES I VINS S.L. no tiene ning\u00fan control.<\/p>\n<p>A fin de ofrecer informaci\u00f3n o servicios de inter\u00e9s en funci\u00f3n de la localizaci\u00f3n del Usuario, MASIA CAN RODA VINYES I VINS S.L. podr\u00e1 acceder a datos relativos a la geolocalizaci\u00f3n del dispositivo del Usuario, en aquellos casos en que la configuraci\u00f3n del usuario a efectos as\u00ed lo permita.<\/p>\n<p>A efectos de seguridad t\u00e9cnica y diagn\u00f3stico de sistemas, de manera an\u00f3nima o agregada, MASIA CAN RODA VINYES I VINS S.L. podr\u00e1 registrar la direcci\u00f3n IP (n\u00famero de identificaci\u00f3n de acceso a Internet del dispositivo, que permite a los dispositivos, sistemas y servidores reconocer y comunicarse entre s\u00ed). Esta informaci\u00f3n podr\u00e1 ser tambi\u00e9n utilizada con fines anal\u00edticos de rendimiento web.<\/p>\n<p><strong>\u00bfQui\u00e9n es el responsable del tratamiento de los datos personales del Usuario?<\/strong><\/p>\n<p>Identidad: MASIA CAN RODA VINYES I VINS S.L. es una sociedad espa\u00f1ola inscrita en el Registro Mercantil de Barcelona, \u200b\u200bT. 46271, F.71 Hoja B-514816 Inscripci\u00f3n 2\u00aa <br \/>CIF: B67155390 <br \/>Direcci\u00f3n postal: Av. Piera 69, L2 08107 Martorelles <br \/>Tel\u00e9fono: +34 935 79 44 48 <br \/>Correo electr\u00f3nico: info@cellercanroda.cat<\/p>\n<p><strong>\u00bfCon qu\u00e9 finalidad tratamos los datos personales del Usuario?<\/strong><br \/>MASIA CAN RODA VINYES I VINS S.L. trata la informaci\u00f3n facilitada por el Usuario con el fin de atender las solicitudes de diversa \u00edndole llevadas a cabo por parte de este. En funci\u00f3n de la naturaleza de la solicitud, la finalidad perseguir\u00e1 la gesti\u00f3n de:<\/p>\n<p>\u00b7 Consultas y solicitudes de Usuarios remitidas a trav\u00e9s del formulario de contacto habilitado al efecto. <br \/>\u00b7 Los datos facilitados a trav\u00e9s del formulario de contacto habilitado al efecto. <br \/>\u00b7 La participaci\u00f3n en bloques, mediante comentarios. <br \/>\u00b7 Comunicaciones electr\u00f3nicas de naturaleza informativa, de acuerdo con sus intereses.<\/p>\n<p>MASIA CAN RODA VINYES I VINS S.L. podr\u00e1 elaborar un perfil comercial, con base a la informaci\u00f3n facilitada. No se tomar\u00e1n decisiones automatizadas con base a este perfil.<\/p>\n<p><strong>Informaci\u00f3n sobre el tratamiento de datos para env\u00edo de comunicaciones desde MASIA CAN RODA VINYES I VINS S.L. <\/strong><\/p>\n<p>Los datos empleadas, o facilitados, en las comunicaciones informativas y \/ o promocionales son tratados por MASIA CAN RODA VINYES I VINS S.L. para fines consistentes en el env\u00edo electr\u00f3nico de informaci\u00f3n y comunicaciones sobre servicios, actividades, publicaciones y eventos y profesionales de MASIA CAN RODA VINYES I VINS S.L. o del seguimiento y optimizaci\u00f3n de las campa\u00f1as de marketing realizadas mediante tecnolog\u00edas al efecto; y la elaboraci\u00f3n de perfiles con fines comerciales.<\/p>\n<p>El consentimiento para el env\u00edo de estas comunicaciones podr\u00e1 ser revocado en todo momento en cada una de las comunicaciones recibidas mediante el mecanismo habilitado al efecto.<\/p>\n<p>El criterio de conservaci\u00f3n de los datos tendr\u00e1 base en la manifestaci\u00f3n contraria a el tratamiento por su parte. En todo caso, podr\u00e1 ejercer los derechos de acceso, rectificaci\u00f3n, limitaci\u00f3n, supresi\u00f3n, portabilidad y oposici\u00f3n, dirigiendo su petici\u00f3n a la direcci\u00f3n postal indicada m\u00e1s arriba o bien a trav\u00e9s de correo electr\u00f3nico info@cellercanroda.cat. &lt;\/ P &gt;<br \/><strong>Por cu\u00e1nto tiempo conservaremos los datos personales del Usuario?<\/strong><\/p>\n<p>Con car\u00e1cter general, los datos personales proporcionados se conservar\u00e1n durante el tiempo necesario para atender la solicitud del Usuario o mientras no se solicite su supresi\u00f3n por el Usuario.<\/p>\n<p><strong>\u00bfCu\u00e1l es la legitimaci\u00f3n para el tratamiento de los datos personales del Usuario?<\/strong><\/p>\n<p>La base legal para el tratamiento de los datos es la legitimaci\u00f3n por consentimiento del Usuario.<\/p>\n<p><strong>A qu\u00e9 destinatarios se comunicar\u00e1n los datos personales del Usuario?<\/strong><\/p>\n<p>En aquellos casos en que el Usuario solicite informaci\u00f3n, a trav\u00e9s de la web, sus datos ser\u00e1n facilitados a aquellas empresas espa\u00f1olas afiliadas a la red MASIA CAN RODA VINYES I VINS S.L.<\/p>\n<p>En aquellos casos en que la solicitud del Usuario as\u00ed lo justifique los datos identificativos se pueden facilitar a otras entidades afiliadas a la red MASIA CAN RODA VINYES I VINS S.L., incluidas aquellas ubicadas fuera del Espacio Econ\u00f3mico Europeo, a los meros efectos de atender la solicitud vinculada a pa\u00eds de destino.<\/p>\n<p>Asimismo, los datos podr\u00e1n ser cedidos a administraciones y organismos p\u00fablicos para el cumplimiento de obligaciones directamente exigibles MASIA CAN RODA VINYES I VINS S.L.<\/p>\n<p><strong>\u00bfCu\u00e1les son los derechos del Usuario cuando nos facilita sus datos personales? <\/strong><\/p>\n<p>El Usuario tiene derecho a obtener confirmaci\u00f3n sobre si MASIA CAN RODA VINYES I VINS S.L. trata datos personales que le conciernen, as\u00ed como acceder a sus datos personales, solicitar la rectificaci\u00f3n de los datos inexactos o, en su caso, solicitar su supresi\u00f3n cuando, entre otros motivos, los datos ya no sean necesarios para los fines que fueron recogidas.<\/p>\n<p>En determinadas circunstancias, el Usuario podr\u00e1 solicitar la limitaci\u00f3n del tratamiento de sus datos, en este caso \u00fanicamente se conservar\u00e1n para el ejercicio o la defensa de reclamaciones.<\/p>\n<p>En determinadas circunstancias y por motivos relacionados con su situaci\u00f3n particular, el Usuario podr\u00e1 oponerse a el tratamiento de sus datos. MASIA CAN RODA VINYES I VINS S.L. cesar\u00e1 en el tratamiento de los datos, excepto por motivos leg\u00edtimos imperiosos, o el ejercicio o la defensa de posibles reclamaciones.<\/p>\n<p>El Usuario podr\u00e1 plantear las cuestiones que considere en relaci\u00f3n a la presente Pol\u00edtica as\u00ed como ejercer sus derechos en los t\u00e9rminos legalmente previstos y para ello dirigir una comunicaci\u00f3n mediante correo postal a: MASIA CAN RODA VINYES I VINS S.L., Av. Piera 69, L2 08107 Martorelles o correo electr\u00f3nico a: info@cellercanroda.cat con indicaci\u00f3n de la solicitud correspondiente y acompa\u00f1ado de copia del DNI o documento acreditativo de la identidad.<\/p>\n<p><strong>Condiciones de uso<\/strong><\/p>\n<p>A efectos de lo previsto en la Ley 34\/2002 de 11 de julio de Servicios de la Sociedad de la Informaci\u00f3n y de Comercio Electr\u00f3nico, (en adelante, la LSSICE), se pone en conocimiento del usuario, ( en adelante, el USUARIO), que accede a esta p\u00e1gina web con los dominios, cellercanroda.cat (en adelante, la web), la informaci\u00f3n sobre el prestador del servicio es:<\/p>\n<p>MASIA CAN RODA VINYES I VINS S.L.<br \/>Av. Piera 69, L2 08107 Martorelles <br \/>CIF: B67155390 <br \/>Tel: +34 935 79 44 48 <br \/>info@cellercanroda.cat<\/p>\n<p>Los contenidos, actividades comerciales y servicios prestados a trav\u00e9s de la web est\u00e1n sometidos a los t\u00e9rminos y condiciones previstos en este \u00abAviso Legal\u00bb (en adelante, el AVISO), y cumplen con la vigente legislaci\u00f3n espa\u00f1ola, especialmente, con el mencionada LSSICE, el reglamento RGPD EU 2016\/679 y Ley Org\u00e1nica 3\/2018<\/p>\n<p>El usuario acepta todos los t\u00e9rminos y condiciones recogidos en este AVISO al acceder a la web.<\/p>\n<p>En relaci\u00f3n con las im\u00e1genes de personas que aparecen en la web, MASIA CAN RODA VINYES I VINS S.L. las utiliza respetando el derecho a la propia imagen. Estas im\u00e1genes se utilizan exclusivamente con el fin de componer archivos o videos gr\u00e1ficos, realizados para informar y dar a conocer la actividad de la empresa. En ning\u00fan caso ser\u00e1n utilizados con otros fines ni cedidas a terceros sin la autorizaci\u00f3n correspondiente.<\/p>\n<p><strong>Pol\u00edtica de privacidad y protecci\u00f3n de datos:<\/strong><\/p>\n<p>El suministro de cualquier dato de car\u00e1cter personal a trav\u00e9s de los diferentes formularios de la WEB implica aceptar y consentir expresamente el tratamiento de los mismos en los t\u00e9rminos indicados y los fines descritos.<\/p>\n<p>En cumplimiento del RGPD EU 2016\/679 del Parlamento Europeo y de Consejo del 27 de abril de 2016 relativo a la protecci\u00f3n de las personas f\u00edsicas con respecto a el tratamiento de datos personales ya la libre circulaci\u00f3n de estos datos y el reglamento y normativa vigente en protecci\u00f3n de datos de car\u00e1cter personal, le informamos que:<\/p>\n<p>La finalidad de la recogida y del tratamiento de los datos personales que nos faciliten ser\u00e1 la prestaci\u00f3n de los servicios solicitados.<\/p>\n<p>Los datos que nos facilite estar\u00e1n ubicados en los ficheros de MASIA CAN RODA VINYES I VINS S.L., ubicados dentro de la Uni\u00f3n Europea, garantizando MASIA CAN RODA VINYES I VINS S.L. unos niveles de seguridad adecuados.<\/p>\n<p>La posibilidad de ejercer sus derechos de Informaci\u00f3n, acceso, rectificaci\u00f3n, supresi\u00f3n, oposici\u00f3n, limitaci\u00f3n del tratamiento, portabilidad y no ser objeto de decisiones individualizadas automatizadas, mediante solicitud escrita, dirigida a su domicilio fiscal MASIA CAN RODA VINYES I VINS S.L. situado en:<\/p>\n<p>MASIA CAN RODA VINYES I VINS S.L. <br \/>Av. Piera 69, L2 08107 Martorelles <br \/>CIF: B67155390 <br \/>Tel: +34 935 79 44 48 <br \/>info@cellercanroda.cat<\/p>\n<p>A estos efectos, el interesado deber\u00e1 enviar la comunicaci\u00f3n escrita indicando la petici\u00f3n o derecho que ejercita junto con una copia de su DNI o documento v\u00e1lido en derecho que acredite su identidad, a fin de identificarlo inequ\u00edvocamente .<\/p>\n<p><strong>Derechos de propiedad intelectual: <\/strong><\/p>\n<p>El usuario reconoce y acepta que todos los derechos de propiedad intelectual sobre los contenidos io otros elementos insertados en la Web, tales como marcas, logotipos, nombres comerciales, textos, im\u00e1genes, gr\u00e1ficos, dise\u00f1os, sonidos, bases de datos, entre otros, pertenecen a MASIA CAN RODA VINYES I VINS S.L..<\/p>\n<p>El uso de la Web no confiere al usuario el derecho de alteraci\u00f3n, explotaci\u00f3n, reproducci\u00f3n, distribuci\u00f3n o comunicaci\u00f3n p\u00fablica de sus contenidos.<\/p>\n<p><strong>Responsabilidad:<\/strong><\/p>\n<p>El usuario acepta que el uso de la Web, los contenidos y \/ o los servicios se lleva a cabo bajo su \u00fanica y exclusiva responsabilidad y que MASIA CAN RODA VINYES I VINS S.L. no otorga garant\u00eda alguna sobre la disponibilidad y continuidad del funcionamiento del mismo , ni de los contenidos y \/ o servicios que se incorporan.<\/p>\n<p><strong>Ley aplicable y jurisdicci\u00f3n: <\/strong><\/p>\n<p>Estas condiciones se regir\u00e1n e interpretar\u00e1n de acuerdo con la legislaci\u00f3n espa\u00f1ola. Para la resoluci\u00f3n de todas las controversias o cuestiones relacionadas con el presente sitio web o de las actividades en \u00e9l desarrolladas, ser\u00e1 de aplicaci\u00f3n la legislaci\u00f3n espa\u00f1ola, a la que se someten expresamente las partes, siendo competentes para la resoluci\u00f3n de todos los conflictos derivados o relacionados con su uso los Juzgados y Tribunales de Barcelona. No obstante, ser\u00e1 obligatorio que en caso de conflicto las partes intenten previamente resolver la cuesti\u00f3n de mutuo acuerdo.<\/p>\n<\/div><\/div><\/div><\/div><\/div>\n","protected":false},"excerpt":{"rendered":"","protected":false},"author":2,"featured_media":0,"parent":0,"menu_order":0,"comment_status":"closed","ping_status":"closed","template":"100-width.php","meta":{"_acf_changed":false,"footnotes":""},"class_list":["post-5031","page","type-page","status-publish","hentry"],"acf":[],"yoast_head":"<!-- This site is optimized with the Yoast SEO plugin v27.1.1 - https:\/\/yoast.com\/product\/yoast-seo-wordpress\/ -->\n<title>Aviso legal - Celler Can Roda<\/title>\n<meta name=\"description\" content=\"Aqu\u00ed puedes encontrar m\u00e1s informaci\u00f3n sobre nuestra pol\u00edtica de privacidad y el uso que hacemos de los datos recopilados en nuestra web.\" \/>\n<meta name=\"robots\" content=\"noindex, nofollow\" \/>\n<meta property=\"og:locale\" content=\"es_ES\" \/>\n<meta property=\"og:type\" content=\"article\" \/>\n<meta property=\"og:title\" content=\"Aviso legal - Celler Can Roda\" \/>\n<meta property=\"og:description\" content=\"Aqu\u00ed puedes encontrar m\u00e1s informaci\u00f3n sobre nuestra pol\u00edtica de privacidad y el uso que hacemos de los datos recopilados en nuestra web.\" \/>\n<meta property=\"og:url\" content=\"https:\/\/cellercanroda.cat\/es\/politica-de-privacidad\/\" \/>\n<meta property=\"og:site_name\" content=\"Celler Can Roda\" \/>\n<meta property=\"article:publisher\" content=\"https:\/\/es-es.facebook.com\/CellerCanRoda\" \/>\n<meta property=\"article:modified_time\" content=\"2022-12-27T18:00:22+00:00\" \/>\n<meta name=\"twitter:card\" content=\"summary_large_image\" \/>\n<meta name=\"twitter:label1\" content=\"Tiempo de lectura\" \/>\n\t<meta name=\"twitter:data1\" content=\"13 minutos\" \/>\n<script type=\"application\/ld+json\" class=\"yoast-schema-graph\">{\"@context\":\"https:\/\/schema.org\",\"@graph\":[{\"@type\":\"WebPage\",\"@id\":\"https:\/\/cellercanroda.cat\/es\/politica-de-privacidad\/\",\"url\":\"https:\/\/cellercanroda.cat\/es\/politica-de-privacidad\/\",\"name\":\"Aviso legal - Celler Can Roda\",\"isPartOf\":{\"@id\":\"https:\/\/cellercanroda.cat\/es\/#website\"},\"datePublished\":\"2020-11-28T13:28:15+00:00\",\"dateModified\":\"2022-12-27T18:00:22+00:00\",\"description\":\"Aqu\u00ed puedes encontrar m\u00e1s informaci\u00f3n sobre nuestra pol\u00edtica de privacidad y el uso que hacemos de los datos recopilados en nuestra web.\",\"breadcrumb\":{\"@id\":\"https:\/\/cellercanroda.cat\/es\/politica-de-privacidad\/#breadcrumb\"},\"inLanguage\":\"es\",\"potentialAction\":[{\"@type\":\"ReadAction\",\"target\":[\"https:\/\/cellercanroda.cat\/es\/politica-de-privacidad\/\"]}]},{\"@type\":\"BreadcrumbList\",\"@id\":\"https:\/\/cellercanroda.cat\/es\/politica-de-privacidad\/#breadcrumb\",\"itemListElement\":[{\"@type\":\"ListItem\",\"position\":1,\"name\":\"Inicio\",\"item\":\"https:\/\/cellercanroda.cat\/es\/\"},{\"@type\":\"ListItem\",\"position\":2,\"name\":\"Pol\u00edtica de privacidad\"}]},{\"@type\":\"WebSite\",\"@id\":\"https:\/\/cellercanroda.cat\/es\/#website\",\"url\":\"https:\/\/cellercanroda.cat\/es\/\",\"name\":\"Celler Can Roda\",\"description\":\"Vins DO Alella\",\"publisher\":{\"@id\":\"https:\/\/cellercanroda.cat\/es\/#organization\"},\"potentialAction\":[{\"@type\":\"SearchAction\",\"target\":{\"@type\":\"EntryPoint\",\"urlTemplate\":\"https:\/\/cellercanroda.cat\/es\/?s={search_term_string}\"},\"query-input\":{\"@type\":\"PropertyValueSpecification\",\"valueRequired\":true,\"valueName\":\"search_term_string\"}}],\"inLanguage\":\"es\"},{\"@type\":\"Organization\",\"@id\":\"https:\/\/cellercanroda.cat\/es\/#organization\",\"name\":\"Celler Can Roda\",\"url\":\"https:\/\/cellercanroda.cat\/es\/\",\"logo\":{\"@type\":\"ImageObject\",\"inLanguage\":\"es\",\"@id\":\"https:\/\/cellercanroda.cat\/es\/#\/schema\/logo\/image\/\",\"url\":\"https:\/\/cellercanroda.cat\/wp-content\/uploads\/2020\/09\/canroda_logo-scaled.jpg\",\"contentUrl\":\"https:\/\/cellercanroda.cat\/wp-content\/uploads\/2020\/09\/canroda_logo-scaled.jpg\",\"width\":2560,\"height\":1111,\"caption\":\"Celler Can Roda\"},\"image\":{\"@id\":\"https:\/\/cellercanroda.cat\/es\/#\/schema\/logo\/image\/\"},\"sameAs\":[\"https:\/\/es-es.facebook.com\/CellerCanRoda\",\"https:\/\/www.instagram.com\/cellercanroda\/\",\"https:\/\/www.youtube.com\/channel\/UCMkIFqwRPc-Pk1eMPzADxqA\"]}]}<\/script>\n<!-- \/ Yoast SEO plugin. -->","yoast_head_json":{"title":"Aviso legal - Celler Can Roda","description":"Aqu\u00ed puedes encontrar m\u00e1s informaci\u00f3n sobre nuestra pol\u00edtica de privacidad y el uso que hacemos de los datos recopilados en nuestra web.","robots":{"index":"noindex","follow":"nofollow"},"og_locale":"es_ES","og_type":"article","og_title":"Aviso legal - Celler Can Roda","og_description":"Aqu\u00ed puedes encontrar m\u00e1s informaci\u00f3n sobre nuestra pol\u00edtica de privacidad y el uso que hacemos de los datos recopilados en nuestra web.","og_url":"https:\/\/cellercanroda.cat\/es\/politica-de-privacidad\/","og_site_name":"Celler Can Roda","article_publisher":"https:\/\/es-es.facebook.com\/CellerCanRoda","article_modified_time":"2022-12-27T18:00:22+00:00","twitter_card":"summary_large_image","twitter_misc":{"Tiempo de lectura":"13 minutos"},"schema":{"@context":"https:\/\/schema.org","@graph":[{"@type":"WebPage","@id":"https:\/\/cellercanroda.cat\/es\/politica-de-privacidad\/","url":"https:\/\/cellercanroda.cat\/es\/politica-de-privacidad\/","name":"Aviso legal - Celler Can Roda","isPartOf":{"@id":"https:\/\/cellercanroda.cat\/es\/#website"},"datePublished":"2020-11-28T13:28:15+00:00","dateModified":"2022-12-27T18:00:22+00:00","description":"Aqu\u00ed puedes encontrar m\u00e1s informaci\u00f3n sobre nuestra pol\u00edtica de privacidad y el uso que hacemos de los datos recopilados en nuestra web.","breadcrumb":{"@id":"https:\/\/cellercanroda.cat\/es\/politica-de-privacidad\/#breadcrumb"},"inLanguage":"es","potentialAction":[{"@type":"ReadAction","target":["https:\/\/cellercanroda.cat\/es\/politica-de-privacidad\/"]}]},{"@type":"BreadcrumbList","@id":"https:\/\/cellercanroda.cat\/es\/politica-de-privacidad\/#breadcrumb","itemListElement":[{"@type":"ListItem","position":1,"name":"Inicio","item":"https:\/\/cellercanroda.cat\/es\/"},{"@type":"ListItem","position":2,"name":"Pol\u00edtica de privacidad"}]},{"@type":"WebSite","@id":"https:\/\/cellercanroda.cat\/es\/#website","url":"https:\/\/cellercanroda.cat\/es\/","name":"Celler Can Roda","description":"Vins DO Alella","publisher":{"@id":"https:\/\/cellercanroda.cat\/es\/#organization"},"potentialAction":[{"@type":"SearchAction","target":{"@type":"EntryPoint","urlTemplate":"https:\/\/cellercanroda.cat\/es\/?s={search_term_string}"},"query-input":{"@type":"PropertyValueSpecification","valueRequired":true,"valueName":"search_term_string"}}],"inLanguage":"es"},{"@type":"Organization","@id":"https:\/\/cellercanroda.cat\/es\/#organization","name":"Celler Can Roda","url":"https:\/\/cellercanroda.cat\/es\/","logo":{"@type":"ImageObject","inLanguage":"es","@id":"https:\/\/cellercanroda.cat\/es\/#\/schema\/logo\/image\/","url":"https:\/\/cellercanroda.cat\/wp-content\/uploads\/2020\/09\/canroda_logo-scaled.jpg","contentUrl":"https:\/\/cellercanroda.cat\/wp-content\/uploads\/2020\/09\/canroda_logo-scaled.jpg","width":2560,"height":1111,"caption":"Celler Can Roda"},"image":{"@id":"https:\/\/cellercanroda.cat\/es\/#\/schema\/logo\/image\/"},"sameAs":["https:\/\/es-es.facebook.com\/CellerCanRoda","https:\/\/www.instagram.com\/cellercanroda\/","https:\/\/www.youtube.com\/channel\/UCMkIFqwRPc-Pk1eMPzADxqA"]}]}},"_links":{"self":[{"href":"https:\/\/cellercanroda.cat\/es\/wp-json\/wp\/v2\/pages\/5031","targetHints":{"allow":["GET"]}}],"collection":[{"href":"https:\/\/cellercanroda.cat\/es\/wp-json\/wp\/v2\/pages"}],"about":[{"href":"https:\/\/cellercanroda.cat\/es\/wp-json\/wp\/v2\/types\/page"}],"author":[{"embeddable":true,"href":"https:\/\/cellercanroda.cat\/es\/wp-json\/wp\/v2\/users\/2"}],"replies":[{"embeddable":true,"href":"https:\/\/cellercanroda.cat\/es\/wp-json\/wp\/v2\/comments?post=5031"}],"version-history":[{"count":0,"href":"https:\/\/cellercanroda.cat\/es\/wp-json\/wp\/v2\/pages\/5031\/revisions"}],"wp:attachment":[{"href":"https:\/\/cellercanroda.cat\/es\/wp-json\/wp\/v2\/media?parent=5031"}],"curies":[{"name":"wp","href":"https:\/\/api.w.org\/{rel}","templated":true}]}}