{"id":5028,"date":"2020-11-21T20:17:11","date_gmt":"2020-11-21T19:17:11","guid":{"rendered":"https:\/\/cellercanroda.cat\/ca\/preguntes-frequents\/"},"modified":"2023-08-23T17:45:15","modified_gmt":"2023-08-23T15:45:15","slug":"preguntas-frecuentes","status":"publish","type":"page","link":"https:\/\/cellercanroda.cat\/es\/preguntas-frecuentes\/","title":{"rendered":"Preguntas frecuentes"},"content":{"rendered":"<div class=\"fusion-fullwidth fullwidth-box fusion-builder-row-1 fusion-flex-container nonhundred-percent-fullwidth non-hundred-percent-height-scrolling\" style=\"--awb-border-radius-top-left:0px;--awb-border-radius-top-right:0px;--awb-border-radius-bottom-right:0px;--awb-border-radius-bottom-left:0px;--awb-flex-wrap:wrap;\" ><div class=\"fusion-builder-row fusion-row fusion-flex-align-items-flex-start fusion-flex-content-wrap\" style=\"max-width:1320.8px;margin-left: calc(-4% \/ 2 );margin-right: calc(-4% \/ 2 );\"><div class=\"fusion-layout-column fusion_builder_column fusion-builder-column-0 fusion_builder_column_1_1 1_1 fusion-flex-column\" style=\"--awb-bg-size:cover;--awb-width-large:100%;--awb-margin-top-large:25px;--awb-spacing-right-large:1.92%;--awb-margin-bottom-large:25px;--awb-spacing-left-large:1.92%;--awb-width-medium:100%;--awb-order-medium:0;--awb-spacing-right-medium:1.92%;--awb-spacing-left-medium:1.92%;--awb-width-small:100%;--awb-order-small:0;--awb-spacing-right-small:1.92%;--awb-spacing-left-small:1.92%;\"><div class=\"fusion-column-wrapper fusion-column-has-shadow fusion-flex-justify-content-flex-start fusion-content-layout-column\"><div class=\"fusion-title title fusion-title-1 fusion-sep-none fusion-title-text fusion-title-size-one\" style=\"--awb-margin-top-small:8px;--awb-margin-right-small:0px;--awb-margin-bottom-small:16px;--awb-margin-left-small:0px;\"><h1 class=\"fusion-title-heading title-heading-left fusion-responsive-typography-calculated\" style=\"margin:0;--fontSize:80;line-height:1.2;\">Preguntas frecuentes<\/h1><\/div><\/div><\/div><div class=\"fusion-layout-column fusion_builder_column fusion-builder-column-1 fusion_builder_column_1_1 1_1 fusion-flex-column\" style=\"--awb-bg-size:cover;--awb-width-large:100%;--awb-margin-top-large:25px;--awb-spacing-right-large:1.92%;--awb-margin-bottom-large:25px;--awb-spacing-left-large:1.92%;--awb-width-medium:100%;--awb-order-medium:0;--awb-spacing-right-medium:1.92%;--awb-spacing-left-medium:1.92%;--awb-width-small:100%;--awb-order-small:0;--awb-spacing-right-small:1.92%;--awb-spacing-left-small:1.92%;\"><div class=\"fusion-column-wrapper fusion-column-has-shadow fusion-flex-justify-content-flex-start fusion-content-layout-column\"><div class=\"fusion-text fusion-text-1\"><h3>\u00bfSe aceptan devoluciones?<\/h3>\n<p>En caso de que el producto llegue en mal estado, por favor, contacta con nosotros lo antes posible a trav\u00e9s de nuestro tel\u00e9fono de atenci\u00f3n al cliente 679 19 62 72 o bien por correo a info@cellercanroda.cat.<\/p>\n<\/div><div class=\"fusion-text fusion-text-2\"><h3>\u00bfCu\u00e1ndo llegar\u00e1 mi pedido?<\/h3>\n<p>Una vez hecho el pago, en un m\u00e1ximo de 48 a 72 horas, recibir\u00e1s tu pedido. El producto se entregar\u00e1 a la direcci\u00f3n de env\u00edo especificada en el momento de la compra. Si quieres cambiar la direcci\u00f3n de env\u00edo, ponte en contacto con nosotros.<\/p>\n<\/div><div class=\"fusion-text fusion-text-3\"><h3>\u00bfPuedo venir a buscar mi pedido en la bodega?<\/h3>\n<p> Si quieres venir a buscar tu pedido en la tienda de nuestra bodega, estar\u00e1 disponible 24 horas despu\u00e9s de haber hecho la compra. Deber\u00e1s entregar el comprobante de pago para poder recogerlo. El horario de atenci\u00f3n al cliente es de lunes a viernes de 8.00 a 12.30 y de 14.30 a 18.00. S\u00e1bados de 8.00 a 12.30. Si no te va bien este horario, ponte en contacto con nosotros. <\/p>\n<\/div><div class=\"fusion-text fusion-text-4\"><h3>\u00bfA d\u00f3nde env\u00edais?<\/h3>\n<p> Hacemos entregas en Espa\u00f1a peninsular e Islas Baleares.<\/p>\n<\/div><div class=\"fusion-text fusion-text-5\"><h3>\u00bfCu\u00e1les son los gatos de env\u00edo?<\/h3>\n<p> 5 EUR para compras inferiores a 60 EUR. Para compras superiores a 60 EUR los gastos de env\u00edo son gratuitos.<\/p>\n<\/div><div class=\"fusion-text fusion-text-6\"><h3>\u00bfC\u00f3mo puedo comprar vuestros productos online?<\/h3>\n<p>Escoge el\/los producto\/s que m\u00e1s te guste\/n, a\u00f1\u00e1delos a la cesta de la compra y escoge el m\u00e9todo de pago que te sea m\u00e1s c\u00f3modo. Una vez completada la compra recibir\u00e1s un correo de confirmaci\u00f3n y te llegar\u00e1 el pedido en 2-3 d\u00edas. <\/p>\n<\/div><div class=\"fusion-text fusion-text-7\"><h3>\u00bfPuedo hacer mi pedido por tel\u00e9fono o WhatsApp?<\/h3>\n<p> Ning\u00fan problema, puedes ponerte en contacte con nosotros llamando al 679 19 62 72.<\/p>\n<\/div><div class=\"fusion-text fusion-text-8\"><h3>\u00bfQu\u00e9 m\u00e9todos de pago acept\u00e1is?<\/h3>\n<p>Puedes pagar de forma segura con cualquiera de los m\u00e9todos que ofrecemos. Aceptamos transferencia bancaria, pago con tarjeta y PayPal.<\/p>\n<\/div><div class=\"fusion-text fusion-text-9\"><h3>\u00bfPuedo personalizar mi pedido?<\/h3>\n<p> S\u00ed, si quieres a\u00f1adir alg\u00fan otro producto en el lote, ponte en contacto con nosotros antes de hacer el pedido.<\/p>\n<\/div><div class=\"fusion-text fusion-text-10\"><h3>\u00bfPuedo a\u00f1adir un mensaje o dedicatoria?<\/h3>\n<p> En el proceso de compra encontrar\u00e1s un apartado donde escribir tu mensaje y firmarlo, si quieres. Nosotros nos encargaremos de adjuntar la nota dentro del paquete. <\/p>\n<\/div><div class=\"fusion-text fusion-text-11\"><h3>\u00bfHac\u00e9is factura del pedido?<\/h3>\n<p> Ning\u00fan problema. Ponte en contacto con nosotros y te haremos la factura. <\/p>\n<\/div><div class=\"fusion-text fusion-text-12\"><h3>\u00bfTienes m\u00e1s dudas?<\/h3>\n<p>Contacta con nosotros para cualquier duda antes de hacer tu compra a trav\u00e9s del n\u00famero de tel\u00e9fono o Whatsapp 679196272 o por correo info@cellercanroda.cat.<\/p>\n<\/div><\/div><\/div><\/div><\/div>\n","protected":false},"excerpt":{"rendered":"","protected":false},"author":5,"featured_media":0,"parent":0,"menu_order":0,"comment_status":"closed","ping_status":"closed","template":"100-width.php","meta":{"_acf_changed":false,"footnotes":""},"class_list":["post-5028","page","type-page","status-publish","hentry"],"acf":[],"yoast_head":"<!-- This site is optimized with the Yoast SEO plugin v27.1.1 - https:\/\/yoast.com\/product\/yoast-seo-wordpress\/ -->\n<title>Preguntas frecuentes de compra - Celler Can Roda<\/title>\n<meta name=\"description\" content=\"\u00bfTienes alguna duda a la hora de realizar tu pedido? Aqu\u00ed te respondemos a las preguntas m\u00e1s habituales. Si no encuentras la tuya, \u00a1cont\u00e1ctanos!\" \/>\n<meta name=\"robots\" content=\"index, follow, max-snippet:-1, max-image-preview:large, max-video-preview:-1\" \/>\n<link rel=\"canonical\" href=\"https:\/\/cellercanroda.cat\/es\/preguntas-frecuentes\/\" \/>\n<meta property=\"og:locale\" content=\"es_ES\" \/>\n<meta property=\"og:type\" content=\"article\" \/>\n<meta property=\"og:title\" content=\"Preguntas frecuentes de compra - Celler Can Roda\" \/>\n<meta property=\"og:description\" content=\"\u00bfTienes alguna duda a la hora de realizar tu pedido? Aqu\u00ed te respondemos a las preguntas m\u00e1s habituales. Si no encuentras la tuya, \u00a1cont\u00e1ctanos!\" \/>\n<meta property=\"og:url\" content=\"https:\/\/cellercanroda.cat\/es\/preguntas-frecuentes\/\" \/>\n<meta property=\"og:site_name\" content=\"Celler Can Roda\" \/>\n<meta property=\"article:publisher\" content=\"https:\/\/es-es.facebook.com\/CellerCanRoda\" \/>\n<meta property=\"article:modified_time\" content=\"2023-08-23T15:45:15+00:00\" \/>\n<meta name=\"twitter:card\" content=\"summary_large_image\" \/>\n<meta name=\"twitter:label1\" content=\"Tiempo de lectura\" \/>\n\t<meta name=\"twitter:data1\" content=\"7 minutos\" \/>\n<script type=\"application\/ld+json\" class=\"yoast-schema-graph\">{\"@context\":\"https:\/\/schema.org\",\"@graph\":[{\"@type\":\"WebPage\",\"@id\":\"https:\/\/cellercanroda.cat\/es\/preguntas-frecuentes\/\",\"url\":\"https:\/\/cellercanroda.cat\/es\/preguntas-frecuentes\/\",\"name\":\"Preguntas frecuentes de compra - Celler Can Roda\",\"isPartOf\":{\"@id\":\"https:\/\/cellercanroda.cat\/es\/#website\"},\"datePublished\":\"2020-11-21T19:17:11+00:00\",\"dateModified\":\"2023-08-23T15:45:15+00:00\",\"description\":\"\u00bfTienes alguna duda a la hora de realizar tu pedido? Aqu\u00ed te respondemos a las preguntas m\u00e1s habituales. Si no encuentras la tuya, \u00a1cont\u00e1ctanos!\",\"breadcrumb\":{\"@id\":\"https:\/\/cellercanroda.cat\/es\/preguntas-frecuentes\/#breadcrumb\"},\"inLanguage\":\"es\",\"potentialAction\":[{\"@type\":\"ReadAction\",\"target\":[\"https:\/\/cellercanroda.cat\/es\/preguntas-frecuentes\/\"]}]},{\"@type\":\"BreadcrumbList\",\"@id\":\"https:\/\/cellercanroda.cat\/es\/preguntas-frecuentes\/#breadcrumb\",\"itemListElement\":[{\"@type\":\"ListItem\",\"position\":1,\"name\":\"Inicio\",\"item\":\"https:\/\/cellercanroda.cat\/es\/\"},{\"@type\":\"ListItem\",\"position\":2,\"name\":\"Preguntas frecuentes\"}]},{\"@type\":\"WebSite\",\"@id\":\"https:\/\/cellercanroda.cat\/es\/#website\",\"url\":\"https:\/\/cellercanroda.cat\/es\/\",\"name\":\"Celler Can Roda\",\"description\":\"Vins DO Alella\",\"publisher\":{\"@id\":\"https:\/\/cellercanroda.cat\/es\/#organization\"},\"potentialAction\":[{\"@type\":\"SearchAction\",\"target\":{\"@type\":\"EntryPoint\",\"urlTemplate\":\"https:\/\/cellercanroda.cat\/es\/?s={search_term_string}\"},\"query-input\":{\"@type\":\"PropertyValueSpecification\",\"valueRequired\":true,\"valueName\":\"search_term_string\"}}],\"inLanguage\":\"es\"},{\"@type\":\"Organization\",\"@id\":\"https:\/\/cellercanroda.cat\/es\/#organization\",\"name\":\"Celler Can Roda\",\"url\":\"https:\/\/cellercanroda.cat\/es\/\",\"logo\":{\"@type\":\"ImageObject\",\"inLanguage\":\"es\",\"@id\":\"https:\/\/cellercanroda.cat\/es\/#\/schema\/logo\/image\/\",\"url\":\"https:\/\/cellercanroda.cat\/wp-content\/uploads\/2020\/09\/canroda_logo-scaled.jpg\",\"contentUrl\":\"https:\/\/cellercanroda.cat\/wp-content\/uploads\/2020\/09\/canroda_logo-scaled.jpg\",\"width\":2560,\"height\":1111,\"caption\":\"Celler Can Roda\"},\"image\":{\"@id\":\"https:\/\/cellercanroda.cat\/es\/#\/schema\/logo\/image\/\"},\"sameAs\":[\"https:\/\/es-es.facebook.com\/CellerCanRoda\",\"https:\/\/www.instagram.com\/cellercanroda\/\",\"https:\/\/www.youtube.com\/channel\/UCMkIFqwRPc-Pk1eMPzADxqA\"]}]}<\/script>\n<!-- \/ Yoast SEO plugin. -->","yoast_head_json":{"title":"Preguntas frecuentes de compra - Celler Can Roda","description":"\u00bfTienes alguna duda a la hora de realizar tu pedido? Aqu\u00ed te respondemos a las preguntas m\u00e1s habituales. Si no encuentras la tuya, \u00a1cont\u00e1ctanos!","robots":{"index":"index","follow":"follow","max-snippet":"max-snippet:-1","max-image-preview":"max-image-preview:large","max-video-preview":"max-video-preview:-1"},"canonical":"https:\/\/cellercanroda.cat\/es\/preguntas-frecuentes\/","og_locale":"es_ES","og_type":"article","og_title":"Preguntas frecuentes de compra - Celler Can Roda","og_description":"\u00bfTienes alguna duda a la hora de realizar tu pedido? Aqu\u00ed te respondemos a las preguntas m\u00e1s habituales. Si no encuentras la tuya, \u00a1cont\u00e1ctanos!","og_url":"https:\/\/cellercanroda.cat\/es\/preguntas-frecuentes\/","og_site_name":"Celler Can Roda","article_publisher":"https:\/\/es-es.facebook.com\/CellerCanRoda","article_modified_time":"2023-08-23T15:45:15+00:00","twitter_card":"summary_large_image","twitter_misc":{"Tiempo de lectura":"7 minutos"},"schema":{"@context":"https:\/\/schema.org","@graph":[{"@type":"WebPage","@id":"https:\/\/cellercanroda.cat\/es\/preguntas-frecuentes\/","url":"https:\/\/cellercanroda.cat\/es\/preguntas-frecuentes\/","name":"Preguntas frecuentes de compra - Celler Can Roda","isPartOf":{"@id":"https:\/\/cellercanroda.cat\/es\/#website"},"datePublished":"2020-11-21T19:17:11+00:00","dateModified":"2023-08-23T15:45:15+00:00","description":"\u00bfTienes alguna duda a la hora de realizar tu pedido? Aqu\u00ed te respondemos a las preguntas m\u00e1s habituales. Si no encuentras la tuya, \u00a1cont\u00e1ctanos!","breadcrumb":{"@id":"https:\/\/cellercanroda.cat\/es\/preguntas-frecuentes\/#breadcrumb"},"inLanguage":"es","potentialAction":[{"@type":"ReadAction","target":["https:\/\/cellercanroda.cat\/es\/preguntas-frecuentes\/"]}]},{"@type":"BreadcrumbList","@id":"https:\/\/cellercanroda.cat\/es\/preguntas-frecuentes\/#breadcrumb","itemListElement":[{"@type":"ListItem","position":1,"name":"Inicio","item":"https:\/\/cellercanroda.cat\/es\/"},{"@type":"ListItem","position":2,"name":"Preguntas frecuentes"}]},{"@type":"WebSite","@id":"https:\/\/cellercanroda.cat\/es\/#website","url":"https:\/\/cellercanroda.cat\/es\/","name":"Celler Can Roda","description":"Vins DO Alella","publisher":{"@id":"https:\/\/cellercanroda.cat\/es\/#organization"},"potentialAction":[{"@type":"SearchAction","target":{"@type":"EntryPoint","urlTemplate":"https:\/\/cellercanroda.cat\/es\/?s={search_term_string}"},"query-input":{"@type":"PropertyValueSpecification","valueRequired":true,"valueName":"search_term_string"}}],"inLanguage":"es"},{"@type":"Organization","@id":"https:\/\/cellercanroda.cat\/es\/#organization","name":"Celler Can Roda","url":"https:\/\/cellercanroda.cat\/es\/","logo":{"@type":"ImageObject","inLanguage":"es","@id":"https:\/\/cellercanroda.cat\/es\/#\/schema\/logo\/image\/","url":"https:\/\/cellercanroda.cat\/wp-content\/uploads\/2020\/09\/canroda_logo-scaled.jpg","contentUrl":"https:\/\/cellercanroda.cat\/wp-content\/uploads\/2020\/09\/canroda_logo-scaled.jpg","width":2560,"height":1111,"caption":"Celler Can Roda"},"image":{"@id":"https:\/\/cellercanroda.cat\/es\/#\/schema\/logo\/image\/"},"sameAs":["https:\/\/es-es.facebook.com\/CellerCanRoda","https:\/\/www.instagram.com\/cellercanroda\/","https:\/\/www.youtube.com\/channel\/UCMkIFqwRPc-Pk1eMPzADxqA"]}]}},"_links":{"self":[{"href":"https:\/\/cellercanroda.cat\/es\/wp-json\/wp\/v2\/pages\/5028","targetHints":{"allow":["GET"]}}],"collection":[{"href":"https:\/\/cellercanroda.cat\/es\/wp-json\/wp\/v2\/pages"}],"about":[{"href":"https:\/\/cellercanroda.cat\/es\/wp-json\/wp\/v2\/types\/page"}],"author":[{"embeddable":true,"href":"https:\/\/cellercanroda.cat\/es\/wp-json\/wp\/v2\/users\/5"}],"replies":[{"embeddable":true,"href":"https:\/\/cellercanroda.cat\/es\/wp-json\/wp\/v2\/comments?post=5028"}],"version-history":[{"count":5,"href":"https:\/\/cellercanroda.cat\/es\/wp-json\/wp\/v2\/pages\/5028\/revisions"}],"predecessor-version":[{"id":19805,"href":"https:\/\/cellercanroda.cat\/es\/wp-json\/wp\/v2\/pages\/5028\/revisions\/19805"}],"wp:attachment":[{"href":"https:\/\/cellercanroda.cat\/es\/wp-json\/wp\/v2\/media?parent=5028"}],"curies":[{"name":"wp","href":"https:\/\/api.w.org\/{rel}","templated":true}]}}