{"id":9358,"date":"2021-09-30T13:54:39","date_gmt":"2021-09-30T11:54:39","guid":{"rendered":"https:\/\/cellercanroda.cat\/?post_type=product&#038;p=9358"},"modified":"2023-10-31T11:56:47","modified_gmt":"2023-10-31T10:56:47","slug":"targeta-regal","status":"publish","type":"product","link":"https:\/\/cellercanroda.cat\/ca\/botiga\/experiencies-enologiques\/targeta-regal\/","title":{"rendered":"Targeta regal"},"content":{"rendered":"<div class=\"fusion-fullwidth fullwidth-box fusion-builder-row-1 fusion-flex-container nonhundred-percent-fullwidth non-hundred-percent-height-scrolling\" style=\"--awb-border-radius-top-left:0px;--awb-border-radius-top-right:0px;--awb-border-radius-bottom-right:0px;--awb-border-radius-bottom-left:0px;--awb-flex-wrap:wrap;\" ><div class=\"fusion-builder-row fusion-row fusion-flex-align-items-flex-start fusion-flex-content-wrap\" style=\"max-width:1320.8px;margin-left: calc(-4% \/ 2 );margin-right: calc(-4% \/ 2 );\"><div class=\"fusion-layout-column fusion_builder_column fusion-builder-column-0 fusion_builder_column_1_1 1_1 fusion-flex-column\" style=\"--awb-bg-size:cover;--awb-width-large:100%;--awb-margin-top-large:25px;--awb-spacing-right-large:1.92%;--awb-margin-bottom-large:25px;--awb-spacing-left-large:1.92%;--awb-width-medium:100%;--awb-order-medium:0;--awb-spacing-right-medium:1.92%;--awb-spacing-left-medium:1.92%;--awb-width-small:100%;--awb-order-small:0;--awb-spacing-right-small:1.92%;--awb-spacing-left-small:1.92%;\"><div class=\"fusion-column-wrapper fusion-column-has-shadow fusion-flex-justify-content-flex-start fusion-content-layout-column\"><div class=\"fusion-text fusion-text-1\" style=\"--awb-margin-top:10px;\"><h2>Un regal original i diferent per sorprendre els teus amics, familiars o parella, i que no caduca<\/h2>\n<\/div><div class=\"fusion-text fusion-text-2\"><p>Pots comprar i regalar aquesta targeta regal de Celler Can Roda intercanviable per una experi\u00e8ncia enol\u00f2gica al nostre celler o un lot de vi de la nostra botiga online. La persona a la qual li regalis podr\u00e0 escollir l&#8217;experi\u00e8ncia que m\u00e9s li agradi, el dia i l&#8217;hora que prefereixi, perqu\u00e8 la targeta regal no caduca.<\/p>\n<p>Pots acompanyar la targeta regal regal amb un missatge personalitzat i triar si enviar-lo a la persona a la que li regalis o tu mateix per correu electr\u00f2nic. Rebr\u00e0s un bonic pdf personalitzat amb un codi que podr\u00e0s imprimir tu mateix\/a si prefereixes donar-li-en m\u00e0.<\/p>\n<h2>Quant costa?<\/h2>\n<p>Tu decideixes. Regalar\u00e0s una targeta regal que es pot canviar per qualsevol experi\u00e8ncia. En funci\u00f3 de l&#8217;import de la targeta regal, l&#8217;altra persona podr\u00e0 escollir entre una o altra.<br \/>\nSi la persona a qui regales vol una experi\u00e8ncia m\u00e9s cara, pot pagar la difer\u00e8ncia.<br \/>\nSi tria una experi\u00e8ncia m\u00e9s barata, pot utilitzar el restant per a un altre esdeveniment o per venir acompanyat, abonant la difer\u00e8ncia, o comprar el lot de vins que prefereixi de la botiga en l\u00ednia.<br \/>\nNosaltres recomanem que la targeta regal tingui un valor d&#8217;uns 50-60\u20ac perqu\u00e8 aquest \u00e9s el preu mitj\u00e0 de les nostres experi\u00e8ncies per a dues persones, per\u00f2 si vols que faci activitats m\u00e9s exclusives, com el nostre sopar amb maridatge, haur\u00e0s de fer una targeta regal d&#8217;uns 100\u20ac.<\/p>\n<h2>Puc regalar una experi\u00e8ncia concreta?<\/h2>\n<p>S\u00ed, si vols pots regalar una experi\u00e8ncia concreta que tu escullis entre les que tenim disponibles al calendari de la nostra web. Per a aix\u00f2, haur\u00e0s de fer la reserva de l&#8217;experi\u00e8ncia directament i escollir el dia i l&#8217;hora que vulguis regalar. Autom\u00e0ticament t&#8217;arribar\u00e0 al teu mail la reserva perqu\u00e8 puguis imprimir-la i regalar. De totes maneres, com mai saps els horaris i agenda de les persones del teu voltant, et recomanem que regalis una targeta regal online oberta i que sigui l&#8217;altra persona la que tri\u00ef. Recorda que els cupons no caduquen.<\/p>\n<h2>Puc regalar una targeta regal online per a diverses persones?<\/h2>\n<p>S\u00ed, el que regalar\u00e0s \u00e9s una targeta-regal que es pot canviar per les nostres experi\u00e8ncies, com si fos una guardiola. Si vols regalar una experi\u00e8ncia per a dues persones, simplement fes una targeta de major import, per exemple 60 \u20ac, o 90 \u20ac, si voleu venir 3&#8230; o m\u00e9s quantitat si voleu ser diverses persones o vols que la persona a qui li facis el regal pugui escollir diverses experi\u00e8ncies enol\u00f2giques i productes de la botiga online.<\/p>\n<h2>Com compro una targeta regal online?<\/h2>\n<p>1. REALITZES LA COMPRA DE LA TARGETA REGAL: Omple el formulari de dalt i fas el pagament online. Si tens qualsevol dubte contacta amb nosaltres.<br \/>\n2. REPS LA TARGETA REGAL: rebr\u00e0s la targeta regal immediatament per e-mail i pots imprimir-la o enviar-la a la persona que vulguis.<\/p>\n<h2>Com faig el pagament?<\/h2>\n<p>Podr\u00e0s fer el pagament directament a la web amb targeta de cr\u00e8dit o transfer\u00e8ncies banc\u00e0ria. Et recomanem que ho encarreguis online perqu\u00e8 \u00e9s molt m\u00e9s r\u00e0pid. Aix\u00ed no et farem esperar!<\/p>\n<h2>Com pot utilitzar la targeta regal la persona que el rep?<\/h2>\n<p>Un cop la persona afortunada hagi rebut la targeta regal, ja sigui perqu\u00e8 l&#8217;has impr\u00e8s o perqu\u00e8 li has enviat per correu electr\u00f2nic, ell\/ella haur\u00e0 d&#8217;entrar a la nostra botiga online i triar l&#8217;experi\u00e8ncia que m\u00e9s li agradi. Un cop s\u00e0piga quina, haur\u00e0 de triar el dia i l&#8217;hora que prefereixi i afegir-lo a la cistella de la compra.<br \/>\nUn cop la tingui en la cistella de la compra i vagi a pagar-la, haur\u00e0 d&#8217;indicar el codi adjunt a la targeta en el camp indicat. Veur\u00e0 immediatament com se li descompta l&#8217;import de la targeta.<\/p>\n<p>Si la targeta regal online que ha rebut t\u00e9 un valor de 50 \u20ac i reserva una experi\u00e8ncia per a 2 persones de valor de 50 \u20ac, el resultat a pagar ser\u00e0 0 \u20ac. Haur\u00e0 de fer tot el proc\u00e9s fins a veure la p\u00e0gina de confirmaci\u00f3 de reserva.<\/p>\n<\/div><\/div><\/div><\/div><\/div>\n","protected":false},"excerpt":{"rendered":"","protected":false},"featured_media":9411,"template":"","meta":{"_acf_changed":false},"product_brand":[],"product_cat":[88],"product_tag":[],"giftcard-category":[120],"class_list":{"0":"post-9358","1":"product","2":"type-product","3":"status-publish","4":"has-post-thumbnail","6":"product_cat-experiencies-enologiques","7":"giftcard-category-can-roda","9":"first","10":"instock","11":"virtual","12":"taxable","13":"purchasable","14":"product-type-gift-card"},"acf":[],"yoast_head":"<!-- This site is optimized with the Yoast SEO plugin v27.1.1 - https:\/\/yoast.com\/product\/yoast-seo-wordpress\/ -->\n<title>Targeta regal online - Celler Can Roda<\/title>\n<meta name=\"description\" content=\"Regala una experiencia entre vinyes inolvidable amb aquesta targeta regal. Per Nadal, aniversaris, agra\u00efments... aquest \u00e9s el regal perfecte!\" \/>\n<meta name=\"robots\" content=\"index, follow, max-snippet:-1, max-image-preview:large, max-video-preview:-1\" \/>\n<link rel=\"canonical\" href=\"https:\/\/cellercanroda.cat\/ca\/botiga\/experiencies-enologiques\/targeta-regal\/\" \/>\n<meta property=\"og:locale\" content=\"ca_ES\" \/>\n<meta property=\"og:type\" content=\"article\" \/>\n<meta property=\"og:title\" content=\"Targeta regal online - Celler Can Roda\" \/>\n<meta property=\"og:description\" content=\"Regala una experiencia entre vinyes inolvidable amb aquesta targeta regal. Per Nadal, aniversaris, agra\u00efments... aquest \u00e9s el regal perfecte!\" \/>\n<meta property=\"og:url\" content=\"https:\/\/cellercanroda.cat\/ca\/botiga\/experiencies-enologiques\/targeta-regal\/\" \/>\n<meta property=\"og:site_name\" content=\"Celler Can Roda\" \/>\n<meta property=\"article:publisher\" content=\"https:\/\/es-es.facebook.com\/CellerCanRoda\" \/>\n<meta property=\"article:modified_time\" content=\"2023-10-31T10:56:47+00:00\" \/>\n<meta property=\"og:image\" content=\"https:\/\/cellercanroda.cat\/wp-content\/uploads\/2021\/09\/Targeta-regal-Can-Roda-1.jpg\" \/>\n\t<meta property=\"og:image:width\" content=\"1800\" \/>\n\t<meta property=\"og:image:height\" content=\"1200\" \/>\n\t<meta property=\"og:image:type\" content=\"image\/jpeg\" \/>\n<meta name=\"twitter:card\" content=\"summary_large_image\" \/>\n<meta name=\"twitter:label1\" content=\"Temps estimat de lectura\" \/>\n\t<meta name=\"twitter:data1\" content=\"5 minuts\" \/>\n<script type=\"application\/ld+json\" class=\"yoast-schema-graph\">{\"@context\":\"https:\/\/schema.org\",\"@graph\":[{\"@type\":\"WebPage\",\"@id\":\"https:\/\/cellercanroda.cat\/ca\/botiga\/experiencies-enologiques\/targeta-regal\/\",\"url\":\"https:\/\/cellercanroda.cat\/ca\/botiga\/experiencies-enologiques\/targeta-regal\/\",\"name\":\"Targeta regal online - Celler Can Roda\",\"isPartOf\":{\"@id\":\"https:\/\/cellercanroda.cat\/ca\/#website\"},\"primaryImageOfPage\":{\"@id\":\"https:\/\/cellercanroda.cat\/ca\/botiga\/experiencies-enologiques\/targeta-regal\/#primaryimage\"},\"image\":{\"@id\":\"https:\/\/cellercanroda.cat\/ca\/botiga\/experiencies-enologiques\/targeta-regal\/#primaryimage\"},\"thumbnailUrl\":\"https:\/\/cellercanroda.cat\/wp-content\/uploads\/2021\/09\/Targeta-regal-Can-Roda-1.jpg\",\"datePublished\":\"2021-09-30T11:54:39+00:00\",\"dateModified\":\"2023-10-31T10:56:47+00:00\",\"description\":\"Regala una experiencia entre vinyes inolvidable amb aquesta targeta regal. Per Nadal, aniversaris, agra\u00efments... aquest \u00e9s el regal perfecte!\",\"breadcrumb\":{\"@id\":\"https:\/\/cellercanroda.cat\/ca\/botiga\/experiencies-enologiques\/targeta-regal\/#breadcrumb\"},\"inLanguage\":\"ca\",\"potentialAction\":[{\"@type\":\"ReadAction\",\"target\":[\"https:\/\/cellercanroda.cat\/ca\/botiga\/experiencies-enologiques\/targeta-regal\/\"]}]},{\"@type\":\"ImageObject\",\"inLanguage\":\"ca\",\"@id\":\"https:\/\/cellercanroda.cat\/ca\/botiga\/experiencies-enologiques\/targeta-regal\/#primaryimage\",\"url\":\"https:\/\/cellercanroda.cat\/wp-content\/uploads\/2021\/09\/Targeta-regal-Can-Roda-1.jpg\",\"contentUrl\":\"https:\/\/cellercanroda.cat\/wp-content\/uploads\/2021\/09\/Targeta-regal-Can-Roda-1.jpg\",\"width\":1800,\"height\":1200,\"caption\":\"Targeta regal Can Roda\"},{\"@type\":\"BreadcrumbList\",\"@id\":\"https:\/\/cellercanroda.cat\/ca\/botiga\/experiencies-enologiques\/targeta-regal\/#breadcrumb\",\"itemListElement\":[{\"@type\":\"ListItem\",\"position\":1,\"name\":\"Inicio\",\"item\":\"https:\/\/cellercanroda.cat\/ca\/\"},{\"@type\":\"ListItem\",\"position\":2,\"name\":\"Botiga\",\"item\":\"https:\/\/cellercanroda.cat\/ca\/botiga\/\"},{\"@type\":\"ListItem\",\"position\":3,\"name\":\"Targeta regal\"}]},{\"@type\":\"WebSite\",\"@id\":\"https:\/\/cellercanroda.cat\/ca\/#website\",\"url\":\"https:\/\/cellercanroda.cat\/ca\/\",\"name\":\"Celler Can Roda\",\"description\":\"Vins DO Alella\",\"publisher\":{\"@id\":\"https:\/\/cellercanroda.cat\/ca\/#organization\"},\"potentialAction\":[{\"@type\":\"SearchAction\",\"target\":{\"@type\":\"EntryPoint\",\"urlTemplate\":\"https:\/\/cellercanroda.cat\/ca\/?s={search_term_string}\"},\"query-input\":{\"@type\":\"PropertyValueSpecification\",\"valueRequired\":true,\"valueName\":\"search_term_string\"}}],\"inLanguage\":\"ca\"},{\"@type\":\"Organization\",\"@id\":\"https:\/\/cellercanroda.cat\/ca\/#organization\",\"name\":\"Celler Can Roda\",\"url\":\"https:\/\/cellercanroda.cat\/ca\/\",\"logo\":{\"@type\":\"ImageObject\",\"inLanguage\":\"ca\",\"@id\":\"https:\/\/cellercanroda.cat\/ca\/#\/schema\/logo\/image\/\",\"url\":\"https:\/\/cellercanroda.cat\/wp-content\/uploads\/2020\/09\/canroda_logo-scaled.jpg\",\"contentUrl\":\"https:\/\/cellercanroda.cat\/wp-content\/uploads\/2020\/09\/canroda_logo-scaled.jpg\",\"width\":2560,\"height\":1111,\"caption\":\"Celler Can Roda\"},\"image\":{\"@id\":\"https:\/\/cellercanroda.cat\/ca\/#\/schema\/logo\/image\/\"},\"sameAs\":[\"https:\/\/es-es.facebook.com\/CellerCanRoda\",\"https:\/\/www.instagram.com\/cellercanroda\/\",\"https:\/\/www.youtube.com\/channel\/UCMkIFqwRPc-Pk1eMPzADxqA\"]}]}<\/script>\n<!-- \/ Yoast SEO plugin. -->","yoast_head_json":{"title":"Targeta regal online - Celler Can Roda","description":"Regala una experiencia entre vinyes inolvidable amb aquesta targeta regal. Per Nadal, aniversaris, agra\u00efments... aquest \u00e9s el regal perfecte!","robots":{"index":"index","follow":"follow","max-snippet":"max-snippet:-1","max-image-preview":"max-image-preview:large","max-video-preview":"max-video-preview:-1"},"canonical":"https:\/\/cellercanroda.cat\/ca\/botiga\/experiencies-enologiques\/targeta-regal\/","og_locale":"ca_ES","og_type":"article","og_title":"Targeta regal online - Celler Can Roda","og_description":"Regala una experiencia entre vinyes inolvidable amb aquesta targeta regal. Per Nadal, aniversaris, agra\u00efments... aquest \u00e9s el regal perfecte!","og_url":"https:\/\/cellercanroda.cat\/ca\/botiga\/experiencies-enologiques\/targeta-regal\/","og_site_name":"Celler Can Roda","article_publisher":"https:\/\/es-es.facebook.com\/CellerCanRoda","article_modified_time":"2023-10-31T10:56:47+00:00","og_image":[{"width":1800,"height":1200,"url":"https:\/\/cellercanroda.cat\/wp-content\/uploads\/2021\/09\/Targeta-regal-Can-Roda-1.jpg","type":"image\/jpeg"}],"twitter_card":"summary_large_image","twitter_misc":{"Temps estimat de lectura":"5 minuts"},"schema":{"@context":"https:\/\/schema.org","@graph":[{"@type":"WebPage","@id":"https:\/\/cellercanroda.cat\/ca\/botiga\/experiencies-enologiques\/targeta-regal\/","url":"https:\/\/cellercanroda.cat\/ca\/botiga\/experiencies-enologiques\/targeta-regal\/","name":"Targeta regal online - Celler Can Roda","isPartOf":{"@id":"https:\/\/cellercanroda.cat\/ca\/#website"},"primaryImageOfPage":{"@id":"https:\/\/cellercanroda.cat\/ca\/botiga\/experiencies-enologiques\/targeta-regal\/#primaryimage"},"image":{"@id":"https:\/\/cellercanroda.cat\/ca\/botiga\/experiencies-enologiques\/targeta-regal\/#primaryimage"},"thumbnailUrl":"https:\/\/cellercanroda.cat\/wp-content\/uploads\/2021\/09\/Targeta-regal-Can-Roda-1.jpg","datePublished":"2021-09-30T11:54:39+00:00","dateModified":"2023-10-31T10:56:47+00:00","description":"Regala una experiencia entre vinyes inolvidable amb aquesta targeta regal. Per Nadal, aniversaris, agra\u00efments... aquest \u00e9s el regal perfecte!","breadcrumb":{"@id":"https:\/\/cellercanroda.cat\/ca\/botiga\/experiencies-enologiques\/targeta-regal\/#breadcrumb"},"inLanguage":"ca","potentialAction":[{"@type":"ReadAction","target":["https:\/\/cellercanroda.cat\/ca\/botiga\/experiencies-enologiques\/targeta-regal\/"]}]},{"@type":"ImageObject","inLanguage":"ca","@id":"https:\/\/cellercanroda.cat\/ca\/botiga\/experiencies-enologiques\/targeta-regal\/#primaryimage","url":"https:\/\/cellercanroda.cat\/wp-content\/uploads\/2021\/09\/Targeta-regal-Can-Roda-1.jpg","contentUrl":"https:\/\/cellercanroda.cat\/wp-content\/uploads\/2021\/09\/Targeta-regal-Can-Roda-1.jpg","width":1800,"height":1200,"caption":"Targeta regal Can Roda"},{"@type":"BreadcrumbList","@id":"https:\/\/cellercanroda.cat\/ca\/botiga\/experiencies-enologiques\/targeta-regal\/#breadcrumb","itemListElement":[{"@type":"ListItem","position":1,"name":"Inicio","item":"https:\/\/cellercanroda.cat\/ca\/"},{"@type":"ListItem","position":2,"name":"Botiga","item":"https:\/\/cellercanroda.cat\/ca\/botiga\/"},{"@type":"ListItem","position":3,"name":"Targeta regal"}]},{"@type":"WebSite","@id":"https:\/\/cellercanroda.cat\/ca\/#website","url":"https:\/\/cellercanroda.cat\/ca\/","name":"Celler Can Roda","description":"Vins DO Alella","publisher":{"@id":"https:\/\/cellercanroda.cat\/ca\/#organization"},"potentialAction":[{"@type":"SearchAction","target":{"@type":"EntryPoint","urlTemplate":"https:\/\/cellercanroda.cat\/ca\/?s={search_term_string}"},"query-input":{"@type":"PropertyValueSpecification","valueRequired":true,"valueName":"search_term_string"}}],"inLanguage":"ca"},{"@type":"Organization","@id":"https:\/\/cellercanroda.cat\/ca\/#organization","name":"Celler Can Roda","url":"https:\/\/cellercanroda.cat\/ca\/","logo":{"@type":"ImageObject","inLanguage":"ca","@id":"https:\/\/cellercanroda.cat\/ca\/#\/schema\/logo\/image\/","url":"https:\/\/cellercanroda.cat\/wp-content\/uploads\/2020\/09\/canroda_logo-scaled.jpg","contentUrl":"https:\/\/cellercanroda.cat\/wp-content\/uploads\/2020\/09\/canroda_logo-scaled.jpg","width":2560,"height":1111,"caption":"Celler Can Roda"},"image":{"@id":"https:\/\/cellercanroda.cat\/ca\/#\/schema\/logo\/image\/"},"sameAs":["https:\/\/es-es.facebook.com\/CellerCanRoda","https:\/\/www.instagram.com\/cellercanroda\/","https:\/\/www.youtube.com\/channel\/UCMkIFqwRPc-Pk1eMPzADxqA"]}]}},"_links":{"self":[{"href":"https:\/\/cellercanroda.cat\/ca\/wp-json\/wp\/v2\/product\/9358","targetHints":{"allow":["GET"]}}],"collection":[{"href":"https:\/\/cellercanroda.cat\/ca\/wp-json\/wp\/v2\/product"}],"about":[{"href":"https:\/\/cellercanroda.cat\/ca\/wp-json\/wp\/v2\/types\/product"}],"wp:featuredmedia":[{"embeddable":true,"href":"https:\/\/cellercanroda.cat\/ca\/wp-json\/wp\/v2\/media\/9411"}],"wp:attachment":[{"href":"https:\/\/cellercanroda.cat\/ca\/wp-json\/wp\/v2\/media?parent=9358"}],"wp:term":[{"taxonomy":"product_brand","embeddable":true,"href":"https:\/\/cellercanroda.cat\/ca\/wp-json\/wp\/v2\/product_brand?post=9358"},{"taxonomy":"product_cat","embeddable":true,"href":"https:\/\/cellercanroda.cat\/ca\/wp-json\/wp\/v2\/product_cat?post=9358"},{"taxonomy":"product_tag","embeddable":true,"href":"https:\/\/cellercanroda.cat\/ca\/wp-json\/wp\/v2\/product_tag?post=9358"},{"taxonomy":"giftcard-category","embeddable":true,"href":"https:\/\/cellercanroda.cat\/ca\/wp-json\/wp\/v2\/giftcard-category?post=9358"}],"curies":[{"name":"wp","href":"https:\/\/api.w.org\/{rel}","templated":true}]}}