{"id":9333,"date":"2021-10-01T20:48:07","date_gmt":"2021-10-01T18:48:07","guid":{"rendered":"https:\/\/cellercanroda.cat\/?post_type=product&#038;p=9333"},"modified":"2025-10-06T11:33:51","modified_gmt":"2025-10-06T09:33:51","slug":"tast-de-vins-i-xocolates","status":"publish","type":"product","link":"https:\/\/cellercanroda.cat\/ca\/botiga\/experiencies-enologiques\/tast-de-vins-i-xocolates\/","title":{"rendered":"Tast de vins i xocolates"},"content":{"rendered":"","protected":false},"excerpt":{"rendered":"<p>Endinsa&#8217;t en el m\u00f3n del cacau i apr\u00e9n sobre l&#8217;origen, el proc\u00e9s d&#8217;elaboraci\u00f3 de la xocolata, i els diferents formats que podem trobar. A m\u00e9s a m\u00e9s, durant el tast comentat maridarem diferents xocolates amb els nostres vins m\u00e9s especials. Descobrir\u00e0s una gran varietat de notes i matissos nous!<\/p>\n<p>Podr\u00e0s resisistir-te a no probar l&#8217;experi\u00e8ncia m\u00e9s dol\u00e7a del celler?<\/p>\n<p>L&#8217;activitat inclou:<br \/>\n[fusion_checklist icon=\"fa-asterisk fas\" iconcolor=\"\" circle=\"\" circlecolor=\"\" size=\"16px\" divider=\"\" divider_color=\"\" hide_on_mobile=\"small-visibility,medium-visibility,large-visibility\" class=\"\" id=\"\"] [fusion_li_item icon=\"fa-wine-bottle fas\"]Visita del celler[\/fusion_li_item][fusion_li_item icon=\"fa-seedling fas\"]Passeig per les vinyes[\/fusion_li_item][fusion_li_item icon=\"fa-wine-glass-alt fas\"]Introducci\u00f3 al m\u00f3n de les xocolates (origen, elaboraci\u00f3, formats)[\/fusion_li_item][fusion_li_item icon=\"fa-wine-glass-alt fas\"]Tast comentat de quatre dels nostres vins amb quatre xocolates d\u2019excel\u00b7lent qualitat[\/fusion_li_item][\/fusion_checklist][fusion_separator style_type=\"default\" flex_grow=\"0\" alignment=\"center\" border_size=\"\" sep_color=\"\" icon=\"\" icon_size=\"\" icon_color=\"\" icon_circle=\"\" icon_circle_color=\"\" hide_on_mobile=\"small-visibility,medium-visibility,large-visibility\" sticky_display=\"normal,sticky\" class=\"\" id=\"\" top_margin=\"10px\" bottom_margin=\"10px\" \/]<\/p>\n<p><strong>Dia:<\/strong> Consulta el calendari a continuaci\u00f3<br \/>\n<strong>Horari:<\/strong> 11h<br \/>\n<strong>Durada:<\/strong> 2 hores<br \/>\n<strong>Preus:<\/strong> Adult\/s: 38\u20ac \u2013 Menor\/s (10-18 anys): 25\u20ac \u2013 Menor\/s (&lt;10 anys): 0\u20ac<\/p>\n<p>Entrades limitades!<\/p>\n","protected":false},"featured_media":32033,"template":"","meta":{"_acf_changed":false},"product_brand":[],"product_cat":[88],"product_tag":[],"giftcard-category":[],"class_list":{"0":"post-9333","1":"product","2":"type-product","3":"status-publish","4":"has-post-thumbnail","6":"product_cat-experiencies-enologiques","8":"first","9":"instock","10":"featured","11":"virtual","12":"sold-individually","13":"taxable","14":"purchasable","15":"product-type-phive_booking"},"acf":[],"yoast_head":"<!-- This site is optimized with the Yoast SEO plugin v27.1.1 - https:\/\/yoast.com\/product\/yoast-seo-wordpress\/ -->\n<title>Tast de vins i xocolates - Celler Can Roda<\/title>\n<meta name=\"description\" content=\"Participa en el nostre tast de vins i xocolates i descobreix nous sabors i matissos que no havies degustat abans. Reserva ara!\" \/>\n<meta name=\"robots\" content=\"index, follow, max-snippet:-1, max-image-preview:large, max-video-preview:-1\" \/>\n<link rel=\"canonical\" href=\"https:\/\/cellercanroda.cat\/ca\/botiga\/experiencies-enologiques\/tast-de-vins-i-xocolates\/\" \/>\n<meta property=\"og:locale\" content=\"ca_ES\" \/>\n<meta property=\"og:type\" content=\"article\" \/>\n<meta property=\"og:title\" content=\"Tast de vins i xocolates - Celler Can Roda\" \/>\n<meta property=\"og:description\" content=\"Participa en el nostre tast de vins i xocolates i descobreix nous sabors i matissos que no havies degustat abans. Reserva ara!\" \/>\n<meta property=\"og:url\" content=\"https:\/\/cellercanroda.cat\/ca\/botiga\/experiencies-enologiques\/tast-de-vins-i-xocolates\/\" \/>\n<meta property=\"og:site_name\" content=\"Celler Can Roda\" \/>\n<meta property=\"article:publisher\" content=\"https:\/\/es-es.facebook.com\/CellerCanRoda\" \/>\n<meta property=\"article:modified_time\" content=\"2025-10-06T09:33:51+00:00\" \/>\n<meta property=\"og:image\" content=\"https:\/\/cellercanroda.cat\/wp-content\/uploads\/2021\/10\/Can-Roda-Tast-vins-i-xocolates.webp\" \/>\n\t<meta property=\"og:image:width\" content=\"1067\" \/>\n\t<meta property=\"og:image:height\" content=\"1600\" \/>\n\t<meta property=\"og:image:type\" content=\"image\/webp\" \/>\n<meta name=\"twitter:card\" content=\"summary_large_image\" \/>\n<meta name=\"twitter:label1\" content=\"Temps estimat de lectura\" \/>\n\t<meta name=\"twitter:data1\" content=\"1 minut\" \/>\n<script type=\"application\/ld+json\" class=\"yoast-schema-graph\">{\"@context\":\"https:\/\/schema.org\",\"@graph\":[{\"@type\":\"WebPage\",\"@id\":\"https:\/\/cellercanroda.cat\/ca\/botiga\/experiencies-enologiques\/tast-de-vins-i-xocolates\/\",\"url\":\"https:\/\/cellercanroda.cat\/ca\/botiga\/experiencies-enologiques\/tast-de-vins-i-xocolates\/\",\"name\":\"Tast de vins i xocolates - Celler Can Roda\",\"isPartOf\":{\"@id\":\"https:\/\/cellercanroda.cat\/ca\/#website\"},\"primaryImageOfPage\":{\"@id\":\"https:\/\/cellercanroda.cat\/ca\/botiga\/experiencies-enologiques\/tast-de-vins-i-xocolates\/#primaryimage\"},\"image\":{\"@id\":\"https:\/\/cellercanroda.cat\/ca\/botiga\/experiencies-enologiques\/tast-de-vins-i-xocolates\/#primaryimage\"},\"thumbnailUrl\":\"https:\/\/cellercanroda.cat\/wp-content\/uploads\/2021\/10\/Can-Roda-Tast-vins-i-xocolates.webp\",\"datePublished\":\"2021-10-01T18:48:07+00:00\",\"dateModified\":\"2025-10-06T09:33:51+00:00\",\"description\":\"Participa en el nostre tast de vins i xocolates i descobreix nous sabors i matissos que no havies degustat abans. Reserva ara!\",\"breadcrumb\":{\"@id\":\"https:\/\/cellercanroda.cat\/ca\/botiga\/experiencies-enologiques\/tast-de-vins-i-xocolates\/#breadcrumb\"},\"inLanguage\":\"ca\",\"potentialAction\":[{\"@type\":\"ReadAction\",\"target\":[\"https:\/\/cellercanroda.cat\/ca\/botiga\/experiencies-enologiques\/tast-de-vins-i-xocolates\/\"]}]},{\"@type\":\"ImageObject\",\"inLanguage\":\"ca\",\"@id\":\"https:\/\/cellercanroda.cat\/ca\/botiga\/experiencies-enologiques\/tast-de-vins-i-xocolates\/#primaryimage\",\"url\":\"https:\/\/cellercanroda.cat\/wp-content\/uploads\/2021\/10\/Can-Roda-Tast-vins-i-xocolates.webp\",\"contentUrl\":\"https:\/\/cellercanroda.cat\/wp-content\/uploads\/2021\/10\/Can-Roda-Tast-vins-i-xocolates.webp\",\"width\":1067,\"height\":1600,\"caption\":\"Tast vins i xocolates\"},{\"@type\":\"BreadcrumbList\",\"@id\":\"https:\/\/cellercanroda.cat\/ca\/botiga\/experiencies-enologiques\/tast-de-vins-i-xocolates\/#breadcrumb\",\"itemListElement\":[{\"@type\":\"ListItem\",\"position\":1,\"name\":\"Home\",\"item\":\"https:\/\/cellercanroda.cat\/ca\/\"},{\"@type\":\"ListItem\",\"position\":2,\"name\":\"Botiga\",\"item\":\"https:\/\/cellercanroda.cat\/ca\/botiga\/\"},{\"@type\":\"ListItem\",\"position\":3,\"name\":\"Tast de vins i xocolates\"}]},{\"@type\":\"WebSite\",\"@id\":\"https:\/\/cellercanroda.cat\/ca\/#website\",\"url\":\"https:\/\/cellercanroda.cat\/ca\/\",\"name\":\"Celler Can Roda\",\"description\":\"Vins DO Alella\",\"publisher\":{\"@id\":\"https:\/\/cellercanroda.cat\/ca\/#organization\"},\"potentialAction\":[{\"@type\":\"SearchAction\",\"target\":{\"@type\":\"EntryPoint\",\"urlTemplate\":\"https:\/\/cellercanroda.cat\/ca\/?s={search_term_string}\"},\"query-input\":{\"@type\":\"PropertyValueSpecification\",\"valueRequired\":true,\"valueName\":\"search_term_string\"}}],\"inLanguage\":\"ca\"},{\"@type\":\"Organization\",\"@id\":\"https:\/\/cellercanroda.cat\/ca\/#organization\",\"name\":\"Celler Can Roda\",\"url\":\"https:\/\/cellercanroda.cat\/ca\/\",\"logo\":{\"@type\":\"ImageObject\",\"inLanguage\":\"ca\",\"@id\":\"https:\/\/cellercanroda.cat\/ca\/#\/schema\/logo\/image\/\",\"url\":\"https:\/\/cellercanroda.cat\/wp-content\/uploads\/2020\/09\/canroda_logo-scaled.jpg\",\"contentUrl\":\"https:\/\/cellercanroda.cat\/wp-content\/uploads\/2020\/09\/canroda_logo-scaled.jpg\",\"width\":2560,\"height\":1111,\"caption\":\"Celler Can Roda\"},\"image\":{\"@id\":\"https:\/\/cellercanroda.cat\/ca\/#\/schema\/logo\/image\/\"},\"sameAs\":[\"https:\/\/es-es.facebook.com\/CellerCanRoda\",\"https:\/\/www.instagram.com\/cellercanroda\/\",\"https:\/\/www.youtube.com\/channel\/UCMkIFqwRPc-Pk1eMPzADxqA\"]}]}<\/script>\n<!-- \/ Yoast SEO plugin. -->","yoast_head_json":{"title":"Tast de vins i xocolates - Celler Can Roda","description":"Participa en el nostre tast de vins i xocolates i descobreix nous sabors i matissos que no havies degustat abans. Reserva ara!","robots":{"index":"index","follow":"follow","max-snippet":"max-snippet:-1","max-image-preview":"max-image-preview:large","max-video-preview":"max-video-preview:-1"},"canonical":"https:\/\/cellercanroda.cat\/ca\/botiga\/experiencies-enologiques\/tast-de-vins-i-xocolates\/","og_locale":"ca_ES","og_type":"article","og_title":"Tast de vins i xocolates - Celler Can Roda","og_description":"Participa en el nostre tast de vins i xocolates i descobreix nous sabors i matissos que no havies degustat abans. Reserva ara!","og_url":"https:\/\/cellercanroda.cat\/ca\/botiga\/experiencies-enologiques\/tast-de-vins-i-xocolates\/","og_site_name":"Celler Can Roda","article_publisher":"https:\/\/es-es.facebook.com\/CellerCanRoda","article_modified_time":"2025-10-06T09:33:51+00:00","og_image":[{"width":1067,"height":1600,"url":"https:\/\/cellercanroda.cat\/wp-content\/uploads\/2021\/10\/Can-Roda-Tast-vins-i-xocolates.webp","type":"image\/webp"}],"twitter_card":"summary_large_image","twitter_misc":{"Temps estimat de lectura":"1 minut"},"schema":{"@context":"https:\/\/schema.org","@graph":[{"@type":"WebPage","@id":"https:\/\/cellercanroda.cat\/ca\/botiga\/experiencies-enologiques\/tast-de-vins-i-xocolates\/","url":"https:\/\/cellercanroda.cat\/ca\/botiga\/experiencies-enologiques\/tast-de-vins-i-xocolates\/","name":"Tast de vins i xocolates - Celler Can Roda","isPartOf":{"@id":"https:\/\/cellercanroda.cat\/ca\/#website"},"primaryImageOfPage":{"@id":"https:\/\/cellercanroda.cat\/ca\/botiga\/experiencies-enologiques\/tast-de-vins-i-xocolates\/#primaryimage"},"image":{"@id":"https:\/\/cellercanroda.cat\/ca\/botiga\/experiencies-enologiques\/tast-de-vins-i-xocolates\/#primaryimage"},"thumbnailUrl":"https:\/\/cellercanroda.cat\/wp-content\/uploads\/2021\/10\/Can-Roda-Tast-vins-i-xocolates.webp","datePublished":"2021-10-01T18:48:07+00:00","dateModified":"2025-10-06T09:33:51+00:00","description":"Participa en el nostre tast de vins i xocolates i descobreix nous sabors i matissos que no havies degustat abans. Reserva ara!","breadcrumb":{"@id":"https:\/\/cellercanroda.cat\/ca\/botiga\/experiencies-enologiques\/tast-de-vins-i-xocolates\/#breadcrumb"},"inLanguage":"ca","potentialAction":[{"@type":"ReadAction","target":["https:\/\/cellercanroda.cat\/ca\/botiga\/experiencies-enologiques\/tast-de-vins-i-xocolates\/"]}]},{"@type":"ImageObject","inLanguage":"ca","@id":"https:\/\/cellercanroda.cat\/ca\/botiga\/experiencies-enologiques\/tast-de-vins-i-xocolates\/#primaryimage","url":"https:\/\/cellercanroda.cat\/wp-content\/uploads\/2021\/10\/Can-Roda-Tast-vins-i-xocolates.webp","contentUrl":"https:\/\/cellercanroda.cat\/wp-content\/uploads\/2021\/10\/Can-Roda-Tast-vins-i-xocolates.webp","width":1067,"height":1600,"caption":"Tast vins i xocolates"},{"@type":"BreadcrumbList","@id":"https:\/\/cellercanroda.cat\/ca\/botiga\/experiencies-enologiques\/tast-de-vins-i-xocolates\/#breadcrumb","itemListElement":[{"@type":"ListItem","position":1,"name":"Home","item":"https:\/\/cellercanroda.cat\/ca\/"},{"@type":"ListItem","position":2,"name":"Botiga","item":"https:\/\/cellercanroda.cat\/ca\/botiga\/"},{"@type":"ListItem","position":3,"name":"Tast de vins i xocolates"}]},{"@type":"WebSite","@id":"https:\/\/cellercanroda.cat\/ca\/#website","url":"https:\/\/cellercanroda.cat\/ca\/","name":"Celler Can Roda","description":"Vins DO Alella","publisher":{"@id":"https:\/\/cellercanroda.cat\/ca\/#organization"},"potentialAction":[{"@type":"SearchAction","target":{"@type":"EntryPoint","urlTemplate":"https:\/\/cellercanroda.cat\/ca\/?s={search_term_string}"},"query-input":{"@type":"PropertyValueSpecification","valueRequired":true,"valueName":"search_term_string"}}],"inLanguage":"ca"},{"@type":"Organization","@id":"https:\/\/cellercanroda.cat\/ca\/#organization","name":"Celler Can Roda","url":"https:\/\/cellercanroda.cat\/ca\/","logo":{"@type":"ImageObject","inLanguage":"ca","@id":"https:\/\/cellercanroda.cat\/ca\/#\/schema\/logo\/image\/","url":"https:\/\/cellercanroda.cat\/wp-content\/uploads\/2020\/09\/canroda_logo-scaled.jpg","contentUrl":"https:\/\/cellercanroda.cat\/wp-content\/uploads\/2020\/09\/canroda_logo-scaled.jpg","width":2560,"height":1111,"caption":"Celler Can Roda"},"image":{"@id":"https:\/\/cellercanroda.cat\/ca\/#\/schema\/logo\/image\/"},"sameAs":["https:\/\/es-es.facebook.com\/CellerCanRoda","https:\/\/www.instagram.com\/cellercanroda\/","https:\/\/www.youtube.com\/channel\/UCMkIFqwRPc-Pk1eMPzADxqA"]}]}},"_links":{"self":[{"href":"https:\/\/cellercanroda.cat\/ca\/wp-json\/wp\/v2\/product\/9333","targetHints":{"allow":["GET"]}}],"collection":[{"href":"https:\/\/cellercanroda.cat\/ca\/wp-json\/wp\/v2\/product"}],"about":[{"href":"https:\/\/cellercanroda.cat\/ca\/wp-json\/wp\/v2\/types\/product"}],"wp:featuredmedia":[{"embeddable":true,"href":"https:\/\/cellercanroda.cat\/ca\/wp-json\/wp\/v2\/media\/32033"}],"wp:attachment":[{"href":"https:\/\/cellercanroda.cat\/ca\/wp-json\/wp\/v2\/media?parent=9333"}],"wp:term":[{"taxonomy":"product_brand","embeddable":true,"href":"https:\/\/cellercanroda.cat\/ca\/wp-json\/wp\/v2\/product_brand?post=9333"},{"taxonomy":"product_cat","embeddable":true,"href":"https:\/\/cellercanroda.cat\/ca\/wp-json\/wp\/v2\/product_cat?post=9333"},{"taxonomy":"product_tag","embeddable":true,"href":"https:\/\/cellercanroda.cat\/ca\/wp-json\/wp\/v2\/product_tag?post=9333"},{"taxonomy":"giftcard-category","embeddable":true,"href":"https:\/\/cellercanroda.cat\/ca\/wp-json\/wp\/v2\/giftcard-category?post=9333"}],"curies":[{"name":"wp","href":"https:\/\/api.w.org\/{rel}","templated":true}]}}