{"id":8986,"date":"2021-09-08T22:37:48","date_gmt":"2021-09-08T20:37:48","guid":{"rendered":"https:\/\/cellercanroda.cat\/?post_type=product&#038;p=8986"},"modified":"2025-08-18T13:20:12","modified_gmt":"2025-08-18T11:20:12","slug":"jazz-en-directe-al-winebar-amb-sabine-van-waesberghe","status":"publish","type":"product","link":"https:\/\/cellercanroda.cat\/ca\/botiga\/experiencies-enologiques\/jazz-en-directe-al-winebar-amb-sabine-van-waesberghe\/","title":{"rendered":"Jazz en directe al winebar amb Sabine van Waesberghe"},"content":{"rendered":"","protected":false},"excerpt":{"rendered":"<p>Vine a gaudir d&#8217;una tarda de dissabte diferent al nostre winebar tot escoltant m\u00fasica jazz en directe i versions de pop internacional molt personalitzades. Tot veient la posta de sol, podr\u00e0s escoltar la veu de la cantant Sabine van Waesberghe i la m\u00fasica del seu saxofonista tot prenent un vi, vermut o cervesa i acompayant-ho amb la tapa que vulguis.<\/p>\n<p>Tot en un entorn privilegiat, enmig d&#8217;un oasi de natura a nom\u00e9s 20 minuts de Barcelona.<\/p>\n<p>L&#8217;activitat inclou:<br \/>\n[fusion_checklist icon=\"fa-asterisk fas\" iconcolor=\"\" circle=\"\" circlecolor=\"\" size=\"16px\" divider=\"\" divider_color=\"\" hide_on_mobile=\"small-visibility,medium-visibility,large-visibility\" class=\"\" id=\"\"] [fusion_li_item icon=\"fa-music fas\"]Concert de m\u00fasica en directe de la cantant Sabine van Waesberghe i el seu saxofonista[\/fusion_li_item][fusion_li_item icon=\"fa-wine-glass-alt fas\"]Copa de benvinguda [\/fusion_li_item][fusion_li_item icon=\"fa-wine-glass-alt fas\"]Servei de winebar amb vins i tapes[\/fusion_li_item][\/fusion_checklist][fusion_separator style_type=\"default\" flex_grow=\"0\" alignment=\"center\" border_size=\"\" sep_color=\"\" icon=\"\" icon_size=\"\" icon_color=\"\" icon_circle=\"\" icon_circle_color=\"\" hide_on_mobile=\"small-visibility,medium-visibility,large-visibility\" sticky_display=\"normal,sticky\" class=\"\" id=\"\" top_margin=\"10px\" bottom_margin=\"10px\" \/]<\/p>\n<p><strong>Dia:<\/strong> Dissabte 5 de juliol de 2025<br \/>\n<strong>Hora:<\/strong> 19:00h<br \/>\n<strong>Durada:<\/strong> 3 hores<br \/>\n<strong>Preus:<\/strong> Adults &#8211; 16\u20ac \/ Menors (12-18 anys) &#8211; 10 \u20ac \/ Menors (0-12 anys) &#8211; 0\u20ac<\/p>\n","protected":false},"featured_media":8990,"template":"","meta":{"_acf_changed":false},"product_brand":[],"product_cat":[88],"product_tag":[],"giftcard-category":[],"class_list":{"0":"post-8986","1":"product","2":"type-product","3":"status-publish","4":"has-post-thumbnail","6":"product_cat-experiencies-enologiques","8":"first","9":"instock","10":"virtual","11":"sold-individually","12":"taxable","13":"purchasable","14":"product-type-phive_booking"},"acf":[],"yoast_head":"<!-- This site is optimized with the Yoast SEO plugin v27.1.1 - https:\/\/yoast.com\/product\/yoast-seo-wordpress\/ -->\n<title>Jazz en directe al winebar amb Sabine van Waesberghe - Celler Can Roda<\/title>\n<meta name=\"description\" content=\"Vine a gaudir d&#039;un dissabte al capvespre diferent amb m\u00fasica jazz al nostre winebar. Compra ara la teva entrada!\" \/>\n<meta name=\"robots\" content=\"index, follow, max-snippet:-1, max-image-preview:large, max-video-preview:-1\" \/>\n<link rel=\"canonical\" href=\"https:\/\/cellercanroda.cat\/ca\/botiga\/experiencies-enologiques\/jazz-en-directe-al-winebar-amb-sabine-van-waesberghe\/\" \/>\n<meta property=\"og:locale\" content=\"ca_ES\" \/>\n<meta property=\"og:type\" content=\"article\" \/>\n<meta property=\"og:title\" content=\"Jazz en directe al winebar amb Sabine van Waesberghe - Celler Can Roda\" \/>\n<meta property=\"og:description\" content=\"Vine a gaudir d&#039;un dissabte al capvespre diferent amb m\u00fasica jazz al nostre winebar. Compra ara la teva entrada!\" \/>\n<meta property=\"og:url\" content=\"https:\/\/cellercanroda.cat\/ca\/botiga\/experiencies-enologiques\/jazz-en-directe-al-winebar-amb-sabine-van-waesberghe\/\" \/>\n<meta property=\"og:site_name\" content=\"Celler Can Roda\" \/>\n<meta property=\"article:publisher\" content=\"https:\/\/es-es.facebook.com\/CellerCanRoda\" \/>\n<meta property=\"article:modified_time\" content=\"2025-08-18T11:20:12+00:00\" \/>\n<meta property=\"og:image\" content=\"https:\/\/cellercanroda.cat\/wp-content\/uploads\/2021\/09\/Jazz-directe-Sabine-can-roda.png\" \/>\n\t<meta property=\"og:image:width\" content=\"1080\" \/>\n\t<meta property=\"og:image:height\" content=\"1080\" \/>\n\t<meta property=\"og:image:type\" content=\"image\/png\" \/>\n<meta name=\"twitter:card\" content=\"summary_large_image\" \/>\n<meta name=\"twitter:label1\" content=\"Temps estimat de lectura\" \/>\n\t<meta name=\"twitter:data1\" content=\"1 minut\" \/>\n<script type=\"application\/ld+json\" class=\"yoast-schema-graph\">{\"@context\":\"https:\/\/schema.org\",\"@graph\":[{\"@type\":\"WebPage\",\"@id\":\"https:\/\/cellercanroda.cat\/ca\/botiga\/experiencies-enologiques\/jazz-en-directe-al-winebar-amb-sabine-van-waesberghe\/\",\"url\":\"https:\/\/cellercanroda.cat\/ca\/botiga\/experiencies-enologiques\/jazz-en-directe-al-winebar-amb-sabine-van-waesberghe\/\",\"name\":\"Jazz en directe al winebar amb Sabine van Waesberghe - Celler Can Roda\",\"isPartOf\":{\"@id\":\"https:\/\/cellercanroda.cat\/ca\/#website\"},\"primaryImageOfPage\":{\"@id\":\"https:\/\/cellercanroda.cat\/ca\/botiga\/experiencies-enologiques\/jazz-en-directe-al-winebar-amb-sabine-van-waesberghe\/#primaryimage\"},\"image\":{\"@id\":\"https:\/\/cellercanroda.cat\/ca\/botiga\/experiencies-enologiques\/jazz-en-directe-al-winebar-amb-sabine-van-waesberghe\/#primaryimage\"},\"thumbnailUrl\":\"https:\/\/cellercanroda.cat\/wp-content\/uploads\/2021\/09\/Jazz-directe-Sabine-can-roda.png\",\"datePublished\":\"2021-09-08T20:37:48+00:00\",\"dateModified\":\"2025-08-18T11:20:12+00:00\",\"description\":\"Vine a gaudir d'un dissabte al capvespre diferent amb m\u00fasica jazz al nostre winebar. Compra ara la teva entrada!\",\"breadcrumb\":{\"@id\":\"https:\/\/cellercanroda.cat\/ca\/botiga\/experiencies-enologiques\/jazz-en-directe-al-winebar-amb-sabine-van-waesberghe\/#breadcrumb\"},\"inLanguage\":\"ca\",\"potentialAction\":[{\"@type\":\"ReadAction\",\"target\":[\"https:\/\/cellercanroda.cat\/ca\/botiga\/experiencies-enologiques\/jazz-en-directe-al-winebar-amb-sabine-van-waesberghe\/\"]}]},{\"@type\":\"ImageObject\",\"inLanguage\":\"ca\",\"@id\":\"https:\/\/cellercanroda.cat\/ca\/botiga\/experiencies-enologiques\/jazz-en-directe-al-winebar-amb-sabine-van-waesberghe\/#primaryimage\",\"url\":\"https:\/\/cellercanroda.cat\/wp-content\/uploads\/2021\/09\/Jazz-directe-Sabine-can-roda.png\",\"contentUrl\":\"https:\/\/cellercanroda.cat\/wp-content\/uploads\/2021\/09\/Jazz-directe-Sabine-can-roda.png\",\"width\":1080,\"height\":1080,\"caption\":\"Jazz Sabine Can Roda\"},{\"@type\":\"BreadcrumbList\",\"@id\":\"https:\/\/cellercanroda.cat\/ca\/botiga\/experiencies-enologiques\/jazz-en-directe-al-winebar-amb-sabine-van-waesberghe\/#breadcrumb\",\"itemListElement\":[{\"@type\":\"ListItem\",\"position\":1,\"name\":\"Inicio\",\"item\":\"https:\/\/cellercanroda.cat\/ca\/\"},{\"@type\":\"ListItem\",\"position\":2,\"name\":\"Botiga\",\"item\":\"https:\/\/cellercanroda.cat\/ca\/botiga\/\"},{\"@type\":\"ListItem\",\"position\":3,\"name\":\"Jazz en directe al winebar amb Sabine van Waesberghe\"}]},{\"@type\":\"WebSite\",\"@id\":\"https:\/\/cellercanroda.cat\/ca\/#website\",\"url\":\"https:\/\/cellercanroda.cat\/ca\/\",\"name\":\"Celler Can Roda\",\"description\":\"Vins DO Alella\",\"publisher\":{\"@id\":\"https:\/\/cellercanroda.cat\/ca\/#organization\"},\"potentialAction\":[{\"@type\":\"SearchAction\",\"target\":{\"@type\":\"EntryPoint\",\"urlTemplate\":\"https:\/\/cellercanroda.cat\/ca\/?s={search_term_string}\"},\"query-input\":{\"@type\":\"PropertyValueSpecification\",\"valueRequired\":true,\"valueName\":\"search_term_string\"}}],\"inLanguage\":\"ca\"},{\"@type\":\"Organization\",\"@id\":\"https:\/\/cellercanroda.cat\/ca\/#organization\",\"name\":\"Celler Can Roda\",\"url\":\"https:\/\/cellercanroda.cat\/ca\/\",\"logo\":{\"@type\":\"ImageObject\",\"inLanguage\":\"ca\",\"@id\":\"https:\/\/cellercanroda.cat\/ca\/#\/schema\/logo\/image\/\",\"url\":\"https:\/\/cellercanroda.cat\/wp-content\/uploads\/2020\/09\/canroda_logo-scaled.jpg\",\"contentUrl\":\"https:\/\/cellercanroda.cat\/wp-content\/uploads\/2020\/09\/canroda_logo-scaled.jpg\",\"width\":2560,\"height\":1111,\"caption\":\"Celler Can Roda\"},\"image\":{\"@id\":\"https:\/\/cellercanroda.cat\/ca\/#\/schema\/logo\/image\/\"},\"sameAs\":[\"https:\/\/es-es.facebook.com\/CellerCanRoda\",\"https:\/\/www.instagram.com\/cellercanroda\/\",\"https:\/\/www.youtube.com\/channel\/UCMkIFqwRPc-Pk1eMPzADxqA\"]}]}<\/script>\n<!-- \/ Yoast SEO plugin. -->","yoast_head_json":{"title":"Jazz en directe al winebar amb Sabine van Waesberghe - Celler Can Roda","description":"Vine a gaudir d'un dissabte al capvespre diferent amb m\u00fasica jazz al nostre winebar. Compra ara la teva entrada!","robots":{"index":"index","follow":"follow","max-snippet":"max-snippet:-1","max-image-preview":"max-image-preview:large","max-video-preview":"max-video-preview:-1"},"canonical":"https:\/\/cellercanroda.cat\/ca\/botiga\/experiencies-enologiques\/jazz-en-directe-al-winebar-amb-sabine-van-waesberghe\/","og_locale":"ca_ES","og_type":"article","og_title":"Jazz en directe al winebar amb Sabine van Waesberghe - Celler Can Roda","og_description":"Vine a gaudir d'un dissabte al capvespre diferent amb m\u00fasica jazz al nostre winebar. Compra ara la teva entrada!","og_url":"https:\/\/cellercanroda.cat\/ca\/botiga\/experiencies-enologiques\/jazz-en-directe-al-winebar-amb-sabine-van-waesberghe\/","og_site_name":"Celler Can Roda","article_publisher":"https:\/\/es-es.facebook.com\/CellerCanRoda","article_modified_time":"2025-08-18T11:20:12+00:00","og_image":[{"width":1080,"height":1080,"url":"https:\/\/cellercanroda.cat\/wp-content\/uploads\/2021\/09\/Jazz-directe-Sabine-can-roda.png","type":"image\/png"}],"twitter_card":"summary_large_image","twitter_misc":{"Temps estimat de lectura":"1 minut"},"schema":{"@context":"https:\/\/schema.org","@graph":[{"@type":"WebPage","@id":"https:\/\/cellercanroda.cat\/ca\/botiga\/experiencies-enologiques\/jazz-en-directe-al-winebar-amb-sabine-van-waesberghe\/","url":"https:\/\/cellercanroda.cat\/ca\/botiga\/experiencies-enologiques\/jazz-en-directe-al-winebar-amb-sabine-van-waesberghe\/","name":"Jazz en directe al winebar amb Sabine van Waesberghe - Celler Can Roda","isPartOf":{"@id":"https:\/\/cellercanroda.cat\/ca\/#website"},"primaryImageOfPage":{"@id":"https:\/\/cellercanroda.cat\/ca\/botiga\/experiencies-enologiques\/jazz-en-directe-al-winebar-amb-sabine-van-waesberghe\/#primaryimage"},"image":{"@id":"https:\/\/cellercanroda.cat\/ca\/botiga\/experiencies-enologiques\/jazz-en-directe-al-winebar-amb-sabine-van-waesberghe\/#primaryimage"},"thumbnailUrl":"https:\/\/cellercanroda.cat\/wp-content\/uploads\/2021\/09\/Jazz-directe-Sabine-can-roda.png","datePublished":"2021-09-08T20:37:48+00:00","dateModified":"2025-08-18T11:20:12+00:00","description":"Vine a gaudir d'un dissabte al capvespre diferent amb m\u00fasica jazz al nostre winebar. Compra ara la teva entrada!","breadcrumb":{"@id":"https:\/\/cellercanroda.cat\/ca\/botiga\/experiencies-enologiques\/jazz-en-directe-al-winebar-amb-sabine-van-waesberghe\/#breadcrumb"},"inLanguage":"ca","potentialAction":[{"@type":"ReadAction","target":["https:\/\/cellercanroda.cat\/ca\/botiga\/experiencies-enologiques\/jazz-en-directe-al-winebar-amb-sabine-van-waesberghe\/"]}]},{"@type":"ImageObject","inLanguage":"ca","@id":"https:\/\/cellercanroda.cat\/ca\/botiga\/experiencies-enologiques\/jazz-en-directe-al-winebar-amb-sabine-van-waesberghe\/#primaryimage","url":"https:\/\/cellercanroda.cat\/wp-content\/uploads\/2021\/09\/Jazz-directe-Sabine-can-roda.png","contentUrl":"https:\/\/cellercanroda.cat\/wp-content\/uploads\/2021\/09\/Jazz-directe-Sabine-can-roda.png","width":1080,"height":1080,"caption":"Jazz Sabine Can Roda"},{"@type":"BreadcrumbList","@id":"https:\/\/cellercanroda.cat\/ca\/botiga\/experiencies-enologiques\/jazz-en-directe-al-winebar-amb-sabine-van-waesberghe\/#breadcrumb","itemListElement":[{"@type":"ListItem","position":1,"name":"Inicio","item":"https:\/\/cellercanroda.cat\/ca\/"},{"@type":"ListItem","position":2,"name":"Botiga","item":"https:\/\/cellercanroda.cat\/ca\/botiga\/"},{"@type":"ListItem","position":3,"name":"Jazz en directe al winebar amb Sabine van Waesberghe"}]},{"@type":"WebSite","@id":"https:\/\/cellercanroda.cat\/ca\/#website","url":"https:\/\/cellercanroda.cat\/ca\/","name":"Celler Can Roda","description":"Vins DO Alella","publisher":{"@id":"https:\/\/cellercanroda.cat\/ca\/#organization"},"potentialAction":[{"@type":"SearchAction","target":{"@type":"EntryPoint","urlTemplate":"https:\/\/cellercanroda.cat\/ca\/?s={search_term_string}"},"query-input":{"@type":"PropertyValueSpecification","valueRequired":true,"valueName":"search_term_string"}}],"inLanguage":"ca"},{"@type":"Organization","@id":"https:\/\/cellercanroda.cat\/ca\/#organization","name":"Celler Can Roda","url":"https:\/\/cellercanroda.cat\/ca\/","logo":{"@type":"ImageObject","inLanguage":"ca","@id":"https:\/\/cellercanroda.cat\/ca\/#\/schema\/logo\/image\/","url":"https:\/\/cellercanroda.cat\/wp-content\/uploads\/2020\/09\/canroda_logo-scaled.jpg","contentUrl":"https:\/\/cellercanroda.cat\/wp-content\/uploads\/2020\/09\/canroda_logo-scaled.jpg","width":2560,"height":1111,"caption":"Celler Can Roda"},"image":{"@id":"https:\/\/cellercanroda.cat\/ca\/#\/schema\/logo\/image\/"},"sameAs":["https:\/\/es-es.facebook.com\/CellerCanRoda","https:\/\/www.instagram.com\/cellercanroda\/","https:\/\/www.youtube.com\/channel\/UCMkIFqwRPc-Pk1eMPzADxqA"]}]}},"_links":{"self":[{"href":"https:\/\/cellercanroda.cat\/ca\/wp-json\/wp\/v2\/product\/8986","targetHints":{"allow":["GET"]}}],"collection":[{"href":"https:\/\/cellercanroda.cat\/ca\/wp-json\/wp\/v2\/product"}],"about":[{"href":"https:\/\/cellercanroda.cat\/ca\/wp-json\/wp\/v2\/types\/product"}],"wp:featuredmedia":[{"embeddable":true,"href":"https:\/\/cellercanroda.cat\/ca\/wp-json\/wp\/v2\/media\/8990"}],"wp:attachment":[{"href":"https:\/\/cellercanroda.cat\/ca\/wp-json\/wp\/v2\/media?parent=8986"}],"wp:term":[{"taxonomy":"product_brand","embeddable":true,"href":"https:\/\/cellercanroda.cat\/ca\/wp-json\/wp\/v2\/product_brand?post=8986"},{"taxonomy":"product_cat","embeddable":true,"href":"https:\/\/cellercanroda.cat\/ca\/wp-json\/wp\/v2\/product_cat?post=8986"},{"taxonomy":"product_tag","embeddable":true,"href":"https:\/\/cellercanroda.cat\/ca\/wp-json\/wp\/v2\/product_tag?post=8986"},{"taxonomy":"giftcard-category","embeddable":true,"href":"https:\/\/cellercanroda.cat\/ca\/wp-json\/wp\/v2\/giftcard-category?post=8986"}],"curies":[{"name":"wp","href":"https:\/\/api.w.org\/{rel}","templated":true}]}}