{"id":8474,"date":"2021-07-14T11:48:54","date_gmt":"2021-07-14T09:48:54","guid":{"rendered":"https:\/\/cellercanroda.cat\/?post_type=product&#038;p=8474"},"modified":"2025-10-26T11:35:53","modified_gmt":"2025-10-26T10:35:53","slug":"tast-de-vins-i-formatges-al-celler","status":"publish","type":"product","link":"https:\/\/cellercanroda.cat\/ca\/botiga\/experiencies-enologiques\/tast-de-vins-i-formatges-al-celler\/","title":{"rendered":"Tast de vins i formatges al celler"},"content":{"rendered":"","protected":false},"excerpt":{"rendered":"<p>Vine a gaudir de l&#8217;uni\u00f3 de dos productes frescos de gran qualitat, com els vins DO Alella que elaborem a Can Roda i els deliciosos formatges de la terra.<br \/>\nAmb aquesta experi\u00e8ncia gourmet al nostre celler descobrir\u00e0s com s\u2019elaboren els nostres vins ecol\u00f2gics, la nostra hist\u00f2ria i gaudir\u00e0s d\u2019un maridatge de vins i formatges catalans. Tota una gran oportunitat per a descobrir un comp\u00e0s de sabors que no oblidar\u00e0s f\u00e0cilment!<\/p>\n<p>L&#8217;activitat inclou:<br \/>\n[fusion_checklist icon=\"fa-asterisk fas\" iconcolor=\"\" circle=\"\" circlecolor=\"\" size=\"16px\" divider=\"\" divider_color=\"\" hide_on_mobile=\"small-visibility,medium-visibility,large-visibility\" class=\"\" id=\"\"] [fusion_li_item icon=\"fa-wine-bottle fas\"]Visita al celler[\/fusion_li_item][fusion_li_item icon=\"fa-seedling fas\"]Passeig per les vinyes [\/fusion_li_item][fusion_li_item icon=\"fa-wine-glass-alt fas\"]Tast comentat de quatre dels nostres vins amb quatre formatges d\u2019excel\u00b7lent qualitat[\/fusion_li_item][\/fusion_checklist][fusion_separator style_type=\"default\" flex_grow=\"0\" alignment=\"center\" border_size=\"\" sep_color=\"\" icon=\"\" icon_size=\"\" icon_color=\"\" icon_circle=\"\" icon_circle_color=\"\" hide_on_mobile=\"small-visibility,medium-visibility,large-visibility\" sticky_display=\"normal,sticky\" class=\"\" id=\"\" top_margin=\"10px\" bottom_margin=\"10px\" \/]<\/p>\n<p><strong>Dia:<\/strong> Mirar el calendari a continuaci\u00f3<br \/>\n<strong>Hora:<\/strong> 11:00h<br \/>\n<strong>Durada:<\/strong> 2 hores<br \/>\n<strong>Preus:<\/strong> Adult\/s: 42\u20ac &#8211; Menor\/s (10-18 anys): 24\u20ac &#8211; Menor\/s (&lt;10 anys): 5\u20ac<\/p>\n<p><strong>Escull el dia que vulguis venir:<\/strong><\/p>\n","protected":false},"featured_media":5406,"template":"","meta":{"_acf_changed":false},"product_brand":[],"product_cat":[88],"product_tag":[],"giftcard-category":[],"class_list":{"0":"post-8474","1":"product","2":"type-product","3":"status-publish","4":"has-post-thumbnail","6":"product_cat-experiencies-enologiques","8":"first","9":"instock","10":"featured","11":"virtual","12":"sold-individually","13":"taxable","14":"purchasable","15":"product-type-phive_booking"},"acf":[],"yoast_head":"<!-- This site is optimized with the Yoast SEO plugin v27.1.1 - https:\/\/yoast.com\/product\/yoast-seo-wordpress\/ -->\n<title>Tast de vins i formatges al celler - Celler Can Roda<\/title>\n<meta name=\"description\" content=\"Vine a gaudir d&#039;un tast de vins i formatges al celler. Prova deliciosos productes de km 0 en un entorn exclusiu. Reserva ara!\" \/>\n<meta name=\"robots\" content=\"index, follow, max-snippet:-1, max-image-preview:large, max-video-preview:-1\" \/>\n<link rel=\"canonical\" href=\"https:\/\/cellercanroda.cat\/ca\/botiga\/experiencies-enologiques\/tast-de-vins-i-formatges-al-celler\/\" \/>\n<meta property=\"og:locale\" content=\"ca_ES\" \/>\n<meta property=\"og:type\" content=\"article\" \/>\n<meta property=\"og:title\" content=\"Tast de vins i formatges al celler - Celler Can Roda\" \/>\n<meta property=\"og:description\" content=\"Vine a gaudir d&#039;un tast de vins i formatges al celler. Prova deliciosos productes de km 0 en un entorn exclusiu. Reserva ara!\" \/>\n<meta property=\"og:url\" content=\"https:\/\/cellercanroda.cat\/ca\/botiga\/experiencies-enologiques\/tast-de-vins-i-formatges-al-celler\/\" \/>\n<meta property=\"og:site_name\" content=\"Celler Can Roda\" \/>\n<meta property=\"article:publisher\" content=\"https:\/\/es-es.facebook.com\/CellerCanRoda\" \/>\n<meta property=\"article:modified_time\" content=\"2025-10-26T10:35:53+00:00\" \/>\n<meta property=\"og:image\" content=\"https:\/\/cellercanroda.cat\/wp-content\/uploads\/2020\/09\/Cata-vinos-y-quesos-scaled.jpg\" \/>\n\t<meta property=\"og:image:width\" content=\"1924\" \/>\n\t<meta property=\"og:image:height\" content=\"1283\" \/>\n\t<meta property=\"og:image:type\" content=\"image\/jpeg\" \/>\n<meta name=\"twitter:card\" content=\"summary_large_image\" \/>\n<meta name=\"twitter:label1\" content=\"Temps estimat de lectura\" \/>\n\t<meta name=\"twitter:data1\" content=\"1 minut\" \/>\n<script type=\"application\/ld+json\" class=\"yoast-schema-graph\">{\"@context\":\"https:\/\/schema.org\",\"@graph\":[{\"@type\":\"WebPage\",\"@id\":\"https:\/\/cellercanroda.cat\/ca\/botiga\/experiencies-enologiques\/tast-de-vins-i-formatges-al-celler\/\",\"url\":\"https:\/\/cellercanroda.cat\/ca\/botiga\/experiencies-enologiques\/tast-de-vins-i-formatges-al-celler\/\",\"name\":\"Tast de vins i formatges al celler - Celler Can Roda\",\"isPartOf\":{\"@id\":\"https:\/\/cellercanroda.cat\/ca\/#website\"},\"primaryImageOfPage\":{\"@id\":\"https:\/\/cellercanroda.cat\/ca\/botiga\/experiencies-enologiques\/tast-de-vins-i-formatges-al-celler\/#primaryimage\"},\"image\":{\"@id\":\"https:\/\/cellercanroda.cat\/ca\/botiga\/experiencies-enologiques\/tast-de-vins-i-formatges-al-celler\/#primaryimage\"},\"thumbnailUrl\":\"https:\/\/cellercanroda.cat\/wp-content\/uploads\/2020\/09\/Cata-vinos-y-quesos-scaled.jpg\",\"datePublished\":\"2021-07-14T09:48:54+00:00\",\"dateModified\":\"2025-10-26T10:35:53+00:00\",\"description\":\"Vine a gaudir d'un tast de vins i formatges al celler. Prova deliciosos productes de km 0 en un entorn exclusiu. Reserva ara!\",\"breadcrumb\":{\"@id\":\"https:\/\/cellercanroda.cat\/ca\/botiga\/experiencies-enologiques\/tast-de-vins-i-formatges-al-celler\/#breadcrumb\"},\"inLanguage\":\"ca\",\"potentialAction\":[{\"@type\":\"ReadAction\",\"target\":[\"https:\/\/cellercanroda.cat\/ca\/botiga\/experiencies-enologiques\/tast-de-vins-i-formatges-al-celler\/\"]}]},{\"@type\":\"ImageObject\",\"inLanguage\":\"ca\",\"@id\":\"https:\/\/cellercanroda.cat\/ca\/botiga\/experiencies-enologiques\/tast-de-vins-i-formatges-al-celler\/#primaryimage\",\"url\":\"https:\/\/cellercanroda.cat\/wp-content\/uploads\/2020\/09\/Cata-vinos-y-quesos-scaled.jpg\",\"contentUrl\":\"https:\/\/cellercanroda.cat\/wp-content\/uploads\/2020\/09\/Cata-vinos-y-quesos-scaled.jpg\",\"width\":1924,\"height\":1283,\"caption\":\"Cata vinos y quesos - Celler Can Roda\"},{\"@type\":\"BreadcrumbList\",\"@id\":\"https:\/\/cellercanroda.cat\/ca\/botiga\/experiencies-enologiques\/tast-de-vins-i-formatges-al-celler\/#breadcrumb\",\"itemListElement\":[{\"@type\":\"ListItem\",\"position\":1,\"name\":\"Inicio\",\"item\":\"https:\/\/cellercanroda.cat\/ca\/\"},{\"@type\":\"ListItem\",\"position\":2,\"name\":\"Botiga\",\"item\":\"https:\/\/cellercanroda.cat\/ca\/botiga\/\"},{\"@type\":\"ListItem\",\"position\":3,\"name\":\"Tast de vins i formatges al celler\"}]},{\"@type\":\"WebSite\",\"@id\":\"https:\/\/cellercanroda.cat\/ca\/#website\",\"url\":\"https:\/\/cellercanroda.cat\/ca\/\",\"name\":\"Celler Can Roda\",\"description\":\"Vins DO Alella\",\"publisher\":{\"@id\":\"https:\/\/cellercanroda.cat\/ca\/#organization\"},\"potentialAction\":[{\"@type\":\"SearchAction\",\"target\":{\"@type\":\"EntryPoint\",\"urlTemplate\":\"https:\/\/cellercanroda.cat\/ca\/?s={search_term_string}\"},\"query-input\":{\"@type\":\"PropertyValueSpecification\",\"valueRequired\":true,\"valueName\":\"search_term_string\"}}],\"inLanguage\":\"ca\"},{\"@type\":\"Organization\",\"@id\":\"https:\/\/cellercanroda.cat\/ca\/#organization\",\"name\":\"Celler Can Roda\",\"url\":\"https:\/\/cellercanroda.cat\/ca\/\",\"logo\":{\"@type\":\"ImageObject\",\"inLanguage\":\"ca\",\"@id\":\"https:\/\/cellercanroda.cat\/ca\/#\/schema\/logo\/image\/\",\"url\":\"https:\/\/cellercanroda.cat\/wp-content\/uploads\/2020\/09\/canroda_logo-scaled.jpg\",\"contentUrl\":\"https:\/\/cellercanroda.cat\/wp-content\/uploads\/2020\/09\/canroda_logo-scaled.jpg\",\"width\":2560,\"height\":1111,\"caption\":\"Celler Can Roda\"},\"image\":{\"@id\":\"https:\/\/cellercanroda.cat\/ca\/#\/schema\/logo\/image\/\"},\"sameAs\":[\"https:\/\/es-es.facebook.com\/CellerCanRoda\",\"https:\/\/www.instagram.com\/cellercanroda\/\",\"https:\/\/www.youtube.com\/channel\/UCMkIFqwRPc-Pk1eMPzADxqA\"]}]}<\/script>\n<!-- \/ Yoast SEO plugin. -->","yoast_head_json":{"title":"Tast de vins i formatges al celler - Celler Can Roda","description":"Vine a gaudir d'un tast de vins i formatges al celler. Prova deliciosos productes de km 0 en un entorn exclusiu. Reserva ara!","robots":{"index":"index","follow":"follow","max-snippet":"max-snippet:-1","max-image-preview":"max-image-preview:large","max-video-preview":"max-video-preview:-1"},"canonical":"https:\/\/cellercanroda.cat\/ca\/botiga\/experiencies-enologiques\/tast-de-vins-i-formatges-al-celler\/","og_locale":"ca_ES","og_type":"article","og_title":"Tast de vins i formatges al celler - Celler Can Roda","og_description":"Vine a gaudir d'un tast de vins i formatges al celler. Prova deliciosos productes de km 0 en un entorn exclusiu. Reserva ara!","og_url":"https:\/\/cellercanroda.cat\/ca\/botiga\/experiencies-enologiques\/tast-de-vins-i-formatges-al-celler\/","og_site_name":"Celler Can Roda","article_publisher":"https:\/\/es-es.facebook.com\/CellerCanRoda","article_modified_time":"2025-10-26T10:35:53+00:00","og_image":[{"width":1924,"height":1283,"url":"https:\/\/cellercanroda.cat\/wp-content\/uploads\/2020\/09\/Cata-vinos-y-quesos-scaled.jpg","type":"image\/jpeg"}],"twitter_card":"summary_large_image","twitter_misc":{"Temps estimat de lectura":"1 minut"},"schema":{"@context":"https:\/\/schema.org","@graph":[{"@type":"WebPage","@id":"https:\/\/cellercanroda.cat\/ca\/botiga\/experiencies-enologiques\/tast-de-vins-i-formatges-al-celler\/","url":"https:\/\/cellercanroda.cat\/ca\/botiga\/experiencies-enologiques\/tast-de-vins-i-formatges-al-celler\/","name":"Tast de vins i formatges al celler - Celler Can Roda","isPartOf":{"@id":"https:\/\/cellercanroda.cat\/ca\/#website"},"primaryImageOfPage":{"@id":"https:\/\/cellercanroda.cat\/ca\/botiga\/experiencies-enologiques\/tast-de-vins-i-formatges-al-celler\/#primaryimage"},"image":{"@id":"https:\/\/cellercanroda.cat\/ca\/botiga\/experiencies-enologiques\/tast-de-vins-i-formatges-al-celler\/#primaryimage"},"thumbnailUrl":"https:\/\/cellercanroda.cat\/wp-content\/uploads\/2020\/09\/Cata-vinos-y-quesos-scaled.jpg","datePublished":"2021-07-14T09:48:54+00:00","dateModified":"2025-10-26T10:35:53+00:00","description":"Vine a gaudir d'un tast de vins i formatges al celler. Prova deliciosos productes de km 0 en un entorn exclusiu. Reserva ara!","breadcrumb":{"@id":"https:\/\/cellercanroda.cat\/ca\/botiga\/experiencies-enologiques\/tast-de-vins-i-formatges-al-celler\/#breadcrumb"},"inLanguage":"ca","potentialAction":[{"@type":"ReadAction","target":["https:\/\/cellercanroda.cat\/ca\/botiga\/experiencies-enologiques\/tast-de-vins-i-formatges-al-celler\/"]}]},{"@type":"ImageObject","inLanguage":"ca","@id":"https:\/\/cellercanroda.cat\/ca\/botiga\/experiencies-enologiques\/tast-de-vins-i-formatges-al-celler\/#primaryimage","url":"https:\/\/cellercanroda.cat\/wp-content\/uploads\/2020\/09\/Cata-vinos-y-quesos-scaled.jpg","contentUrl":"https:\/\/cellercanroda.cat\/wp-content\/uploads\/2020\/09\/Cata-vinos-y-quesos-scaled.jpg","width":1924,"height":1283,"caption":"Cata vinos y quesos - Celler Can Roda"},{"@type":"BreadcrumbList","@id":"https:\/\/cellercanroda.cat\/ca\/botiga\/experiencies-enologiques\/tast-de-vins-i-formatges-al-celler\/#breadcrumb","itemListElement":[{"@type":"ListItem","position":1,"name":"Inicio","item":"https:\/\/cellercanroda.cat\/ca\/"},{"@type":"ListItem","position":2,"name":"Botiga","item":"https:\/\/cellercanroda.cat\/ca\/botiga\/"},{"@type":"ListItem","position":3,"name":"Tast de vins i formatges al celler"}]},{"@type":"WebSite","@id":"https:\/\/cellercanroda.cat\/ca\/#website","url":"https:\/\/cellercanroda.cat\/ca\/","name":"Celler Can Roda","description":"Vins DO Alella","publisher":{"@id":"https:\/\/cellercanroda.cat\/ca\/#organization"},"potentialAction":[{"@type":"SearchAction","target":{"@type":"EntryPoint","urlTemplate":"https:\/\/cellercanroda.cat\/ca\/?s={search_term_string}"},"query-input":{"@type":"PropertyValueSpecification","valueRequired":true,"valueName":"search_term_string"}}],"inLanguage":"ca"},{"@type":"Organization","@id":"https:\/\/cellercanroda.cat\/ca\/#organization","name":"Celler Can Roda","url":"https:\/\/cellercanroda.cat\/ca\/","logo":{"@type":"ImageObject","inLanguage":"ca","@id":"https:\/\/cellercanroda.cat\/ca\/#\/schema\/logo\/image\/","url":"https:\/\/cellercanroda.cat\/wp-content\/uploads\/2020\/09\/canroda_logo-scaled.jpg","contentUrl":"https:\/\/cellercanroda.cat\/wp-content\/uploads\/2020\/09\/canroda_logo-scaled.jpg","width":2560,"height":1111,"caption":"Celler Can Roda"},"image":{"@id":"https:\/\/cellercanroda.cat\/ca\/#\/schema\/logo\/image\/"},"sameAs":["https:\/\/es-es.facebook.com\/CellerCanRoda","https:\/\/www.instagram.com\/cellercanroda\/","https:\/\/www.youtube.com\/channel\/UCMkIFqwRPc-Pk1eMPzADxqA"]}]}},"_links":{"self":[{"href":"https:\/\/cellercanroda.cat\/ca\/wp-json\/wp\/v2\/product\/8474","targetHints":{"allow":["GET"]}}],"collection":[{"href":"https:\/\/cellercanroda.cat\/ca\/wp-json\/wp\/v2\/product"}],"about":[{"href":"https:\/\/cellercanroda.cat\/ca\/wp-json\/wp\/v2\/types\/product"}],"wp:featuredmedia":[{"embeddable":true,"href":"https:\/\/cellercanroda.cat\/ca\/wp-json\/wp\/v2\/media\/5406"}],"wp:attachment":[{"href":"https:\/\/cellercanroda.cat\/ca\/wp-json\/wp\/v2\/media?parent=8474"}],"wp:term":[{"taxonomy":"product_brand","embeddable":true,"href":"https:\/\/cellercanroda.cat\/ca\/wp-json\/wp\/v2\/product_brand?post=8474"},{"taxonomy":"product_cat","embeddable":true,"href":"https:\/\/cellercanroda.cat\/ca\/wp-json\/wp\/v2\/product_cat?post=8474"},{"taxonomy":"product_tag","embeddable":true,"href":"https:\/\/cellercanroda.cat\/ca\/wp-json\/wp\/v2\/product_tag?post=8474"},{"taxonomy":"giftcard-category","embeddable":true,"href":"https:\/\/cellercanroda.cat\/ca\/wp-json\/wp\/v2\/giftcard-category?post=8474"}],"curies":[{"name":"wp","href":"https:\/\/api.w.org\/{rel}","templated":true}]}}