{"id":7220,"date":"2021-04-14T00:32:08","date_gmt":"2021-04-13T22:32:08","guid":{"rendered":"https:\/\/cellercanroda.cat\/?post_type=product&#038;p=7220"},"modified":"2022-11-30T18:54:05","modified_gmt":"2022-11-30T17:54:05","slug":"lot-fem-un-vermut","status":"publish","type":"product","link":"https:\/\/cellercanroda.cat\/ca\/botiga\/lots-de-vi\/lot-fem-un-vermut\/","title":{"rendered":"Lot Fem un Vermut"},"content":{"rendered":"<p><div class=\"fusion-fullwidth fullwidth-box fusion-builder-row-1 fusion-flex-container nonhundred-percent-fullwidth non-hundred-percent-height-scrolling\" style=\"--awb-border-radius-top-left:0px;--awb-border-radius-top-right:0px;--awb-border-radius-bottom-right:0px;--awb-border-radius-bottom-left:0px;--awb-flex-wrap:wrap;\" ><div class=\"fusion-builder-row fusion-row fusion-flex-align-items-flex-start fusion-flex-content-wrap\" style=\"max-width:1320.8px;margin-left: calc(-4% \/ 2 );margin-right: calc(-4% \/ 2 );\"><div class=\"fusion-layout-column fusion_builder_column fusion-builder-column-0 fusion_builder_column_1_1 1_1 fusion-flex-column\" style=\"--awb-bg-size:cover;--awb-width-large:100%;--awb-margin-top-large:0px;--awb-spacing-right-large:1.92%;--awb-margin-bottom-large:0px;--awb-spacing-left-large:1.92%;--awb-width-medium:100%;--awb-spacing-right-medium:1.92%;--awb-spacing-left-medium:1.92%;--awb-width-small:100%;--awb-spacing-right-small:1.92%;--awb-spacing-left-small:1.92%;\"><div class=\"fusion-column-wrapper fusion-flex-justify-content-flex-start fusion-content-layout-column\"><div class=\"fusion-text fusion-text-1\"><\/div><\/div><\/div><\/div><\/div><div class=\"fusion-fullwidth fullwidth-box fusion-builder-row-2 fusion-flex-container nonhundred-percent-fullwidth non-hundred-percent-height-scrolling\" style=\"--awb-border-radius-top-left:0px;--awb-border-radius-top-right:0px;--awb-border-radius-bottom-right:0px;--awb-border-radius-bottom-left:0px;--awb-flex-wrap:wrap;\" ><div class=\"fusion-builder-row fusion-row fusion-flex-align-items-flex-start fusion-flex-content-wrap\" style=\"max-width:1320.8px;margin-left: calc(-4% \/ 2 );margin-right: calc(-4% \/ 2 );\"><div class=\"fusion-layout-column fusion_builder_column fusion-builder-column-1 fusion_builder_column_1_1 1_1 fusion-flex-column\" style=\"--awb-bg-size:cover;--awb-width-large:100%;--awb-margin-top-large:0px;--awb-spacing-right-large:1.92%;--awb-margin-bottom-large:0px;--awb-spacing-left-large:1.92%;--awb-width-medium:100%;--awb-spacing-right-medium:1.92%;--awb-spacing-left-medium:1.92%;--awb-width-small:100%;--awb-spacing-right-small:1.92%;--awb-spacing-left-small:1.92%;\"><div class=\"fusion-column-wrapper fusion-flex-justify-content-flex-start fusion-content-layout-column\"><div class=\"fusion-text fusion-text-2\"><p>&nbsp;<\/p>\n<p>&nbsp;<\/p>\n<\/div><\/div><\/div><\/div><\/div><\/p>\n","protected":false},"excerpt":{"rendered":"<p>Gaudeix dels caps de setmana al sol amb aquest lot premium. Obre el nostre vermut Clarea juntament amb les escopinyes, clo\u00efsses, olives i patates i d\u00f3na la benvinguda al bon temps. Comparteix-lo amb els teus des de la terrassa de casa, piscina o jard\u00ed. Gaudireu d&#8217;uns migdies de categoria! [fusion_checklist icon=\"fa-asterisk fas\" iconcolor=\"\" circle=\"\" circlecolor=\"\" size=\"14px\" divider=\"\" divider_color=\"\" hide_on_mobile=\"small-visibility,medium-visibility,large-visibility\" class=\"\" id=\"\"] [fusion_li_item icon=\"fa-asterisk fas\"]<strong>Vi aperitiu Clarea<\/strong>&#8211; 1 ampolla de 50 cl.[\/fusion_li_item][fusion_li_item icon=\"fa-asterisk fas\"]<strong>Escopinyes gourmet Baymar<\/strong>&#8211; 2 llaunes de 115 gr.[\/fusion_li_item][fusion_li_item icon=\"fa-asterisk fas\"]<strong>Olives farcides d&#8217;anxova Baymar<\/strong>&#8211; 1 llauna de 350 gr.[\/fusion_li_item][fusion_li_item icon=\"fa-asterisk fas\"]<strong>Patates fregides cl\u00e0ssiques llises Rioba<\/strong>&#8211; 1 bossa de 36 gr.[\/fusion_li_item][\/fusion_checklist][fusion_separator style_type=\"default\" flex_grow=\"0\" alignment=\"center\" border_size=\"\" sep_color=\"\" icon=\"\" icon_size=\"\" icon_color=\"\" icon_circle=\"\" icon_circle_color=\"\" hide_on_mobile=\"small-visibility,medium-visibility,large-visibility\" sticky_display=\"normal,sticky\" class=\"\" id=\"\" top_margin=\"10px\" bottom_margin=\"10px\" \/]<\/p>\n<p style=\"font-size: 14px;\">Pes &#8211; 3,95 kg<br \/>\nDimensions &#8211; 49 x 30 x 8 cm<\/p>\n<h6 style=\"font-size: 16px;\">Pots personalitzar el teu cistell amb un missatge<\/h6>\n","protected":false},"featured_media":15652,"template":"","meta":{"_acf_changed":false},"product_brand":[],"product_cat":[70],"product_tag":[],"giftcard-category":[],"class_list":{"0":"post-7220","1":"product","2":"type-product","3":"status-publish","4":"has-post-thumbnail","6":"product_cat-lots-de-vi","8":"first","9":"instock","10":"featured","11":"taxable","12":"shipping-taxable","13":"purchasable","14":"product-type-simple"},"acf":[],"yoast_head":"<!-- This site is optimized with the Yoast SEO plugin v27.1.1 - https:\/\/yoast.com\/product\/yoast-seo-wordpress\/ -->\n<title>Lot Fem un Vermut - Vi aperitiu catal\u00e0 - Celler Can Roda<\/title>\n<meta name=\"description\" content=\"Gaudeix dels migdies al sol amb el nostre vermut premium juntament amb els essencials: escopinyes, olives, patates i clo\u00efsses. Compra&#039;l ara i rep-lo en 2-3 dies!\" \/>\n<meta name=\"robots\" content=\"index, follow, max-snippet:-1, max-image-preview:large, max-video-preview:-1\" \/>\n<link rel=\"canonical\" href=\"https:\/\/cellercanroda.cat\/ca\/botiga\/lots-de-vi\/lot-fem-un-vermut\/\" \/>\n<meta property=\"og:locale\" content=\"ca_ES\" \/>\n<meta property=\"og:type\" content=\"article\" \/>\n<meta property=\"og:title\" content=\"Lot Fem un Vermut - Vi aperitiu catal\u00e0 - Celler Can Roda\" \/>\n<meta property=\"og:description\" content=\"Gaudeix dels migdies al sol amb el nostre vermut premium juntament amb els essencials: escopinyes, olives, patates i clo\u00efsses. Compra&#039;l ara i rep-lo en 2-3 dies!\" \/>\n<meta property=\"og:url\" content=\"https:\/\/cellercanroda.cat\/ca\/botiga\/lots-de-vi\/lot-fem-un-vermut\/\" \/>\n<meta property=\"og:site_name\" content=\"Celler Can Roda\" \/>\n<meta property=\"article:publisher\" content=\"https:\/\/es-es.facebook.com\/CellerCanRoda\" \/>\n<meta property=\"article:modified_time\" content=\"2022-11-30T17:54:05+00:00\" \/>\n<meta property=\"og:image\" content=\"https:\/\/cellercanroda.cat\/wp-content\/uploads\/2021\/04\/Lote-de-vermuts-scaled.jpg\" \/>\n\t<meta property=\"og:image:width\" content=\"1924\" \/>\n\t<meta property=\"og:image:height\" content=\"1519\" \/>\n\t<meta property=\"og:image:type\" content=\"image\/jpeg\" \/>\n<meta name=\"twitter:card\" content=\"summary_large_image\" \/>\n<meta name=\"twitter:label1\" content=\"Temps estimat de lectura\" \/>\n\t<meta name=\"twitter:data1\" content=\"1 minut\" \/>\n<script type=\"application\/ld+json\" class=\"yoast-schema-graph\">{\"@context\":\"https:\/\/schema.org\",\"@graph\":[{\"@type\":\"WebPage\",\"@id\":\"https:\/\/cellercanroda.cat\/ca\/botiga\/lots-de-vi\/lot-fem-un-vermut\/\",\"url\":\"https:\/\/cellercanroda.cat\/ca\/botiga\/lots-de-vi\/lot-fem-un-vermut\/\",\"name\":\"Lot Fem un Vermut - Vi aperitiu catal\u00e0 - Celler Can Roda\",\"isPartOf\":{\"@id\":\"https:\/\/cellercanroda.cat\/ca\/#website\"},\"primaryImageOfPage\":{\"@id\":\"https:\/\/cellercanroda.cat\/ca\/botiga\/lots-de-vi\/lot-fem-un-vermut\/#primaryimage\"},\"image\":{\"@id\":\"https:\/\/cellercanroda.cat\/ca\/botiga\/lots-de-vi\/lot-fem-un-vermut\/#primaryimage\"},\"thumbnailUrl\":\"https:\/\/cellercanroda.cat\/wp-content\/uploads\/2021\/04\/Lote-de-vermuts-scaled.jpg\",\"datePublished\":\"2021-04-13T22:32:08+00:00\",\"dateModified\":\"2022-11-30T17:54:05+00:00\",\"description\":\"Gaudeix dels migdies al sol amb el nostre vermut premium juntament amb els essencials: escopinyes, olives, patates i clo\u00efsses. Compra'l ara i rep-lo en 2-3 dies!\",\"breadcrumb\":{\"@id\":\"https:\/\/cellercanroda.cat\/ca\/botiga\/lots-de-vi\/lot-fem-un-vermut\/#breadcrumb\"},\"inLanguage\":\"ca\",\"potentialAction\":[{\"@type\":\"ReadAction\",\"target\":[\"https:\/\/cellercanroda.cat\/ca\/botiga\/lots-de-vi\/lot-fem-un-vermut\/\"]}]},{\"@type\":\"ImageObject\",\"inLanguage\":\"ca\",\"@id\":\"https:\/\/cellercanroda.cat\/ca\/botiga\/lots-de-vi\/lot-fem-un-vermut\/#primaryimage\",\"url\":\"https:\/\/cellercanroda.cat\/wp-content\/uploads\/2021\/04\/Lote-de-vermuts-scaled.jpg\",\"contentUrl\":\"https:\/\/cellercanroda.cat\/wp-content\/uploads\/2021\/04\/Lote-de-vermuts-scaled.jpg\",\"width\":1924,\"height\":1519,\"caption\":\"Lote de vermuts Celler Can Roda\"},{\"@type\":\"BreadcrumbList\",\"@id\":\"https:\/\/cellercanroda.cat\/ca\/botiga\/lots-de-vi\/lot-fem-un-vermut\/#breadcrumb\",\"itemListElement\":[{\"@type\":\"ListItem\",\"position\":1,\"name\":\"Inicio\",\"item\":\"https:\/\/cellercanroda.cat\/ca\/\"},{\"@type\":\"ListItem\",\"position\":2,\"name\":\"Botiga\",\"item\":\"https:\/\/cellercanroda.cat\/ca\/botiga\/\"},{\"@type\":\"ListItem\",\"position\":3,\"name\":\"Lot Fem un Vermut\"}]},{\"@type\":\"WebSite\",\"@id\":\"https:\/\/cellercanroda.cat\/ca\/#website\",\"url\":\"https:\/\/cellercanroda.cat\/ca\/\",\"name\":\"Celler Can Roda\",\"description\":\"Vins DO Alella\",\"publisher\":{\"@id\":\"https:\/\/cellercanroda.cat\/ca\/#organization\"},\"potentialAction\":[{\"@type\":\"SearchAction\",\"target\":{\"@type\":\"EntryPoint\",\"urlTemplate\":\"https:\/\/cellercanroda.cat\/ca\/?s={search_term_string}\"},\"query-input\":{\"@type\":\"PropertyValueSpecification\",\"valueRequired\":true,\"valueName\":\"search_term_string\"}}],\"inLanguage\":\"ca\"},{\"@type\":\"Organization\",\"@id\":\"https:\/\/cellercanroda.cat\/ca\/#organization\",\"name\":\"Celler Can Roda\",\"url\":\"https:\/\/cellercanroda.cat\/ca\/\",\"logo\":{\"@type\":\"ImageObject\",\"inLanguage\":\"ca\",\"@id\":\"https:\/\/cellercanroda.cat\/ca\/#\/schema\/logo\/image\/\",\"url\":\"https:\/\/cellercanroda.cat\/wp-content\/uploads\/2020\/09\/canroda_logo-scaled.jpg\",\"contentUrl\":\"https:\/\/cellercanroda.cat\/wp-content\/uploads\/2020\/09\/canroda_logo-scaled.jpg\",\"width\":2560,\"height\":1111,\"caption\":\"Celler Can Roda\"},\"image\":{\"@id\":\"https:\/\/cellercanroda.cat\/ca\/#\/schema\/logo\/image\/\"},\"sameAs\":[\"https:\/\/es-es.facebook.com\/CellerCanRoda\",\"https:\/\/www.instagram.com\/cellercanroda\/\",\"https:\/\/www.youtube.com\/channel\/UCMkIFqwRPc-Pk1eMPzADxqA\"]}]}<\/script>\n<!-- \/ Yoast SEO plugin. -->","yoast_head_json":{"title":"Lot Fem un Vermut - Vi aperitiu catal\u00e0 - Celler Can Roda","description":"Gaudeix dels migdies al sol amb el nostre vermut premium juntament amb els essencials: escopinyes, olives, patates i clo\u00efsses. Compra'l ara i rep-lo en 2-3 dies!","robots":{"index":"index","follow":"follow","max-snippet":"max-snippet:-1","max-image-preview":"max-image-preview:large","max-video-preview":"max-video-preview:-1"},"canonical":"https:\/\/cellercanroda.cat\/ca\/botiga\/lots-de-vi\/lot-fem-un-vermut\/","og_locale":"ca_ES","og_type":"article","og_title":"Lot Fem un Vermut - Vi aperitiu catal\u00e0 - Celler Can Roda","og_description":"Gaudeix dels migdies al sol amb el nostre vermut premium juntament amb els essencials: escopinyes, olives, patates i clo\u00efsses. Compra'l ara i rep-lo en 2-3 dies!","og_url":"https:\/\/cellercanroda.cat\/ca\/botiga\/lots-de-vi\/lot-fem-un-vermut\/","og_site_name":"Celler Can Roda","article_publisher":"https:\/\/es-es.facebook.com\/CellerCanRoda","article_modified_time":"2022-11-30T17:54:05+00:00","og_image":[{"width":1924,"height":1519,"url":"https:\/\/cellercanroda.cat\/wp-content\/uploads\/2021\/04\/Lote-de-vermuts-scaled.jpg","type":"image\/jpeg"}],"twitter_card":"summary_large_image","twitter_misc":{"Temps estimat de lectura":"1 minut"},"schema":{"@context":"https:\/\/schema.org","@graph":[{"@type":"WebPage","@id":"https:\/\/cellercanroda.cat\/ca\/botiga\/lots-de-vi\/lot-fem-un-vermut\/","url":"https:\/\/cellercanroda.cat\/ca\/botiga\/lots-de-vi\/lot-fem-un-vermut\/","name":"Lot Fem un Vermut - Vi aperitiu catal\u00e0 - Celler Can Roda","isPartOf":{"@id":"https:\/\/cellercanroda.cat\/ca\/#website"},"primaryImageOfPage":{"@id":"https:\/\/cellercanroda.cat\/ca\/botiga\/lots-de-vi\/lot-fem-un-vermut\/#primaryimage"},"image":{"@id":"https:\/\/cellercanroda.cat\/ca\/botiga\/lots-de-vi\/lot-fem-un-vermut\/#primaryimage"},"thumbnailUrl":"https:\/\/cellercanroda.cat\/wp-content\/uploads\/2021\/04\/Lote-de-vermuts-scaled.jpg","datePublished":"2021-04-13T22:32:08+00:00","dateModified":"2022-11-30T17:54:05+00:00","description":"Gaudeix dels migdies al sol amb el nostre vermut premium juntament amb els essencials: escopinyes, olives, patates i clo\u00efsses. Compra'l ara i rep-lo en 2-3 dies!","breadcrumb":{"@id":"https:\/\/cellercanroda.cat\/ca\/botiga\/lots-de-vi\/lot-fem-un-vermut\/#breadcrumb"},"inLanguage":"ca","potentialAction":[{"@type":"ReadAction","target":["https:\/\/cellercanroda.cat\/ca\/botiga\/lots-de-vi\/lot-fem-un-vermut\/"]}]},{"@type":"ImageObject","inLanguage":"ca","@id":"https:\/\/cellercanroda.cat\/ca\/botiga\/lots-de-vi\/lot-fem-un-vermut\/#primaryimage","url":"https:\/\/cellercanroda.cat\/wp-content\/uploads\/2021\/04\/Lote-de-vermuts-scaled.jpg","contentUrl":"https:\/\/cellercanroda.cat\/wp-content\/uploads\/2021\/04\/Lote-de-vermuts-scaled.jpg","width":1924,"height":1519,"caption":"Lote de vermuts Celler Can Roda"},{"@type":"BreadcrumbList","@id":"https:\/\/cellercanroda.cat\/ca\/botiga\/lots-de-vi\/lot-fem-un-vermut\/#breadcrumb","itemListElement":[{"@type":"ListItem","position":1,"name":"Inicio","item":"https:\/\/cellercanroda.cat\/ca\/"},{"@type":"ListItem","position":2,"name":"Botiga","item":"https:\/\/cellercanroda.cat\/ca\/botiga\/"},{"@type":"ListItem","position":3,"name":"Lot Fem un Vermut"}]},{"@type":"WebSite","@id":"https:\/\/cellercanroda.cat\/ca\/#website","url":"https:\/\/cellercanroda.cat\/ca\/","name":"Celler Can Roda","description":"Vins DO Alella","publisher":{"@id":"https:\/\/cellercanroda.cat\/ca\/#organization"},"potentialAction":[{"@type":"SearchAction","target":{"@type":"EntryPoint","urlTemplate":"https:\/\/cellercanroda.cat\/ca\/?s={search_term_string}"},"query-input":{"@type":"PropertyValueSpecification","valueRequired":true,"valueName":"search_term_string"}}],"inLanguage":"ca"},{"@type":"Organization","@id":"https:\/\/cellercanroda.cat\/ca\/#organization","name":"Celler Can Roda","url":"https:\/\/cellercanroda.cat\/ca\/","logo":{"@type":"ImageObject","inLanguage":"ca","@id":"https:\/\/cellercanroda.cat\/ca\/#\/schema\/logo\/image\/","url":"https:\/\/cellercanroda.cat\/wp-content\/uploads\/2020\/09\/canroda_logo-scaled.jpg","contentUrl":"https:\/\/cellercanroda.cat\/wp-content\/uploads\/2020\/09\/canroda_logo-scaled.jpg","width":2560,"height":1111,"caption":"Celler Can Roda"},"image":{"@id":"https:\/\/cellercanroda.cat\/ca\/#\/schema\/logo\/image\/"},"sameAs":["https:\/\/es-es.facebook.com\/CellerCanRoda","https:\/\/www.instagram.com\/cellercanroda\/","https:\/\/www.youtube.com\/channel\/UCMkIFqwRPc-Pk1eMPzADxqA"]}]}},"_links":{"self":[{"href":"https:\/\/cellercanroda.cat\/ca\/wp-json\/wp\/v2\/product\/7220","targetHints":{"allow":["GET"]}}],"collection":[{"href":"https:\/\/cellercanroda.cat\/ca\/wp-json\/wp\/v2\/product"}],"about":[{"href":"https:\/\/cellercanroda.cat\/ca\/wp-json\/wp\/v2\/types\/product"}],"wp:featuredmedia":[{"embeddable":true,"href":"https:\/\/cellercanroda.cat\/ca\/wp-json\/wp\/v2\/media\/15652"}],"wp:attachment":[{"href":"https:\/\/cellercanroda.cat\/ca\/wp-json\/wp\/v2\/media?parent=7220"}],"wp:term":[{"taxonomy":"product_brand","embeddable":true,"href":"https:\/\/cellercanroda.cat\/ca\/wp-json\/wp\/v2\/product_brand?post=7220"},{"taxonomy":"product_cat","embeddable":true,"href":"https:\/\/cellercanroda.cat\/ca\/wp-json\/wp\/v2\/product_cat?post=7220"},{"taxonomy":"product_tag","embeddable":true,"href":"https:\/\/cellercanroda.cat\/ca\/wp-json\/wp\/v2\/product_tag?post=7220"},{"taxonomy":"giftcard-category","embeddable":true,"href":"https:\/\/cellercanroda.cat\/ca\/wp-json\/wp\/v2\/giftcard-category?post=7220"}],"curies":[{"name":"wp","href":"https:\/\/api.w.org\/{rel}","templated":true}]}}