{"id":7214,"date":"2021-04-07T22:28:40","date_gmt":"2021-04-07T20:28:40","guid":{"rendered":"https:\/\/cellercanroda.cat\/?post_type=product&#038;p=7214"},"modified":"2026-04-14T18:21:35","modified_gmt":"2026-04-14T16:21:35","slug":"brunch-entre-vinyes","status":"publish","type":"product","link":"https:\/\/cellercanroda.cat\/ca\/botiga\/experiencies-enologiques\/brunch-entre-vinyes\/","title":{"rendered":"Brunch entre vinyes"},"content":{"rendered":"","protected":false},"excerpt":{"rendered":"<p>A Can Roda et convidem a assaborir un esmorzar-dinar entre vinyes \u00fanic i a pocs minuts de la gran ciutat. Podr\u00e0s gaudir d&#8217;un picnic gourmet al bosc que envolta la nostra masia, un marc incomparable per a una experi\u00e8ncia gastron\u00f2mica de primera categor\u00eda.<\/p>\n<p>Aquest picnic entre vinyes inclou:<br \/>\n[fusion_checklist icon=\"fa-asterisk fas\" iconcolor=\"\" circle=\"\" circlecolor=\"\" size=\"16px\" divider=\"\" divider_color=\"\" hide_on_mobile=\"small-visibility,medium-visibility,large-visibility\" class=\"\" id=\"\"] [fusion_li_item icon=\"fa-wine-bottle fas\"]Visita guiada al celler i les vinyes [\/fusion_li_item] [fusion_li_item icon=\"fa-seedling fas\"]Passeig per les vinyes [\/fusion_li_item][fusion_li_item icon=\"fa-shopping-basket fas\"]Brunch\/Esmorzar amb productes de proximitat maridats amb tres vins del celler [\/fusion_li_item][\/fusion_checklist][fusion_separator style_type=\"default\" flex_grow=\"0\" alignment=\"center\" border_size=\"\" sep_color=\"\" icon=\"\" icon_size=\"\" icon_color=\"\" icon_circle=\"\" icon_circle_color=\"\" hide_on_mobile=\"small-visibility,medium-visibility,large-visibility\" sticky_display=\"normal,sticky\" class=\"\" id=\"\" top_margin=\"10px\" bottom_margin=\"10px\" \/]<\/p>\n<p><strong>Dia i Hora:<\/strong> Divendres, Dissabtes i Diumenges: 11:00h <em>*Si vols venir abans, posa&#8217;t en contacte amb nosaltres.<\/em><br \/>\n<strong>Durada:<\/strong> 2 hores i 30 minuts<br \/>\n<strong>Preus:<\/strong> Adult\/s: 45\u20ac &#8211; Menor\/s (10-18 anys): 25\u20ac &#8211; Menor\/s (&lt;10 anys): 10\u20ac<br \/>\n<strong>Capacitat:<\/strong> Grups de m\u00e0xim 8 persones. Per a grups m\u00e9s grans, si us plau, poseu-vos en contacte amb nosaltres.<\/p>\n<p><strong>Escull el dia que vols venir:<\/strong><\/p>\n","protected":false},"featured_media":18168,"template":"","meta":{"_acf_changed":false},"product_brand":[],"product_cat":[88],"product_tag":[],"giftcard-category":[],"class_list":{"0":"post-7214","1":"product","2":"type-product","3":"status-publish","4":"has-post-thumbnail","6":"product_cat-experiencies-enologiques","8":"first","9":"instock","10":"virtual","11":"sold-individually","12":"taxable","13":"purchasable","14":"product-type-phive_booking"},"acf":[],"yoast_head":"<!-- This site is optimized with the Yoast SEO plugin v27.1.1 - https:\/\/yoast.com\/product\/yoast-seo-wordpress\/ -->\n<title>Experi\u00e8ncia enol\u00f2gica Picnic entre vinyes - Celler Can Roda<\/title>\n<meta name=\"description\" content=\"Reserva aqu\u00ed un picnic entre vinyes al nostre celler. Una experiencia que no oblidar\u00e0s. \u00a1Entra ara!\" \/>\n<meta name=\"robots\" content=\"index, follow, max-snippet:-1, max-image-preview:large, max-video-preview:-1\" \/>\n<link rel=\"canonical\" href=\"https:\/\/cellercanroda.cat\/ca\/botiga\/experiencies-enologiques\/brunch-entre-vinyes\/\" \/>\n<meta property=\"og:locale\" content=\"ca_ES\" \/>\n<meta property=\"og:type\" content=\"article\" \/>\n<meta property=\"og:title\" content=\"Experi\u00e8ncia enol\u00f2gica Picnic entre vinyes - Celler Can Roda\" \/>\n<meta property=\"og:description\" content=\"Reserva aqu\u00ed un picnic entre vinyes al nostre celler. Una experiencia que no oblidar\u00e0s. \u00a1Entra ara!\" \/>\n<meta property=\"og:url\" content=\"https:\/\/cellercanroda.cat\/ca\/botiga\/experiencies-enologiques\/brunch-entre-vinyes\/\" \/>\n<meta property=\"og:site_name\" content=\"Celler Can Roda\" \/>\n<meta property=\"article:publisher\" content=\"https:\/\/es-es.facebook.com\/CellerCanRoda\" \/>\n<meta property=\"article:modified_time\" content=\"2026-04-14T16:21:35+00:00\" \/>\n<meta property=\"og:image\" content=\"https:\/\/cellercanroda.cat\/wp-content\/uploads\/2023\/04\/Fotoskolan_Can-Roda_DSF1904-scaled.webp\" \/>\n\t<meta property=\"og:image:width\" content=\"1924\" \/>\n\t<meta property=\"og:image:height\" content=\"1443\" \/>\n\t<meta property=\"og:image:type\" content=\"image\/webp\" \/>\n<meta name=\"twitter:card\" content=\"summary_large_image\" \/>\n<meta name=\"twitter:label1\" content=\"Temps estimat de lectura\" \/>\n\t<meta name=\"twitter:data1\" content=\"1 minut\" \/>\n<script type=\"application\/ld+json\" class=\"yoast-schema-graph\">{\"@context\":\"https:\/\/schema.org\",\"@graph\":[{\"@type\":\"WebPage\",\"@id\":\"https:\/\/cellercanroda.cat\/ca\/botiga\/experiencies-enologiques\/brunch-entre-vinyes\/\",\"url\":\"https:\/\/cellercanroda.cat\/ca\/botiga\/experiencies-enologiques\/brunch-entre-vinyes\/\",\"name\":\"Experi\u00e8ncia enol\u00f2gica Picnic entre vinyes - Celler Can Roda\",\"isPartOf\":{\"@id\":\"https:\/\/cellercanroda.cat\/ca\/#website\"},\"primaryImageOfPage\":{\"@id\":\"https:\/\/cellercanroda.cat\/ca\/botiga\/experiencies-enologiques\/brunch-entre-vinyes\/#primaryimage\"},\"image\":{\"@id\":\"https:\/\/cellercanroda.cat\/ca\/botiga\/experiencies-enologiques\/brunch-entre-vinyes\/#primaryimage\"},\"thumbnailUrl\":\"https:\/\/cellercanroda.cat\/wp-content\/uploads\/2023\/04\/Fotoskolan_Can-Roda_DSF1904-scaled.webp\",\"datePublished\":\"2021-04-07T20:28:40+00:00\",\"dateModified\":\"2026-04-14T16:21:35+00:00\",\"description\":\"Reserva aqu\u00ed un picnic entre vinyes al nostre celler. Una experiencia que no oblidar\u00e0s. \u00a1Entra ara!\",\"breadcrumb\":{\"@id\":\"https:\/\/cellercanroda.cat\/ca\/botiga\/experiencies-enologiques\/brunch-entre-vinyes\/#breadcrumb\"},\"inLanguage\":\"ca\",\"potentialAction\":[{\"@type\":\"ReadAction\",\"target\":[\"https:\/\/cellercanroda.cat\/ca\/botiga\/experiencies-enologiques\/brunch-entre-vinyes\/\"]}]},{\"@type\":\"ImageObject\",\"inLanguage\":\"ca\",\"@id\":\"https:\/\/cellercanroda.cat\/ca\/botiga\/experiencies-enologiques\/brunch-entre-vinyes\/#primaryimage\",\"url\":\"https:\/\/cellercanroda.cat\/wp-content\/uploads\/2023\/04\/Fotoskolan_Can-Roda_DSF1904-scaled.webp\",\"contentUrl\":\"https:\/\/cellercanroda.cat\/wp-content\/uploads\/2023\/04\/Fotoskolan_Can-Roda_DSF1904-scaled.webp\",\"width\":1924,\"height\":1443,\"caption\":\"Brunch Can Roda\"},{\"@type\":\"BreadcrumbList\",\"@id\":\"https:\/\/cellercanroda.cat\/ca\/botiga\/experiencies-enologiques\/brunch-entre-vinyes\/#breadcrumb\",\"itemListElement\":[{\"@type\":\"ListItem\",\"position\":1,\"name\":\"Inicio\",\"item\":\"https:\/\/cellercanroda.cat\/ca\/\"},{\"@type\":\"ListItem\",\"position\":2,\"name\":\"Botiga\",\"item\":\"https:\/\/cellercanroda.cat\/ca\/botiga\/\"},{\"@type\":\"ListItem\",\"position\":3,\"name\":\"Brunch entre vinyes\"}]},{\"@type\":\"WebSite\",\"@id\":\"https:\/\/cellercanroda.cat\/ca\/#website\",\"url\":\"https:\/\/cellercanroda.cat\/ca\/\",\"name\":\"Celler Can Roda\",\"description\":\"Vins DO Alella\",\"publisher\":{\"@id\":\"https:\/\/cellercanroda.cat\/ca\/#organization\"},\"potentialAction\":[{\"@type\":\"SearchAction\",\"target\":{\"@type\":\"EntryPoint\",\"urlTemplate\":\"https:\/\/cellercanroda.cat\/ca\/?s={search_term_string}\"},\"query-input\":{\"@type\":\"PropertyValueSpecification\",\"valueRequired\":true,\"valueName\":\"search_term_string\"}}],\"inLanguage\":\"ca\"},{\"@type\":\"Organization\",\"@id\":\"https:\/\/cellercanroda.cat\/ca\/#organization\",\"name\":\"Celler Can Roda\",\"url\":\"https:\/\/cellercanroda.cat\/ca\/\",\"logo\":{\"@type\":\"ImageObject\",\"inLanguage\":\"ca\",\"@id\":\"https:\/\/cellercanroda.cat\/ca\/#\/schema\/logo\/image\/\",\"url\":\"https:\/\/cellercanroda.cat\/wp-content\/uploads\/2020\/09\/canroda_logo-scaled.jpg\",\"contentUrl\":\"https:\/\/cellercanroda.cat\/wp-content\/uploads\/2020\/09\/canroda_logo-scaled.jpg\",\"width\":2560,\"height\":1111,\"caption\":\"Celler Can Roda\"},\"image\":{\"@id\":\"https:\/\/cellercanroda.cat\/ca\/#\/schema\/logo\/image\/\"},\"sameAs\":[\"https:\/\/es-es.facebook.com\/CellerCanRoda\",\"https:\/\/www.instagram.com\/cellercanroda\/\",\"https:\/\/www.youtube.com\/channel\/UCMkIFqwRPc-Pk1eMPzADxqA\"]}]}<\/script>\n<!-- \/ Yoast SEO plugin. -->","yoast_head_json":{"title":"Experi\u00e8ncia enol\u00f2gica Picnic entre vinyes - Celler Can Roda","description":"Reserva aqu\u00ed un picnic entre vinyes al nostre celler. Una experiencia que no oblidar\u00e0s. \u00a1Entra ara!","robots":{"index":"index","follow":"follow","max-snippet":"max-snippet:-1","max-image-preview":"max-image-preview:large","max-video-preview":"max-video-preview:-1"},"canonical":"https:\/\/cellercanroda.cat\/ca\/botiga\/experiencies-enologiques\/brunch-entre-vinyes\/","og_locale":"ca_ES","og_type":"article","og_title":"Experi\u00e8ncia enol\u00f2gica Picnic entre vinyes - Celler Can Roda","og_description":"Reserva aqu\u00ed un picnic entre vinyes al nostre celler. Una experiencia que no oblidar\u00e0s. \u00a1Entra ara!","og_url":"https:\/\/cellercanroda.cat\/ca\/botiga\/experiencies-enologiques\/brunch-entre-vinyes\/","og_site_name":"Celler Can Roda","article_publisher":"https:\/\/es-es.facebook.com\/CellerCanRoda","article_modified_time":"2026-04-14T16:21:35+00:00","og_image":[{"width":1924,"height":1443,"url":"https:\/\/cellercanroda.cat\/wp-content\/uploads\/2023\/04\/Fotoskolan_Can-Roda_DSF1904-scaled.webp","type":"image\/webp"}],"twitter_card":"summary_large_image","twitter_misc":{"Temps estimat de lectura":"1 minut"},"schema":{"@context":"https:\/\/schema.org","@graph":[{"@type":"WebPage","@id":"https:\/\/cellercanroda.cat\/ca\/botiga\/experiencies-enologiques\/brunch-entre-vinyes\/","url":"https:\/\/cellercanroda.cat\/ca\/botiga\/experiencies-enologiques\/brunch-entre-vinyes\/","name":"Experi\u00e8ncia enol\u00f2gica Picnic entre vinyes - Celler Can Roda","isPartOf":{"@id":"https:\/\/cellercanroda.cat\/ca\/#website"},"primaryImageOfPage":{"@id":"https:\/\/cellercanroda.cat\/ca\/botiga\/experiencies-enologiques\/brunch-entre-vinyes\/#primaryimage"},"image":{"@id":"https:\/\/cellercanroda.cat\/ca\/botiga\/experiencies-enologiques\/brunch-entre-vinyes\/#primaryimage"},"thumbnailUrl":"https:\/\/cellercanroda.cat\/wp-content\/uploads\/2023\/04\/Fotoskolan_Can-Roda_DSF1904-scaled.webp","datePublished":"2021-04-07T20:28:40+00:00","dateModified":"2026-04-14T16:21:35+00:00","description":"Reserva aqu\u00ed un picnic entre vinyes al nostre celler. Una experiencia que no oblidar\u00e0s. \u00a1Entra ara!","breadcrumb":{"@id":"https:\/\/cellercanroda.cat\/ca\/botiga\/experiencies-enologiques\/brunch-entre-vinyes\/#breadcrumb"},"inLanguage":"ca","potentialAction":[{"@type":"ReadAction","target":["https:\/\/cellercanroda.cat\/ca\/botiga\/experiencies-enologiques\/brunch-entre-vinyes\/"]}]},{"@type":"ImageObject","inLanguage":"ca","@id":"https:\/\/cellercanroda.cat\/ca\/botiga\/experiencies-enologiques\/brunch-entre-vinyes\/#primaryimage","url":"https:\/\/cellercanroda.cat\/wp-content\/uploads\/2023\/04\/Fotoskolan_Can-Roda_DSF1904-scaled.webp","contentUrl":"https:\/\/cellercanroda.cat\/wp-content\/uploads\/2023\/04\/Fotoskolan_Can-Roda_DSF1904-scaled.webp","width":1924,"height":1443,"caption":"Brunch Can Roda"},{"@type":"BreadcrumbList","@id":"https:\/\/cellercanroda.cat\/ca\/botiga\/experiencies-enologiques\/brunch-entre-vinyes\/#breadcrumb","itemListElement":[{"@type":"ListItem","position":1,"name":"Inicio","item":"https:\/\/cellercanroda.cat\/ca\/"},{"@type":"ListItem","position":2,"name":"Botiga","item":"https:\/\/cellercanroda.cat\/ca\/botiga\/"},{"@type":"ListItem","position":3,"name":"Brunch entre vinyes"}]},{"@type":"WebSite","@id":"https:\/\/cellercanroda.cat\/ca\/#website","url":"https:\/\/cellercanroda.cat\/ca\/","name":"Celler Can Roda","description":"Vins DO Alella","publisher":{"@id":"https:\/\/cellercanroda.cat\/ca\/#organization"},"potentialAction":[{"@type":"SearchAction","target":{"@type":"EntryPoint","urlTemplate":"https:\/\/cellercanroda.cat\/ca\/?s={search_term_string}"},"query-input":{"@type":"PropertyValueSpecification","valueRequired":true,"valueName":"search_term_string"}}],"inLanguage":"ca"},{"@type":"Organization","@id":"https:\/\/cellercanroda.cat\/ca\/#organization","name":"Celler Can Roda","url":"https:\/\/cellercanroda.cat\/ca\/","logo":{"@type":"ImageObject","inLanguage":"ca","@id":"https:\/\/cellercanroda.cat\/ca\/#\/schema\/logo\/image\/","url":"https:\/\/cellercanroda.cat\/wp-content\/uploads\/2020\/09\/canroda_logo-scaled.jpg","contentUrl":"https:\/\/cellercanroda.cat\/wp-content\/uploads\/2020\/09\/canroda_logo-scaled.jpg","width":2560,"height":1111,"caption":"Celler Can Roda"},"image":{"@id":"https:\/\/cellercanroda.cat\/ca\/#\/schema\/logo\/image\/"},"sameAs":["https:\/\/es-es.facebook.com\/CellerCanRoda","https:\/\/www.instagram.com\/cellercanroda\/","https:\/\/www.youtube.com\/channel\/UCMkIFqwRPc-Pk1eMPzADxqA"]}]}},"_links":{"self":[{"href":"https:\/\/cellercanroda.cat\/ca\/wp-json\/wp\/v2\/product\/7214","targetHints":{"allow":["GET"]}}],"collection":[{"href":"https:\/\/cellercanroda.cat\/ca\/wp-json\/wp\/v2\/product"}],"about":[{"href":"https:\/\/cellercanroda.cat\/ca\/wp-json\/wp\/v2\/types\/product"}],"wp:featuredmedia":[{"embeddable":true,"href":"https:\/\/cellercanroda.cat\/ca\/wp-json\/wp\/v2\/media\/18168"}],"wp:attachment":[{"href":"https:\/\/cellercanroda.cat\/ca\/wp-json\/wp\/v2\/media?parent=7214"}],"wp:term":[{"taxonomy":"product_brand","embeddable":true,"href":"https:\/\/cellercanroda.cat\/ca\/wp-json\/wp\/v2\/product_brand?post=7214"},{"taxonomy":"product_cat","embeddable":true,"href":"https:\/\/cellercanroda.cat\/ca\/wp-json\/wp\/v2\/product_cat?post=7214"},{"taxonomy":"product_tag","embeddable":true,"href":"https:\/\/cellercanroda.cat\/ca\/wp-json\/wp\/v2\/product_tag?post=7214"},{"taxonomy":"giftcard-category","embeddable":true,"href":"https:\/\/cellercanroda.cat\/ca\/wp-json\/wp\/v2\/giftcard-category?post=7214"}],"curies":[{"name":"wp","href":"https:\/\/api.w.org\/{rel}","templated":true}]}}