{"id":37021,"date":"2026-02-27T22:17:37","date_gmt":"2026-02-27T21:17:37","guid":{"rendered":"https:\/\/cellercanroda.cat\/?post_type=product&#038;p=37021"},"modified":"2026-02-27T22:29:21","modified_gmt":"2026-02-27T21:29:21","slug":"ioga-entre-vinyes-i-aperitiu","status":"publish","type":"product","link":"https:\/\/cellercanroda.cat\/ca\/botiga\/experiencies-enologiques\/ioga-entre-vinyes-i-aperitiu\/","title":{"rendered":"Ioga entre vinyes"},"content":{"rendered":"","protected":false},"excerpt":{"rendered":"<p>Connecta amb la natura i amb el teu cos al Celler de Can Roda amb una sessi\u00f3 de ioga amb la professional Berta Raspall. Gaudeix d\u2019una sessi\u00f3 de Hatha i Vinyasa en un paisatge natural privilegiat envoltat de vinyes i amb vistes a Montserrat i al parc Natural de Serralada de Marina. Despr\u00e9s de la sessi\u00f3 de ioga podr\u00e0s relaxar-te amb una copa de vi o vermut amb un aperitiu fresc i saludable a la nostra terrassa al costat de les vinyes!<\/p>\n<p>T\u2019agrada el m\u00f3n del vi? Vols fer una activitat que et doni benestar f\u00edsic i equilibri espiritual en ple Parc Natural de la Serralada de Marina?<\/p>\n<p>IMPORTANT: Cada persona ha de portar la seva pr\u00f2pia m\u00e0rfega.<\/p>\n<p>L&#8217;activitat inclou:<br \/>\n[fusion_checklist icon=\"fa-asterisk fas\" iconcolor=\"\" circle=\"\" circlecolor=\"\" size=\"16px\" divider=\"\" divider_color=\"\" hide_on_mobile=\"small-visibility,medium-visibility,large-visibility\" class=\"\" id=\"\"] [fusion_li_item icon=\"fa-wine-bottle fas\"]Sessi\u00f3 de ioga amb la Berta Raspall (1h)[\/fusion_li_item][fusion_li_item icon=\"fa-seedling fas\"]Passeig per les vinyes i bosc[\/fusion_li_item][fusion_li_item icon=\"fa-wine-glass-alt fas\"]Copa de vi, cava o vermut amb un aperitiu saludable de proximitat[\/fusion_li_item][\/fusion_checklist][fusion_separator style_type=\"default\" flex_grow=\"0\" alignment=\"center\" border_size=\"\" sep_color=\"\" icon=\"\" icon_size=\"\" icon_color=\"\" icon_circle=\"\" icon_circle_color=\"\" hide_on_mobile=\"small-visibility,medium-visibility,large-visibility\" sticky_display=\"normal,sticky\" class=\"\" id=\"\" top_margin=\"10px\" bottom_margin=\"10px\" \/]<\/p>\n<p><strong>Dia:<\/strong> Dissabte 9 de maig de 2026<br \/>\n<strong>Horari:<\/strong> 10h<br \/>\n<strong>Durada:<\/strong> 2 hores<br \/>\n<strong>Preus:<\/strong> Adult\/s: 35\u20ac<\/p>\n<p>Entrades limitades!<\/p>\n","protected":false},"featured_media":37022,"template":"","meta":{"_acf_changed":false},"product_brand":[],"product_cat":[88],"product_tag":[],"giftcard-category":[],"class_list":{"0":"post-37021","1":"product","2":"type-product","3":"status-publish","4":"has-post-thumbnail","6":"product_cat-experiencies-enologiques","8":"first","9":"instock","10":"virtual","11":"sold-individually","12":"taxable","13":"purchasable","14":"product-type-phive_booking"},"acf":[],"yoast_head":"<!-- This site is optimized with the Yoast SEO plugin v27.1.1 - https:\/\/yoast.com\/product\/yoast-seo-wordpress\/ -->\n<title>Ioga entre vinyes i tast de vi - Celler Can Roda<\/title>\n<meta name=\"description\" content=\"Connecta amb la natura al Celler de Can Roda: ioga amb Berta Raspall, vinyes i copa de vi amb aperitiu. Reserva la teva pla\u00e7a avui!\" \/>\n<meta name=\"robots\" content=\"index, follow, max-snippet:-1, max-image-preview:large, max-video-preview:-1\" \/>\n<link rel=\"canonical\" href=\"https:\/\/cellercanroda.cat\/ca\/botiga\/experiencies-enologiques\/ioga-entre-vinyes-i-aperitiu\/\" \/>\n<meta property=\"og:locale\" content=\"ca_ES\" \/>\n<meta property=\"og:type\" content=\"article\" \/>\n<meta property=\"og:title\" content=\"Ioga entre vinyes i tast de vi - Celler Can Roda\" \/>\n<meta property=\"og:description\" content=\"Connecta amb la natura al Celler de Can Roda: ioga amb Berta Raspall, vinyes i copa de vi amb aperitiu. Reserva la teva pla\u00e7a avui!\" \/>\n<meta property=\"og:url\" content=\"https:\/\/cellercanroda.cat\/ca\/botiga\/experiencies-enologiques\/ioga-entre-vinyes-i-aperitiu\/\" \/>\n<meta property=\"og:site_name\" content=\"Celler Can Roda\" \/>\n<meta property=\"article:publisher\" content=\"https:\/\/es-es.facebook.com\/CellerCanRoda\" \/>\n<meta property=\"article:modified_time\" content=\"2026-02-27T21:29:21+00:00\" \/>\n<meta property=\"og:image\" content=\"https:\/\/cellercanroda.cat\/wp-content\/uploads\/2026\/02\/Ioga-entre-vinyes-Celler-Can-Roda.jpg\" \/>\n\t<meta property=\"og:image:width\" content=\"1067\" \/>\n\t<meta property=\"og:image:height\" content=\"1600\" \/>\n\t<meta property=\"og:image:type\" content=\"image\/jpeg\" \/>\n<meta name=\"twitter:card\" content=\"summary_large_image\" \/>\n<meta name=\"twitter:label1\" content=\"Temps estimat de lectura\" \/>\n\t<meta name=\"twitter:data1\" content=\"1 minut\" \/>\n<script type=\"application\/ld+json\" class=\"yoast-schema-graph\">{\"@context\":\"https:\/\/schema.org\",\"@graph\":[{\"@type\":\"WebPage\",\"@id\":\"https:\/\/cellercanroda.cat\/ca\/botiga\/experiencies-enologiques\/ioga-entre-vinyes-i-aperitiu\/\",\"url\":\"https:\/\/cellercanroda.cat\/ca\/botiga\/experiencies-enologiques\/ioga-entre-vinyes-i-aperitiu\/\",\"name\":\"Ioga entre vinyes i tast de vi - Celler Can Roda\",\"isPartOf\":{\"@id\":\"https:\/\/cellercanroda.cat\/ca\/#website\"},\"primaryImageOfPage\":{\"@id\":\"https:\/\/cellercanroda.cat\/ca\/botiga\/experiencies-enologiques\/ioga-entre-vinyes-i-aperitiu\/#primaryimage\"},\"image\":{\"@id\":\"https:\/\/cellercanroda.cat\/ca\/botiga\/experiencies-enologiques\/ioga-entre-vinyes-i-aperitiu\/#primaryimage\"},\"thumbnailUrl\":\"https:\/\/cellercanroda.cat\/wp-content\/uploads\/2026\/02\/Ioga-entre-vinyes-Celler-Can-Roda.jpg\",\"datePublished\":\"2026-02-27T21:17:37+00:00\",\"dateModified\":\"2026-02-27T21:29:21+00:00\",\"description\":\"Connecta amb la natura al Celler de Can Roda: ioga amb Berta Raspall, vinyes i copa de vi amb aperitiu. Reserva la teva pla\u00e7a avui!\",\"breadcrumb\":{\"@id\":\"https:\/\/cellercanroda.cat\/ca\/botiga\/experiencies-enologiques\/ioga-entre-vinyes-i-aperitiu\/#breadcrumb\"},\"inLanguage\":\"ca\",\"potentialAction\":[{\"@type\":\"ReadAction\",\"target\":[\"https:\/\/cellercanroda.cat\/ca\/botiga\/experiencies-enologiques\/ioga-entre-vinyes-i-aperitiu\/\"]}]},{\"@type\":\"ImageObject\",\"inLanguage\":\"ca\",\"@id\":\"https:\/\/cellercanroda.cat\/ca\/botiga\/experiencies-enologiques\/ioga-entre-vinyes-i-aperitiu\/#primaryimage\",\"url\":\"https:\/\/cellercanroda.cat\/wp-content\/uploads\/2026\/02\/Ioga-entre-vinyes-Celler-Can-Roda.jpg\",\"contentUrl\":\"https:\/\/cellercanroda.cat\/wp-content\/uploads\/2026\/02\/Ioga-entre-vinyes-Celler-Can-Roda.jpg\",\"width\":1067,\"height\":1600,\"caption\":\"Ioga entre vinyes - Celler Can Roda\"},{\"@type\":\"BreadcrumbList\",\"@id\":\"https:\/\/cellercanroda.cat\/ca\/botiga\/experiencies-enologiques\/ioga-entre-vinyes-i-aperitiu\/#breadcrumb\",\"itemListElement\":[{\"@type\":\"ListItem\",\"position\":1,\"name\":\"Inicio\",\"item\":\"https:\/\/cellercanroda.cat\/ca\/\"},{\"@type\":\"ListItem\",\"position\":2,\"name\":\"Botiga\",\"item\":\"https:\/\/cellercanroda.cat\/ca\/botiga\/\"},{\"@type\":\"ListItem\",\"position\":3,\"name\":\"Ioga entre vinyes\"}]},{\"@type\":\"WebSite\",\"@id\":\"https:\/\/cellercanroda.cat\/ca\/#website\",\"url\":\"https:\/\/cellercanroda.cat\/ca\/\",\"name\":\"Celler Can Roda\",\"description\":\"Vins DO Alella\",\"publisher\":{\"@id\":\"https:\/\/cellercanroda.cat\/ca\/#organization\"},\"potentialAction\":[{\"@type\":\"SearchAction\",\"target\":{\"@type\":\"EntryPoint\",\"urlTemplate\":\"https:\/\/cellercanroda.cat\/ca\/?s={search_term_string}\"},\"query-input\":{\"@type\":\"PropertyValueSpecification\",\"valueRequired\":true,\"valueName\":\"search_term_string\"}}],\"inLanguage\":\"ca\"},{\"@type\":\"Organization\",\"@id\":\"https:\/\/cellercanroda.cat\/ca\/#organization\",\"name\":\"Celler Can Roda\",\"url\":\"https:\/\/cellercanroda.cat\/ca\/\",\"logo\":{\"@type\":\"ImageObject\",\"inLanguage\":\"ca\",\"@id\":\"https:\/\/cellercanroda.cat\/ca\/#\/schema\/logo\/image\/\",\"url\":\"https:\/\/cellercanroda.cat\/wp-content\/uploads\/2020\/09\/canroda_logo-scaled.jpg\",\"contentUrl\":\"https:\/\/cellercanroda.cat\/wp-content\/uploads\/2020\/09\/canroda_logo-scaled.jpg\",\"width\":2560,\"height\":1111,\"caption\":\"Celler Can Roda\"},\"image\":{\"@id\":\"https:\/\/cellercanroda.cat\/ca\/#\/schema\/logo\/image\/\"},\"sameAs\":[\"https:\/\/es-es.facebook.com\/CellerCanRoda\",\"https:\/\/www.instagram.com\/cellercanroda\/\",\"https:\/\/www.youtube.com\/channel\/UCMkIFqwRPc-Pk1eMPzADxqA\"]}]}<\/script>\n<!-- \/ Yoast SEO plugin. -->","yoast_head_json":{"title":"Ioga entre vinyes i tast de vi - Celler Can Roda","description":"Connecta amb la natura al Celler de Can Roda: ioga amb Berta Raspall, vinyes i copa de vi amb aperitiu. Reserva la teva pla\u00e7a avui!","robots":{"index":"index","follow":"follow","max-snippet":"max-snippet:-1","max-image-preview":"max-image-preview:large","max-video-preview":"max-video-preview:-1"},"canonical":"https:\/\/cellercanroda.cat\/ca\/botiga\/experiencies-enologiques\/ioga-entre-vinyes-i-aperitiu\/","og_locale":"ca_ES","og_type":"article","og_title":"Ioga entre vinyes i tast de vi - Celler Can Roda","og_description":"Connecta amb la natura al Celler de Can Roda: ioga amb Berta Raspall, vinyes i copa de vi amb aperitiu. Reserva la teva pla\u00e7a avui!","og_url":"https:\/\/cellercanroda.cat\/ca\/botiga\/experiencies-enologiques\/ioga-entre-vinyes-i-aperitiu\/","og_site_name":"Celler Can Roda","article_publisher":"https:\/\/es-es.facebook.com\/CellerCanRoda","article_modified_time":"2026-02-27T21:29:21+00:00","og_image":[{"width":1067,"height":1600,"url":"https:\/\/cellercanroda.cat\/wp-content\/uploads\/2026\/02\/Ioga-entre-vinyes-Celler-Can-Roda.jpg","type":"image\/jpeg"}],"twitter_card":"summary_large_image","twitter_misc":{"Temps estimat de lectura":"1 minut"},"schema":{"@context":"https:\/\/schema.org","@graph":[{"@type":"WebPage","@id":"https:\/\/cellercanroda.cat\/ca\/botiga\/experiencies-enologiques\/ioga-entre-vinyes-i-aperitiu\/","url":"https:\/\/cellercanroda.cat\/ca\/botiga\/experiencies-enologiques\/ioga-entre-vinyes-i-aperitiu\/","name":"Ioga entre vinyes i tast de vi - Celler Can Roda","isPartOf":{"@id":"https:\/\/cellercanroda.cat\/ca\/#website"},"primaryImageOfPage":{"@id":"https:\/\/cellercanroda.cat\/ca\/botiga\/experiencies-enologiques\/ioga-entre-vinyes-i-aperitiu\/#primaryimage"},"image":{"@id":"https:\/\/cellercanroda.cat\/ca\/botiga\/experiencies-enologiques\/ioga-entre-vinyes-i-aperitiu\/#primaryimage"},"thumbnailUrl":"https:\/\/cellercanroda.cat\/wp-content\/uploads\/2026\/02\/Ioga-entre-vinyes-Celler-Can-Roda.jpg","datePublished":"2026-02-27T21:17:37+00:00","dateModified":"2026-02-27T21:29:21+00:00","description":"Connecta amb la natura al Celler de Can Roda: ioga amb Berta Raspall, vinyes i copa de vi amb aperitiu. Reserva la teva pla\u00e7a avui!","breadcrumb":{"@id":"https:\/\/cellercanroda.cat\/ca\/botiga\/experiencies-enologiques\/ioga-entre-vinyes-i-aperitiu\/#breadcrumb"},"inLanguage":"ca","potentialAction":[{"@type":"ReadAction","target":["https:\/\/cellercanroda.cat\/ca\/botiga\/experiencies-enologiques\/ioga-entre-vinyes-i-aperitiu\/"]}]},{"@type":"ImageObject","inLanguage":"ca","@id":"https:\/\/cellercanroda.cat\/ca\/botiga\/experiencies-enologiques\/ioga-entre-vinyes-i-aperitiu\/#primaryimage","url":"https:\/\/cellercanroda.cat\/wp-content\/uploads\/2026\/02\/Ioga-entre-vinyes-Celler-Can-Roda.jpg","contentUrl":"https:\/\/cellercanroda.cat\/wp-content\/uploads\/2026\/02\/Ioga-entre-vinyes-Celler-Can-Roda.jpg","width":1067,"height":1600,"caption":"Ioga entre vinyes - Celler Can Roda"},{"@type":"BreadcrumbList","@id":"https:\/\/cellercanroda.cat\/ca\/botiga\/experiencies-enologiques\/ioga-entre-vinyes-i-aperitiu\/#breadcrumb","itemListElement":[{"@type":"ListItem","position":1,"name":"Inicio","item":"https:\/\/cellercanroda.cat\/ca\/"},{"@type":"ListItem","position":2,"name":"Botiga","item":"https:\/\/cellercanroda.cat\/ca\/botiga\/"},{"@type":"ListItem","position":3,"name":"Ioga entre vinyes"}]},{"@type":"WebSite","@id":"https:\/\/cellercanroda.cat\/ca\/#website","url":"https:\/\/cellercanroda.cat\/ca\/","name":"Celler Can Roda","description":"Vins DO Alella","publisher":{"@id":"https:\/\/cellercanroda.cat\/ca\/#organization"},"potentialAction":[{"@type":"SearchAction","target":{"@type":"EntryPoint","urlTemplate":"https:\/\/cellercanroda.cat\/ca\/?s={search_term_string}"},"query-input":{"@type":"PropertyValueSpecification","valueRequired":true,"valueName":"search_term_string"}}],"inLanguage":"ca"},{"@type":"Organization","@id":"https:\/\/cellercanroda.cat\/ca\/#organization","name":"Celler Can Roda","url":"https:\/\/cellercanroda.cat\/ca\/","logo":{"@type":"ImageObject","inLanguage":"ca","@id":"https:\/\/cellercanroda.cat\/ca\/#\/schema\/logo\/image\/","url":"https:\/\/cellercanroda.cat\/wp-content\/uploads\/2020\/09\/canroda_logo-scaled.jpg","contentUrl":"https:\/\/cellercanroda.cat\/wp-content\/uploads\/2020\/09\/canroda_logo-scaled.jpg","width":2560,"height":1111,"caption":"Celler Can Roda"},"image":{"@id":"https:\/\/cellercanroda.cat\/ca\/#\/schema\/logo\/image\/"},"sameAs":["https:\/\/es-es.facebook.com\/CellerCanRoda","https:\/\/www.instagram.com\/cellercanroda\/","https:\/\/www.youtube.com\/channel\/UCMkIFqwRPc-Pk1eMPzADxqA"]}]}},"_links":{"self":[{"href":"https:\/\/cellercanroda.cat\/ca\/wp-json\/wp\/v2\/product\/37021","targetHints":{"allow":["GET"]}}],"collection":[{"href":"https:\/\/cellercanroda.cat\/ca\/wp-json\/wp\/v2\/product"}],"about":[{"href":"https:\/\/cellercanroda.cat\/ca\/wp-json\/wp\/v2\/types\/product"}],"wp:featuredmedia":[{"embeddable":true,"href":"https:\/\/cellercanroda.cat\/ca\/wp-json\/wp\/v2\/media\/37022"}],"wp:attachment":[{"href":"https:\/\/cellercanroda.cat\/ca\/wp-json\/wp\/v2\/media?parent=37021"}],"wp:term":[{"taxonomy":"product_brand","embeddable":true,"href":"https:\/\/cellercanroda.cat\/ca\/wp-json\/wp\/v2\/product_brand?post=37021"},{"taxonomy":"product_cat","embeddable":true,"href":"https:\/\/cellercanroda.cat\/ca\/wp-json\/wp\/v2\/product_cat?post=37021"},{"taxonomy":"product_tag","embeddable":true,"href":"https:\/\/cellercanroda.cat\/ca\/wp-json\/wp\/v2\/product_tag?post=37021"},{"taxonomy":"giftcard-category","embeddable":true,"href":"https:\/\/cellercanroda.cat\/ca\/wp-json\/wp\/v2\/giftcard-category?post=37021"}],"curies":[{"name":"wp","href":"https:\/\/api.w.org\/{rel}","templated":true}]}}