{"id":23757,"date":"2024-02-23T12:53:21","date_gmt":"2024-02-23T11:53:21","guid":{"rendered":"https:\/\/cellercanroda.cat\/?post_type=product&#038;p=23757"},"modified":"2026-03-12T14:38:45","modified_gmt":"2026-03-12T13:38:45","slug":"busquem-els-ous-de-pasqua-en-el-bosc-de-can-roda","status":"publish","type":"product","link":"https:\/\/cellercanroda.cat\/ca\/botiga\/experiencies-enologiques\/busquem-els-ous-de-pasqua-en-el-bosc-de-can-roda\/","title":{"rendered":"Busquem els ous de Pasqua en el bosc de Can Roda"},"content":{"rendered":"","protected":false},"excerpt":{"rendered":"<p>Benvinguts a una experi\u00e8ncia m\u00e0gica a Celler Can Roda!<br \/>\nUs convidem a submergir-vos en un m\u00f3n d&#8217;encant i diversi\u00f3 per a tota la fam\u00edlia.<\/p>\n<p>Alguna vegada heu desitjat trobar els ous de Pasqua en un entorn m\u00e0gic? Ara \u00e9s la vostra oportunitat!<br \/>\nEl nostre bosc de Can Roda es convertir\u00e0 en <strong>l&#8217;escenari perfecte perqu\u00e8 els m\u00e9s petits s&#8217;endinsin en una emocionant aventura a la recerca del ous decorats que ha deixat el conill de Pasqua<\/strong>. Ser\u00e0 un mat\u00ed inoblidable, ple de rialles i sorpreses, on els nens podran descobrir la m\u00e0gia d&#8217;aquesta tradici\u00f3 i <strong>endur-se a casa el seu propi cistell ple d&#8217;ous.<\/strong><\/p>\n<p>Per\u00f2 aix\u00f2 no ho \u00e9s tot! A Can Roda, la diversi\u00f3 mai no s&#8217;acaba. La nostra finca acull <strong>una gran varietat d&#8217;animals, des d&#8217; \u00e0necs, tortugues&#8230;<\/strong> Els nens tindran l&#8217;oportunitat d&#8217;interactuar amb ells i aprendre sobre la import\u00e0ncia de la vida al camp. Una experi\u00e8ncia educativa i emocionant per a tothom!<\/p>\n<p>Despr\u00e9s que els petits hagin gaudit de la seva aventura al bosquet, <strong>podreu relaxar-vos i gaudir d&#8217;una copa de vi de benvinguda al nostre acollidor winebar<\/strong>. Els petits tindr\u00e0n una tassa de xocolata calenta esperant-los.<br \/>\nEls nostres vins de qualitat es mariden a la perfecci\u00f3 amb les delicioses tapes de la nostra carta. Aix\u00ed que podreu demanar els platets que m\u00e9s us agradin i gaudir dels sabors \u00fanics que oferim en un entorn c\u00e0lid i acollidor.<\/p>\n<p>I mentre els adults gaudeixen del seu temps al winebar, <strong>els nens poden seguir entretinguts decorant ous<\/strong> en el taller que tenim preparat per a ells.<\/p>\n<p>Veniu a participar en una experi\u00e8ncia que combina la tradici\u00f3, la natura i la gastronomia en un sol lloc. Et garantim que ser\u00e0 un dia inoblidable per a tota la fam\u00edlia!<br \/>\nReserva ara i uneix-te a la m\u00e0gia de Semana Santa a Can Roda!<\/p>\n<p>L&#8217;activitat inclou:<br \/>\n[fusion_checklist icon=\"fa-asterisk fas\" iconcolor=\"\" circle=\"\" circlecolor=\"\" size=\"16px\" divider=\"\" divider_color=\"\" hide_on_mobile=\"small-visibility,medium-visibility,large-visibility\" class=\"\" id=\"\"] [fusion_li_item icon=\"fa-seedling fas\"]Cerca dels ous de Pasqua al bosc de Can Roda per fam\u00edlies &#8211; Introducci\u00f3 del conte del Conill de Pasqua i mapa*[\/fusion_li_item][fusion_li_item icon=\"fa-seedling fas\"]Passeig per les vinyes i visita als animalons: cavalls, \u00e0necs, tortugues, gallines, etc.[\/fusion_li_item][fusion_li_item icon=\"fa-wine-glass-alt fas\"]Copa de benvinguda al winebar i tassa de xocolata pels nens i tro\u00e7 de coca per tots[\/fusion_li_item][fusion_li_item icon=\"fa-wine-glass-alt fas\"]Taller de decoraci\u00f3 d&#8217;ous pels m\u00e9s petits[\/fusion_li_item][\/fusion_checklist][fusion_separator style_type=\"default\" flex_grow=\"0\" alignment=\"center\" border_size=\"\" sep_color=\"\" icon=\"\" icon_size=\"\" icon_color=\"\" icon_circle=\"\" icon_circle_color=\"\" hide_on_mobile=\"small-visibility,medium-visibility,large-visibility\" sticky_display=\"normal,sticky\" class=\"\" id=\"\" top_margin=\"10px\" bottom_margin=\"10px\" \/]<\/p>\n<p>*AMB AQUESTA RESERVA US EMPORTEU 1 CISTELL DE PASQUA AMB 4 OUS.<\/p>\n<p><strong>Dia: <\/strong>Diumenges 22 i 29 de mar\u00e7 de 2026<br \/>\n<strong>Hora:<\/strong> 10:30h<br \/>\n<strong>Durada:<\/strong> 3 hores<br \/>\n<strong>Preus:<\/strong> 1 cistell de Pasqua per fam\u00edlia: 25\u20ac &#8211; Adult\/s: 5\u20ac &#8211; Menor\/s (10-18 anys): 5\u20ac &#8211; Menor\/s (&lt;10 anys): 5\u20ac<\/p>\n<p>Escull la data en el calendari:<\/p>\n","protected":false},"featured_media":23758,"template":"","meta":{"_acf_changed":false},"product_brand":[],"product_cat":[88],"product_tag":[],"giftcard-category":[],"class_list":{"0":"post-23757","1":"product","2":"type-product","3":"status-publish","4":"has-post-thumbnail","6":"product_cat-experiencies-enologiques","8":"first","9":"instock","10":"virtual","11":"sold-individually","12":"taxable","13":"purchasable","14":"product-type-phive_booking"},"acf":[],"yoast_head":"<!-- This site is optimized with the Yoast SEO plugin v27.1.1 - https:\/\/yoast.com\/product\/yoast-seo-wordpress\/ -->\n<title>Troba ous de Pasqua al bosc - Celler Can Roda<\/title>\n<meta name=\"description\" content=\"Vine a passar un dia en fam\u00edlia amb els m\u00e9s petits de casa. Us endinsareu en el bosc per trobar ous de Pasqua i us podreu relaxar en el winebar.\" \/>\n<meta name=\"robots\" content=\"index, follow, max-snippet:-1, max-image-preview:large, max-video-preview:-1\" \/>\n<link rel=\"canonical\" href=\"https:\/\/cellercanroda.cat\/ca\/botiga\/experiencies-enologiques\/busquem-els-ous-de-pasqua-en-el-bosc-de-can-roda\/\" \/>\n<meta property=\"og:locale\" content=\"ca_ES\" \/>\n<meta property=\"og:type\" content=\"article\" \/>\n<meta property=\"og:title\" content=\"Troba ous de Pasqua al bosc - Celler Can Roda\" \/>\n<meta property=\"og:description\" content=\"Vine a passar un dia en fam\u00edlia amb els m\u00e9s petits de casa. Us endinsareu en el bosc per trobar ous de Pasqua i us podreu relaxar en el winebar.\" \/>\n<meta property=\"og:url\" content=\"https:\/\/cellercanroda.cat\/ca\/botiga\/experiencies-enologiques\/busquem-els-ous-de-pasqua-en-el-bosc-de-can-roda\/\" \/>\n<meta property=\"og:site_name\" content=\"Celler Can Roda\" \/>\n<meta property=\"article:publisher\" content=\"https:\/\/es-es.facebook.com\/CellerCanRoda\" \/>\n<meta property=\"article:modified_time\" content=\"2026-03-12T13:38:45+00:00\" \/>\n<meta property=\"og:image\" content=\"https:\/\/cellercanroda.cat\/wp-content\/uploads\/2024\/02\/Actividad-Pascua-Can-Roda.webp\" \/>\n\t<meta property=\"og:image:width\" content=\"1024\" \/>\n\t<meta property=\"og:image:height\" content=\"1024\" \/>\n\t<meta property=\"og:image:type\" content=\"image\/webp\" \/>\n<meta name=\"twitter:card\" content=\"summary_large_image\" \/>\n<meta name=\"twitter:label1\" content=\"Temps estimat de lectura\" \/>\n\t<meta name=\"twitter:data1\" content=\"1 minut\" \/>\n<script type=\"application\/ld+json\" class=\"yoast-schema-graph\">{\"@context\":\"https:\/\/schema.org\",\"@graph\":[{\"@type\":\"WebPage\",\"@id\":\"https:\/\/cellercanroda.cat\/ca\/botiga\/experiencies-enologiques\/busquem-els-ous-de-pasqua-en-el-bosc-de-can-roda\/\",\"url\":\"https:\/\/cellercanroda.cat\/ca\/botiga\/experiencies-enologiques\/busquem-els-ous-de-pasqua-en-el-bosc-de-can-roda\/\",\"name\":\"Troba ous de Pasqua al bosc - Celler Can Roda\",\"isPartOf\":{\"@id\":\"https:\/\/cellercanroda.cat\/ca\/#website\"},\"primaryImageOfPage\":{\"@id\":\"https:\/\/cellercanroda.cat\/ca\/botiga\/experiencies-enologiques\/busquem-els-ous-de-pasqua-en-el-bosc-de-can-roda\/#primaryimage\"},\"image\":{\"@id\":\"https:\/\/cellercanroda.cat\/ca\/botiga\/experiencies-enologiques\/busquem-els-ous-de-pasqua-en-el-bosc-de-can-roda\/#primaryimage\"},\"thumbnailUrl\":\"https:\/\/cellercanroda.cat\/wp-content\/uploads\/2024\/02\/Actividad-Pascua-Can-Roda.webp\",\"datePublished\":\"2024-02-23T11:53:21+00:00\",\"dateModified\":\"2026-03-12T13:38:45+00:00\",\"description\":\"Vine a passar un dia en fam\u00edlia amb els m\u00e9s petits de casa. Us endinsareu en el bosc per trobar ous de Pasqua i us podreu relaxar en el winebar.\",\"breadcrumb\":{\"@id\":\"https:\/\/cellercanroda.cat\/ca\/botiga\/experiencies-enologiques\/busquem-els-ous-de-pasqua-en-el-bosc-de-can-roda\/#breadcrumb\"},\"inLanguage\":\"ca\",\"potentialAction\":[{\"@type\":\"ReadAction\",\"target\":[\"https:\/\/cellercanroda.cat\/ca\/botiga\/experiencies-enologiques\/busquem-els-ous-de-pasqua-en-el-bosc-de-can-roda\/\"]}]},{\"@type\":\"ImageObject\",\"inLanguage\":\"ca\",\"@id\":\"https:\/\/cellercanroda.cat\/ca\/botiga\/experiencies-enologiques\/busquem-els-ous-de-pasqua-en-el-bosc-de-can-roda\/#primaryimage\",\"url\":\"https:\/\/cellercanroda.cat\/wp-content\/uploads\/2024\/02\/Actividad-Pascua-Can-Roda.webp\",\"contentUrl\":\"https:\/\/cellercanroda.cat\/wp-content\/uploads\/2024\/02\/Actividad-Pascua-Can-Roda.webp\",\"width\":1024,\"height\":1024,\"caption\":\"Actividad Huevos Pascua Can Roda\"},{\"@type\":\"BreadcrumbList\",\"@id\":\"https:\/\/cellercanroda.cat\/ca\/botiga\/experiencies-enologiques\/busquem-els-ous-de-pasqua-en-el-bosc-de-can-roda\/#breadcrumb\",\"itemListElement\":[{\"@type\":\"ListItem\",\"position\":1,\"name\":\"Inicio\",\"item\":\"https:\/\/cellercanroda.cat\/ca\/\"},{\"@type\":\"ListItem\",\"position\":2,\"name\":\"Botiga\",\"item\":\"https:\/\/cellercanroda.cat\/ca\/botiga\/\"},{\"@type\":\"ListItem\",\"position\":3,\"name\":\"Busquem els ous de Pasqua en el bosc de Can Roda\"}]},{\"@type\":\"WebSite\",\"@id\":\"https:\/\/cellercanroda.cat\/ca\/#website\",\"url\":\"https:\/\/cellercanroda.cat\/ca\/\",\"name\":\"Celler Can Roda\",\"description\":\"Vins DO Alella\",\"publisher\":{\"@id\":\"https:\/\/cellercanroda.cat\/ca\/#organization\"},\"potentialAction\":[{\"@type\":\"SearchAction\",\"target\":{\"@type\":\"EntryPoint\",\"urlTemplate\":\"https:\/\/cellercanroda.cat\/ca\/?s={search_term_string}\"},\"query-input\":{\"@type\":\"PropertyValueSpecification\",\"valueRequired\":true,\"valueName\":\"search_term_string\"}}],\"inLanguage\":\"ca\"},{\"@type\":\"Organization\",\"@id\":\"https:\/\/cellercanroda.cat\/ca\/#organization\",\"name\":\"Celler Can Roda\",\"url\":\"https:\/\/cellercanroda.cat\/ca\/\",\"logo\":{\"@type\":\"ImageObject\",\"inLanguage\":\"ca\",\"@id\":\"https:\/\/cellercanroda.cat\/ca\/#\/schema\/logo\/image\/\",\"url\":\"https:\/\/cellercanroda.cat\/wp-content\/uploads\/2020\/09\/canroda_logo-scaled.jpg\",\"contentUrl\":\"https:\/\/cellercanroda.cat\/wp-content\/uploads\/2020\/09\/canroda_logo-scaled.jpg\",\"width\":2560,\"height\":1111,\"caption\":\"Celler Can Roda\"},\"image\":{\"@id\":\"https:\/\/cellercanroda.cat\/ca\/#\/schema\/logo\/image\/\"},\"sameAs\":[\"https:\/\/es-es.facebook.com\/CellerCanRoda\",\"https:\/\/www.instagram.com\/cellercanroda\/\",\"https:\/\/www.youtube.com\/channel\/UCMkIFqwRPc-Pk1eMPzADxqA\"]}]}<\/script>\n<!-- \/ Yoast SEO plugin. -->","yoast_head_json":{"title":"Troba ous de Pasqua al bosc - Celler Can Roda","description":"Vine a passar un dia en fam\u00edlia amb els m\u00e9s petits de casa. Us endinsareu en el bosc per trobar ous de Pasqua i us podreu relaxar en el winebar.","robots":{"index":"index","follow":"follow","max-snippet":"max-snippet:-1","max-image-preview":"max-image-preview:large","max-video-preview":"max-video-preview:-1"},"canonical":"https:\/\/cellercanroda.cat\/ca\/botiga\/experiencies-enologiques\/busquem-els-ous-de-pasqua-en-el-bosc-de-can-roda\/","og_locale":"ca_ES","og_type":"article","og_title":"Troba ous de Pasqua al bosc - Celler Can Roda","og_description":"Vine a passar un dia en fam\u00edlia amb els m\u00e9s petits de casa. Us endinsareu en el bosc per trobar ous de Pasqua i us podreu relaxar en el winebar.","og_url":"https:\/\/cellercanroda.cat\/ca\/botiga\/experiencies-enologiques\/busquem-els-ous-de-pasqua-en-el-bosc-de-can-roda\/","og_site_name":"Celler Can Roda","article_publisher":"https:\/\/es-es.facebook.com\/CellerCanRoda","article_modified_time":"2026-03-12T13:38:45+00:00","og_image":[{"width":1024,"height":1024,"url":"https:\/\/cellercanroda.cat\/wp-content\/uploads\/2024\/02\/Actividad-Pascua-Can-Roda.webp","type":"image\/webp"}],"twitter_card":"summary_large_image","twitter_misc":{"Temps estimat de lectura":"1 minut"},"schema":{"@context":"https:\/\/schema.org","@graph":[{"@type":"WebPage","@id":"https:\/\/cellercanroda.cat\/ca\/botiga\/experiencies-enologiques\/busquem-els-ous-de-pasqua-en-el-bosc-de-can-roda\/","url":"https:\/\/cellercanroda.cat\/ca\/botiga\/experiencies-enologiques\/busquem-els-ous-de-pasqua-en-el-bosc-de-can-roda\/","name":"Troba ous de Pasqua al bosc - Celler Can Roda","isPartOf":{"@id":"https:\/\/cellercanroda.cat\/ca\/#website"},"primaryImageOfPage":{"@id":"https:\/\/cellercanroda.cat\/ca\/botiga\/experiencies-enologiques\/busquem-els-ous-de-pasqua-en-el-bosc-de-can-roda\/#primaryimage"},"image":{"@id":"https:\/\/cellercanroda.cat\/ca\/botiga\/experiencies-enologiques\/busquem-els-ous-de-pasqua-en-el-bosc-de-can-roda\/#primaryimage"},"thumbnailUrl":"https:\/\/cellercanroda.cat\/wp-content\/uploads\/2024\/02\/Actividad-Pascua-Can-Roda.webp","datePublished":"2024-02-23T11:53:21+00:00","dateModified":"2026-03-12T13:38:45+00:00","description":"Vine a passar un dia en fam\u00edlia amb els m\u00e9s petits de casa. Us endinsareu en el bosc per trobar ous de Pasqua i us podreu relaxar en el winebar.","breadcrumb":{"@id":"https:\/\/cellercanroda.cat\/ca\/botiga\/experiencies-enologiques\/busquem-els-ous-de-pasqua-en-el-bosc-de-can-roda\/#breadcrumb"},"inLanguage":"ca","potentialAction":[{"@type":"ReadAction","target":["https:\/\/cellercanroda.cat\/ca\/botiga\/experiencies-enologiques\/busquem-els-ous-de-pasqua-en-el-bosc-de-can-roda\/"]}]},{"@type":"ImageObject","inLanguage":"ca","@id":"https:\/\/cellercanroda.cat\/ca\/botiga\/experiencies-enologiques\/busquem-els-ous-de-pasqua-en-el-bosc-de-can-roda\/#primaryimage","url":"https:\/\/cellercanroda.cat\/wp-content\/uploads\/2024\/02\/Actividad-Pascua-Can-Roda.webp","contentUrl":"https:\/\/cellercanroda.cat\/wp-content\/uploads\/2024\/02\/Actividad-Pascua-Can-Roda.webp","width":1024,"height":1024,"caption":"Actividad Huevos Pascua Can Roda"},{"@type":"BreadcrumbList","@id":"https:\/\/cellercanroda.cat\/ca\/botiga\/experiencies-enologiques\/busquem-els-ous-de-pasqua-en-el-bosc-de-can-roda\/#breadcrumb","itemListElement":[{"@type":"ListItem","position":1,"name":"Inicio","item":"https:\/\/cellercanroda.cat\/ca\/"},{"@type":"ListItem","position":2,"name":"Botiga","item":"https:\/\/cellercanroda.cat\/ca\/botiga\/"},{"@type":"ListItem","position":3,"name":"Busquem els ous de Pasqua en el bosc de Can Roda"}]},{"@type":"WebSite","@id":"https:\/\/cellercanroda.cat\/ca\/#website","url":"https:\/\/cellercanroda.cat\/ca\/","name":"Celler Can Roda","description":"Vins DO Alella","publisher":{"@id":"https:\/\/cellercanroda.cat\/ca\/#organization"},"potentialAction":[{"@type":"SearchAction","target":{"@type":"EntryPoint","urlTemplate":"https:\/\/cellercanroda.cat\/ca\/?s={search_term_string}"},"query-input":{"@type":"PropertyValueSpecification","valueRequired":true,"valueName":"search_term_string"}}],"inLanguage":"ca"},{"@type":"Organization","@id":"https:\/\/cellercanroda.cat\/ca\/#organization","name":"Celler Can Roda","url":"https:\/\/cellercanroda.cat\/ca\/","logo":{"@type":"ImageObject","inLanguage":"ca","@id":"https:\/\/cellercanroda.cat\/ca\/#\/schema\/logo\/image\/","url":"https:\/\/cellercanroda.cat\/wp-content\/uploads\/2020\/09\/canroda_logo-scaled.jpg","contentUrl":"https:\/\/cellercanroda.cat\/wp-content\/uploads\/2020\/09\/canroda_logo-scaled.jpg","width":2560,"height":1111,"caption":"Celler Can Roda"},"image":{"@id":"https:\/\/cellercanroda.cat\/ca\/#\/schema\/logo\/image\/"},"sameAs":["https:\/\/es-es.facebook.com\/CellerCanRoda","https:\/\/www.instagram.com\/cellercanroda\/","https:\/\/www.youtube.com\/channel\/UCMkIFqwRPc-Pk1eMPzADxqA"]}]}},"_links":{"self":[{"href":"https:\/\/cellercanroda.cat\/ca\/wp-json\/wp\/v2\/product\/23757","targetHints":{"allow":["GET"]}}],"collection":[{"href":"https:\/\/cellercanroda.cat\/ca\/wp-json\/wp\/v2\/product"}],"about":[{"href":"https:\/\/cellercanroda.cat\/ca\/wp-json\/wp\/v2\/types\/product"}],"wp:featuredmedia":[{"embeddable":true,"href":"https:\/\/cellercanroda.cat\/ca\/wp-json\/wp\/v2\/media\/23758"}],"wp:attachment":[{"href":"https:\/\/cellercanroda.cat\/ca\/wp-json\/wp\/v2\/media?parent=23757"}],"wp:term":[{"taxonomy":"product_brand","embeddable":true,"href":"https:\/\/cellercanroda.cat\/ca\/wp-json\/wp\/v2\/product_brand?post=23757"},{"taxonomy":"product_cat","embeddable":true,"href":"https:\/\/cellercanroda.cat\/ca\/wp-json\/wp\/v2\/product_cat?post=23757"},{"taxonomy":"product_tag","embeddable":true,"href":"https:\/\/cellercanroda.cat\/ca\/wp-json\/wp\/v2\/product_tag?post=23757"},{"taxonomy":"giftcard-category","embeddable":true,"href":"https:\/\/cellercanroda.cat\/ca\/wp-json\/wp\/v2\/giftcard-category?post=23757"}],"curies":[{"name":"wp","href":"https:\/\/api.w.org\/{rel}","templated":true}]}}