{"id":20996,"date":"2023-11-20T18:04:46","date_gmt":"2023-11-20T17:04:46","guid":{"rendered":"https:\/\/cellercanroda.cat\/?post_type=product&#038;p=20996"},"modified":"2023-12-19T22:19:19","modified_gmt":"2023-12-19T21:19:19","slug":"lot-vi-i-experiencia","status":"publish","type":"product","link":"https:\/\/cellercanroda.cat\/ca\/botiga\/lots-de-vi\/lot-vi-i-experiencia\/","title":{"rendered":"Lot Vi i Experiencia"},"content":{"rendered":"","protected":false},"excerpt":{"rendered":"<p>Busques el regal perfecte per a les ocasions especials?<br \/>\nAqu\u00ed tens el nostre exclusiu Lot de Vi i Experi\u00e8ncia que <strong>combina l&#8217;exquisidesa dels nostres vins amb una experi\u00e8ncia inoblidable al nostre celler<\/strong>. \u00c9s el regal ideal per celebrar moments \u00fanics, especialment en aquesta \u00e8poca m\u00e0gica de Nadal.<\/p>\n<p>Aquest lot inclou una ampolla de vi blanc jove Pansa Blanca, seleccionada amb cura del nostre celler. Amb aquest vi, descobrir\u00e0n la varietat de ra\u00efm que representa millor el territori de la DO Alella.<br \/>\nPer\u00f2 aix\u00f2 no \u00e9s tot! Juntament amb l&#8217;ampolla de vi, aquest lot tamb\u00e9 inclou una targeta regal que permet a la persona afortunada canviar-la per una experi\u00e8ncia al Celler Can Roda, una visita guiada i un tast maridat amb embotits, formatges, i productes de proximitat, per a 2 persones.<\/p>\n<p>Amb aquesta targeta podr\u00e0n triar el dia i l&#8217;hora que vulguin, fent la reserva a trav\u00e9s de la nostra web i insertant el codi de descompte indicat.<br \/>\nDurant la seva visita, podran explorar el nostre celler i les vinyes, descobrir el proc\u00e9s d&#8217;elaboraci\u00f3 del vi i gaudir de degustacions de les nostres varietats m\u00e9s preuades.<\/p>\n<p>Aquest lot inclou:<br \/>\n[fusion_checklist icon=\"fa-asterisk fas\" iconcolor=\"\" circle=\"\" circlecolor=\"\" size=\"14px\" divider=\"\" divider_color=\"\" hide_on_mobile=\"small-visibility,medium-visibility,large-visibility\" class=\"\" id=\"\"] [fusion_li_item icon=\"fa-asterisk fas\"]<strong>Vi blanc jove Pansa Blanca &#8211; 1 ampolla de 75 cl.[\/fusion_li_item][fusion_li_item icon=\"fa-asterisk fas\"]<strong>Targeta regal per una Visita guiada i un tast maridat per a 2 persones[\/fusion_li_item][\/fusion_checklist][fusion_separator style_type=\"default\" flex_grow=\"0\" alignment=\"center\" border_size=\"\" sep_color=\"\" icon=\"\" icon_size=\"\" icon_color=\"\" icon_circle=\"\" icon_circle_color=\"\" hide_on_mobile=\"small-visibility,medium-visibility,large-visibility\" sticky_display=\"normal,sticky\" class=\"\" id=\"\" top_margin=\"10px\" bottom_margin=\"10px\" \/]<\/strong><\/strong><\/p>\n<p style=\"font-size: 14px;\">Pes &#8211; 1,2 kg<br \/>\nDimensions &#8211; 27.5 x 10 x 10 cm<\/p>\n<h6 style=\"font-size: 16px;\">Pots personalitzar el teu lot amb un missatge<\/h6>\n","protected":false},"featured_media":21543,"template":"","meta":{"_acf_changed":false},"product_brand":[],"product_cat":[70],"product_tag":[],"giftcard-category":[],"class_list":{"0":"post-20996","1":"product","2":"type-product","3":"status-publish","4":"has-post-thumbnail","6":"product_cat-lots-de-vi","8":"first","9":"instock","10":"taxable","11":"shipping-taxable","12":"purchasable","13":"product-type-simple"},"acf":[],"yoast_head":"<!-- This site is optimized with the Yoast SEO plugin v27.1.1 - https:\/\/yoast.com\/product\/yoast-seo-wordpress\/ -->\n<title>Lot Vi i Experiencia - Celler Can Roda<\/title>\n<meta name=\"description\" content=\"Celebra el Nadal i altres moments especials de la vida amb el regal perfecte: el nostre Lot de Vi i Experi\u00e8ncia. Sorprendr\u00e0s a tots!\" \/>\n<meta name=\"robots\" content=\"index, follow, max-snippet:-1, max-image-preview:large, max-video-preview:-1\" \/>\n<link rel=\"canonical\" href=\"https:\/\/cellercanroda.cat\/ca\/botiga\/lots-de-vi\/lot-vi-i-experiencia\/\" \/>\n<meta property=\"og:locale\" content=\"ca_ES\" \/>\n<meta property=\"og:type\" content=\"article\" \/>\n<meta property=\"og:title\" content=\"Lot Vi i Experiencia - Celler Can Roda\" \/>\n<meta property=\"og:description\" content=\"Celebra el Nadal i altres moments especials de la vida amb el regal perfecte: el nostre Lot de Vi i Experi\u00e8ncia. Sorprendr\u00e0s a tots!\" \/>\n<meta property=\"og:url\" content=\"https:\/\/cellercanroda.cat\/ca\/botiga\/lots-de-vi\/lot-vi-i-experiencia\/\" \/>\n<meta property=\"og:site_name\" content=\"Celler Can Roda\" \/>\n<meta property=\"article:publisher\" content=\"https:\/\/es-es.facebook.com\/CellerCanRoda\" \/>\n<meta property=\"article:modified_time\" content=\"2023-12-19T21:19:19+00:00\" \/>\n<meta property=\"og:image\" content=\"https:\/\/cellercanroda.cat\/wp-content\/uploads\/2023\/11\/lot-experiencia-7-scaled.webp\" \/>\n\t<meta property=\"og:image:width\" content=\"1283\" \/>\n\t<meta property=\"og:image:height\" content=\"1924\" \/>\n\t<meta property=\"og:image:type\" content=\"image\/webp\" \/>\n<meta name=\"twitter:card\" content=\"summary_large_image\" \/>\n<script type=\"application\/ld+json\" class=\"yoast-schema-graph\">{\"@context\":\"https:\/\/schema.org\",\"@graph\":[{\"@type\":\"WebPage\",\"@id\":\"https:\/\/cellercanroda.cat\/ca\/botiga\/lots-de-vi\/lot-vi-i-experiencia\/\",\"url\":\"https:\/\/cellercanroda.cat\/ca\/botiga\/lots-de-vi\/lot-vi-i-experiencia\/\",\"name\":\"Lot Vi i Experiencia - Celler Can Roda\",\"isPartOf\":{\"@id\":\"https:\/\/cellercanroda.cat\/ca\/#website\"},\"primaryImageOfPage\":{\"@id\":\"https:\/\/cellercanroda.cat\/ca\/botiga\/lots-de-vi\/lot-vi-i-experiencia\/#primaryimage\"},\"image\":{\"@id\":\"https:\/\/cellercanroda.cat\/ca\/botiga\/lots-de-vi\/lot-vi-i-experiencia\/#primaryimage\"},\"thumbnailUrl\":\"https:\/\/cellercanroda.cat\/wp-content\/uploads\/2023\/11\/lot-experiencia-7-scaled.webp\",\"datePublished\":\"2023-11-20T17:04:46+00:00\",\"dateModified\":\"2023-12-19T21:19:19+00:00\",\"description\":\"Celebra el Nadal i altres moments especials de la vida amb el regal perfecte: el nostre Lot de Vi i Experi\u00e8ncia. Sorprendr\u00e0s a tots!\",\"breadcrumb\":{\"@id\":\"https:\/\/cellercanroda.cat\/ca\/botiga\/lots-de-vi\/lot-vi-i-experiencia\/#breadcrumb\"},\"inLanguage\":\"ca\",\"potentialAction\":[{\"@type\":\"ReadAction\",\"target\":[\"https:\/\/cellercanroda.cat\/ca\/botiga\/lots-de-vi\/lot-vi-i-experiencia\/\"]}]},{\"@type\":\"ImageObject\",\"inLanguage\":\"ca\",\"@id\":\"https:\/\/cellercanroda.cat\/ca\/botiga\/lots-de-vi\/lot-vi-i-experiencia\/#primaryimage\",\"url\":\"https:\/\/cellercanroda.cat\/wp-content\/uploads\/2023\/11\/lot-experiencia-7-scaled.webp\",\"contentUrl\":\"https:\/\/cellercanroda.cat\/wp-content\/uploads\/2023\/11\/lot-experiencia-7-scaled.webp\",\"width\":1283,\"height\":1924,\"caption\":\"Lot vi i targeta regal\"},{\"@type\":\"BreadcrumbList\",\"@id\":\"https:\/\/cellercanroda.cat\/ca\/botiga\/lots-de-vi\/lot-vi-i-experiencia\/#breadcrumb\",\"itemListElement\":[{\"@type\":\"ListItem\",\"position\":1,\"name\":\"Home\",\"item\":\"https:\/\/cellercanroda.cat\/ca\/\"},{\"@type\":\"ListItem\",\"position\":2,\"name\":\"Botiga\",\"item\":\"https:\/\/cellercanroda.cat\/ca\/botiga\/\"},{\"@type\":\"ListItem\",\"position\":3,\"name\":\"Lot Vi i Experiencia\"}]},{\"@type\":\"WebSite\",\"@id\":\"https:\/\/cellercanroda.cat\/ca\/#website\",\"url\":\"https:\/\/cellercanroda.cat\/ca\/\",\"name\":\"Celler Can Roda\",\"description\":\"Vins DO Alella\",\"publisher\":{\"@id\":\"https:\/\/cellercanroda.cat\/ca\/#organization\"},\"potentialAction\":[{\"@type\":\"SearchAction\",\"target\":{\"@type\":\"EntryPoint\",\"urlTemplate\":\"https:\/\/cellercanroda.cat\/ca\/?s={search_term_string}\"},\"query-input\":{\"@type\":\"PropertyValueSpecification\",\"valueRequired\":true,\"valueName\":\"search_term_string\"}}],\"inLanguage\":\"ca\"},{\"@type\":\"Organization\",\"@id\":\"https:\/\/cellercanroda.cat\/ca\/#organization\",\"name\":\"Celler Can Roda\",\"url\":\"https:\/\/cellercanroda.cat\/ca\/\",\"logo\":{\"@type\":\"ImageObject\",\"inLanguage\":\"ca\",\"@id\":\"https:\/\/cellercanroda.cat\/ca\/#\/schema\/logo\/image\/\",\"url\":\"https:\/\/cellercanroda.cat\/wp-content\/uploads\/2020\/09\/canroda_logo-scaled.jpg\",\"contentUrl\":\"https:\/\/cellercanroda.cat\/wp-content\/uploads\/2020\/09\/canroda_logo-scaled.jpg\",\"width\":2560,\"height\":1111,\"caption\":\"Celler Can Roda\"},\"image\":{\"@id\":\"https:\/\/cellercanroda.cat\/ca\/#\/schema\/logo\/image\/\"},\"sameAs\":[\"https:\/\/es-es.facebook.com\/CellerCanRoda\",\"https:\/\/www.instagram.com\/cellercanroda\/\",\"https:\/\/www.youtube.com\/channel\/UCMkIFqwRPc-Pk1eMPzADxqA\"]}]}<\/script>\n<!-- \/ Yoast SEO plugin. -->","yoast_head_json":{"title":"Lot Vi i Experiencia - Celler Can Roda","description":"Celebra el Nadal i altres moments especials de la vida amb el regal perfecte: el nostre Lot de Vi i Experi\u00e8ncia. Sorprendr\u00e0s a tots!","robots":{"index":"index","follow":"follow","max-snippet":"max-snippet:-1","max-image-preview":"max-image-preview:large","max-video-preview":"max-video-preview:-1"},"canonical":"https:\/\/cellercanroda.cat\/ca\/botiga\/lots-de-vi\/lot-vi-i-experiencia\/","og_locale":"ca_ES","og_type":"article","og_title":"Lot Vi i Experiencia - Celler Can Roda","og_description":"Celebra el Nadal i altres moments especials de la vida amb el regal perfecte: el nostre Lot de Vi i Experi\u00e8ncia. Sorprendr\u00e0s a tots!","og_url":"https:\/\/cellercanroda.cat\/ca\/botiga\/lots-de-vi\/lot-vi-i-experiencia\/","og_site_name":"Celler Can Roda","article_publisher":"https:\/\/es-es.facebook.com\/CellerCanRoda","article_modified_time":"2023-12-19T21:19:19+00:00","og_image":[{"width":1283,"height":1924,"url":"https:\/\/cellercanroda.cat\/wp-content\/uploads\/2023\/11\/lot-experiencia-7-scaled.webp","type":"image\/webp"}],"twitter_card":"summary_large_image","schema":{"@context":"https:\/\/schema.org","@graph":[{"@type":"WebPage","@id":"https:\/\/cellercanroda.cat\/ca\/botiga\/lots-de-vi\/lot-vi-i-experiencia\/","url":"https:\/\/cellercanroda.cat\/ca\/botiga\/lots-de-vi\/lot-vi-i-experiencia\/","name":"Lot Vi i Experiencia - Celler Can Roda","isPartOf":{"@id":"https:\/\/cellercanroda.cat\/ca\/#website"},"primaryImageOfPage":{"@id":"https:\/\/cellercanroda.cat\/ca\/botiga\/lots-de-vi\/lot-vi-i-experiencia\/#primaryimage"},"image":{"@id":"https:\/\/cellercanroda.cat\/ca\/botiga\/lots-de-vi\/lot-vi-i-experiencia\/#primaryimage"},"thumbnailUrl":"https:\/\/cellercanroda.cat\/wp-content\/uploads\/2023\/11\/lot-experiencia-7-scaled.webp","datePublished":"2023-11-20T17:04:46+00:00","dateModified":"2023-12-19T21:19:19+00:00","description":"Celebra el Nadal i altres moments especials de la vida amb el regal perfecte: el nostre Lot de Vi i Experi\u00e8ncia. Sorprendr\u00e0s a tots!","breadcrumb":{"@id":"https:\/\/cellercanroda.cat\/ca\/botiga\/lots-de-vi\/lot-vi-i-experiencia\/#breadcrumb"},"inLanguage":"ca","potentialAction":[{"@type":"ReadAction","target":["https:\/\/cellercanroda.cat\/ca\/botiga\/lots-de-vi\/lot-vi-i-experiencia\/"]}]},{"@type":"ImageObject","inLanguage":"ca","@id":"https:\/\/cellercanroda.cat\/ca\/botiga\/lots-de-vi\/lot-vi-i-experiencia\/#primaryimage","url":"https:\/\/cellercanroda.cat\/wp-content\/uploads\/2023\/11\/lot-experiencia-7-scaled.webp","contentUrl":"https:\/\/cellercanroda.cat\/wp-content\/uploads\/2023\/11\/lot-experiencia-7-scaled.webp","width":1283,"height":1924,"caption":"Lot vi i targeta regal"},{"@type":"BreadcrumbList","@id":"https:\/\/cellercanroda.cat\/ca\/botiga\/lots-de-vi\/lot-vi-i-experiencia\/#breadcrumb","itemListElement":[{"@type":"ListItem","position":1,"name":"Home","item":"https:\/\/cellercanroda.cat\/ca\/"},{"@type":"ListItem","position":2,"name":"Botiga","item":"https:\/\/cellercanroda.cat\/ca\/botiga\/"},{"@type":"ListItem","position":3,"name":"Lot Vi i Experiencia"}]},{"@type":"WebSite","@id":"https:\/\/cellercanroda.cat\/ca\/#website","url":"https:\/\/cellercanroda.cat\/ca\/","name":"Celler Can Roda","description":"Vins DO Alella","publisher":{"@id":"https:\/\/cellercanroda.cat\/ca\/#organization"},"potentialAction":[{"@type":"SearchAction","target":{"@type":"EntryPoint","urlTemplate":"https:\/\/cellercanroda.cat\/ca\/?s={search_term_string}"},"query-input":{"@type":"PropertyValueSpecification","valueRequired":true,"valueName":"search_term_string"}}],"inLanguage":"ca"},{"@type":"Organization","@id":"https:\/\/cellercanroda.cat\/ca\/#organization","name":"Celler Can Roda","url":"https:\/\/cellercanroda.cat\/ca\/","logo":{"@type":"ImageObject","inLanguage":"ca","@id":"https:\/\/cellercanroda.cat\/ca\/#\/schema\/logo\/image\/","url":"https:\/\/cellercanroda.cat\/wp-content\/uploads\/2020\/09\/canroda_logo-scaled.jpg","contentUrl":"https:\/\/cellercanroda.cat\/wp-content\/uploads\/2020\/09\/canroda_logo-scaled.jpg","width":2560,"height":1111,"caption":"Celler Can Roda"},"image":{"@id":"https:\/\/cellercanroda.cat\/ca\/#\/schema\/logo\/image\/"},"sameAs":["https:\/\/es-es.facebook.com\/CellerCanRoda","https:\/\/www.instagram.com\/cellercanroda\/","https:\/\/www.youtube.com\/channel\/UCMkIFqwRPc-Pk1eMPzADxqA"]}]}},"_links":{"self":[{"href":"https:\/\/cellercanroda.cat\/ca\/wp-json\/wp\/v2\/product\/20996","targetHints":{"allow":["GET"]}}],"collection":[{"href":"https:\/\/cellercanroda.cat\/ca\/wp-json\/wp\/v2\/product"}],"about":[{"href":"https:\/\/cellercanroda.cat\/ca\/wp-json\/wp\/v2\/types\/product"}],"wp:featuredmedia":[{"embeddable":true,"href":"https:\/\/cellercanroda.cat\/ca\/wp-json\/wp\/v2\/media\/21543"}],"wp:attachment":[{"href":"https:\/\/cellercanroda.cat\/ca\/wp-json\/wp\/v2\/media?parent=20996"}],"wp:term":[{"taxonomy":"product_brand","embeddable":true,"href":"https:\/\/cellercanroda.cat\/ca\/wp-json\/wp\/v2\/product_brand?post=20996"},{"taxonomy":"product_cat","embeddable":true,"href":"https:\/\/cellercanroda.cat\/ca\/wp-json\/wp\/v2\/product_cat?post=20996"},{"taxonomy":"product_tag","embeddable":true,"href":"https:\/\/cellercanroda.cat\/ca\/wp-json\/wp\/v2\/product_tag?post=20996"},{"taxonomy":"giftcard-category","embeddable":true,"href":"https:\/\/cellercanroda.cat\/ca\/wp-json\/wp\/v2\/giftcard-category?post=20996"}],"curies":[{"name":"wp","href":"https:\/\/api.w.org\/{rel}","templated":true}]}}