{"id":7693,"date":"2021-05-26T00:26:55","date_gmt":"2021-05-25T22:26:55","guid":{"rendered":"https:\/\/cellercanroda.cat\/?page_id=7693"},"modified":"2023-08-23T18:13:42","modified_gmt":"2023-08-23T16:13:42","slug":"preguntes-frequents-enoturisme","status":"publish","type":"page","link":"https:\/\/cellercanroda.cat\/ca\/preguntes-frequents-enoturisme\/","title":{"rendered":"Preguntes frequents d&#8217;enoturisme"},"content":{"rendered":"<div class=\"fusion-fullwidth fullwidth-box fusion-builder-row-1 fusion-flex-container nonhundred-percent-fullwidth non-hundred-percent-height-scrolling\" style=\"--awb-border-radius-top-left:0px;--awb-border-radius-top-right:0px;--awb-border-radius-bottom-right:0px;--awb-border-radius-bottom-left:0px;--awb-flex-wrap:wrap;\" ><div class=\"fusion-builder-row fusion-row fusion-flex-align-items-flex-start fusion-flex-content-wrap\" style=\"max-width:1320.8px;margin-left: calc(-4% \/ 2 );margin-right: calc(-4% \/ 2 );\"><div class=\"fusion-layout-column fusion_builder_column fusion-builder-column-0 fusion_builder_column_1_1 1_1 fusion-flex-column\" style=\"--awb-bg-size:cover;--awb-width-large:100%;--awb-margin-top-large:25px;--awb-spacing-right-large:1.92%;--awb-margin-bottom-large:25px;--awb-spacing-left-large:1.92%;--awb-width-medium:100%;--awb-order-medium:0;--awb-spacing-right-medium:1.92%;--awb-spacing-left-medium:1.92%;--awb-width-small:100%;--awb-order-small:0;--awb-spacing-right-small:1.92%;--awb-spacing-left-small:1.92%;\"><div class=\"fusion-column-wrapper fusion-column-has-shadow fusion-flex-justify-content-flex-start fusion-content-layout-column\"><div class=\"fusion-title title fusion-title-1 fusion-sep-none fusion-title-text fusion-title-size-one\" style=\"--awb-margin-top-small:8px;--awb-margin-right-small:0px;--awb-margin-bottom-small:16px;--awb-margin-left-small:0px;\"><h1 class=\"fusion-title-heading title-heading-left fusion-responsive-typography-calculated\" style=\"margin:0;--fontSize:40;line-height:1.2;\">Preguntes freq\u00fcents d&#8217;enoturisme<\/h1><\/div><\/div><\/div><div class=\"fusion-layout-column fusion_builder_column fusion-builder-column-1 fusion_builder_column_1_1 1_1 fusion-flex-column\" style=\"--awb-bg-size:cover;--awb-width-large:100%;--awb-margin-top-large:25px;--awb-spacing-right-large:1.92%;--awb-margin-bottom-large:25px;--awb-spacing-left-large:1.92%;--awb-width-medium:100%;--awb-order-medium:0;--awb-spacing-right-medium:1.92%;--awb-spacing-left-medium:1.92%;--awb-width-small:100%;--awb-order-small:0;--awb-spacing-right-small:1.92%;--awb-spacing-left-small:1.92%;\"><div class=\"fusion-column-wrapper fusion-column-has-shadow fusion-flex-justify-content-flex-start fusion-content-layout-column\"><div class=\"fusion-text fusion-text-1\"><h3 class=\"fusion-responsive-typography-calculated\" style=\"--fontsize: 28; line-height: 1.32;\" data-fontsize=\"28\" data-lineheight=\"36.96px\">On i com pago la meva reserva?<\/h3>\n<p>Un cop s\u00e0pigues l\u2019experi\u00e8ncia que t\u2019interessa, ves al calendari i tria el dia i hora que vols venir i que estiguin disponibles.<br \/>\n<span style=\"background-color: rgba(255, 255, 255, 0); color: var(--body_typography-color); font-family: var(--body_typography-font-family); font-size: var(--body_typography-font-size); font-style: var(--body_typography-font-style,normal); font-weight: var(--body_typography-font-weight); letter-spacing: var(--body_typography-letter-spacing);\">Al fer clic al bot\u00f3 \u201cReservar\u201d podr\u00e0s posar les teves dades personals i fer el pagament mitjan\u00e7ant els m\u00e8todes seg\u00fcents: Targeta, Transfer\u00e8ncia banc\u00e0ria o Paypal.<\/span><br \/>\nUn cop realitzat el pagament rebr\u00e0s la confirmaci\u00f3 per correu electr\u00f2nic amb els detalls de la teva reserva.<br \/>\nSi vols que t\u2019enviem una factura, inclou les teves dades al formulari que apareix abans del pagament.<br \/>\nPer qualsevol pregunta, no dubtes en escriure\u2019ns a info@cellercanroda.cat.<\/p>\n<\/div><\/div><\/div><div class=\"fusion-layout-column fusion_builder_column fusion-builder-column-2 fusion_builder_column_1_1 1_1 fusion-flex-column\" style=\"--awb-bg-size:cover;--awb-width-large:100%;--awb-margin-top-large:25px;--awb-spacing-right-large:1.92%;--awb-margin-bottom-large:25px;--awb-spacing-left-large:1.92%;--awb-width-medium:100%;--awb-order-medium:0;--awb-spacing-right-medium:1.92%;--awb-spacing-left-medium:1.92%;--awb-width-small:100%;--awb-order-small:0;--awb-spacing-right-small:1.92%;--awb-spacing-left-small:1.92%;\"><div class=\"fusion-column-wrapper fusion-column-has-shadow fusion-flex-justify-content-flex-start fusion-content-layout-column\"><div class=\"fusion-text fusion-text-2\"><h3>Com s\u00e9 si la meva reserva est\u00e0 confirmada?<\/h3>\n<p>Un cop realitzat el pagament rebr\u00e0s la confirmaci\u00f3 per correu electr\u00f2nic amb els detalls de la teva reserva.<br \/>\nEn els pagaments per targeta i Paypal, la notificaci\u00f3 ser\u00e0 en pocs minuts. En el cas de la transfer\u00e8ncia banc\u00e0ria, pot durar 1 o 2 dies (fins que rebem la notificaci\u00f3 del banc).<\/p>\n<\/div><\/div><\/div><div class=\"fusion-layout-column fusion_builder_column fusion-builder-column-3 fusion_builder_column_1_1 1_1 fusion-flex-column\" style=\"--awb-bg-size:cover;--awb-width-large:100%;--awb-margin-top-large:25px;--awb-spacing-right-large:1.92%;--awb-margin-bottom-large:25px;--awb-spacing-left-large:1.92%;--awb-width-medium:100%;--awb-order-medium:0;--awb-spacing-right-medium:1.92%;--awb-spacing-left-medium:1.92%;--awb-width-small:100%;--awb-order-small:0;--awb-spacing-right-small:1.92%;--awb-spacing-left-small:1.92%;\"><div class=\"fusion-column-wrapper fusion-column-has-shadow fusion-flex-justify-content-flex-start fusion-content-layout-column\"><div class=\"fusion-text fusion-text-3\"><h3>Com puc aconseguir la factura de la meva reserva?<\/h3>\n<p>Si vols que t\u2019enviem una factura, inclou les teves dades al formulari que apareix abans del pagament.<\/p>\n<\/div><\/div><\/div><div class=\"fusion-layout-column fusion_builder_column fusion-builder-column-4 fusion_builder_column_1_1 1_1 fusion-flex-column\" style=\"--awb-bg-size:cover;--awb-width-large:100%;--awb-margin-top-large:25px;--awb-spacing-right-large:1.92%;--awb-margin-bottom-large:25px;--awb-spacing-left-large:1.92%;--awb-width-medium:100%;--awb-order-medium:0;--awb-spacing-right-medium:1.92%;--awb-spacing-left-medium:1.92%;--awb-width-small:100%;--awb-order-small:0;--awb-spacing-right-small:1.92%;--awb-spacing-left-small:1.92%;\"><div class=\"fusion-column-wrapper fusion-column-has-shadow fusion-flex-justify-content-flex-start fusion-content-layout-column\"><div class=\"fusion-text fusion-text-4\"><h3>Puc reservar per un grup de m\u00e9s de 8 persones?<\/h3>\n<p>La majoria d\u2019experi\u00e8ncies tenen capacitat per 20 persones per defecte i no tindr\u00e0s cap problema al fer la reserva.<br \/>\nTot i aix\u00ed, hi ha algunes activitats que estan m\u00e9s limitades, normalment a 8 persones, per\u00f2 podem fer excepcions.<br \/>\nPosa\u2019t en contacte amb nosaltres al correu electr\u00f2nic info@cellercanroda.cat informant-nos sobre l\u2019activitat, el nombre de persones, el dia i l\u2019hora i et contestarem breument amb una proposta.<\/p>\n<\/div><\/div><\/div><div class=\"fusion-layout-column fusion_builder_column fusion-builder-column-5 fusion_builder_column_1_1 1_1 fusion-flex-column\" style=\"--awb-bg-size:cover;--awb-width-large:100%;--awb-margin-top-large:25px;--awb-spacing-right-large:1.92%;--awb-margin-bottom-large:25px;--awb-spacing-left-large:1.92%;--awb-width-medium:100%;--awb-order-medium:0;--awb-spacing-right-medium:1.92%;--awb-spacing-left-medium:1.92%;--awb-width-small:100%;--awb-order-small:0;--awb-spacing-right-small:1.92%;--awb-spacing-left-small:1.92%;\"><div class=\"fusion-column-wrapper fusion-column-has-shadow fusion-flex-justify-content-flex-start fusion-content-layout-column\"><div class=\"fusion-text fusion-text-5\"><h3>Qu\u00e8 haig de portar el dia de l\u2019experi\u00e8ncia?<\/h3>\n<p>El dia de l\u2019experi\u00e8ncia nom\u00e9s ens has de mostrar el teu correu de confirmaci\u00f3 de la reserva abans de comen\u00e7ar l&#8217;activitat, ja sigui impr\u00e9s o des del teu tel\u00e8fon.<\/p>\n<\/div><\/div><\/div><div class=\"fusion-layout-column fusion_builder_column fusion-builder-column-6 fusion_builder_column_1_1 1_1 fusion-flex-column\" style=\"--awb-bg-size:cover;--awb-width-large:100%;--awb-margin-top-large:25px;--awb-spacing-right-large:1.92%;--awb-margin-bottom-large:25px;--awb-spacing-left-large:1.92%;--awb-width-medium:100%;--awb-order-medium:0;--awb-spacing-right-medium:1.92%;--awb-spacing-left-medium:1.92%;--awb-width-small:100%;--awb-order-small:0;--awb-spacing-right-small:1.92%;--awb-spacing-left-small:1.92%;\"><div class=\"fusion-column-wrapper fusion-column-has-shadow fusion-flex-justify-content-flex-start fusion-content-layout-column\"><div class=\"fusion-text fusion-text-6\"><h3>Puc modificar la meva reserva?<\/h3>\n<p>Si. Per modificar la teva reserva si us plau envia un correu electr\u00f2nic a info@cellercanroda.cat amb almenys 2 dies d\u2019antelaci\u00f3 (48 hores), amb el canvi que vulguis fer. Revisa abans la disponibilitat en el calendari de l\u2019experi\u00e8ncia dins la nostra web.<br \/>\nConsultarem si \u00e9s possible o no realitzar el canvi que sol\u00b7licites i et confirmarem el canvi pel mateix mitj\u00e0.<\/p>\n<\/div><\/div><\/div><div class=\"fusion-layout-column fusion_builder_column fusion-builder-column-7 fusion_builder_column_1_1 1_1 fusion-flex-column\" style=\"--awb-bg-size:cover;--awb-width-large:100%;--awb-margin-top-large:25px;--awb-spacing-right-large:1.92%;--awb-margin-bottom-large:25px;--awb-spacing-left-large:1.92%;--awb-width-medium:100%;--awb-order-medium:0;--awb-spacing-right-medium:1.92%;--awb-spacing-left-medium:1.92%;--awb-width-small:100%;--awb-order-small:0;--awb-spacing-right-small:1.92%;--awb-spacing-left-small:1.92%;\"><div class=\"fusion-column-wrapper fusion-column-has-shadow fusion-flex-justify-content-flex-start fusion-content-layout-column\"><div class=\"fusion-text fusion-text-7\"><h3 class=\"fusion-responsive-typography-calculated\" style=\"--fontsize: 28; line-height: 1.32;\" data-fontsize=\"28\" data-lineheight=\"36.96px\">Puc anular la meva reserva?<\/h3>\n<p>Si. Per anular una reserva si us plau envia un correu electr\u00f2nic a info@cellercanroda amb almenys 48 hores d\u2019antelaci\u00f3. Et confirmarem l\u2019anul\u00b7laci\u00f3 pel mateix mitj\u00e0.<\/p>\n<p>Les cancel\u00b7lacions que es rebin amb menys de 48 hores d\u2019antelaci\u00f3, ja sigui per correu electr\u00f2nic o per tel\u00e8fon, no els reemborsarem els diners.<\/p>\n<\/div><\/div><\/div><div class=\"fusion-layout-column fusion_builder_column fusion-builder-column-8 fusion_builder_column_1_1 1_1 fusion-flex-column\" style=\"--awb-bg-size:cover;--awb-width-large:100%;--awb-margin-top-large:25px;--awb-spacing-right-large:1.92%;--awb-margin-bottom-large:25px;--awb-spacing-left-large:1.92%;--awb-width-medium:100%;--awb-order-medium:0;--awb-spacing-right-medium:1.92%;--awb-spacing-left-medium:1.92%;--awb-width-small:100%;--awb-order-small:0;--awb-spacing-right-small:1.92%;--awb-spacing-left-small:1.92%;\"><div class=\"fusion-column-wrapper fusion-column-has-shadow fusion-flex-justify-content-flex-start fusion-content-layout-column\"><div class=\"fusion-text fusion-text-8\"><h3 class=\"fusion-responsive-typography-calculated\" style=\"--fontsize: 28; line-height: 1.32;\" data-fontsize=\"28\" data-lineheight=\"36.96px\">Se\u2019m retornen els diners si cancel\u00b7lo la reserva?<\/h3>\n<p>S\u2019ofereix el reemborsament del 100% de l\u2019import a trav\u00e9s d&#8217;una targeta regal sempre i quan es cancel\u00b7li, com a m\u00ednim, amb 48 hores d\u2019antelaci\u00f3 de la data i hora de la reserva.<\/p>\n<p>Les cancel\u00b7lacions amb menys de 48 hores d\u2019antelaci\u00f3 no donaran lloc a un reemborsament dels diners.<\/p>\n<\/div><\/div><\/div><div class=\"fusion-layout-column fusion_builder_column fusion-builder-column-9 fusion_builder_column_1_1 1_1 fusion-flex-column\" style=\"--awb-bg-size:cover;--awb-width-large:100%;--awb-margin-top-large:25px;--awb-spacing-right-large:1.92%;--awb-margin-bottom-large:25px;--awb-spacing-left-large:1.92%;--awb-width-medium:100%;--awb-order-medium:0;--awb-spacing-right-medium:1.92%;--awb-spacing-left-medium:1.92%;--awb-width-small:100%;--awb-order-small:0;--awb-spacing-right-small:1.92%;--awb-spacing-left-small:1.92%;\"><div class=\"fusion-column-wrapper fusion-column-has-shadow fusion-flex-justify-content-flex-start fusion-content-layout-column\"><div class=\"fusion-text fusion-text-9\"><h3>Com puc opinar sobre l\u2019experi\u00e8ncia a Can Roda?<\/h3>\n<p>Un cop hagis gaudit de l\u2019experi\u00e8ncia al celler, pots escriure la teva opini\u00f3 al nostre perfil de Google. D\u2019aquesta manera sabrem qu\u00e8 en penses i inspirar\u00e0s a moltes altres persones a venir a Can Roda!<\/p>\n<\/div><\/div><\/div><div class=\"fusion-layout-column fusion_builder_column fusion-builder-column-10 fusion_builder_column_1_1 1_1 fusion-flex-column\" style=\"--awb-bg-size:cover;--awb-width-large:100%;--awb-margin-top-large:25px;--awb-spacing-right-large:1.92%;--awb-margin-bottom-large:25px;--awb-spacing-left-large:1.92%;--awb-width-medium:100%;--awb-order-medium:0;--awb-spacing-right-medium:1.92%;--awb-spacing-left-medium:1.92%;--awb-width-small:100%;--awb-order-small:0;--awb-spacing-right-small:1.92%;--awb-spacing-left-small:1.92%;\"><div class=\"fusion-column-wrapper fusion-column-has-shadow fusion-flex-justify-content-flex-start fusion-content-layout-column\"><div class=\"fusion-text fusion-text-10\"><h3 class=\"fusion-responsive-typography-calculated\" style=\"--fontsize: 28; line-height: 1.32;\" data-fontsize=\"28\" data-lineheight=\"36.96px\">Tens m\u00e9s dubtes?<\/h3>\n<p>Contacta amb nosaltres per qualsevol dubte abans de fer la teva reserva per tel\u00e8fon o WhatsApp al 679196272 i per correu a info@cellercanroda.cat.<\/p>\n<\/div><\/div><\/div><\/div><\/div>\n","protected":false},"excerpt":{"rendered":"","protected":false},"author":2,"featured_media":0,"parent":0,"menu_order":0,"comment_status":"closed","ping_status":"closed","template":"100-width.php","meta":{"_acf_changed":false,"footnotes":""},"class_list":["post-7693","page","type-page","status-publish","hentry"],"acf":[],"yoast_head":"<!-- This site is optimized with the Yoast SEO plugin v27.1.1 - https:\/\/yoast.com\/product\/yoast-seo-wordpress\/ -->\n<title>Preguntes freq\u00fcents d&#039;enoturisme - Celler Can Roda<\/title>\n<meta name=\"description\" content=\"Tens alg\u00fan dubte alhora de fer la reserva d&#039;una experi\u00e8ncia d&#039;enoturisme? Aqu\u00ed et responem les preguntes m\u00e9s habituals. Si no trobes la teva, contacta&#039;ns!\" \/>\n<meta name=\"robots\" content=\"index, follow, max-snippet:-1, max-image-preview:large, max-video-preview:-1\" \/>\n<link rel=\"canonical\" href=\"https:\/\/cellercanroda.cat\/ca\/preguntes-frequents-enoturisme\/\" \/>\n<meta property=\"og:locale\" content=\"ca_ES\" \/>\n<meta property=\"og:type\" content=\"article\" \/>\n<meta property=\"og:title\" content=\"Preguntes freq\u00fcents d&#039;enoturisme - Celler Can Roda\" \/>\n<meta property=\"og:description\" content=\"Tens alg\u00fan dubte alhora de fer la reserva d&#039;una experi\u00e8ncia d&#039;enoturisme? Aqu\u00ed et responem les preguntes m\u00e9s habituals. Si no trobes la teva, contacta&#039;ns!\" \/>\n<meta property=\"og:url\" content=\"https:\/\/cellercanroda.cat\/ca\/preguntes-frequents-enoturisme\/\" \/>\n<meta property=\"og:site_name\" content=\"Celler Can Roda\" \/>\n<meta property=\"article:publisher\" content=\"https:\/\/es-es.facebook.com\/CellerCanRoda\" \/>\n<meta property=\"article:modified_time\" content=\"2023-08-23T16:13:42+00:00\" \/>\n<meta name=\"twitter:card\" content=\"summary_large_image\" \/>\n<meta name=\"twitter:label1\" content=\"Temps estimat de lectura\" \/>\n\t<meta name=\"twitter:data1\" content=\"9 minuts\" \/>\n<script type=\"application\/ld+json\" class=\"yoast-schema-graph\">{\"@context\":\"https:\/\/schema.org\",\"@graph\":[{\"@type\":\"WebPage\",\"@id\":\"https:\/\/cellercanroda.cat\/ca\/preguntes-frequents-enoturisme\/\",\"url\":\"https:\/\/cellercanroda.cat\/ca\/preguntes-frequents-enoturisme\/\",\"name\":\"Preguntes freq\u00fcents d'enoturisme - Celler Can Roda\",\"isPartOf\":{\"@id\":\"https:\/\/cellercanroda.cat\/ca\/#website\"},\"datePublished\":\"2021-05-25T22:26:55+00:00\",\"dateModified\":\"2023-08-23T16:13:42+00:00\",\"description\":\"Tens alg\u00fan dubte alhora de fer la reserva d'una experi\u00e8ncia d'enoturisme? Aqu\u00ed et responem les preguntes m\u00e9s habituals. Si no trobes la teva, contacta'ns!\",\"breadcrumb\":{\"@id\":\"https:\/\/cellercanroda.cat\/ca\/preguntes-frequents-enoturisme\/#breadcrumb\"},\"inLanguage\":\"ca\",\"potentialAction\":[{\"@type\":\"ReadAction\",\"target\":[\"https:\/\/cellercanroda.cat\/ca\/preguntes-frequents-enoturisme\/\"]}]},{\"@type\":\"BreadcrumbList\",\"@id\":\"https:\/\/cellercanroda.cat\/ca\/preguntes-frequents-enoturisme\/#breadcrumb\",\"itemListElement\":[{\"@type\":\"ListItem\",\"position\":1,\"name\":\"Home\",\"item\":\"https:\/\/cellercanroda.cat\/ca\/\"},{\"@type\":\"ListItem\",\"position\":2,\"name\":\"Preguntes frequents d&#8217;enoturisme\"}]},{\"@type\":\"WebSite\",\"@id\":\"https:\/\/cellercanroda.cat\/ca\/#website\",\"url\":\"https:\/\/cellercanroda.cat\/ca\/\",\"name\":\"Celler Can Roda\",\"description\":\"Vins DO Alella\",\"publisher\":{\"@id\":\"https:\/\/cellercanroda.cat\/ca\/#organization\"},\"potentialAction\":[{\"@type\":\"SearchAction\",\"target\":{\"@type\":\"EntryPoint\",\"urlTemplate\":\"https:\/\/cellercanroda.cat\/ca\/?s={search_term_string}\"},\"query-input\":{\"@type\":\"PropertyValueSpecification\",\"valueRequired\":true,\"valueName\":\"search_term_string\"}}],\"inLanguage\":\"ca\"},{\"@type\":\"Organization\",\"@id\":\"https:\/\/cellercanroda.cat\/ca\/#organization\",\"name\":\"Celler Can Roda\",\"url\":\"https:\/\/cellercanroda.cat\/ca\/\",\"logo\":{\"@type\":\"ImageObject\",\"inLanguage\":\"ca\",\"@id\":\"https:\/\/cellercanroda.cat\/ca\/#\/schema\/logo\/image\/\",\"url\":\"https:\/\/cellercanroda.cat\/wp-content\/uploads\/2020\/09\/canroda_logo-scaled.jpg\",\"contentUrl\":\"https:\/\/cellercanroda.cat\/wp-content\/uploads\/2020\/09\/canroda_logo-scaled.jpg\",\"width\":2560,\"height\":1111,\"caption\":\"Celler Can Roda\"},\"image\":{\"@id\":\"https:\/\/cellercanroda.cat\/ca\/#\/schema\/logo\/image\/\"},\"sameAs\":[\"https:\/\/es-es.facebook.com\/CellerCanRoda\",\"https:\/\/www.instagram.com\/cellercanroda\/\",\"https:\/\/www.youtube.com\/channel\/UCMkIFqwRPc-Pk1eMPzADxqA\"]}]}<\/script>\n<!-- \/ Yoast SEO plugin. -->","yoast_head_json":{"title":"Preguntes freq\u00fcents d'enoturisme - Celler Can Roda","description":"Tens alg\u00fan dubte alhora de fer la reserva d'una experi\u00e8ncia d'enoturisme? Aqu\u00ed et responem les preguntes m\u00e9s habituals. Si no trobes la teva, contacta'ns!","robots":{"index":"index","follow":"follow","max-snippet":"max-snippet:-1","max-image-preview":"max-image-preview:large","max-video-preview":"max-video-preview:-1"},"canonical":"https:\/\/cellercanroda.cat\/ca\/preguntes-frequents-enoturisme\/","og_locale":"ca_ES","og_type":"article","og_title":"Preguntes freq\u00fcents d'enoturisme - Celler Can Roda","og_description":"Tens alg\u00fan dubte alhora de fer la reserva d'una experi\u00e8ncia d'enoturisme? Aqu\u00ed et responem les preguntes m\u00e9s habituals. Si no trobes la teva, contacta'ns!","og_url":"https:\/\/cellercanroda.cat\/ca\/preguntes-frequents-enoturisme\/","og_site_name":"Celler Can Roda","article_publisher":"https:\/\/es-es.facebook.com\/CellerCanRoda","article_modified_time":"2023-08-23T16:13:42+00:00","twitter_card":"summary_large_image","twitter_misc":{"Temps estimat de lectura":"9 minuts"},"schema":{"@context":"https:\/\/schema.org","@graph":[{"@type":"WebPage","@id":"https:\/\/cellercanroda.cat\/ca\/preguntes-frequents-enoturisme\/","url":"https:\/\/cellercanroda.cat\/ca\/preguntes-frequents-enoturisme\/","name":"Preguntes freq\u00fcents d'enoturisme - Celler Can Roda","isPartOf":{"@id":"https:\/\/cellercanroda.cat\/ca\/#website"},"datePublished":"2021-05-25T22:26:55+00:00","dateModified":"2023-08-23T16:13:42+00:00","description":"Tens alg\u00fan dubte alhora de fer la reserva d'una experi\u00e8ncia d'enoturisme? Aqu\u00ed et responem les preguntes m\u00e9s habituals. Si no trobes la teva, contacta'ns!","breadcrumb":{"@id":"https:\/\/cellercanroda.cat\/ca\/preguntes-frequents-enoturisme\/#breadcrumb"},"inLanguage":"ca","potentialAction":[{"@type":"ReadAction","target":["https:\/\/cellercanroda.cat\/ca\/preguntes-frequents-enoturisme\/"]}]},{"@type":"BreadcrumbList","@id":"https:\/\/cellercanroda.cat\/ca\/preguntes-frequents-enoturisme\/#breadcrumb","itemListElement":[{"@type":"ListItem","position":1,"name":"Home","item":"https:\/\/cellercanroda.cat\/ca\/"},{"@type":"ListItem","position":2,"name":"Preguntes frequents d&#8217;enoturisme"}]},{"@type":"WebSite","@id":"https:\/\/cellercanroda.cat\/ca\/#website","url":"https:\/\/cellercanroda.cat\/ca\/","name":"Celler Can Roda","description":"Vins DO Alella","publisher":{"@id":"https:\/\/cellercanroda.cat\/ca\/#organization"},"potentialAction":[{"@type":"SearchAction","target":{"@type":"EntryPoint","urlTemplate":"https:\/\/cellercanroda.cat\/ca\/?s={search_term_string}"},"query-input":{"@type":"PropertyValueSpecification","valueRequired":true,"valueName":"search_term_string"}}],"inLanguage":"ca"},{"@type":"Organization","@id":"https:\/\/cellercanroda.cat\/ca\/#organization","name":"Celler Can Roda","url":"https:\/\/cellercanroda.cat\/ca\/","logo":{"@type":"ImageObject","inLanguage":"ca","@id":"https:\/\/cellercanroda.cat\/ca\/#\/schema\/logo\/image\/","url":"https:\/\/cellercanroda.cat\/wp-content\/uploads\/2020\/09\/canroda_logo-scaled.jpg","contentUrl":"https:\/\/cellercanroda.cat\/wp-content\/uploads\/2020\/09\/canroda_logo-scaled.jpg","width":2560,"height":1111,"caption":"Celler Can Roda"},"image":{"@id":"https:\/\/cellercanroda.cat\/ca\/#\/schema\/logo\/image\/"},"sameAs":["https:\/\/es-es.facebook.com\/CellerCanRoda","https:\/\/www.instagram.com\/cellercanroda\/","https:\/\/www.youtube.com\/channel\/UCMkIFqwRPc-Pk1eMPzADxqA"]}]}},"_links":{"self":[{"href":"https:\/\/cellercanroda.cat\/ca\/wp-json\/wp\/v2\/pages\/7693","targetHints":{"allow":["GET"]}}],"collection":[{"href":"https:\/\/cellercanroda.cat\/ca\/wp-json\/wp\/v2\/pages"}],"about":[{"href":"https:\/\/cellercanroda.cat\/ca\/wp-json\/wp\/v2\/types\/page"}],"author":[{"embeddable":true,"href":"https:\/\/cellercanroda.cat\/ca\/wp-json\/wp\/v2\/users\/2"}],"replies":[{"embeddable":true,"href":"https:\/\/cellercanroda.cat\/ca\/wp-json\/wp\/v2\/comments?post=7693"}],"version-history":[{"count":2,"href":"https:\/\/cellercanroda.cat\/ca\/wp-json\/wp\/v2\/pages\/7693\/revisions"}],"predecessor-version":[{"id":19813,"href":"https:\/\/cellercanroda.cat\/ca\/wp-json\/wp\/v2\/pages\/7693\/revisions\/19813"}],"wp:attachment":[{"href":"https:\/\/cellercanroda.cat\/ca\/wp-json\/wp\/v2\/media?parent=7693"}],"curies":[{"name":"wp","href":"https:\/\/api.w.org\/{rel}","templated":true}]}}