{"id":3702,"date":"2020-11-28T14:28:15","date_gmt":"2020-11-28T13:28:15","guid":{"rendered":"https:\/\/cellercanroda.cat\/?page_id=3702"},"modified":"2020-12-12T14:48:58","modified_gmt":"2020-12-12T13:48:58","slug":"politica-de-privadesa","status":"publish","type":"page","link":"https:\/\/cellercanroda.cat\/ca\/politica-de-privadesa\/","title":{"rendered":"Pol\u00edtica de privadesa"},"content":{"rendered":"<div class=\"fusion-fullwidth fullwidth-box fusion-builder-row-1 fusion-flex-container nonhundred-percent-fullwidth non-hundred-percent-height-scrolling\" style=\"--awb-border-radius-top-left:0px;--awb-border-radius-top-right:0px;--awb-border-radius-bottom-right:0px;--awb-border-radius-bottom-left:0px;--awb-flex-wrap:wrap;\" ><div class=\"fusion-builder-row fusion-row fusion-flex-align-items-flex-start fusion-flex-content-wrap\" style=\"max-width:1320.8px;margin-left: calc(-4% \/ 2 );margin-right: calc(-4% \/ 2 );\"><div class=\"fusion-layout-column fusion_builder_column fusion-builder-column-0 fusion_builder_column_1_1 1_1 fusion-flex-column\" style=\"--awb-bg-size:cover;--awb-width-large:100%;--awb-margin-top-large:25px;--awb-spacing-right-large:1.92%;--awb-margin-bottom-large:25px;--awb-spacing-left-large:1.92%;--awb-width-medium:100%;--awb-order-medium:0;--awb-spacing-right-medium:1.92%;--awb-spacing-left-medium:1.92%;--awb-width-small:100%;--awb-order-small:0;--awb-spacing-right-small:1.92%;--awb-spacing-left-small:1.92%;\"><div class=\"fusion-column-wrapper fusion-column-has-shadow fusion-flex-justify-content-flex-start fusion-content-layout-column\"><div class=\"fusion-title title fusion-title-1 fusion-sep-none fusion-title-text fusion-title-size-one\" style=\"--awb-margin-top-small:8px;--awb-margin-right-small:0px;--awb-margin-bottom-small:16px;--awb-margin-left-small:0px;\"><h1 class=\"fusion-title-heading title-heading-left fusion-responsive-typography-calculated\" style=\"margin:0;--fontSize:40;line-height:1.2;\">Pol\u00edtica de privadesa<\/h1><\/div><\/div><\/div><div class=\"fusion-layout-column fusion_builder_column fusion-builder-column-1 fusion_builder_column_1_1 1_1 fusion-flex-column\" style=\"--awb-bg-size:cover;--awb-width-large:100%;--awb-margin-top-large:25px;--awb-spacing-right-large:1.92%;--awb-margin-bottom-large:25px;--awb-spacing-left-large:1.92%;--awb-width-medium:100%;--awb-order-medium:0;--awb-spacing-right-medium:1.92%;--awb-spacing-left-medium:1.92%;--awb-width-small:100%;--awb-order-small:0;--awb-spacing-right-small:1.92%;--awb-spacing-left-small:1.92%;\"><div class=\"fusion-column-wrapper fusion-column-has-shadow fusion-flex-justify-content-flex-start fusion-content-layout-column\"><div class=\"fusion-text fusion-text-1\"><p><strong>Informaci\u00f3 b\u00e0sica sobre protecci\u00f3 de dades:<\/strong><br \/>\nResponsable: MASIA DE CAN RODA VINYES I VINS S.L<br \/>\nFinalitat: L&#8217;atenci\u00f3 de sol\u00b7licituds de diversa \u00edndole per part de l&#8217;Usuari.<br \/>\nLegitimaci\u00f3: Consentiment de l&#8217;interessat.<br \/>\nDestinataris: Altres empreses de el grup. Encarregats de Tractament dins o fora de la UE, acollit a &#8220;PrivacyShield&#8221;.<br \/>\nDrets: Accedir, rectificar i suprimir les dades, aix\u00ed com altres drets.<\/p>\n<p><strong>Informaci\u00f3 addicional: <\/strong><\/p>\n<p>Les present Pol\u00edtica de Protecci\u00f3 de dades regula el tractament de dades personals facilitades per l&#8217;Usuari a trav\u00e9s del portal d&#8217;Internet (en endavant, el &#8220;Portal&#8221;) que MASIA DE CAN RODA VINYES I VINS S.L posa a disposici\u00f3 dels usuaris d&#8217;Internet. La present Pol\u00edtica forma part integrant de l&#8217;Av\u00eds Legal accessible en tot moment des del Portal.<\/p>\n<p>L&#8217;Usuari garanteix que les dades aportades s\u00f3n ver\u00eddiques, exactes, completes i actualitzades, sent responsable de qualsevol dany o perjudici, directe o indirecte, que pogu\u00e9s ocasionar com a conseq\u00fc\u00e8ncia de l&#8217;incompliment d&#8217;aquesta obligaci\u00f3. En el cas que les dades aportades pertanyessin a un tercer, l&#8217;Usuari garanteix que ha informat a aquest tercer dels aspectes continguts en aquest document i obtingut la seva autoritzaci\u00f3 per facilitar les seves dades a MASIA DE CAN RODA VINYES I VINS SL per als fins assenyalats.<\/p>\n<p>El Portal pot oferir funcionalitats per compartir continguts a trav\u00e9s d&#8217;aplicacions de tercers, com Facebook, Linkedin, Instagram, Google + o Twitter. Aquestes aplicacions poden recollir i tractar informaci\u00f3 relacionada amb la navegaci\u00f3 de l&#8217;usuari en els diferents llocs webs. Qualsevol informaci\u00f3 personal que es recaptada a trav\u00e9s d&#8217;aquestes aplicacions, pot ser utilitzada per tercers usuaris de les mateixes, i les seves interaccions estan sotmeses a les pol\u00edtiques de privadesa de les companyies que faciliten les aplicacions.<\/p>\n<p>El Portal pot allotjar blocs, f\u00f2rums, i altres aplicacions o serveis de xarxes socials amb la finalitat de facilitar l&#8217;intercanvi de coneixement i contingut. Qualsevol informaci\u00f3 personal que es faciliti per l&#8217;usuari pot ser compartida amb altres usuaris d&#8217;aquest servei, sobre els quals MASIA DE CAN RODA VINYES I VINS S.L no t\u00e9 cap control.<\/p>\n<p>A fi d&#8217;oferir informaci\u00f3 o serveis d&#8217;inter\u00e8s en funci\u00f3 de la localitzaci\u00f3 de l&#8217;Usuari, MASIA DE CAN RODA VINYES I VINS SL podr\u00e0 accedir a dades relatives a la geolocalitzaci\u00f3 de el dispositiu de l&#8217;Usuari, en aquells casos en qu\u00e8 la configuraci\u00f3 de l&#8217;usuari a l&#8217;efecte aix\u00ed ho permeti.<\/p>\n<p>A efectes de seguretat t\u00e8cnica i diagn\u00f2stic de sistemes, de manera an\u00f2nima o agregada, MASIA DE CAN RODA VINYES I VINS SL podr\u00e0 registrar l&#8217;adre\u00e7a IP (n\u00famero d&#8217;identificaci\u00f3 d&#8217;acc\u00e9s a Internet del dispositiu, que permet als dispositius, sistemes i servidors recon\u00e8ixer i comunicar-se entre si). Aquesta informaci\u00f3 podr\u00e0 ser tamb\u00e9 emprada amb finalitats anal\u00edtiques de rendiment web.<\/p>\n<p><strong>Qui \u00e9s el responsable del tractament de les dades personals de l&#8217;Usuari? <\/strong><\/p>\n<p>Identitat: MASIA DE CAN RODA VINYES I VINS S.L \u00e9s una societat espanyola inscrita al Registre Mercantil de Barcelona, T. 46271, F.71 Full B-514.816 Inscripci\u00f3 2a<br \/>\nCIF: B67155390<br \/>\nAdre\u00e7a postal: Av. Piera 69, L2 08107 Martorelles<br \/>\nTel\u00e8fon: +34 935 79 44 48<br \/>\nCorreu electr\u00f2nic: info@cellercanroda.cat<\/p>\n<p><strong>Amb quina finalitat tractem les dades personals de l&#8217;Usuari?<\/strong><br \/>\nMASIA DE CAN RODA VINYES I VINS S.L tracta la informaci\u00f3 facilitada per l&#8217;Usuari amb la finalitat d&#8217;atendre les sol\u00b7licituds de diversa \u00edndole dutes a terme per part d&#8217;aquest. En funci\u00f3 de la naturalesa de la sol\u00b7licitud, la finalitat perseguir\u00e0 la gesti\u00f3 de:<\/p>\n<p>\u00b7 Consultes i sol\u00b7licituds d&#8217;Usuaris remeses a trav\u00e9s del formulari de contacte habilitat a l&#8217;efecte.<br \/>\n\u00b7 Les dades facilitades a trav\u00e9s del formulari de contacte habilitat a aquest efecte.<br \/>\n\u00b7 La participaci\u00f3 en blocs, mitjan\u00e7ant comentaris.<br \/>\n\u00b7 Comunicacions electr\u00f2niques de naturalesa informativa, d&#8217;acord amb els seus interessos.<\/p>\n<p>MASIA DE CAN RODA VINYES I VINS S.L podr\u00e0 elaborar un perfil comercial, amb base a la informaci\u00f3 facilitada. No es prendran decisions automatitzades amb base a aquest perfil.<\/p>\n<p><strong>Informaci\u00f3 sobre el tractament de dades per a enviament de comunicacions des MASIA DE CAN RODA VINYES I VINS S.L<\/strong><\/p>\n<p>Les dades empleades, o facilitades, en les comunicacions informatives i \/ o promocionals s\u00f3n tractades per MASIA DE CAN RODA VINYES I VINS SL per a finalitats consistents en l&#8217;enviament electr\u00f2nic d&#8217;informaci\u00f3 i comunicacions sobre serveis, activitats, publicacions i esdeveniments i professionals de MASIA DE CAN RODA VINYES i VINS SL o del seguiment i optimitzaci\u00f3 de les campanyes de m\u00e0rqueting realitzades mitjan\u00e7ant tecnologies a l&#8217;efecte; i l&#8217;elaboraci\u00f3 de perfils amb finalitats comercials.<\/p>\n<p>El consentiment per a l&#8217;enviament d&#8217;aquestes comunicacions podr\u00e0 ser revocat en tot moment en cadascuna de les comunicacions rebudes mitjan\u00e7ant el mecanisme habilitat a l&#8217;efecte.<\/p>\n<p>El criteri de conservaci\u00f3 de les dades tindr\u00e0 base a la manifestaci\u00f3 contr\u00e0ria a el tractament per part seva. En tot cas, podr\u00e0 exercir els drets d&#8217;acc\u00e9s, rectificaci\u00f3, limitaci\u00f3, supressi\u00f3, portabilitat i oposici\u00f3, dirigint la seva petici\u00f3 a l&#8217;adre\u00e7a postal indicada m\u00e9s amunt o b\u00e9 a trav\u00e9s de correu electr\u00f2nic info@cellercanroda.cat.<\/p>\n<p><strong>Per quant de temps conservarem les dades personals de l&#8217;Usuari? <\/strong><\/p>\n<p>Amb car\u00e0cter general, les dades personals proporcionades es conservaran durant el temps necessari per atendre la sol\u00b7licitud de l&#8217;Usuari o mentre no se sol\u00b7liciti la seva supressi\u00f3 per l&#8217;Usuari.<\/p>\n<p><strong>Quina \u00e9s la legitimaci\u00f3 per al tractament de les dades personals de l&#8217;Usuari?<\/strong><\/p>\n<p>La base legal per al tractament de les dades \u00e9s la legitimaci\u00f3 per consentiment de l&#8217;Usuari.<\/p>\n<p><strong>A quins destinataris es comunicaran les dades personals de l&#8217;Usuari?<\/strong><\/p>\n<p>En aquells casos en qu\u00e8 l&#8217;Usuari sol\u00b7liciti informaci\u00f3, a trav\u00e9s del web, les seves dades seran facilitats a aquelles empreses espanyoles afiliades a la xarxa MASIA DE CAN RODA VINYES I VINS S.L.<\/p>\n<p>En aquells casos en qu\u00e8 la sol\u00b7licitud de l&#8217;Usuari aix\u00ed ho justifiqui les dades identificatives es poden facilitar a altres entitats afiliades a la xarxa MASIA DE CAN RODA VINYES I VINS SL, incloses aquelles ubicades fora de l&#8217;Espai Econ\u00f2mic Europeu, als mers efectes d&#8217;atendre la sol\u00b7licitud vinculada a pa\u00eds de destinaci\u00f3.<\/p>\n<p>Aix\u00ed mateix, les dades podran ser cedides a administracions i organismes p\u00fablics per al compliment d&#8217;obligacions directament exigibles MASIA DE CAN RODA VINYES I VINS S.L<\/p>\n<p><strong>Quins s\u00f3n els drets de l&#8217;Usuari quan ens facilita les seves dades personals?<\/strong><\/p>\n<p>L&#8217;Usuari t\u00e9 dret a obtenir confirmaci\u00f3 sobre si MASIA DE CAN RODA VINYES I VINS SL tracta dades personals que el concerneixen, aix\u00ed com a accedir a les seves dades personals, sol\u00b7licitar la rectificaci\u00f3 de les dades inexactes o, si escau, sol\u00b7licitar la seva supressi\u00f3 quan, entre d&#8217;altres motius, les dades ja no siguin necessaris per als fins que van ser recollides.<\/p>\n<p>En determinades circumst\u00e0ncies, l&#8217;Usuari podr\u00e0 sol\u00b7licitar la limitaci\u00f3 del tractament de les seves dades, en aquest cas \u00fanicament es conservaran per a l&#8217;exercici o la defensa de reclamacions.<\/p>\n<p>En determinades circumst\u00e0ncies i per motius relacionats amb la seva situaci\u00f3 particular, l&#8217;Usuari podr\u00e0 oposar-se a el tractament de les seves dades. MASIA DE CAN RODA VINYES I VINS S.L cessar\u00e0 en el tractament de les dades, excepte per motius leg\u00edtims imperiosos, o l&#8217;exercici o la defensa de possibles reclamacions.<\/p>\n<p>L&#8217;Usuari podr\u00e0 plantejar les q\u00fcestions que consideri en relaci\u00f3 a la present Pol\u00edtica aix\u00ed com exercir els seus drets en els termes legalment previstos i per a aix\u00f2 dirigir una comunicaci\u00f3 mitjan\u00e7ant correu postal a: MASIA DE CAN RODA VINYES I VINS SL, Av. Piera 69, L2 08107 Martorelles o correu electr\u00f2nic a: info@cellercanroda.cat amb indicaci\u00f3 de la sol\u00b7licitud corresponent i acompanyat de c\u00f2pia de l&#8217;DNI o document acreditatiu de la identitat.<\/p>\n<p><strong>Condicions d&#8217;\u00fas<\/strong><\/p>\n<p>A l&#8217;efecte del que preveu la Llei 34\/2002 de 11 de juliol de Serveis de la Societat de la Informaci\u00f3 i de Comer\u00e7 Electr\u00f2nic, (en endavant, la LSSICE), es posa en coneixement de l&#8217;usuari, (en endavant, l&#8217;USUARI ), que accedeix a aquesta p\u00e0gina web amb els dominis, cellercanroda.cat (en endavant, la Web), la informaci\u00f3 sobre el prestador de el servei \u00e9s:<\/p>\n<p>Masia de Can Roda Vinyes i Vins S.L<br \/>\nAv. Piera 69, L2 08107 Martorelles<br \/>\nCIF: B67155390<br \/>\nTel: +34 935 79 44 48<br \/>\ninfo@cellercanroda.cat<\/p>\n<p>Els continguts, activitats comercials i serveis prestats a trav\u00e9s del web estan sotmesos als termes i condicions previstos en aquest &#8220;Av\u00eds Legal&#8221; (en endavant, l&#8217;AV\u00cdS), i compleixen amb la vigent legislaci\u00f3 espanyola, especialment, amb l&#8217;esmentada LSSICE , el reglament RGPD EU 2016\/679 i Llei Org\u00e0nica 3\/2018<\/p>\n<p><strong>L&#8217;usuari accepta tots els termes i condicions recollits en aquest AV\u00cdS a l&#8217;accedir al web.<\/strong><\/p>\n<p>En relaci\u00f3 amb les imatges de persones que apareixen a la web, Celler Can Roda les utilitza respectant el dret a la pr\u00f2pia imatge. Aquestes imatges s&#8217;utilitzen exclusivament amb la finalitat de compondre fitxers o v\u00eddeos gr\u00e0fics, realitzats per informar i donar a con\u00e8ixer l&#8217;activitat de l&#8217;empresa. En cap cas seran utilitzades amb altres finalitats ni cedides a tercers sense l&#8217;autoritzaci\u00f3 corresponent.<\/p>\n<p><strong>Pol\u00edtica de privadesa i protecci\u00f3 de dades:<\/strong><\/p>\n<p>El subministrament de qualsevol dada de car\u00e0cter personal a trav\u00e9s dels diferents formularis de la WEB implica acceptar i consentir expressament el tractament dels mateixos en els termes indicats i les finalitats descrites.<\/p>\n<p>En compliment de l&#8217;RGPD EU 2016\/679 de el Parlament Europeu i de Consell de el 27 d&#8217;abril de 2016 relatiu a la protecci\u00f3 de les persones f\u00edsiques pel que fa a el tractament de dades personals ia la lliure circulaci\u00f3 d&#8217;aquestes dades i el reglament i normativa vigent en protecci\u00f3 de dades de car\u00e0cter personal, l&#8217;informem que:<\/p>\n<p>La finalitat de la recollida i del tractament de les dades personals que ens facilitin ser\u00e0 la prestaci\u00f3 dels serveis sol\u00b7licitats.<\/p>\n<p>Les dades que ens faciliti estaran ubicats en els fitxers de Celler Can Roda, ubicats dins de la Uni\u00f3 Europea, garantint el Celler Can Roda uns nivells de seguretat adequats.<\/p>\n<p>La possibilitat d&#8217;exercir els seus drets d&#8217;Informaci\u00f3, acc\u00e9s, rectificaci\u00f3, supressi\u00f3, oposici\u00f3, limitaci\u00f3 de l&#8217;tractament, portabilitat i a no ser objecte de decisions individualitzades automatitzades, mitjan\u00e7ant sol\u00b7licitud escrita, adre\u00e7ada a el domicili fiscal del Celler Can Roda situat en:<\/p>\n<p>Masia de Can Roda Vinyes i Vins S.L<br \/>\nAv. Piera 69, L2 08107 Martorelles<br \/>\nCIF: B67155390<br \/>\nTel: +34 935 79 44 48<br \/>\ninfo@cellercanroda.cat<\/p>\n<p>A aquests efectes, l&#8217;interessat haur\u00e0 d&#8217;enviar la comunicaci\u00f3 escrita indicant la petici\u00f3 o dret que exercita juntament amb una c\u00f2pia del seu DNI o document v\u00e0lid en dret que acrediti la seva identitat, per tal d&#8217;identificar-lo inequ\u00edvocament.<\/p>\n<p><strong>Drets de propietat intel\u00b7lectual:<\/strong><\/p>\n<p>L&#8217;usuari reconeix i accepta que tots els drets de propietat intel\u00b7lectual sobre els continguts i o altres elements inserits en la Web, com ara marques, logotips, noms comercials, textos, imatges, gr\u00e0fics, dissenys, sons, bases de dades, entre d&#8217;altres , pertanyen a Celler Can Roda.<\/p>\n<p>L&#8217;\u00fas de la Web no confereix a l&#8217;usuari el dret d&#8217;alteraci\u00f3, explotaci\u00f3, reproducci\u00f3, distribuci\u00f3 o comunicaci\u00f3 p\u00fablica dels seus continguts.<\/p>\n<p><strong>Responsabilitat: <\/strong><\/p>\n<p>L&#8217;usuari accepta que l&#8217;\u00fas del Web, dels continguts i \/ o dels serveis es porta a terme sota la seva \u00fanica i exclusiva responsabilitat i que Celler Can Roda no atorga cap garantia sobre la disponibilitat i continu\u00eftat del funcionament del mateix, ni dels continguts i \/ o serveis que s&#8217;incorporen.<\/p>\n<p><strong>Llei aplicable i jurisdicci\u00f3:<\/strong><\/p>\n<p>Aquestes condicions es regiran i interpretaran d&#8217;acord amb la legislaci\u00f3 espanyola. Per a la resoluci\u00f3 de totes les controv\u00e8rsies o q\u00fcestions relacionades amb el present lloc web o de les activitats en ell desenvolupades, ser\u00e0 d&#8217;aplicaci\u00f3 la legislaci\u00f3 espanyola, a la qual se sotmeten expressament les parts, sent competents per a la resoluci\u00f3 de tots els conflictes derivats o relacionats amb el seu \u00fas els Jutjats i Tribunals de Barcelona. No obstant, ser\u00e0 obligatori que en cas de conflicte les parts intentin pr\u00e8viament resoldre la q\u00fcesti\u00f3 de mutu acord.<\/p>\n<\/div><\/div><\/div><\/div><\/div>\n","protected":false},"excerpt":{"rendered":"","protected":false},"author":2,"featured_media":0,"parent":0,"menu_order":0,"comment_status":"closed","ping_status":"closed","template":"100-width.php","meta":{"_acf_changed":false,"footnotes":""},"class_list":["post-3702","page","type-page","status-publish","hentry"],"acf":[],"yoast_head":"<!-- This site is optimized with the Yoast SEO plugin v27.1.1 - https:\/\/yoast.com\/product\/yoast-seo-wordpress\/ -->\n<title>Avis legal - Celler Can Roda<\/title>\n<meta name=\"description\" content=\"Aqu\u00ed pots trobar m\u00e9s informaci\u00f3 sobre la nostra pol\u00edtica de privadesa i l&#039;\u00fas que fem de les dades recopilades a la nostra web.\" \/>\n<meta name=\"robots\" content=\"noindex, nofollow\" \/>\n<meta property=\"og:locale\" content=\"ca_ES\" \/>\n<meta property=\"og:type\" content=\"article\" \/>\n<meta property=\"og:title\" content=\"Avis legal - Celler Can Roda\" \/>\n<meta property=\"og:description\" content=\"Aqu\u00ed pots trobar m\u00e9s informaci\u00f3 sobre la nostra pol\u00edtica de privadesa i l&#039;\u00fas que fem de les dades recopilades a la nostra web.\" \/>\n<meta property=\"og:url\" content=\"https:\/\/cellercanroda.cat\/ca\/politica-de-privadesa\/\" \/>\n<meta property=\"og:site_name\" content=\"Celler Can Roda\" \/>\n<meta property=\"article:publisher\" content=\"https:\/\/es-es.facebook.com\/CellerCanRoda\" \/>\n<meta property=\"article:modified_time\" content=\"2020-12-12T13:48:58+00:00\" \/>\n<meta name=\"twitter:card\" content=\"summary_large_image\" \/>\n<meta name=\"twitter:label1\" content=\"Temps estimat de lectura\" \/>\n\t<meta name=\"twitter:data1\" content=\"14 minuts\" \/>\n<script type=\"application\/ld+json\" class=\"yoast-schema-graph\">{\"@context\":\"https:\/\/schema.org\",\"@graph\":[{\"@type\":\"WebPage\",\"@id\":\"https:\/\/cellercanroda.cat\/ca\/politica-de-privadesa\/\",\"url\":\"https:\/\/cellercanroda.cat\/ca\/politica-de-privadesa\/\",\"name\":\"Avis legal - Celler Can Roda\",\"isPartOf\":{\"@id\":\"https:\/\/cellercanroda.cat\/ca\/#website\"},\"datePublished\":\"2020-11-28T13:28:15+00:00\",\"dateModified\":\"2020-12-12T13:48:58+00:00\",\"description\":\"Aqu\u00ed pots trobar m\u00e9s informaci\u00f3 sobre la nostra pol\u00edtica de privadesa i l'\u00fas que fem de les dades recopilades a la nostra web.\",\"breadcrumb\":{\"@id\":\"https:\/\/cellercanroda.cat\/ca\/politica-de-privadesa\/#breadcrumb\"},\"inLanguage\":\"ca\",\"potentialAction\":[{\"@type\":\"ReadAction\",\"target\":[\"https:\/\/cellercanroda.cat\/ca\/politica-de-privadesa\/\"]}]},{\"@type\":\"BreadcrumbList\",\"@id\":\"https:\/\/cellercanroda.cat\/ca\/politica-de-privadesa\/#breadcrumb\",\"itemListElement\":[{\"@type\":\"ListItem\",\"position\":1,\"name\":\"Inicio\",\"item\":\"https:\/\/cellercanroda.cat\/ca\/\"},{\"@type\":\"ListItem\",\"position\":2,\"name\":\"Pol\u00edtica de privadesa\"}]},{\"@type\":\"WebSite\",\"@id\":\"https:\/\/cellercanroda.cat\/ca\/#website\",\"url\":\"https:\/\/cellercanroda.cat\/ca\/\",\"name\":\"Celler Can Roda\",\"description\":\"Vins DO Alella\",\"publisher\":{\"@id\":\"https:\/\/cellercanroda.cat\/ca\/#organization\"},\"potentialAction\":[{\"@type\":\"SearchAction\",\"target\":{\"@type\":\"EntryPoint\",\"urlTemplate\":\"https:\/\/cellercanroda.cat\/ca\/?s={search_term_string}\"},\"query-input\":{\"@type\":\"PropertyValueSpecification\",\"valueRequired\":true,\"valueName\":\"search_term_string\"}}],\"inLanguage\":\"ca\"},{\"@type\":\"Organization\",\"@id\":\"https:\/\/cellercanroda.cat\/ca\/#organization\",\"name\":\"Celler Can Roda\",\"url\":\"https:\/\/cellercanroda.cat\/ca\/\",\"logo\":{\"@type\":\"ImageObject\",\"inLanguage\":\"ca\",\"@id\":\"https:\/\/cellercanroda.cat\/ca\/#\/schema\/logo\/image\/\",\"url\":\"https:\/\/cellercanroda.cat\/wp-content\/uploads\/2020\/09\/canroda_logo-scaled.jpg\",\"contentUrl\":\"https:\/\/cellercanroda.cat\/wp-content\/uploads\/2020\/09\/canroda_logo-scaled.jpg\",\"width\":2560,\"height\":1111,\"caption\":\"Celler Can Roda\"},\"image\":{\"@id\":\"https:\/\/cellercanroda.cat\/ca\/#\/schema\/logo\/image\/\"},\"sameAs\":[\"https:\/\/es-es.facebook.com\/CellerCanRoda\",\"https:\/\/www.instagram.com\/cellercanroda\/\",\"https:\/\/www.youtube.com\/channel\/UCMkIFqwRPc-Pk1eMPzADxqA\"]}]}<\/script>\n<!-- \/ Yoast SEO plugin. -->","yoast_head_json":{"title":"Avis legal - Celler Can Roda","description":"Aqu\u00ed pots trobar m\u00e9s informaci\u00f3 sobre la nostra pol\u00edtica de privadesa i l'\u00fas que fem de les dades recopilades a la nostra web.","robots":{"index":"noindex","follow":"nofollow"},"og_locale":"ca_ES","og_type":"article","og_title":"Avis legal - Celler Can Roda","og_description":"Aqu\u00ed pots trobar m\u00e9s informaci\u00f3 sobre la nostra pol\u00edtica de privadesa i l'\u00fas que fem de les dades recopilades a la nostra web.","og_url":"https:\/\/cellercanroda.cat\/ca\/politica-de-privadesa\/","og_site_name":"Celler Can Roda","article_publisher":"https:\/\/es-es.facebook.com\/CellerCanRoda","article_modified_time":"2020-12-12T13:48:58+00:00","twitter_card":"summary_large_image","twitter_misc":{"Temps estimat de lectura":"14 minuts"},"schema":{"@context":"https:\/\/schema.org","@graph":[{"@type":"WebPage","@id":"https:\/\/cellercanroda.cat\/ca\/politica-de-privadesa\/","url":"https:\/\/cellercanroda.cat\/ca\/politica-de-privadesa\/","name":"Avis legal - Celler Can Roda","isPartOf":{"@id":"https:\/\/cellercanroda.cat\/ca\/#website"},"datePublished":"2020-11-28T13:28:15+00:00","dateModified":"2020-12-12T13:48:58+00:00","description":"Aqu\u00ed pots trobar m\u00e9s informaci\u00f3 sobre la nostra pol\u00edtica de privadesa i l'\u00fas que fem de les dades recopilades a la nostra web.","breadcrumb":{"@id":"https:\/\/cellercanroda.cat\/ca\/politica-de-privadesa\/#breadcrumb"},"inLanguage":"ca","potentialAction":[{"@type":"ReadAction","target":["https:\/\/cellercanroda.cat\/ca\/politica-de-privadesa\/"]}]},{"@type":"BreadcrumbList","@id":"https:\/\/cellercanroda.cat\/ca\/politica-de-privadesa\/#breadcrumb","itemListElement":[{"@type":"ListItem","position":1,"name":"Inicio","item":"https:\/\/cellercanroda.cat\/ca\/"},{"@type":"ListItem","position":2,"name":"Pol\u00edtica de privadesa"}]},{"@type":"WebSite","@id":"https:\/\/cellercanroda.cat\/ca\/#website","url":"https:\/\/cellercanroda.cat\/ca\/","name":"Celler Can Roda","description":"Vins DO Alella","publisher":{"@id":"https:\/\/cellercanroda.cat\/ca\/#organization"},"potentialAction":[{"@type":"SearchAction","target":{"@type":"EntryPoint","urlTemplate":"https:\/\/cellercanroda.cat\/ca\/?s={search_term_string}"},"query-input":{"@type":"PropertyValueSpecification","valueRequired":true,"valueName":"search_term_string"}}],"inLanguage":"ca"},{"@type":"Organization","@id":"https:\/\/cellercanroda.cat\/ca\/#organization","name":"Celler Can Roda","url":"https:\/\/cellercanroda.cat\/ca\/","logo":{"@type":"ImageObject","inLanguage":"ca","@id":"https:\/\/cellercanroda.cat\/ca\/#\/schema\/logo\/image\/","url":"https:\/\/cellercanroda.cat\/wp-content\/uploads\/2020\/09\/canroda_logo-scaled.jpg","contentUrl":"https:\/\/cellercanroda.cat\/wp-content\/uploads\/2020\/09\/canroda_logo-scaled.jpg","width":2560,"height":1111,"caption":"Celler Can Roda"},"image":{"@id":"https:\/\/cellercanroda.cat\/ca\/#\/schema\/logo\/image\/"},"sameAs":["https:\/\/es-es.facebook.com\/CellerCanRoda","https:\/\/www.instagram.com\/cellercanroda\/","https:\/\/www.youtube.com\/channel\/UCMkIFqwRPc-Pk1eMPzADxqA"]}]}},"_links":{"self":[{"href":"https:\/\/cellercanroda.cat\/ca\/wp-json\/wp\/v2\/pages\/3702","targetHints":{"allow":["GET"]}}],"collection":[{"href":"https:\/\/cellercanroda.cat\/ca\/wp-json\/wp\/v2\/pages"}],"about":[{"href":"https:\/\/cellercanroda.cat\/ca\/wp-json\/wp\/v2\/types\/page"}],"author":[{"embeddable":true,"href":"https:\/\/cellercanroda.cat\/ca\/wp-json\/wp\/v2\/users\/2"}],"replies":[{"embeddable":true,"href":"https:\/\/cellercanroda.cat\/ca\/wp-json\/wp\/v2\/comments?post=3702"}],"version-history":[{"count":0,"href":"https:\/\/cellercanroda.cat\/ca\/wp-json\/wp\/v2\/pages\/3702\/revisions"}],"wp:attachment":[{"href":"https:\/\/cellercanroda.cat\/ca\/wp-json\/wp\/v2\/media?parent=3702"}],"curies":[{"name":"wp","href":"https:\/\/api.w.org\/{rel}","templated":true}]}}