{"id":3366,"date":"2020-11-21T20:17:11","date_gmt":"2020-11-21T19:17:11","guid":{"rendered":"https:\/\/cellercanroda.cat\/?page_id=3366"},"modified":"2023-08-23T17:43:49","modified_gmt":"2023-08-23T15:43:49","slug":"preguntes-frequents","status":"publish","type":"page","link":"https:\/\/cellercanroda.cat\/ca\/preguntes-frequents\/","title":{"rendered":"Preguntes frequents"},"content":{"rendered":"<div class=\"fusion-fullwidth fullwidth-box fusion-builder-row-1 fusion-flex-container nonhundred-percent-fullwidth non-hundred-percent-height-scrolling\" style=\"--awb-border-radius-top-left:0px;--awb-border-radius-top-right:0px;--awb-border-radius-bottom-right:0px;--awb-border-radius-bottom-left:0px;--awb-flex-wrap:wrap;\" ><div class=\"fusion-builder-row fusion-row fusion-flex-align-items-flex-start fusion-flex-content-wrap\" style=\"max-width:1320.8px;margin-left: calc(-4% \/ 2 );margin-right: calc(-4% \/ 2 );\"><div class=\"fusion-layout-column fusion_builder_column fusion-builder-column-0 fusion_builder_column_1_1 1_1 fusion-flex-column\" style=\"--awb-bg-size:cover;--awb-width-large:100%;--awb-margin-top-large:25px;--awb-spacing-right-large:1.92%;--awb-margin-bottom-large:25px;--awb-spacing-left-large:1.92%;--awb-width-medium:100%;--awb-order-medium:0;--awb-spacing-right-medium:1.92%;--awb-spacing-left-medium:1.92%;--awb-width-small:100%;--awb-order-small:0;--awb-spacing-right-small:1.92%;--awb-spacing-left-small:1.92%;\"><div class=\"fusion-column-wrapper fusion-column-has-shadow fusion-flex-justify-content-flex-start fusion-content-layout-column\"><div class=\"fusion-title title fusion-title-1 fusion-sep-none fusion-title-text fusion-title-size-one\" style=\"--awb-margin-top-small:8px;--awb-margin-right-small:0px;--awb-margin-bottom-small:16px;--awb-margin-left-small:0px;\"><h1 class=\"fusion-title-heading title-heading-left fusion-responsive-typography-calculated\" style=\"margin:0;--fontSize:40;line-height:1.2;\">Preguntes freq\u00fcents<\/h1><\/div><\/div><\/div><div class=\"fusion-layout-column fusion_builder_column fusion-builder-column-1 fusion_builder_column_1_1 1_1 fusion-flex-column\" style=\"--awb-bg-size:cover;--awb-width-large:100%;--awb-margin-top-large:25px;--awb-spacing-right-large:1.92%;--awb-margin-bottom-large:25px;--awb-spacing-left-large:1.92%;--awb-width-medium:100%;--awb-order-medium:0;--awb-spacing-right-medium:1.92%;--awb-spacing-left-medium:1.92%;--awb-width-small:100%;--awb-order-small:0;--awb-spacing-right-small:1.92%;--awb-spacing-left-small:1.92%;\"><div class=\"fusion-column-wrapper fusion-column-has-shadow fusion-flex-justify-content-flex-start fusion-content-layout-column\"><div class=\"fusion-text fusion-text-1\"><h3>S\u2019accepten devolucions?<\/h3>\n<p>En cas de que el producte arribi en mal estat, si us plau contacta amb nosaltres el m\u00e9s aviat possible a trav\u00e9s del nostre tel\u00e8fon d\u2019atenci\u00f3 al client 679 19 62 72 o b\u00e9 per correu a info@cellercanroda.cat.<\/p>\n<\/div><div class=\"fusion-text fusion-text-2\"><h3>Quan arribar\u00e0 la meva comanda?<\/h3>\n<p>Un cop fet el pagament, en un m\u00e0xim de 48 a 72 hores rebr\u00e0s la teva comanda. El producte s\u2019entregar\u00e0 a la adre\u00e7a d\u2019enviament especificada en el moment de la compra. Si vols canviar l\u2019adre\u00e7a d\u2019enviament posat en contacte amb nosaltres.<\/p>\n<\/div><div class=\"fusion-text fusion-text-3\"><h3>Puc venir a buscar la meva comanda al celler?<\/h3>\n<p> Si vols venir a buscar la teva comanda al celler, estar\u00e0 disponible passades 24 hores despr\u00e9s d\u2019haver fet la compra. S\u2019haur\u00e0 d\u2019entregar el comprovant de pagament per poder recollir-lo. L\u2019horari d\u2019atenci\u00f3 \u00e9s de dilluns a divendres de 8.00 a 12.30 i de 14.30 a 18.00. Dissabtes de 8.00 a 12.30. Si no et va b\u00e9 aquests horari, posat en contacte amb nosaltres. <\/p>\n<\/div><div class=\"fusion-text fusion-text-4\"><h3>A on envieu?<\/h3>\n<p> Fem entregues a Espanya peninsular i Illes Balears.<\/p>\n<\/div><div class=\"fusion-text fusion-text-5\"><h3>Quines son les despeses d\u2019enviament?<\/h3>\n<p> 5 EUR per compres inferiors a 60 EUR. Per compres superiors a 60 EUR les despeses d\u2019enviament son gratu\u00eftes.<\/p>\n<\/div><div class=\"fusion-text fusion-text-6\"><h3>Com puc comprar els vostres productes online?<\/h3>\n<p>Tria el producte que m\u00e9s t\u2019agradi, afegeix-lo a la cistella de la compra i escull el m\u00e8tode de pagament que et sigui m\u00e9s c\u00f2mode. Un cop completada la compra, rebr\u00e0s un correu de confirmaci\u00f3 i t\u2019arribar\u00e0 la comanda en un termini de 2-3 dies. <\/p>\n<\/div><div class=\"fusion-text fusion-text-7\"><h3>Puc fer la meva comanda per tel\u00e8fon o WhatsApp?<\/h3>\n<p> Cap problema, pots fer-ho posant-te en contacte amb nosaltres al 679 19 62 72.<\/p>\n<\/div><div class=\"fusion-text fusion-text-8\"><h3>Quins m\u00e8todes de pagament accepteu?<\/h3>\n<p>Pots pagar de forma segura amb qualsevols dels m\u00e8todes que oferim. Acceptem transfer\u00e8ncia bancaria, pagament amb targeta i Paypal.<\/p>\n<\/div><div class=\"fusion-text fusion-text-9\"><h3>Puc personalitzar la meva comanda?<\/h3>\n<p> S\u00ed, si vols afegir algun altre producte al lot, posat en contacte amb nosaltres abans de fer la comanda.<\/p>\n<\/div><div class=\"fusion-text fusion-text-10\"><h3>Puc afegir un missatge o dedicat\u00f2ria?<\/h3>\n<p> En el proc\u00e9s de compra trobar\u00e0s un apartat on escriure el teu missatge i ens encarregarem d\u2019adjuntar la nota dins el paquet. <\/p>\n<\/div><div class=\"fusion-text fusion-text-11\"><h3>Feu factura de la comanda?<\/h3>\n<p> Cap problema. Posa\u2019t en contacte amb nosaltres i et farem la factura. <\/p>\n<\/div><div class=\"fusion-text fusion-text-12\"><h3>Tens m\u00e9s dubtes?<\/h3>\n<p>Contacta amb nosaltres per qualsevol dubte abans de fer la teva compra per tel\u00e8fon o WhatsApp al 679196272 i per correu a info@cellercanroda.cat.<\/p>\n<\/div><\/div><\/div><\/div><\/div>\n","protected":false},"excerpt":{"rendered":"","protected":false},"author":5,"featured_media":0,"parent":0,"menu_order":0,"comment_status":"closed","ping_status":"closed","template":"100-width.php","meta":{"_acf_changed":false,"footnotes":""},"class_list":["post-3366","page","type-page","status-publish","hentry"],"acf":[],"yoast_head":"<!-- This site is optimized with the Yoast SEO plugin v27.1.1 - https:\/\/yoast.com\/product\/yoast-seo-wordpress\/ -->\n<title>Preguntes freq\u00fcents de compra - Celler Can Roda<\/title>\n<meta name=\"description\" content=\"Tens alg\u00fan dubte alhora de fer la teva comanda? Aqu\u00ed et responem les preguntes m\u00e9s habituals. Si no trobes la teva, contacta&#039;ns!\" \/>\n<meta name=\"robots\" content=\"index, follow, max-snippet:-1, max-image-preview:large, max-video-preview:-1\" \/>\n<link rel=\"canonical\" href=\"https:\/\/cellercanroda.cat\/ca\/preguntes-frequents\/\" \/>\n<meta property=\"og:locale\" content=\"ca_ES\" \/>\n<meta property=\"og:type\" content=\"article\" \/>\n<meta property=\"og:title\" content=\"Preguntes freq\u00fcents de compra - Celler Can Roda\" \/>\n<meta property=\"og:description\" content=\"Tens alg\u00fan dubte alhora de fer la teva comanda? Aqu\u00ed et responem les preguntes m\u00e9s habituals. Si no trobes la teva, contacta&#039;ns!\" \/>\n<meta property=\"og:url\" content=\"https:\/\/cellercanroda.cat\/ca\/preguntes-frequents\/\" \/>\n<meta property=\"og:site_name\" content=\"Celler Can Roda\" \/>\n<meta property=\"article:publisher\" content=\"https:\/\/es-es.facebook.com\/CellerCanRoda\" \/>\n<meta property=\"article:modified_time\" content=\"2023-08-23T15:43:49+00:00\" \/>\n<meta name=\"twitter:card\" content=\"summary_large_image\" \/>\n<meta name=\"twitter:label1\" content=\"Temps estimat de lectura\" \/>\n\t<meta name=\"twitter:data1\" content=\"3 minuts\" \/>\n<script type=\"application\/ld+json\" class=\"yoast-schema-graph\">{\"@context\":\"https:\/\/schema.org\",\"@graph\":[{\"@type\":\"WebPage\",\"@id\":\"https:\/\/cellercanroda.cat\/ca\/preguntes-frequents\/\",\"url\":\"https:\/\/cellercanroda.cat\/ca\/preguntes-frequents\/\",\"name\":\"Preguntes freq\u00fcents de compra - Celler Can Roda\",\"isPartOf\":{\"@id\":\"https:\/\/cellercanroda.cat\/ca\/#website\"},\"datePublished\":\"2020-11-21T19:17:11+00:00\",\"dateModified\":\"2023-08-23T15:43:49+00:00\",\"description\":\"Tens alg\u00fan dubte alhora de fer la teva comanda? Aqu\u00ed et responem les preguntes m\u00e9s habituals. Si no trobes la teva, contacta'ns!\",\"breadcrumb\":{\"@id\":\"https:\/\/cellercanroda.cat\/ca\/preguntes-frequents\/#breadcrumb\"},\"inLanguage\":\"ca\",\"potentialAction\":[{\"@type\":\"ReadAction\",\"target\":[\"https:\/\/cellercanroda.cat\/ca\/preguntes-frequents\/\"]}]},{\"@type\":\"BreadcrumbList\",\"@id\":\"https:\/\/cellercanroda.cat\/ca\/preguntes-frequents\/#breadcrumb\",\"itemListElement\":[{\"@type\":\"ListItem\",\"position\":1,\"name\":\"Inicio\",\"item\":\"https:\/\/cellercanroda.cat\/ca\/\"},{\"@type\":\"ListItem\",\"position\":2,\"name\":\"Preguntes frequents\"}]},{\"@type\":\"WebSite\",\"@id\":\"https:\/\/cellercanroda.cat\/ca\/#website\",\"url\":\"https:\/\/cellercanroda.cat\/ca\/\",\"name\":\"Celler Can Roda\",\"description\":\"Vins DO Alella\",\"publisher\":{\"@id\":\"https:\/\/cellercanroda.cat\/ca\/#organization\"},\"potentialAction\":[{\"@type\":\"SearchAction\",\"target\":{\"@type\":\"EntryPoint\",\"urlTemplate\":\"https:\/\/cellercanroda.cat\/ca\/?s={search_term_string}\"},\"query-input\":{\"@type\":\"PropertyValueSpecification\",\"valueRequired\":true,\"valueName\":\"search_term_string\"}}],\"inLanguage\":\"ca\"},{\"@type\":\"Organization\",\"@id\":\"https:\/\/cellercanroda.cat\/ca\/#organization\",\"name\":\"Celler Can Roda\",\"url\":\"https:\/\/cellercanroda.cat\/ca\/\",\"logo\":{\"@type\":\"ImageObject\",\"inLanguage\":\"ca\",\"@id\":\"https:\/\/cellercanroda.cat\/ca\/#\/schema\/logo\/image\/\",\"url\":\"https:\/\/cellercanroda.cat\/wp-content\/uploads\/2020\/09\/canroda_logo-scaled.jpg\",\"contentUrl\":\"https:\/\/cellercanroda.cat\/wp-content\/uploads\/2020\/09\/canroda_logo-scaled.jpg\",\"width\":2560,\"height\":1111,\"caption\":\"Celler Can Roda\"},\"image\":{\"@id\":\"https:\/\/cellercanroda.cat\/ca\/#\/schema\/logo\/image\/\"},\"sameAs\":[\"https:\/\/es-es.facebook.com\/CellerCanRoda\",\"https:\/\/www.instagram.com\/cellercanroda\/\",\"https:\/\/www.youtube.com\/channel\/UCMkIFqwRPc-Pk1eMPzADxqA\"]}]}<\/script>\n<!-- \/ Yoast SEO plugin. -->","yoast_head_json":{"title":"Preguntes freq\u00fcents de compra - Celler Can Roda","description":"Tens alg\u00fan dubte alhora de fer la teva comanda? Aqu\u00ed et responem les preguntes m\u00e9s habituals. Si no trobes la teva, contacta'ns!","robots":{"index":"index","follow":"follow","max-snippet":"max-snippet:-1","max-image-preview":"max-image-preview:large","max-video-preview":"max-video-preview:-1"},"canonical":"https:\/\/cellercanroda.cat\/ca\/preguntes-frequents\/","og_locale":"ca_ES","og_type":"article","og_title":"Preguntes freq\u00fcents de compra - Celler Can Roda","og_description":"Tens alg\u00fan dubte alhora de fer la teva comanda? Aqu\u00ed et responem les preguntes m\u00e9s habituals. Si no trobes la teva, contacta'ns!","og_url":"https:\/\/cellercanroda.cat\/ca\/preguntes-frequents\/","og_site_name":"Celler Can Roda","article_publisher":"https:\/\/es-es.facebook.com\/CellerCanRoda","article_modified_time":"2023-08-23T15:43:49+00:00","twitter_card":"summary_large_image","twitter_misc":{"Temps estimat de lectura":"3 minuts"},"schema":{"@context":"https:\/\/schema.org","@graph":[{"@type":"WebPage","@id":"https:\/\/cellercanroda.cat\/ca\/preguntes-frequents\/","url":"https:\/\/cellercanroda.cat\/ca\/preguntes-frequents\/","name":"Preguntes freq\u00fcents de compra - Celler Can Roda","isPartOf":{"@id":"https:\/\/cellercanroda.cat\/ca\/#website"},"datePublished":"2020-11-21T19:17:11+00:00","dateModified":"2023-08-23T15:43:49+00:00","description":"Tens alg\u00fan dubte alhora de fer la teva comanda? Aqu\u00ed et responem les preguntes m\u00e9s habituals. Si no trobes la teva, contacta'ns!","breadcrumb":{"@id":"https:\/\/cellercanroda.cat\/ca\/preguntes-frequents\/#breadcrumb"},"inLanguage":"ca","potentialAction":[{"@type":"ReadAction","target":["https:\/\/cellercanroda.cat\/ca\/preguntes-frequents\/"]}]},{"@type":"BreadcrumbList","@id":"https:\/\/cellercanroda.cat\/ca\/preguntes-frequents\/#breadcrumb","itemListElement":[{"@type":"ListItem","position":1,"name":"Inicio","item":"https:\/\/cellercanroda.cat\/ca\/"},{"@type":"ListItem","position":2,"name":"Preguntes frequents"}]},{"@type":"WebSite","@id":"https:\/\/cellercanroda.cat\/ca\/#website","url":"https:\/\/cellercanroda.cat\/ca\/","name":"Celler Can Roda","description":"Vins DO Alella","publisher":{"@id":"https:\/\/cellercanroda.cat\/ca\/#organization"},"potentialAction":[{"@type":"SearchAction","target":{"@type":"EntryPoint","urlTemplate":"https:\/\/cellercanroda.cat\/ca\/?s={search_term_string}"},"query-input":{"@type":"PropertyValueSpecification","valueRequired":true,"valueName":"search_term_string"}}],"inLanguage":"ca"},{"@type":"Organization","@id":"https:\/\/cellercanroda.cat\/ca\/#organization","name":"Celler Can Roda","url":"https:\/\/cellercanroda.cat\/ca\/","logo":{"@type":"ImageObject","inLanguage":"ca","@id":"https:\/\/cellercanroda.cat\/ca\/#\/schema\/logo\/image\/","url":"https:\/\/cellercanroda.cat\/wp-content\/uploads\/2020\/09\/canroda_logo-scaled.jpg","contentUrl":"https:\/\/cellercanroda.cat\/wp-content\/uploads\/2020\/09\/canroda_logo-scaled.jpg","width":2560,"height":1111,"caption":"Celler Can Roda"},"image":{"@id":"https:\/\/cellercanroda.cat\/ca\/#\/schema\/logo\/image\/"},"sameAs":["https:\/\/es-es.facebook.com\/CellerCanRoda","https:\/\/www.instagram.com\/cellercanroda\/","https:\/\/www.youtube.com\/channel\/UCMkIFqwRPc-Pk1eMPzADxqA"]}]}},"_links":{"self":[{"href":"https:\/\/cellercanroda.cat\/ca\/wp-json\/wp\/v2\/pages\/3366","targetHints":{"allow":["GET"]}}],"collection":[{"href":"https:\/\/cellercanroda.cat\/ca\/wp-json\/wp\/v2\/pages"}],"about":[{"href":"https:\/\/cellercanroda.cat\/ca\/wp-json\/wp\/v2\/types\/page"}],"author":[{"embeddable":true,"href":"https:\/\/cellercanroda.cat\/ca\/wp-json\/wp\/v2\/users\/5"}],"replies":[{"embeddable":true,"href":"https:\/\/cellercanroda.cat\/ca\/wp-json\/wp\/v2\/comments?post=3366"}],"version-history":[{"count":5,"href":"https:\/\/cellercanroda.cat\/ca\/wp-json\/wp\/v2\/pages\/3366\/revisions"}],"predecessor-version":[{"id":19800,"href":"https:\/\/cellercanroda.cat\/ca\/wp-json\/wp\/v2\/pages\/3366\/revisions\/19800"}],"wp:attachment":[{"href":"https:\/\/cellercanroda.cat\/ca\/wp-json\/wp\/v2\/media?parent=3366"}],"curies":[{"name":"wp","href":"https:\/\/api.w.org\/{rel}","templated":true}]}}