{"id":31378,"date":"2025-03-28T16:20:54","date_gmt":"2025-03-28T15:20:54","guid":{"rendered":"https:\/\/cellercanroda.cat\/politica-de-devolucions\/"},"modified":"2025-03-28T16:20:54","modified_gmt":"2025-03-28T15:20:54","slug":"politica-de-devolucions","status":"publish","type":"page","link":"https:\/\/cellercanroda.cat\/ca\/politica-de-devolucions\/","title":{"rendered":"Pol\u00edtica de devolucions"},"content":{"rendered":"<div class=\"fusion-fullwidth fullwidth-box fusion-builder-row-1 fusion-flex-container nonhundred-percent-fullwidth non-hundred-percent-height-scrolling\" style=\"--awb-border-radius-top-left:0px;--awb-border-radius-top-right:0px;--awb-border-radius-bottom-right:0px;--awb-border-radius-bottom-left:0px;--awb-flex-wrap:wrap;\" ><div class=\"fusion-builder-row fusion-row fusion-flex-align-items-flex-start fusion-flex-content-wrap\" style=\"max-width:1320.8px;margin-left: calc(-4% \/ 2 );margin-right: calc(-4% \/ 2 );\"><div class=\"fusion-layout-column fusion_builder_column fusion-builder-column-0 fusion_builder_column_1_1 1_1 fusion-flex-column\" style=\"--awb-bg-size:cover;--awb-width-large:100%;--awb-margin-top-large:25px;--awb-spacing-right-large:1.92%;--awb-margin-bottom-large:25px;--awb-spacing-left-large:1.92%;--awb-width-medium:100%;--awb-order-medium:0;--awb-spacing-right-medium:1.92%;--awb-spacing-left-medium:1.92%;--awb-width-small:100%;--awb-order-small:0;--awb-spacing-right-small:1.92%;--awb-spacing-left-small:1.92%;\"><div class=\"fusion-column-wrapper fusion-column-has-shadow fusion-flex-justify-content-flex-start fusion-content-layout-column\"><div class=\"fusion-title title fusion-title-1 fusion-sep-none fusion-title-text fusion-title-size-one\" style=\"--awb-margin-top-small:8px;--awb-margin-right-small:0px;--awb-margin-bottom-small:16px;--awb-margin-left-small:0px;\"><h1 class=\"fusion-title-heading title-heading-left fusion-responsive-typography-calculated\" style=\"margin:0;--fontSize:40;line-height:1.2;\">Pol\u00edtica de devolucions<\/p><\/h1><\/div><\/div><\/div><div class=\"fusion-layout-column fusion_builder_column fusion-builder-column-1 fusion_builder_column_1_1 1_1 fusion-flex-column\" style=\"--awb-bg-size:cover;--awb-width-large:100%;--awb-margin-top-large:25px;--awb-spacing-right-large:1.92%;--awb-margin-bottom-large:25px;--awb-spacing-left-large:1.92%;--awb-width-medium:100%;--awb-order-medium:0;--awb-spacing-right-medium:1.92%;--awb-spacing-left-medium:1.92%;--awb-width-small:100%;--awb-order-small:0;--awb-spacing-right-small:1.92%;--awb-spacing-left-small:1.92%;\"><div class=\"fusion-column-wrapper fusion-column-has-shadow fusion-flex-justify-content-flex-start fusion-content-layout-column\"><div class=\"fusion-text fusion-text-1\"><p>Podeu adre\u00e7ar-vos a nosaltres mitjan\u00e7ant la nostra p\u00e0gina <a href=\"https:\/\/cellercanroda.cat\/ca\/contacte\/\">Contacte<\/a>. Li respondrem el m\u00e9s aviat possible. <\/p>\n<p>Res del que recull aquesta pol\u00edtica de devolucions afectar\u00e0 els seus drets legals, als quals s&#8217;adhereix el dret de desistiment.<\/p>\n<p><strong>DEVOLUCIONS<\/strong><br \/>\nPodr\u00e0 tornar qualsevol producte amb qu\u00e8 no estigui completament satisfet, en els 15 (quinze) dies naturals seg\u00fcents a la seva recepci\u00f3. Per motius d&#8217;higiene, no acceptem devolucions que no es trobin en el seu embalatge original o oberts, tret que es tracti de productes defectuosos. <\/p>\n<p>Si heu decidit tornar qualsevol producte, no el podreu utilitzar i haur\u00e0 de conservar-lo amb precauci\u00f3 mentre estiguin en el seu poder. El\/Els producte\/s que ens torni no podran presentar danys i s&#8217;hauran de trobar al mateix estat en qu\u00e8 es van adquirir. <\/p>\n<p>Si voleu fer la seva devoluci\u00f3 de la seva comanda en l\u00ednia, si us plau seguiu les instruccions que es mostren aqu\u00ed.<\/p>\n<p>Per poder fer un canvi presencial a la nostra botiga, heu de portar el vostre article a la nostra botiga f\u00edsica en els 15 dies seg\u00fcents a la recepci\u00f3, juntament amb la factura inclosa al correu electr\u00f2nic de confirmaci\u00f3 d&#8217;enviament amb el justificant de la compra realitzada.<\/p>\n<p>Si us plau, tingueu en compte que les comandes realitzades amb les compres realitzades en un altre m\u00e8tode que no sigui targeta de cr\u00e8dit o d\u00e8bit, PayPal o domiciliaci\u00f3 banc\u00e0ria no podran ser canviades a la nostra botiga.<\/p>\n<p>Si voleu canviar una comanda realitzada amb un altre m\u00e8tode de pagament, si us plau, poseu-vos en contacte amb nosaltres.<\/p>\n<p><b>DEVOLUCI\u00d3 DE PRODUCTES PER CORREU POSTAL<br \/>\n<\/b>Per tornar via correu postal una compra realitzada, seguiu les instruccions que indiquem a continuaci\u00f3. Tingueu present que no realitzem devolucions postals amb franqueig pagat.<br \/>\n&#8211; Poseu-vos en contacte amb nosaltres a trav\u00e9s del correu electr\u00f2nic o tel\u00e8fon facilitats al nostre lloc web.<br \/>\n&#8211; Conserveu els productes en el seu embalatge original. La direcci\u00f3 de devoluci\u00f3 \u00e9s: Celler Can Roda BV-5006, 08106 Barcelona<br \/>\n&#8211; Porteu el paquet (amb l&#8217;impr\u00e8s amb la factura inclosa al correu electr\u00f2nic de confirmaci\u00f3 de pagament) a una oficina de correus oa una empresa de missatgeria i sol\u00b7liciteu el comprovant de l&#8217;enviament. En fer aquest enviament, us segellaran el comprovant que heu de guardar fins que rebeu el reemborsament sol\u00b7licitat. Malauradament nom\u00e9s podem fer el reemborsament d&#8217;una devoluci\u00f3 perduda si rebem el comprovant d&#8217;enviament realitzat.   <\/p>\n<p>\u00c9s responsabilitat vostra conservar tots els justificants de recepci\u00f3 i justificants de recepci\u00f3 i remetre el paquet per correu electr\u00f2nic o per qualsevol altre m\u00e8tode que permeti acreditar la data d&#8217;enviament.<\/p>\n<p><b>QUAN REBR\u00c9 EL REEMBORSAMENT DESPR\u00c9S DE LA DEVOLUCI\u00d3 D&#8217;UN ARTICLE?<\/b><br \/>\nRebreu el reemborsament en els 14 (catorze) dies naturals seg\u00fcents a la data en qu\u00e8 rebem el vostre producte a l&#8217;adre\u00e7a especificada (vegeu l&#8217;apartat anterior). Celler Can Roda procedir\u00e0 al reemborsament en la forma que de pagament que heu fet servir en realitzar la comanda, i el reemborsament es trobar\u00e0 subjecte al dret de Celler Can Roda a retenir quantitats per als productes que presentin danys. Us reemborsarem l&#8217;import abonat pels productes retornats menys les despeses d&#8217;enviament (si s&#8217;aplica). \u00c9s a dir, se us reemborsar\u00e0 el cost del producte per\u00f2 no les despeses de transport.   <\/p>\n<p><b>CODIS PROMOCIONALS I VALS DE DESCOMPTE<br \/>\n<\/b>Si decidiu tornar una comanda realitzada amb un val de descompte, l&#8217;import objecte de la devoluci\u00f3 es trobar\u00e0 subjecte al cost m\u00ednim aplicable a aquest val de descompte. En aquest sentit, si l&#8217;import dels articles tornats fa que la suma restant de la comanda sigui inferior a la despesa m\u00ednima aplicable al val de descompte, l&#8217;import del descompte es resta del reemborsament. Per exemple, el descompte de 10 euros (aplicable a una despesa m\u00ednima de 60 euros &#8211; despeses d&#8217;enviament no incloses) es resta del reemborsament si l&#8217;import del producte tornat fa que la suma total de la comanda sigui inferior a 60 euros.  <\/p>\n<p>La devoluci\u00f3 d&#8217;una comanda amb despeses d&#8217;enviament gratu\u00efta (que no s&#8217;hagi proporcionat amb un val de descompte) no afectar\u00e0 l&#8217;import de la devoluci\u00f3.<\/p>\n<p><b>DRET DE DESISTIMENT<br \/>\n<\/b>Vost\u00e8 t\u00e9 dret a desistir del contracte en qualsevol moment en un termini de 14 (catorze) dies naturals, a comptar des del dia en qu\u00e8 es va rebre el producte. En aquest cas, el reemborsament \u00edntegre del preu abonat del producte \u00e9s de conformitat amb la nostra pol\u00edtica de devolucions.<br \/>\nEl termini de cancel\u00b7laci\u00f3 vencer\u00e0 en 14 (CATORZE) dies naturals despr\u00e9s de la data en qu\u00e8 vost\u00e8 o un tercer (amb el seu consentiment) hagi obtingut la possessi\u00f3 f\u00edsica del\/s producte\/s.<br \/>\nPer exercir el vostre dret a desistir del contracte, ens podeu informar per via electr\u00f2nica a trav\u00e9s de la nostra p\u00e0gina web de Contacte, emplenant per aix\u00f2 el formulari web (trieu l&#8217;assumpte DEVOLUCIONS &#8211; Desitjo desistir del meu contracte). Si opteu per aquesta opci\u00f3, us enviarem immediatament un justificant de recepci\u00f3 del vostre desistiment en un suport durador (per exemple, un correu electr\u00f2nic).  <\/p>\n<p>Tamb\u00e9 pot comunicar-nos la seva decisi\u00f3 de desistir del contracte remetent una declaraci\u00f3 informant sobre aix\u00f2 a BV-5006, 08106 Barcelona (per exemple, mitjan\u00e7ant carta enviada per correu postal o per correu electr\u00f2nic) en un termini de 14 (CATORZE) dies naturals des de la recepci\u00f3 de la comanda realitzada.<\/p>\n<p>Per complir els terminis de desistiment del contracte, nom\u00e9s cal que ens envieu la comunicaci\u00f3 informant-nos sobre l&#8217;exercici per part del dret de desistiment pr\u00e8viament al venciment del termini indicat.<\/p>\n<p> <b>EFECTES DEL DESISTIMENTS<\/b><br \/>\nSi desisteix d&#8217;aquest contracte, us reemborsarem tots els pagaments que h\u00e0giu realitzat, sense incloure les despeses d&#8217;enviament, que aniran a c\u00e0rrec vostre.<\/p>\n<p>Farem el reemborsament sense inc\u00f3rrer en retards indeguts, no m\u00e9s tard de:<br \/>\n&#8211; 14 (CATORZE) dies des de la data de recepci\u00f3 de la devoluci\u00f3 de qualsevol producte;<br \/>\n&#8211; 14 (CATORZE) dies des de la data en qu\u00e8 acrediti haver tornat el\/els producte(s) (si t\u00e9 lloc en una data anterior); o subvencions<br \/>\n&#8211; Si no s&#8217;ha(n) subministrat el\/els producte(s), 14 (CATORZE) dies des de la data en qu\u00e8 ens informi sobre la seva decisi\u00f3 de desistir del contracte.<\/p>\n<p>Farem el reemborsament mitjan\u00e7ant la mateixa forma de pagament utilitzada per vost\u00e8 per realitzar la transacci\u00f3 inicial, tret que hagi acordat expressament el contrari. En qualsevol cas, no incorrer\u00e0 en despeses derivades del reemborsament esmentat. <\/p>\n<p>Podrem retenir el reemborsament fins haver rebut el\/s producte(s) o fins que vost\u00e8 ens hagi aportat proves que acreditin la devoluci\u00f3 del\/s producte(s), el que abans tingui lloc.<\/p>\n<p>Haur\u00e0 de tornar el\/s producte(s) o lliurar-la(s) a: BV-5006, 08106 Barcelona, \u200b\u200bsense inc\u00f3rrer en retards indeguts i, en qualsevol cas, no m\u00e9s tard dels 14 (CATORZE) dies seg\u00fcents a la data en qu\u00e8 ens hagi comunicat el desistiment per part del contracte. Haur\u00e0 complert el termini establert si envia els productes pr\u00e8viament al venciment del dit termini de 14 (CATORZE) dies. <\/p>\n<p>Vost\u00e8 correr\u00e0 amb les despeses directes de devoluci\u00f3 del \/ els producte (s).<\/p>\n<p>Vost\u00e8 tindr\u00e0 l&#8217;obligaci\u00f3 legal de cuidar el \/ els producte (s) de manera raonable mentre es trobi (n) al seu poder. Si incompleix aquesta obligaci\u00f3, tindrem drets a reclamar una indemnitzaci\u00f3. Vost\u00e8 nom\u00e9s ser\u00e0 responsable de qualsevol disminuci\u00f3 de valor del\/els producte(s) resultant d&#8217;una manipulaci\u00f3 diferent de l&#8217;establerta per determinar la naturalesa, les caracter\u00edstiques i el funcionament del\/dels producte(s).  <\/p>\n<p>Per motius d&#8217;higiene, no tindr\u00e0 dret a desistir d&#8217;un contracte corresponent al lliurament de qualsevol dels productes que no presentin el seu embalatge original o estiguin oberts, llevat que es tracti de productes defectuosos (en aquest cas \u00e9s degut a raons d&#8217;higiene).<\/p>\n<p>O, de forma addicional, aquells productes que per la seva naturalesa no puguin tornar, puguin deteriorar-se o expirar r\u00e0pidament, o estiguin personalitzats, llevat que siguin defectuosos.<\/p>\n<p>A les <a href=\"https:\/\/cellercanroda.cat\/ca\/preguntes-frequents\/\">Preguntes Freq\u00fcents<\/a> inclou m\u00e9s informaci\u00f3 sobre el seu dret legal a desistir del contracte i una explicaci\u00f3 sobre com exercir-lo.<\/p>\n<p> <b>PRODUCTES DEFECTUOSOS<br \/>\n<\/b>Si no esteu d&#8217;acord amb qualsevol de les compres realitzades i considereu que el producte adquirit presenta un estat defectu\u00f3s a causa d&#8217;una fallada de f\u00e0brica, haureu de posar-vos en contacte amb nosaltres a trav\u00e9s del nostre impr\u00e8s de contacte (seleccioneu l&#8217;assumpte: PRODUCTE REBUT &#8211; el meu article \u00e9s defectu\u00f3s). Aportaci\u00f3 la m\u00e0xima informaci\u00f3 possible sobre el producte i de la comanda realitzada. <\/p>\n<p>Si sou un client i ens retorneu un Producte defectu\u00f3s (haureu de realitzar la devoluci\u00f3 per correu postal), l&#8217;examinarem i us informarem via email en un termini raonable sobre el reemborsament que farem a favor vostre. Tramitarem la devoluci\u00f3 com m\u00e9s aviat millor i, en qualsevol cas, en els 30 dies seg\u00fcents a haver-li confirmat via email el seu dret a ser reemborsat. Els productes retornats per ser defectuosos us seran reemborsats en la seva totalitat, sense incloure les despeses d&#8217;enviament i el cost incorregut per vost\u00e8 per realitzar la devoluci\u00f3.  <\/p>\n<p>\u00a9 MAS\u00cdA DE CAN RODA VINYES I VINS S.L, 2020<\/p>\n<p>Inscrita en el Registro Mercantil de Barcelona, \u200b\u200bT. 46.271,<br \/>\nCIF &#8211; B67155390 <\/p>\n<\/div><\/div><\/div><\/div><\/div>\n","protected":false},"excerpt":{"rendered":"","protected":false},"author":2,"featured_media":0,"parent":0,"menu_order":0,"comment_status":"closed","ping_status":"closed","template":"100-width.php","meta":{"_acf_changed":false,"footnotes":""},"class_list":["post-31378","page","type-page","status-publish","hentry"],"acf":[],"yoast_head":"<!-- This site is optimized with the Yoast SEO plugin v27.1.1 - https:\/\/yoast.com\/product\/yoast-seo-wordpress\/ -->\n<title>Pol\u00edtica de devolucions - Celler Can Roda<\/title>\n<meta name=\"description\" content=\"Aqu\u00ed podeu trobar tota la informaci\u00f3 sobre la nostra pol\u00edtica de devolucions i el procediment a seguir en cas de voler tornar un dels nostres productes.\" \/>\n<meta name=\"robots\" content=\"noindex, nofollow\" \/>\n<meta property=\"og:locale\" content=\"ca_ES\" \/>\n<meta property=\"og:type\" content=\"article\" \/>\n<meta property=\"og:title\" content=\"Pol\u00edtica de devolucions - Celler Can Roda\" \/>\n<meta property=\"og:description\" content=\"Aqu\u00ed podeu trobar tota la informaci\u00f3 sobre la nostra pol\u00edtica de devolucions i el procediment a seguir en cas de voler tornar un dels nostres productes.\" \/>\n<meta property=\"og:url\" content=\"https:\/\/cellercanroda.cat\/ca\/politica-de-devolucions\/\" \/>\n<meta property=\"og:site_name\" content=\"Celler Can Roda\" \/>\n<meta property=\"article:publisher\" content=\"https:\/\/es-es.facebook.com\/CellerCanRoda\" \/>\n<meta name=\"twitter:card\" content=\"summary_large_image\" \/>\n<meta name=\"twitter:label1\" content=\"Temps estimat de lectura\" \/>\n\t<meta name=\"twitter:data1\" content=\"12 minuts\" \/>\n<script type=\"application\/ld+json\" class=\"yoast-schema-graph\">{\"@context\":\"https:\/\/schema.org\",\"@graph\":[{\"@type\":\"WebPage\",\"@id\":\"https:\/\/cellercanroda.cat\/ca\/politica-de-devolucions\/\",\"url\":\"https:\/\/cellercanroda.cat\/ca\/politica-de-devolucions\/\",\"name\":\"Pol\u00edtica de devolucions - Celler Can Roda\",\"isPartOf\":{\"@id\":\"https:\/\/cellercanroda.cat\/ca\/#website\"},\"datePublished\":\"2025-03-28T15:20:54+00:00\",\"description\":\"Aqu\u00ed podeu trobar tota la informaci\u00f3 sobre la nostra pol\u00edtica de devolucions i el procediment a seguir en cas de voler tornar un dels nostres productes.\",\"breadcrumb\":{\"@id\":\"https:\/\/cellercanroda.cat\/ca\/politica-de-devolucions\/#breadcrumb\"},\"inLanguage\":\"ca\",\"potentialAction\":[{\"@type\":\"ReadAction\",\"target\":[\"https:\/\/cellercanroda.cat\/ca\/politica-de-devolucions\/\"]}]},{\"@type\":\"BreadcrumbList\",\"@id\":\"https:\/\/cellercanroda.cat\/ca\/politica-de-devolucions\/#breadcrumb\",\"itemListElement\":[{\"@type\":\"ListItem\",\"position\":1,\"name\":\"Inicio\",\"item\":\"https:\/\/cellercanroda.cat\/ca\/\"},{\"@type\":\"ListItem\",\"position\":2,\"name\":\"Pol\u00edtica de devolucions\"}]},{\"@type\":\"WebSite\",\"@id\":\"https:\/\/cellercanroda.cat\/ca\/#website\",\"url\":\"https:\/\/cellercanroda.cat\/ca\/\",\"name\":\"Celler Can Roda\",\"description\":\"Vins DO Alella\",\"publisher\":{\"@id\":\"https:\/\/cellercanroda.cat\/ca\/#organization\"},\"potentialAction\":[{\"@type\":\"SearchAction\",\"target\":{\"@type\":\"EntryPoint\",\"urlTemplate\":\"https:\/\/cellercanroda.cat\/ca\/?s={search_term_string}\"},\"query-input\":{\"@type\":\"PropertyValueSpecification\",\"valueRequired\":true,\"valueName\":\"search_term_string\"}}],\"inLanguage\":\"ca\"},{\"@type\":\"Organization\",\"@id\":\"https:\/\/cellercanroda.cat\/ca\/#organization\",\"name\":\"Celler Can Roda\",\"url\":\"https:\/\/cellercanroda.cat\/ca\/\",\"logo\":{\"@type\":\"ImageObject\",\"inLanguage\":\"ca\",\"@id\":\"https:\/\/cellercanroda.cat\/ca\/#\/schema\/logo\/image\/\",\"url\":\"https:\/\/cellercanroda.cat\/wp-content\/uploads\/2020\/09\/canroda_logo-scaled.jpg\",\"contentUrl\":\"https:\/\/cellercanroda.cat\/wp-content\/uploads\/2020\/09\/canroda_logo-scaled.jpg\",\"width\":2560,\"height\":1111,\"caption\":\"Celler Can Roda\"},\"image\":{\"@id\":\"https:\/\/cellercanroda.cat\/ca\/#\/schema\/logo\/image\/\"},\"sameAs\":[\"https:\/\/es-es.facebook.com\/CellerCanRoda\",\"https:\/\/www.instagram.com\/cellercanroda\/\",\"https:\/\/www.youtube.com\/channel\/UCMkIFqwRPc-Pk1eMPzADxqA\"]}]}<\/script>\n<!-- \/ Yoast SEO plugin. -->","yoast_head_json":{"title":"Pol\u00edtica de devolucions - Celler Can Roda","description":"Aqu\u00ed podeu trobar tota la informaci\u00f3 sobre la nostra pol\u00edtica de devolucions i el procediment a seguir en cas de voler tornar un dels nostres productes.","robots":{"index":"noindex","follow":"nofollow"},"og_locale":"ca_ES","og_type":"article","og_title":"Pol\u00edtica de devolucions - Celler Can Roda","og_description":"Aqu\u00ed podeu trobar tota la informaci\u00f3 sobre la nostra pol\u00edtica de devolucions i el procediment a seguir en cas de voler tornar un dels nostres productes.","og_url":"https:\/\/cellercanroda.cat\/ca\/politica-de-devolucions\/","og_site_name":"Celler Can Roda","article_publisher":"https:\/\/es-es.facebook.com\/CellerCanRoda","twitter_card":"summary_large_image","twitter_misc":{"Temps estimat de lectura":"12 minuts"},"schema":{"@context":"https:\/\/schema.org","@graph":[{"@type":"WebPage","@id":"https:\/\/cellercanroda.cat\/ca\/politica-de-devolucions\/","url":"https:\/\/cellercanroda.cat\/ca\/politica-de-devolucions\/","name":"Pol\u00edtica de devolucions - Celler Can Roda","isPartOf":{"@id":"https:\/\/cellercanroda.cat\/ca\/#website"},"datePublished":"2025-03-28T15:20:54+00:00","description":"Aqu\u00ed podeu trobar tota la informaci\u00f3 sobre la nostra pol\u00edtica de devolucions i el procediment a seguir en cas de voler tornar un dels nostres productes.","breadcrumb":{"@id":"https:\/\/cellercanroda.cat\/ca\/politica-de-devolucions\/#breadcrumb"},"inLanguage":"ca","potentialAction":[{"@type":"ReadAction","target":["https:\/\/cellercanroda.cat\/ca\/politica-de-devolucions\/"]}]},{"@type":"BreadcrumbList","@id":"https:\/\/cellercanroda.cat\/ca\/politica-de-devolucions\/#breadcrumb","itemListElement":[{"@type":"ListItem","position":1,"name":"Inicio","item":"https:\/\/cellercanroda.cat\/ca\/"},{"@type":"ListItem","position":2,"name":"Pol\u00edtica de devolucions"}]},{"@type":"WebSite","@id":"https:\/\/cellercanroda.cat\/ca\/#website","url":"https:\/\/cellercanroda.cat\/ca\/","name":"Celler Can Roda","description":"Vins DO Alella","publisher":{"@id":"https:\/\/cellercanroda.cat\/ca\/#organization"},"potentialAction":[{"@type":"SearchAction","target":{"@type":"EntryPoint","urlTemplate":"https:\/\/cellercanroda.cat\/ca\/?s={search_term_string}"},"query-input":{"@type":"PropertyValueSpecification","valueRequired":true,"valueName":"search_term_string"}}],"inLanguage":"ca"},{"@type":"Organization","@id":"https:\/\/cellercanroda.cat\/ca\/#organization","name":"Celler Can Roda","url":"https:\/\/cellercanroda.cat\/ca\/","logo":{"@type":"ImageObject","inLanguage":"ca","@id":"https:\/\/cellercanroda.cat\/ca\/#\/schema\/logo\/image\/","url":"https:\/\/cellercanroda.cat\/wp-content\/uploads\/2020\/09\/canroda_logo-scaled.jpg","contentUrl":"https:\/\/cellercanroda.cat\/wp-content\/uploads\/2020\/09\/canroda_logo-scaled.jpg","width":2560,"height":1111,"caption":"Celler Can Roda"},"image":{"@id":"https:\/\/cellercanroda.cat\/ca\/#\/schema\/logo\/image\/"},"sameAs":["https:\/\/es-es.facebook.com\/CellerCanRoda","https:\/\/www.instagram.com\/cellercanroda\/","https:\/\/www.youtube.com\/channel\/UCMkIFqwRPc-Pk1eMPzADxqA"]}]}},"_links":{"self":[{"href":"https:\/\/cellercanroda.cat\/ca\/wp-json\/wp\/v2\/pages\/31378","targetHints":{"allow":["GET"]}}],"collection":[{"href":"https:\/\/cellercanroda.cat\/ca\/wp-json\/wp\/v2\/pages"}],"about":[{"href":"https:\/\/cellercanroda.cat\/ca\/wp-json\/wp\/v2\/types\/page"}],"author":[{"embeddable":true,"href":"https:\/\/cellercanroda.cat\/ca\/wp-json\/wp\/v2\/users\/2"}],"replies":[{"embeddable":true,"href":"https:\/\/cellercanroda.cat\/ca\/wp-json\/wp\/v2\/comments?post=31378"}],"version-history":[{"count":2,"href":"https:\/\/cellercanroda.cat\/ca\/wp-json\/wp\/v2\/pages\/31378\/revisions"}],"predecessor-version":[{"id":31380,"href":"https:\/\/cellercanroda.cat\/ca\/wp-json\/wp\/v2\/pages\/31378\/revisions\/31380"}],"wp:attachment":[{"href":"https:\/\/cellercanroda.cat\/ca\/wp-json\/wp\/v2\/media?parent=31378"}],"curies":[{"name":"wp","href":"https:\/\/api.w.org\/{rel}","templated":true}]}}