{"id":19384,"date":"2023-07-18T15:55:06","date_gmt":"2023-07-18T13:55:06","guid":{"rendered":"https:\/\/cellercanroda.cat\/termes-i-condicions\/"},"modified":"2023-07-18T16:21:22","modified_gmt":"2023-07-18T14:21:22","slug":"termes-i-condicions","status":"publish","type":"page","link":"https:\/\/cellercanroda.cat\/ca\/termes-i-condicions\/","title":{"rendered":"Termes i condicions"},"content":{"rendered":"<div class=\"fusion-fullwidth fullwidth-box fusion-builder-row-1 fusion-flex-container nonhundred-percent-fullwidth non-hundred-percent-height-scrolling\" style=\"--awb-border-radius-top-left:0px;--awb-border-radius-top-right:0px;--awb-border-radius-bottom-right:0px;--awb-border-radius-bottom-left:0px;--awb-flex-wrap:wrap;\" ><div class=\"fusion-builder-row fusion-row fusion-flex-align-items-flex-start fusion-flex-content-wrap\" style=\"max-width:1320.8px;margin-left: calc(-4% \/ 2 );margin-right: calc(-4% \/ 2 );\"><div class=\"fusion-layout-column fusion_builder_column fusion-builder-column-0 fusion_builder_column_1_1 1_1 fusion-flex-column\" style=\"--awb-bg-size:cover;--awb-width-large:100%;--awb-margin-top-large:0px;--awb-spacing-right-large:1.92%;--awb-margin-bottom-large:0px;--awb-spacing-left-large:1.92%;--awb-width-medium:100%;--awb-spacing-right-medium:1.92%;--awb-spacing-left-medium:1.92%;--awb-width-small:100%;--awb-spacing-right-small:1.92%;--awb-spacing-left-small:1.92%;\"><div class=\"fusion-column-wrapper fusion-flex-justify-content-flex-start fusion-content-layout-column\"><div class=\"fusion-text fusion-text-1\"><p><em>Les Condicions i Termes han estat actualitzats per \u00faltima vegada el 18 de juliol de 2023.<\/em><\/p>\n<h2>1. Introducci\u00f3<\/h2>\n<p>Aquestes Condicions i Termes s&#8217;apliquen a aquest lloc web i a les transaccions relacionades amb els nostres productes i serveis. Pot ser que estigueu subjecte a altres contractes relacionats amb la vostra relaci\u00f3 amb nosaltres o amb qualsevol producte o servei que rebreu de nosaltres. Si alguna disposici\u00f3 dels altres contractes entra en conflicte amb alguna disposici\u00f3 d&#8217;aquestes Condicions, prevaldran les disposicions dels altres contractes.<\/p>\n<h2>2. Vinculant<\/h2>\n<p>Registrant-vos, accedint o fent \u00fas d&#8217;aquest lloc web, accepteu quedar vinculats per aquestes Condicions i Termes que s&#8217;estableixen a continuaci\u00f3. L&#8217;\u00fas merament d&#8217;aquest lloc web implica el coneixement i l&#8217;acceptaci\u00f3 d&#8217;aquestes Condicions i Termes. En alguns casos concrets, tamb\u00e9 podem demanar-vos que ho accepteu expl\u00edcitament.<\/p>\n<h2>3. Comunicaci\u00f3 electr\u00f2nica<\/h2>\n<p>Utilitzant aquest lloc web o comunicant-vos amb nosaltres mitjan\u00e7ant mitjans electr\u00f2nics, accepteu i reconeixeu que podem comunicar-nos amb vosaltres electr\u00f2nicament al nostre lloc web o enviant un correu electr\u00f2nic, i accepteu que tots els acords, avisos, divulgacions i altres comunicacions que us proporcionem electr\u00f2nicament compleixen qualsevol requisit legal, incloent, per\u00f2 no limitant-se a, l&#8217;exig\u00e8ncia que aquestes comunicacions siguin per escrit.<\/p>\n<h2>4. Propietat intel\u00b7lectual<\/h2>\n<p>Nosaltres o els nostres llicenciadors som propietaris i controlem tots els drets d&#8217;autor i altres drets de propietat intel\u00b7lectual en el lloc web i les dades, informaci\u00f3 i altres recursos mostrats o accessibles dins del lloc web.<\/p>\n<h3>4.1 Tots els drets estan reservats<\/h3>\n<p>Excepte si el contingut espec\u00edfic indica el contrari, no se us concedeix cap llic\u00e8ncia ni cap altre dret de propietat intel\u00b7lectual. Aix\u00f2 significa que no podreu utilitzar, copiar, reproduir, realitzar, mostrar, distribuir, incrustar en cap mitj\u00e0 electr\u00f2nic, alterar, descompilar, transferir, descarregar, transmetre, monetitzar, vendre, comercialitzar o comercialitzar cap recurs d&#8217;aquest lloc web en cap forma sense el nostre consentiment previ per escrit, excepte en la mesura que s&#8217;estipuli d&#8217;una altra manera en les regulacions de la legislaci\u00f3 obligat\u00f2ria (com el dret de citar).<\/p>\n<h2>5. Butllet\u00ed informatiu<\/h2>\n<p>No obstant aix\u00f2, podeu reenviar el nostre butllet\u00ed informatiu en forma electr\u00f2nica a altres persones que puguin estar interessades a visitar el nostre lloc web.<\/p>\n<h2>6. Propietat de tercers<\/h2>\n<p>El nostre lloc web pot incloure enlla\u00e7os o refer\u00e8ncies a llocs web de tercers. No supervisem ni revisem el contingut dels llocs web de tercers als quals s&#8217;enlla\u00e7a des d&#8217;aquest lloc web. Els productes o serveis oferts per altres llocs web estaran subjectes als Termes i Condicions aplicables d&#8217;aquests tercers. Les opinions expressades o els materials que apareixen en aquests llocs web no necess\u00e0riament s\u00f3n compartits o avalats per nosaltres.<\/p>\n<p>No serem responsables de les pr\u00e0ctiques de privadesa o del contingut d&#8217;aquests llocs. Sou responsable de tots els riscos associats amb l&#8217;\u00fas d&#8217;aquests llocs web i qualsevol servei de tercers relacionat. No acceptarem cap responsabilitat per cap p\u00e8rdua o dany de cap manera, de cap manera, causat per la vostra divulgaci\u00f3 d&#8217;informaci\u00f3 personal a tercers.<\/p>\n<h2>7. \u00das responsable<\/h2>\n<p>En visitar el nostre lloc web, accepteu utilitzar-lo \u00fanicament amb els fins previstos i com permeten aquestes Condicions, qualsevol altre contracte addicional amb nosaltres i les lleis, regulacions i pr\u00e0ctiques en l\u00ednia acceptades i les directrius de la ind\u00fastria. No heu d&#8217;utilitzar el nostre lloc web o serveis per utilitzar, publicar o distribuir cap material que contingui programari malici\u00f3s; utilitzar dades recopilades del nostre lloc web per a cap activitat de m\u00e0rqueting directe o realitzar activitats sistem\u00e0tiques o automatitzades de recopilaci\u00f3 de dades en o relacionades amb el nostre lloc web.<\/p>\n<p>Queda estricteament prohibida qualsevol activitat que provoqui o pugui provocar danys al lloc web o que interferisca amb el rendiment, disponibilitat o accessibilitat del lloc web.<\/p>\n<h2>8. Pol\u00edtica de devoluci\u00f3 i reemborsament<\/h2>\n<h3>8.1 Dret de desistiment<\/h3>\n<p>Teniu el dret de desistir d&#8217;aquest contracte en un termini de 15 dies sense haver de donar cap ra\u00f3.<\/p>\n<p>El termini de desistiment expirar\u00e0 als 15 dies des del dia en qu\u00e8 adquiriu, o un tercer diferent del transportista i indicat per vosaltres, adquireixi la possessi\u00f3 f\u00edsica dels b\u00e9ns.<\/p>\n<p>Per exercir el dret de desistiment, heu d&#8217;informar-nos de la vostra decisi\u00f3 de desistir d&#8217;aquest contracte mitjan\u00e7ant una declaraci\u00f3 inequ\u00edvoca (per exemple, una carta enviada per correu, fax o correu electr\u00f2nic). Les nostres dades de contacte es poden trobar a continuaci\u00f3. Podeu utilitzar el formulari de desistiment model adjunt, per\u00f2 no \u00e9s obligatori.<\/p>\n<p>Si feu servir aquesta opci\u00f3, us comunicarem la recepci\u00f3 d&#8217;aquest desistiment per mitj\u00e0 durador (per exemple, per correu electr\u00f2nic) sense cap retard.<\/p>\n<p>Per complir el termini de desistiment, \u00e9s suficient que envieu la vostra comunicaci\u00f3 que us vau exercir el dret de desistiment abans que expiri el termini de desistiment.<\/p>\n<h3>8.2 Efectes del desistiment<\/h3>\n<p>Si us desistiu d&#8217;aquest contracte, us reemborsarem tots els pagaments rebuts de vosaltres, inclosos els costos d&#8217;enviament (excepte els costos addicionals derivats de la vostra elecci\u00f3 d&#8217;un tipus d&#8217;enviament diferent del tipus d&#8217;enviament est\u00e0ndard menys car ofert per nosaltres), sense cap retard i en tot cas, com a molt tard, als 14 dies des del dia en qu\u00e8 estem informat de la vostra decisi\u00f3 de desistir d&#8217;aquest contracte. Realitzarem aquest reemborsament utilitzant el mateix mitj\u00e0 de pagament que vau utilitzar per a la transacci\u00f3 inicial, llevat que h\u00e0giu acordat expressament una altra cosa; en tot cas, no patireu cap despesa com a resultat d&#8217;aquest reemborsament.<\/p>\n<p>Heu d&#8217;enviar els b\u00e9ns o entregar-los a nosaltres o a una persona autoritzada per nosaltres per rebre els b\u00e9ns, sense cap retard i en tot cas, com a molt tard, als 14 dies des del dia en qu\u00e8 comuniqueu el vostre desistiment d&#8217;aquest contracte a nosaltres. El termini s&#8217;entendr\u00e0 complert si envieu els b\u00e9ns abans que hagi expirat el per\u00edode de 14 dies.<\/p>\n<p>Podem retenir el reemborsament fins que h\u00e0gim rebut els b\u00e9ns de tornada o h\u00e0giu subministrat proves que heu enviat els b\u00e9ns de tornada, la que sigui anterior.<\/p>\n<p>Heu de suportar el cost directe de la devoluci\u00f3 dels b\u00e9ns.<\/p>\n<p>Nom\u00e9s sou responsables de la disminuci\u00f3 del valor dels b\u00e9ns resultant de la manipulaci\u00f3 diferent del necessari per establir la naturalesa, les caracter\u00edstiques i el funcionament dels b\u00e9ns.<\/p>\n<p>Cal tenir en compte que hi ha algunes excepcions legals al dret de desistiment i, per tant, alguns articles no es poden retornar o canviar. Us ho farem saber si aix\u00f2 s&#8217;aplica al vostre cas particular.<\/p>\n<h2>9. Presentaci\u00f3 d&#8217;idees<\/h2>\n<p>No envieu cap idea, invenci\u00f3, obra d&#8217;autoria o altra informaci\u00f3 que pugui considerar-se la vostra propietat intel\u00b7lectual sense que haguem signat primer un acord sobre la propietat intel\u00b7lectual o un acord de confidencialitat. Si ens ho reveleu sense aquest acord escrit, ens concediu una llic\u00e8ncia mundial, irrevocable, no exclusiva i lliure de regalies per utilitzar, reproduir, emmagatzemar, adaptar, publicar, traduir i distribuir el vostre contingut en qualsevol mitj\u00e0 existent o futur.<\/p>\n<h2>10. Terminaci\u00f3 de l&#8217;\u00fas<\/h2>\n<p>Podem, a nostra discreci\u00f3, en qualsevol moment modificar o interrompre l&#8217;acc\u00e9s al lloc web, de manera temporal o permanent. Accepteu que no serem responsables envers vosaltres o qualsevol tercer per aquesta modificaci\u00f3, suspensi\u00f3 o interrupci\u00f3 de l&#8217;acc\u00e9s o l&#8217;\u00fas del lloc web o de qualsevol contingut que hagueu compartit en el lloc web. No tindreu dret a cap compensaci\u00f3 o un altre pagament, fins i tot si es perden definitivament certes funcionalitats, configuracions o qualsevol contingut que h\u00e0giu contribu\u00eft. No podeu evitar ni eludir, ni intentar evitar ni eludir, les mesures de restricci\u00f3 d&#8217;acc\u00e9s al nostre lloc web.<\/p>\n<h2>11. Garanties i responsabilitat<\/h2>\n<p>Res en aquesta secci\u00f3 limitar\u00e0 o exclour\u00e0 qualsevol garantia impl\u00edcita per la llei que sigui il\u00b7legal limitar o excloure. Aquest lloc web i tot el contingut en el lloc web es proporcionen &#8220;tal qual&#8221; i &#8220;segons disponibilitat&#8221; i poden contenir inexactituds o errors tipogr\u00e0fics. Exclouem expressament totes les garanties de qualsevol tipus, ja siguin expl\u00edcites o impl\u00edcites, en relaci\u00f3 amb la disponibilitat, precisi\u00f3 o completitud del contingut. No donem cap garantia que:<\/p>\n<ul>\n<li>aquest lloc web o els nostres productes o serveis compleixin les vostres necessitats;<\/li>\n<li>aquest lloc web estigui disponible de manera ininterrompuda, oportuna, segura o sense errors;<\/li>\n<li>la qualitat de qualsevol producte o servei adquirit o obtingut a trav\u00e9s d&#8217;aquest lloc web satisfaci les vostres expectatives.<\/li>\n<\/ul>\n<p>Res en aquest lloc web constitueix o pret\u00e9n constituir assessorament legal, financer o m\u00e8dic de cap mena. Si necessiteu assessorament, consulteu un professional adequat.<\/p>\n<p>Les disposicions seg\u00fcents d&#8217;aquesta secci\u00f3 s&#8217;aplicaran en la m\u00e0xima mesura permessa per la llei aplicable i no limitaran ni exclouran la nostra responsabilitat respecte a qualsevol assumpte pel qual seria il\u00b7legal o il\u00b7l\u00edcit limitar o excloure la nostra responsabilitat. En cap cas serem responsables de cap dany directe o indirecte (inclosos els danys per p\u00e8rdua de beneficis o ingressos, p\u00e8rdua o corrupci\u00f3 de dades, programari o bases de dades, o p\u00e8rdua o dany de propietat o dades) inclosos per vosaltres o qualsevol tercer, derivats de l&#8217;acc\u00e9s o l&#8217;\u00fas del nostre lloc web.<\/p>\n<p>Excepte que un altre contracte addicional estableixi expressament el contrari, la nostra responsabilitat m\u00e0xima envers vosaltres per tots els danys derivats del lloc web o qualsevol producte i servei comercialitzat o venut a trav\u00e9s del lloc web, independentment de la forma de l&#8217;acci\u00f3 legal que imposi responsabilitat (ja sigui contractual, equitativa, negligent, conducta intencionada, de tort o d&#8217;una altra manera), es limitar\u00e0 al preu total que vau pagar-nos per comprar aquests productes o serveis o utilitzar el lloc web. Aquesta limitaci\u00f3 s&#8217;aplicar\u00e0 de forma agregada a totes les vostres reclamacions, accions i causes d&#8217;acci\u00f3 de tot tipus i naturalesa.<\/p>\n<h2>12. Privacitat<\/h2>\n<p>Per accedir al nostre lloc web i \/ o serveis, se us pot demanar que proporcioneu certa informaci\u00f3 sobre vosaltres mateixos com a part del proc\u00e9s de registre. Accepteu que tota la informaci\u00f3 que proporcioneu ser\u00e0 sempre precisa, correcta i actualitzada.<\/p>\n<p>Tractem les vostres dades personals seriosament i estem compromesos a protegir la vostra privadesa. No utilitzarem la vostra adre\u00e7a de correu electr\u00f2nic per a correu no sol\u00b7licitat. Qualsevol correu electr\u00f2nic que us enviarem estar\u00e0 relacionat \u00fanicament amb el subministrament de productes o serveis acordats.<\/p>\n<p>Hem desenvolupat una pol\u00edtica per abordar qualsevol preocupaci\u00f3 sobre la privadesa que pugueu tenir. Per obtenir m\u00e9s informaci\u00f3, consulteu la nostra <a href=\"https:\/\/cellercanroda.cat\/ca\/politica-de-privadesa\/\">Declaraci\u00f3 de privadesa<\/a> i la nostra <a href=\"https:\/\/cellercanroda.cat\/ca\/politica-de-cookies\/\">Pol\u00edtica de galetes<\/a>.<\/p>\n<h2>13. Restriccions d&#8217;exportaci\u00f3 \/ Conformitat legal<\/h2>\n<p>L&#8217;acc\u00e9s al lloc web des de territoris o pa\u00efsos on el contingut o la compra dels productes o serveis venuts al lloc web sigui il\u00b7legal est\u00e0 prohibit. No podeu utilitzar aquest lloc web en violaci\u00f3 de les lleis i regulacions d&#8217;exportaci\u00f3 d&#8217;Espanya.<\/p>\n<h2>14. Cessi\u00f3<\/h2>\n<p>No podeu cedir, transferir o subcontractar cap dels vostres drets i \/ o obligacions en virtut d&#8217;aquestes Condicions i Termes, en tot o en part, a cap tercer sense el nostre consentiment previ per escrit. Qualsevol cessi\u00f3 presumpta en violaci\u00f3 d&#8217;aquesta secci\u00f3 ser\u00e0 nul\u00b7la i sense valor.<\/p>\n<h2>15. Incompliments d&#8217;aquestes Condicions i Termes<\/h2>\n<p>Sense perjudici dels nostres altres drets en virtut d&#8217;aquestes Condicions i Termes, si incompliu aquestes Condicions i Termes de qualsevol manera, podem prendre les mesures que considerem adequades per fer front a l&#8217;incompliment, incloent la suspensi\u00f3 temporal o permanent del vostre acc\u00e9s al lloc web, posar-vos en contacte amb el vostre prove\u00efdor de serveis d&#8217;Internet per sol\u00b7licitar-li que bloquegi el vostre acc\u00e9s al lloc web i \/ o iniciar accions legals contra vosaltres.<\/p>\n<h2>16. Cas de for\u00e7a major<\/h2>\n<p>Excepte per les obligacions de pagar diners establertes aqu\u00ed, cap retard, fallada o omissi\u00f3 per part de cap de les parts en complir o observar qualsevol de les seves obligacions aqu\u00ed ser\u00e0 considerat una infracci\u00f3 d&#8217;aquestes Condicions i Termes mentre que tal retard, fallada o omissi\u00f3 sorgeixi per qualsevol causa m\u00e9s enll\u00e0 del control raonable d&#8217;aquesta part.<\/p>\n<h2>17. Indemnitzaci\u00f3<\/h2>\n<p>Accepteu indemnitzar-nos, defensar-nos i mantenir-nos inofensius de i contra qualsevol reclamaci\u00f3, responsabilitat, danys, p\u00e8rdues i despeses relacionades amb la vostra violaci\u00f3 d&#8217;aquestes Condicions i Termes i les lleis aplicables, inclosos els drets de propietat intel\u00b7lectual i els drets de privadesa. Ens indemnitzareu immediatament per tots els danys, p\u00e8rdues, costos i despeses relacionades o derivades d&#8217;aquestes reclamacions.<\/p>\n<h2>18. Ren\u00fancia<\/h2>\n<p>El fet de no fer complir cap de les disposicions establertes en aquestes Condicions i Termes ni en cap Acord, ni el fet de no exercir cap opci\u00f3 per resoldre, no es considerar\u00e0 com una ren\u00fancia a aquestes disposicions i no afectar\u00e0 la validesa d&#8217;aquestes Condicions i Termes o de cap Acord o part d&#8217;aquest, ni el dret d&#8217;executar cada disposici\u00f3 en el futur.<\/p>\n<h2>19. Idioma<\/h2>\n<p>Aquestes Condicions i Termes s&#8217;interpretaran i es construiran exclusivament en angl\u00e8s.<\/p>\n<h2>20. Acord \u00edntegre<\/h2>\n<p>Aquestes Condicions i Termes, juntament amb la nostra <a href=\"https:\/\/cellercanroda.cat\/ca\/politica-de-privadesa\/\">declaraci\u00f3 de privadesa<\/a> i la nostra <a href=\"https:\/\/cellercanroda.cat\/ca\/politica-de-cookies\/\">pol\u00edtica de galetes<\/a>, constitueixen l&#8217;acord \u00edntegre entre vosaltres i Masia Can Roda Vinyes i Vins SL en relaci\u00f3 amb l&#8217;\u00fas d&#8217;aquest lloc web.<\/p>\n<h2>21. Actualitzaci\u00f3 d&#8217;aquestes Condicions i Termes<\/h2>\n<p>Podem actualitzar aquestes Condicions i Termes de temps en temps. \u00c9s la vostra obligaci\u00f3 revisar peri\u00f2dicament aquestes Condicions i Termes per detectar canvis o actualitzacions. La data indicada a l&#8217;inici d&#8217;aquestes Condicions i Termes \u00e9s la data de la darrera revisi\u00f3. Els canvis a aquestes Condicions i Termes entraran en vigor quan aquests canvis siguin publicats en aquest lloc web. La vostra continuaci\u00f3 de l&#8217;\u00fas d&#8217;aquest lloc web despr\u00e9s de la publicaci\u00f3 de canvis o actualitzacions ser\u00e0 considerada com una notificaci\u00f3 de la vostra acceptaci\u00f3 de complir i quedar vinculat per aquestes Condicions i Termes.<\/p>\n<h2>22. Elecci\u00f3 de Llei i Jurisdicci\u00f3<\/h2>\n<p>Aquestes Condicions i Termes sotmetran a les lleis d&#8217;Espanya. Qualsevol disputa relacionada amb aquestes Condicions i Termes estar\u00e0 sotmesa a la jurisdicci\u00f3 dels tribunals d&#8217;Espanya. Si alguna part o disposici\u00f3 d&#8217;aquestes Condicions i Termes \u00e9s declarada nul\u00b7la o no aplicable per un tribunal o una altra autoritat sota la llei aplicable i vigent, aquesta part o disposici\u00f3 es modificar\u00e0, suprimir\u00e0 i \/ o aplicar\u00e0 en la mesura m\u00e0xima permesa per tal de donar efecte a la intenci\u00f3 d&#8217;aquestes Condicions i Termes. Les altres disposicions no es veuran afectades.<\/p>\n<h2>23. Informaci\u00f3 de contacte<\/h2>\n<p>Aquest lloc web \u00e9s propietat i est\u00e0 operat per Masia Can Roda Vinyes i Vins SL.<\/p>\n<p>Podeu contactar-nos respecte a aquestes Condicions i Termes escrivint o enviant-nos un correu electr\u00f2nic a l&#8217;adre\u00e7a seg\u00fcent: info@cellercanroda.cat<\/p>\n<\/div><\/div><\/div><\/div><\/div>\n","protected":false},"excerpt":{"rendered":"","protected":false},"author":5,"featured_media":0,"parent":0,"menu_order":0,"comment_status":"closed","ping_status":"closed","template":"","meta":{"_acf_changed":false,"footnotes":""},"class_list":["post-19384","page","type-page","status-publish","hentry"],"acf":[],"yoast_head":"<!-- This site is optimized with the Yoast SEO plugin v27.1.1 - https:\/\/yoast.com\/product\/yoast-seo-wordpress\/ -->\n<title>Termes i condicions - Celler Can Roda<\/title>\n<meta name=\"robots\" content=\"index, follow, max-snippet:-1, max-image-preview:large, max-video-preview:-1\" \/>\n<link rel=\"canonical\" href=\"https:\/\/cellercanroda.cat\/ca\/termes-i-condicions\/\" \/>\n<meta property=\"og:locale\" content=\"ca_ES\" \/>\n<meta property=\"og:type\" content=\"article\" \/>\n<meta property=\"og:title\" content=\"Termes i condicions - Celler Can Roda\" \/>\n<meta property=\"og:url\" content=\"https:\/\/cellercanroda.cat\/ca\/termes-i-condicions\/\" \/>\n<meta property=\"og:site_name\" content=\"Celler Can Roda\" \/>\n<meta property=\"article:publisher\" content=\"https:\/\/es-es.facebook.com\/CellerCanRoda\" \/>\n<meta property=\"article:modified_time\" content=\"2023-07-18T14:21:22+00:00\" \/>\n<meta name=\"twitter:card\" content=\"summary_large_image\" \/>\n<meta name=\"twitter:label1\" content=\"Temps estimat de lectura\" \/>\n\t<meta name=\"twitter:data1\" content=\"11 minuts\" \/>\n<script type=\"application\/ld+json\" class=\"yoast-schema-graph\">{\"@context\":\"https:\/\/schema.org\",\"@graph\":[{\"@type\":\"WebPage\",\"@id\":\"https:\/\/cellercanroda.cat\/ca\/termes-i-condicions\/\",\"url\":\"https:\/\/cellercanroda.cat\/ca\/termes-i-condicions\/\",\"name\":\"Termes i condicions - Celler Can Roda\",\"isPartOf\":{\"@id\":\"https:\/\/cellercanroda.cat\/ca\/#website\"},\"datePublished\":\"2023-07-18T13:55:06+00:00\",\"dateModified\":\"2023-07-18T14:21:22+00:00\",\"breadcrumb\":{\"@id\":\"https:\/\/cellercanroda.cat\/ca\/termes-i-condicions\/#breadcrumb\"},\"inLanguage\":\"ca\",\"potentialAction\":[{\"@type\":\"ReadAction\",\"target\":[\"https:\/\/cellercanroda.cat\/ca\/termes-i-condicions\/\"]}]},{\"@type\":\"BreadcrumbList\",\"@id\":\"https:\/\/cellercanroda.cat\/ca\/termes-i-condicions\/#breadcrumb\",\"itemListElement\":[{\"@type\":\"ListItem\",\"position\":1,\"name\":\"Inicio\",\"item\":\"https:\/\/cellercanroda.cat\/ca\/\"},{\"@type\":\"ListItem\",\"position\":2,\"name\":\"Termes i condicions\"}]},{\"@type\":\"WebSite\",\"@id\":\"https:\/\/cellercanroda.cat\/ca\/#website\",\"url\":\"https:\/\/cellercanroda.cat\/ca\/\",\"name\":\"Celler Can Roda\",\"description\":\"Vins DO Alella\",\"publisher\":{\"@id\":\"https:\/\/cellercanroda.cat\/ca\/#organization\"},\"potentialAction\":[{\"@type\":\"SearchAction\",\"target\":{\"@type\":\"EntryPoint\",\"urlTemplate\":\"https:\/\/cellercanroda.cat\/ca\/?s={search_term_string}\"},\"query-input\":{\"@type\":\"PropertyValueSpecification\",\"valueRequired\":true,\"valueName\":\"search_term_string\"}}],\"inLanguage\":\"ca\"},{\"@type\":\"Organization\",\"@id\":\"https:\/\/cellercanroda.cat\/ca\/#organization\",\"name\":\"Celler Can Roda\",\"url\":\"https:\/\/cellercanroda.cat\/ca\/\",\"logo\":{\"@type\":\"ImageObject\",\"inLanguage\":\"ca\",\"@id\":\"https:\/\/cellercanroda.cat\/ca\/#\/schema\/logo\/image\/\",\"url\":\"https:\/\/cellercanroda.cat\/wp-content\/uploads\/2020\/09\/canroda_logo-scaled.jpg\",\"contentUrl\":\"https:\/\/cellercanroda.cat\/wp-content\/uploads\/2020\/09\/canroda_logo-scaled.jpg\",\"width\":2560,\"height\":1111,\"caption\":\"Celler Can Roda\"},\"image\":{\"@id\":\"https:\/\/cellercanroda.cat\/ca\/#\/schema\/logo\/image\/\"},\"sameAs\":[\"https:\/\/es-es.facebook.com\/CellerCanRoda\",\"https:\/\/www.instagram.com\/cellercanroda\/\",\"https:\/\/www.youtube.com\/channel\/UCMkIFqwRPc-Pk1eMPzADxqA\"]}]}<\/script>\n<!-- \/ Yoast SEO plugin. -->","yoast_head_json":{"title":"Termes i condicions - Celler Can Roda","robots":{"index":"index","follow":"follow","max-snippet":"max-snippet:-1","max-image-preview":"max-image-preview:large","max-video-preview":"max-video-preview:-1"},"canonical":"https:\/\/cellercanroda.cat\/ca\/termes-i-condicions\/","og_locale":"ca_ES","og_type":"article","og_title":"Termes i condicions - Celler Can Roda","og_url":"https:\/\/cellercanroda.cat\/ca\/termes-i-condicions\/","og_site_name":"Celler Can Roda","article_publisher":"https:\/\/es-es.facebook.com\/CellerCanRoda","article_modified_time":"2023-07-18T14:21:22+00:00","twitter_card":"summary_large_image","twitter_misc":{"Temps estimat de lectura":"11 minuts"},"schema":{"@context":"https:\/\/schema.org","@graph":[{"@type":"WebPage","@id":"https:\/\/cellercanroda.cat\/ca\/termes-i-condicions\/","url":"https:\/\/cellercanroda.cat\/ca\/termes-i-condicions\/","name":"Termes i condicions - Celler Can Roda","isPartOf":{"@id":"https:\/\/cellercanroda.cat\/ca\/#website"},"datePublished":"2023-07-18T13:55:06+00:00","dateModified":"2023-07-18T14:21:22+00:00","breadcrumb":{"@id":"https:\/\/cellercanroda.cat\/ca\/termes-i-condicions\/#breadcrumb"},"inLanguage":"ca","potentialAction":[{"@type":"ReadAction","target":["https:\/\/cellercanroda.cat\/ca\/termes-i-condicions\/"]}]},{"@type":"BreadcrumbList","@id":"https:\/\/cellercanroda.cat\/ca\/termes-i-condicions\/#breadcrumb","itemListElement":[{"@type":"ListItem","position":1,"name":"Inicio","item":"https:\/\/cellercanroda.cat\/ca\/"},{"@type":"ListItem","position":2,"name":"Termes i condicions"}]},{"@type":"WebSite","@id":"https:\/\/cellercanroda.cat\/ca\/#website","url":"https:\/\/cellercanroda.cat\/ca\/","name":"Celler Can Roda","description":"Vins DO Alella","publisher":{"@id":"https:\/\/cellercanroda.cat\/ca\/#organization"},"potentialAction":[{"@type":"SearchAction","target":{"@type":"EntryPoint","urlTemplate":"https:\/\/cellercanroda.cat\/ca\/?s={search_term_string}"},"query-input":{"@type":"PropertyValueSpecification","valueRequired":true,"valueName":"search_term_string"}}],"inLanguage":"ca"},{"@type":"Organization","@id":"https:\/\/cellercanroda.cat\/ca\/#organization","name":"Celler Can Roda","url":"https:\/\/cellercanroda.cat\/ca\/","logo":{"@type":"ImageObject","inLanguage":"ca","@id":"https:\/\/cellercanroda.cat\/ca\/#\/schema\/logo\/image\/","url":"https:\/\/cellercanroda.cat\/wp-content\/uploads\/2020\/09\/canroda_logo-scaled.jpg","contentUrl":"https:\/\/cellercanroda.cat\/wp-content\/uploads\/2020\/09\/canroda_logo-scaled.jpg","width":2560,"height":1111,"caption":"Celler Can Roda"},"image":{"@id":"https:\/\/cellercanroda.cat\/ca\/#\/schema\/logo\/image\/"},"sameAs":["https:\/\/es-es.facebook.com\/CellerCanRoda","https:\/\/www.instagram.com\/cellercanroda\/","https:\/\/www.youtube.com\/channel\/UCMkIFqwRPc-Pk1eMPzADxqA"]}]}},"_links":{"self":[{"href":"https:\/\/cellercanroda.cat\/ca\/wp-json\/wp\/v2\/pages\/19384","targetHints":{"allow":["GET"]}}],"collection":[{"href":"https:\/\/cellercanroda.cat\/ca\/wp-json\/wp\/v2\/pages"}],"about":[{"href":"https:\/\/cellercanroda.cat\/ca\/wp-json\/wp\/v2\/types\/page"}],"author":[{"embeddable":true,"href":"https:\/\/cellercanroda.cat\/ca\/wp-json\/wp\/v2\/users\/5"}],"replies":[{"embeddable":true,"href":"https:\/\/cellercanroda.cat\/ca\/wp-json\/wp\/v2\/comments?post=19384"}],"version-history":[{"count":5,"href":"https:\/\/cellercanroda.cat\/ca\/wp-json\/wp\/v2\/pages\/19384\/revisions"}],"predecessor-version":[{"id":19395,"href":"https:\/\/cellercanroda.cat\/ca\/wp-json\/wp\/v2\/pages\/19384\/revisions\/19395"}],"wp:attachment":[{"href":"https:\/\/cellercanroda.cat\/ca\/wp-json\/wp\/v2\/media?parent=19384"}],"curies":[{"name":"wp","href":"https:\/\/api.w.org\/{rel}","templated":true}]}}